{"id":3780,"date":"2025-03-20T09:46:18","date_gmt":"2025-03-20T09:46:18","guid":{"rendered":"https:\/\/demo.deakos.com\/?post_type=product&#038;p=3780"},"modified":"2025-03-27T16:16:54","modified_gmt":"2025-03-27T16:16:54","slug":"soluzione-tranquillita","status":"publish","type":"product","link":"https:\/\/www.deakos.com\/fr\/prodotto\/soluzione-tranquillita\/","title":{"rendered":"SOLUTION TRANQUILLIT\u00c9"},"content":{"rendered":"<div>\nSi vous souffrez de cystites bact\u00e9riennes r\u00e9cidivantes soutenues par la pr\u00e9sence de biofilms pathog\u00e8nes, l\u2019approche id\u00e9ale est :<br \/>\n<strong>Ausilium NAC<\/strong>: 1 flacon, 2 fois par jour, pendant les 2 premi\u00e8res semaines ; 1 flacon par jour, durant les 4 semaines suivantes<\/p>\n<ul>\n<li>Pour son action de d\u00e9sagr\u00e9gation de la matrice des biofilms pathog\u00e8nes<\/li>\n<li>Pour emp\u00eacher l\u2019agr\u00e9gation bact\u00e9rienne et la formation de nouveaux biofilms pathog\u00e8nes<\/li>\n<li>Pour inhiber l\u2019adh\u00e9sion des bact\u00e9ries uropathog\u00e8nes \u00e0 l\u2019uroth\u00e9lium et favoriser leur \u00e9limination naturelle par le flux urinaire<\/li>\n<li>Pour inhiber la prolif\u00e9ration des levures pathog\u00e8nes<\/li>\n<li><span lang=\"FR\">Pour son\u00a0<\/span>action anti-inflammatoire<\/li>\n<\/ul>\n<p><strong>Ausilium 20 PLUS<\/strong>: 1 sachet par jour, loin des repas, pendant les 2 premi\u00e8res semaines<\/p>\n<ul>\n<li>Pour \u00e9liminer naturellement les colonies bact\u00e9riennes<\/li>\n<li>Pour ses propri\u00e9t\u00e9s immunostimulantes<\/li>\n<li>Pour son action anti-inflammatoire, antifongique et apaisante de la douleur<\/li>\n<li>Pour son effet alcalinisant sur le pH des urines<\/li>\n<\/ul>\n<p><strong>Ausilium Forte<\/strong>: 1 dose, 2 fois par jour, loin des repas, pendant les 4 semaines suivantes<\/p>\n<ul>\n<li>Pour ses propri\u00e9t\u00e9s anti-inflammatoires, antifongiques et apaisantes de la douleur<\/li>\n<li>Pour son effet alcalinisant sur le pH des urines<\/li>\n<li>Pour \u00e9liminer naturellement les colonies bact\u00e9riennes<\/li>\n<li>Pour son action myorelaxante b\u00e9n\u00e9fique contre les spasmes et les contractures<\/li>\n<li>Pour r\u00e9duire l\u2019urgence et la fr\u00e9quence mictionnelle<\/li>\n<\/ul>\n<p><strong>Ausilium Light<\/strong>: 1 dose, 2 \u00e0 3 fois par jour, loin des repas, durant la phase finale de stabilisation<\/p>\n<ul>\n<li>Pour pr\u00e9venir et emp\u00eacher l\u2019adh\u00e9sion des bact\u00e9ries pathog\u00e8nes et favoriser leur \u00e9limination naturelle<\/li>\n<\/ul><\/div>","protected":false},"excerpt":{"rendered":"<p>Si vous souffrez de cystites bact\u00e9riennes r\u00e9cidivantes soutenues par la pr\u00e9sence de biofilms pathog\u00e8nes<\/p>","protected":false},"featured_media":3757,"comment_status":"open","ping_status":"closed","template":"","meta":{"_acf_changed":false,"site-sidebar-layout":"default","site-content-layout":"","ast-site-content-layout":"default","site-content-style":"default","site-sidebar-style":"default","ast-global-header-display":"","ast-banner-title-visibility":"","ast-main-header-display":"","ast-hfb-above-header-display":"","ast-hfb-below-header-display":"","ast-hfb-mobile-header-display":"","site-post-title":"","ast-breadcrumbs-content":"","ast-featured-img":"","footer-sml-layout":"","theme-transparent-header-meta":"default","adv-header-id-meta":"","stick-header-meta":"","header-above-stick-meta":"","header-main-stick-meta":"","header-below-stick-meta":"","astra-migrate-meta-layouts":"set","ast-page-background-enabled":"default","ast-page-background-meta":{"desktop":{"background-color":"","background-image":"","background-repeat":"repeat","background-position":"center center","background-size":"auto","background-attachment":"scroll","background-type":"","background-media":"","overlay-type":"","overlay-color":"","overlay-opacity":"","overlay-gradient":""},"tablet":{"background-color":"","background-image":"","background-repeat":"repeat","background-position":"center center","background-size":"auto","background-attachment":"scroll","background-type":"","background-media":"","overlay-type":"","overlay-color":"","overlay-opacity":"","overlay-gradient":""},"mobile":{"background-color":"","background-image":"","background-repeat":"repeat","background-position":"center center","background-size":"auto","background-attachment":"scroll","background-type":"","background-media":"","overlay-type":"","overlay-color":"","overlay-opacity":"","overlay-gradient":""}},"ast-content-background-meta":{"desktop":{"background-color":"var(--ast-global-color-5)","background-image":"","background-repeat":"repeat","background-position":"center center","background-size":"auto","background-attachment":"scroll","background-type":"","background-media":"","overlay-type":"","overlay-color":"","overlay-opacity":"","overlay-gradient":""},"tablet":{"background-color":"var(--ast-global-color-5)","background-image":"","background-repeat":"repeat","background-position":"center center","background-size":"auto","background-attachment":"scroll","background-type":"","background-media":"","overlay-type":"","overlay-color":"","overlay-opacity":"","overlay-gradient":""},"mobile":{"background-color":"var(--ast-global-color-5)","background-image":"","background-repeat":"repeat","background-position":"center center","background-size":"auto","background-attachment":"scroll","background-type":"","background-media":"","overlay-type":"","overlay-color":"","overlay-opacity":"","overlay-gradient":""}}},"product_brand":[],"product_cat":[70],"product_tag":[],"class_list":{"0":"post-3780","1":"product","2":"type-product","3":"status-publish","4":"has-post-thumbnail","6":"product_cat-soluzioni-deakos","7":"desktop-align-left","8":"tablet-align-left","9":"mobile-align-left","11":"first","12":"instock","13":"taxable","14":"shipping-taxable","15":"purchasable","16":"product-type-bundle"},"bundled_by":[],"bundle_stock_status":"instock","bundle_stock_quantity":"","bundle_virtual":false,"bundle_layout":"default","bundle_add_to_cart_form_location":"default","bundle_editable_in_cart":false,"bundle_sold_individually_context":"product","bundle_item_grouping":"parent","bundle_min_size":"","bundle_max_size":"","bundle_price":{"price":{"min":{"incl_tax":"230.2","excl_tax":"188.688525"},"max":{"incl_tax":"230.2","excl_tax":"188.688525"}},"regular_price":{"min":{"incl_tax":"230.2","excl_tax":"188.688525"},"max":{"incl_tax":"230.2","excl_tax":"188.688525"}}},"bundled_items":[{"bundled_item_id":86,"product_id":3471,"menu_order":0,"quantity_min":4,"quantity_max":4,"quantity_default":4,"priced_individually":false,"shipped_individually":false,"override_title":false,"title":"AUSILIUM NAC","override_description":false,"description":"","optional":false,"hide_thumbnail":false,"discount":"","override_variations":false,"allowed_variations":[],"override_default_variation_attributes":false,"default_variation_attributes":[],"single_product_visibility":"visible","cart_visibility":"visible","order_visibility":"visible","single_product_price_visibility":"visible","cart_price_visibility":"visible","order_price_visibility":"visible","stock_status":"in_stock"},{"bundled_item_id":87,"product_id":3442,"menu_order":1,"quantity_min":1,"quantity_max":1,"quantity_default":1,"priced_individually":false,"shipped_individually":false,"override_title":false,"title":"AUSILIUM FORTE 150 g AR\u00d4ME POMME VERTE","override_description":false,"description":"","optional":false,"hide_thumbnail":false,"discount":"","override_variations":false,"allowed_variations":[],"override_default_variation_attributes":false,"default_variation_attributes":[],"single_product_visibility":"visible","cart_visibility":"visible","order_visibility":"visible","single_product_price_visibility":"visible","cart_price_visibility":"visible","order_price_visibility":"visible","stock_status":"in_stock"},{"bundled_item_id":88,"product_id":3405,"menu_order":2,"quantity_min":1,"quantity_max":1,"quantity_default":1,"priced_individually":false,"shipped_individually":false,"override_title":false,"title":"AUSILIUM 20 PLUS","override_description":false,"description":"","optional":false,"hide_thumbnail":false,"discount":"","override_variations":false,"allowed_variations":[],"override_default_variation_attributes":false,"default_variation_attributes":[],"single_product_visibility":"visible","cart_visibility":"visible","order_visibility":"visible","single_product_price_visibility":"visible","cart_price_visibility":"visible","order_price_visibility":"visible","stock_status":"in_stock"},{"bundled_item_id":89,"product_id":3468,"menu_order":3,"quantity_min":1,"quantity_max":1,"quantity_default":1,"priced_individually":false,"shipped_individually":false,"override_title":false,"title":"AUSILIUM LIGHT 150 g","override_description":false,"description":"","optional":false,"hide_thumbnail":false,"discount":"","override_variations":false,"allowed_variations":[],"override_default_variation_attributes":false,"default_variation_attributes":[],"single_product_visibility":"visible","cart_visibility":"visible","order_visibility":"visible","single_product_price_visibility":"visible","cart_price_visibility":"visible","order_price_visibility":"visible","stock_status":"in_stock"}],"bundle_sell_ids":[],"acf":[],"_links":{"self":[{"href":"https:\/\/www.deakos.com\/fr\/wp-json\/wp\/v2\/product\/3780","targetHints":{"allow":["GET"]}}],"collection":[{"href":"https:\/\/www.deakos.com\/fr\/wp-json\/wp\/v2\/product"}],"about":[{"href":"https:\/\/www.deakos.com\/fr\/wp-json\/wp\/v2\/types\/product"}],"replies":[{"embeddable":true,"href":"https:\/\/www.deakos.com\/fr\/wp-json\/wp\/v2\/comments?post=3780"}],"wp:featuredmedia":[{"embeddable":true,"href":"https:\/\/www.deakos.com\/fr\/wp-json\/wp\/v2\/media\/3757"}],"wp:attachment":[{"href":"https:\/\/www.deakos.com\/fr\/wp-json\/wp\/v2\/media?parent=3780"}],"wp:term":[{"taxonomy":"product_brand","embeddable":true,"href":"https:\/\/www.deakos.com\/fr\/wp-json\/wp\/v2\/product_brand?post=3780"},{"taxonomy":"product_cat","embeddable":true,"href":"https:\/\/www.deakos.com\/fr\/wp-json\/wp\/v2\/product_cat?post=3780"},{"taxonomy":"product_tag","embeddable":true,"href":"https:\/\/www.deakos.com\/fr\/wp-json\/wp\/v2\/product_tag?post=3780"}],"curies":[{"name":"wp","href":"https:\/\/api.w.org\/{rel}","templated":true}]}}