{"id":3775,"date":"2025-03-20T08:49:35","date_gmt":"2025-03-20T08:49:35","guid":{"rendered":"https:\/\/demo.deakos.com\/?post_type=product&#038;p=3775"},"modified":"2025-03-28T08:09:50","modified_gmt":"2025-03-28T08:09:50","slug":"soluzione-primo-passo","status":"publish","type":"product","link":"https:\/\/www.deakos.com\/fr\/prodotto\/soluzione-primo-passo\/","title":{"rendered":"SOLUTION PREMIER PAS"},"content":{"rendered":"<div>Se soffri di cistiti batteriche recidive e vuoi muovere i primi passi nella giusta direzione, l\u2019approccio ideale \u00e8:<br \/>\n<strong>Ausilium NAC<\/strong>: 1 flacone, 2 volte al giorno, lontano dai pasti<\/p>\n<ul>\n<li>Pour son action de d\u00e9sagr\u00e9gation de la matrice des biofilms pathog\u00e8nes<\/li>\n<li>Per la sua azione preventiva sull\u2019aggregazione batterica e la formazione di nuovi biofilm patogeni<\/li>\n<li>Per impedire l\u2019adesione dei batteri uropatogeni all\u2019urotelio e favorire la loro naturale eliminazione con il flusso urinario<\/li>\n<li>Pour inhiber la prolif\u00e9ration des levures pathog\u00e8nes<\/li>\n<li>Per la sua azione antinfiammatoria<\/li>\n<\/ul>\n<p><strong>Ausilium 20 PLUS<\/strong>: 1 bustina al giorno, lontano dai pasti<\/p>\n<ul>\n<li>Pour \u00e9liminer naturellement les colonies bact\u00e9riennes<\/li>\n<li>Pour ses propri\u00e9t\u00e9s immunostimulantes<\/li>\n<li>Pour son action anti-inflammatoire, antifongique et apaisante de la douleur<\/li>\n<li>Pour son effet alcalinisant sur le pH des urines<\/li>\n<\/ul>\n<\/div>","protected":false},"excerpt":{"rendered":"<p>Si vous souffrez de cystites bact\u00e9riennes r\u00e9currentes<\/p>","protected":false},"featured_media":3751,"comment_status":"open","ping_status":"closed","template":"","meta":{"_acf_changed":false,"site-sidebar-layout":"default","site-content-layout":"","ast-site-content-layout":"default","site-content-style":"default","site-sidebar-style":"default","ast-global-header-display":"","ast-banner-title-visibility":"","ast-main-header-display":"","ast-hfb-above-header-display":"","ast-hfb-below-header-display":"","ast-hfb-mobile-header-display":"","site-post-title":"","ast-breadcrumbs-content":"","ast-featured-img":"","footer-sml-layout":"","theme-transparent-header-meta":"default","adv-header-id-meta":"","stick-header-meta":"","header-above-stick-meta":"","header-main-stick-meta":"","header-below-stick-meta":"","astra-migrate-meta-layouts":"set","ast-page-background-enabled":"default","ast-page-background-meta":{"desktop":{"background-color":"","background-image":"","background-repeat":"repeat","background-position":"center center","background-size":"auto","background-attachment":"scroll","background-type":"","background-media":"","overlay-type":"","overlay-color":"","overlay-opacity":"","overlay-gradient":""},"tablet":{"background-color":"","background-image":"","background-repeat":"repeat","background-position":"center center","background-size":"auto","background-attachment":"scroll","background-type":"","background-media":"","overlay-type":"","overlay-color":"","overlay-opacity":"","overlay-gradient":""},"mobile":{"background-color":"","background-image":"","background-repeat":"repeat","background-position":"center center","background-size":"auto","background-attachment":"scroll","background-type":"","background-media":"","overlay-type":"","overlay-color":"","overlay-opacity":"","overlay-gradient":""}},"ast-content-background-meta":{"desktop":{"background-color":"var(--ast-global-color-5)","background-image":"","background-repeat":"repeat","background-position":"center center","background-size":"auto","background-attachment":"scroll","background-type":"","background-media":"","overlay-type":"","overlay-color":"","overlay-opacity":"","overlay-gradient":""},"tablet":{"background-color":"var(--ast-global-color-5)","background-image":"","background-repeat":"repeat","background-position":"center center","background-size":"auto","background-attachment":"scroll","background-type":"","background-media":"","overlay-type":"","overlay-color":"","overlay-opacity":"","overlay-gradient":""},"mobile":{"background-color":"var(--ast-global-color-5)","background-image":"","background-repeat":"repeat","background-position":"center center","background-size":"auto","background-attachment":"scroll","background-type":"","background-media":"","overlay-type":"","overlay-color":"","overlay-opacity":"","overlay-gradient":""}}},"product_brand":[],"product_cat":[70],"product_tag":[],"class_list":{"0":"post-3775","1":"product","2":"type-product","3":"status-publish","4":"has-post-thumbnail","6":"product_cat-soluzioni-deakos","7":"desktop-align-left","8":"tablet-align-left","9":"mobile-align-left","11":"first","12":"instock","13":"taxable","14":"shipping-taxable","15":"purchasable","16":"product-type-bundle"},"bundled_by":[],"bundle_stock_status":"instock","bundle_stock_quantity":"","bundle_virtual":false,"bundle_layout":"default","bundle_add_to_cart_form_location":"default","bundle_editable_in_cart":false,"bundle_sold_individually_context":"product","bundle_item_grouping":"parent","bundle_min_size":"","bundle_max_size":"","bundle_price":{"price":{"min":{"incl_tax":"72.6","excl_tax":"59.508197"},"max":{"incl_tax":"72.6","excl_tax":"59.508197"}},"regular_price":{"min":{"incl_tax":"72.6","excl_tax":"59.508197"},"max":{"incl_tax":"72.6","excl_tax":"59.508197"}}},"bundled_items":[{"bundled_item_id":60,"product_id":3471,"menu_order":0,"quantity_min":2,"quantity_max":2,"quantity_default":2,"priced_individually":false,"shipped_individually":false,"override_title":false,"title":"AUSILIUM NAC","override_description":false,"description":"","optional":false,"hide_thumbnail":false,"discount":"","override_variations":false,"allowed_variations":[],"override_default_variation_attributes":false,"default_variation_attributes":[],"single_product_visibility":"visible","cart_visibility":"visible","order_visibility":"visible","single_product_price_visibility":"visible","cart_price_visibility":"visible","order_price_visibility":"visible","stock_status":"in_stock"},{"bundled_item_id":61,"product_id":3405,"menu_order":1,"quantity_min":1,"quantity_max":1,"quantity_default":1,"priced_individually":false,"shipped_individually":false,"override_title":false,"title":"AUSILIUM 20 PLUS","override_description":false,"description":"","optional":false,"hide_thumbnail":false,"discount":"","override_variations":false,"allowed_variations":[],"override_default_variation_attributes":false,"default_variation_attributes":[],"single_product_visibility":"visible","cart_visibility":"visible","order_visibility":"visible","single_product_price_visibility":"visible","cart_price_visibility":"visible","order_price_visibility":"visible","stock_status":"in_stock"}],"bundle_sell_ids":[],"acf":[],"_links":{"self":[{"href":"https:\/\/www.deakos.com\/fr\/wp-json\/wp\/v2\/product\/3775","targetHints":{"allow":["GET"]}}],"collection":[{"href":"https:\/\/www.deakos.com\/fr\/wp-json\/wp\/v2\/product"}],"about":[{"href":"https:\/\/www.deakos.com\/fr\/wp-json\/wp\/v2\/types\/product"}],"replies":[{"embeddable":true,"href":"https:\/\/www.deakos.com\/fr\/wp-json\/wp\/v2\/comments?post=3775"}],"wp:featuredmedia":[{"embeddable":true,"href":"https:\/\/www.deakos.com\/fr\/wp-json\/wp\/v2\/media\/3751"}],"wp:attachment":[{"href":"https:\/\/www.deakos.com\/fr\/wp-json\/wp\/v2\/media?parent=3775"}],"wp:term":[{"taxonomy":"product_brand","embeddable":true,"href":"https:\/\/www.deakos.com\/fr\/wp-json\/wp\/v2\/product_brand?post=3775"},{"taxonomy":"product_cat","embeddable":true,"href":"https:\/\/www.deakos.com\/fr\/wp-json\/wp\/v2\/product_cat?post=3775"},{"taxonomy":"product_tag","embeddable":true,"href":"https:\/\/www.deakos.com\/fr\/wp-json\/wp\/v2\/product_tag?post=3775"}],"curies":[{"name":"wp","href":"https:\/\/api.w.org\/{rel}","templated":true}]}}