{"id":3772,"date":"2025-03-18T16:47:24","date_gmt":"2025-03-18T16:47:24","guid":{"rendered":"https:\/\/demo.deakos.com\/?post_type=product&#038;p=3772"},"modified":"2025-10-28T12:04:45","modified_gmt":"2025-10-28T11:04:45","slug":"soluzione-pelvic","status":"publish","type":"product","link":"https:\/\/www.deakos.com\/fr\/prodotto\/soluzione-pelvic\/","title":{"rendered":"SOLUTION PELVIC"},"content":{"rendered":"<div>Se soffri di dolore pelvico di origine muscolare (contrattura), infiammatorio e\/o neuropatico, l\u2019approccio ideale \u00e8:<br \/>\n<strong style=\"font-size: 16px;\">Alaquer<\/strong><span style=\"font-size: 16px;\">: 1 compressa, 2 volte al giorno, ai pasti<\/span><\/p>\n<ul>\n<li><span lang=\"FR\">&#8211; Per la sua azione antiossidante<\/span><\/li>\n<li>Per le sue propriet\u00e0 modulanti sulla conduzione dei messaggi nervosi<\/li>\n<li><span lang=\"FR\">Per sostenere il sistema nervoso<\/span><\/li>\n<\/ul>\n<p><strong>Pealen<\/strong>: 1 compressa, 2 volte al giorno, ai pasti<\/p>\n<ul>\n<li>Per il suo effetto antinfiammatorio<\/li>\n<li><span lang=\"FR\">Per ridurre dolori e sintomi<\/span><\/li>\n<\/ul>\n<p><strong>Pealen Crema<\/strong>: 1 applicatione al giorno, prima di dormire<\/p>\n<ul>\n<li>Per le sue propriet\u00e0 idratanti<\/li>\n<li>Per la sua azione lenitiva del dolore<\/li>\n<li>Per l\u2019effetto antinfiammatorio locale, direttamente sui tessuti<\/li>\n<\/ul>\n<p><strong>Ausilium Forte<\/strong>: 1 misurino, da 1 a 2 volte al giorno, lontano dai pasti<\/p>\n<ul>\n<li>Pour ses propri\u00e9t\u00e9s anti-inflammatoires, antifongiques et apaisantes de la douleur<\/li>\n<li>Per il suo effetto alcalinizzante sul ph delle urine<\/li>\n<li>Pour son action myorelaxante b\u00e9n\u00e9fique contre les spasmes et les contractures<\/li>\n<li>Pour r\u00e9duire l\u2019urgence et la fr\u00e9quence mictionnelle<\/li>\n<li>Pour \u00e9liminer naturellement les colonies bact\u00e9riennes (pr\u00e9vention des \u00e9pisodes aigus caus\u00e9s par des bact\u00e9ries opportunistes)<\/li>\n<\/ul>\n<\/div>","protected":false},"excerpt":{"rendered":"<p>Si vous souffrez de douleurs pelviennes d'origine musculaire, inflammatoire et\/ou neuropathique<\/p>","protected":false},"featured_media":3750,"comment_status":"open","ping_status":"closed","template":"","meta":{"_acf_changed":false,"site-sidebar-layout":"default","site-content-layout":"","ast-site-content-layout":"default","site-content-style":"default","site-sidebar-style":"default","ast-global-header-display":"","ast-banner-title-visibility":"","ast-main-header-display":"","ast-hfb-above-header-display":"","ast-hfb-below-header-display":"","ast-hfb-mobile-header-display":"","site-post-title":"","ast-breadcrumbs-content":"","ast-featured-img":"","footer-sml-layout":"","theme-transparent-header-meta":"default","adv-header-id-meta":"","stick-header-meta":"","header-above-stick-meta":"","header-main-stick-meta":"","header-below-stick-meta":"","astra-migrate-meta-layouts":"set","ast-page-background-enabled":"default","ast-page-background-meta":{"desktop":{"background-color":"","background-image":"","background-repeat":"repeat","background-position":"center center","background-size":"auto","background-attachment":"scroll","background-type":"","background-media":"","overlay-type":"","overlay-color":"","overlay-opacity":"","overlay-gradient":""},"tablet":{"background-color":"","background-image":"","background-repeat":"repeat","background-position":"center center","background-size":"auto","background-attachment":"scroll","background-type":"","background-media":"","overlay-type":"","overlay-color":"","overlay-opacity":"","overlay-gradient":""},"mobile":{"background-color":"","background-image":"","background-repeat":"repeat","background-position":"center center","background-size":"auto","background-attachment":"scroll","background-type":"","background-media":"","overlay-type":"","overlay-color":"","overlay-opacity":"","overlay-gradient":""}},"ast-content-background-meta":{"desktop":{"background-color":"var(--ast-global-color-5)","background-image":"","background-repeat":"repeat","background-position":"center center","background-size":"auto","background-attachment":"scroll","background-type":"","background-media":"","overlay-type":"","overlay-color":"","overlay-opacity":"","overlay-gradient":""},"tablet":{"background-color":"var(--ast-global-color-5)","background-image":"","background-repeat":"repeat","background-position":"center center","background-size":"auto","background-attachment":"scroll","background-type":"","background-media":"","overlay-type":"","overlay-color":"","overlay-opacity":"","overlay-gradient":""},"mobile":{"background-color":"var(--ast-global-color-5)","background-image":"","background-repeat":"repeat","background-position":"center center","background-size":"auto","background-attachment":"scroll","background-type":"","background-media":"","overlay-type":"","overlay-color":"","overlay-opacity":"","overlay-gradient":""}}},"product_brand":[],"product_cat":[70],"product_tag":[],"class_list":{"0":"post-3772","1":"product","2":"type-product","3":"status-publish","4":"has-post-thumbnail","6":"product_cat-soluzioni-deakos","7":"desktop-align-left","8":"tablet-align-left","9":"mobile-align-left","11":"first","12":"instock","13":"taxable","14":"shipping-taxable","15":"purchasable","16":"product-type-bundle"},"bundled_by":[],"bundle_stock_status":"instock","bundle_stock_quantity":"","bundle_virtual":false,"bundle_layout":"default","bundle_add_to_cart_form_location":"default","bundle_editable_in_cart":false,"bundle_sold_individually_context":"product","bundle_item_grouping":"parent","bundle_min_size":"","bundle_max_size":"","bundle_price":{"price":{"min":{"incl_tax":"199.4","excl_tax":"163.442623"},"max":{"incl_tax":"199.4","excl_tax":"163.442623"}},"regular_price":{"min":{"incl_tax":"199.4","excl_tax":"163.442623"},"max":{"incl_tax":"199.4","excl_tax":"163.442623"}}},"bundled_items":[{"bundled_item_id":48,"product_id":3573,"menu_order":0,"quantity_min":1,"quantity_max":1,"quantity_default":1,"priced_individually":false,"shipped_individually":false,"override_title":false,"title":"PEALEN CREME","override_description":false,"description":"","optional":false,"hide_thumbnail":false,"discount":"","override_variations":false,"allowed_variations":[],"override_default_variation_attributes":false,"default_variation_attributes":[],"single_product_visibility":"visible","cart_visibility":"visible","order_visibility":"visible","single_product_price_visibility":"visible","cart_price_visibility":"visible","order_price_visibility":"visible","stock_status":"in_stock"},{"bundled_item_id":49,"product_id":3579,"menu_order":1,"quantity_min":2,"quantity_max":2,"quantity_default":2,"priced_individually":false,"shipped_individually":false,"override_title":false,"title":"PEALEN 30 comprim\u00e9s","override_description":false,"description":"","optional":false,"hide_thumbnail":false,"discount":"","override_variations":false,"allowed_variations":[],"override_default_variation_attributes":false,"default_variation_attributes":[],"single_product_visibility":"visible","cart_visibility":"visible","order_visibility":"visible","single_product_price_visibility":"visible","cart_price_visibility":"visible","order_price_visibility":"visible","stock_status":"in_stock"},{"bundled_item_id":50,"product_id":3442,"menu_order":2,"quantity_min":1,"quantity_max":1,"quantity_default":1,"priced_individually":false,"shipped_individually":false,"override_title":false,"title":"AUSILIUM FORTE 150 g AR\u00d4ME POMME VERTE","override_description":false,"description":"","optional":false,"hide_thumbnail":false,"discount":"","override_variations":false,"allowed_variations":[],"override_default_variation_attributes":false,"default_variation_attributes":[],"single_product_visibility":"visible","cart_visibility":"visible","order_visibility":"visible","single_product_price_visibility":"visible","cart_price_visibility":"visible","order_price_visibility":"visible","stock_status":"in_stock"},{"bundled_item_id":51,"product_id":3400,"menu_order":3,"quantity_min":2,"quantity_max":2,"quantity_default":2,"priced_individually":false,"shipped_individually":false,"override_title":false,"title":"ALAQUER","override_description":false,"description":"","optional":false,"hide_thumbnail":false,"discount":"","override_variations":false,"allowed_variations":[],"override_default_variation_attributes":false,"default_variation_attributes":[],"single_product_visibility":"visible","cart_visibility":"visible","order_visibility":"visible","single_product_price_visibility":"visible","cart_price_visibility":"visible","order_price_visibility":"visible","stock_status":"in_stock"}],"bundle_sell_ids":[],"acf":[],"_links":{"self":[{"href":"https:\/\/www.deakos.com\/fr\/wp-json\/wp\/v2\/product\/3772","targetHints":{"allow":["GET"]}}],"collection":[{"href":"https:\/\/www.deakos.com\/fr\/wp-json\/wp\/v2\/product"}],"about":[{"href":"https:\/\/www.deakos.com\/fr\/wp-json\/wp\/v2\/types\/product"}],"replies":[{"embeddable":true,"href":"https:\/\/www.deakos.com\/fr\/wp-json\/wp\/v2\/comments?post=3772"}],"wp:featuredmedia":[{"embeddable":true,"href":"https:\/\/www.deakos.com\/fr\/wp-json\/wp\/v2\/media\/3750"}],"wp:attachment":[{"href":"https:\/\/www.deakos.com\/fr\/wp-json\/wp\/v2\/media?parent=3772"}],"wp:term":[{"taxonomy":"product_brand","embeddable":true,"href":"https:\/\/www.deakos.com\/fr\/wp-json\/wp\/v2\/product_brand?post=3772"},{"taxonomy":"product_cat","embeddable":true,"href":"https:\/\/www.deakos.com\/fr\/wp-json\/wp\/v2\/product_cat?post=3772"},{"taxonomy":"product_tag","embeddable":true,"href":"https:\/\/www.deakos.com\/fr\/wp-json\/wp\/v2\/product_tag?post=3772"}],"curies":[{"name":"wp","href":"https:\/\/api.w.org\/{rel}","templated":true}]}}