{"id":3770,"date":"2025-03-18T16:39:41","date_gmt":"2025-03-18T16:39:41","guid":{"rendered":"https:\/\/demo.deakos.com\/?post_type=product&#038;p=3770"},"modified":"2025-10-28T12:02:36","modified_gmt":"2025-10-28T11:02:36","slug":"soluzione-menopausa-serena","status":"publish","type":"product","link":"https:\/\/www.deakos.com\/fr\/prodotto\/soluzione-menopausa-serena\/","title":{"rendered":"SOLUTION M\u00c9NOPAUSE SEREINE"},"content":{"rendered":"<div>\n<p>Si vous \u00eates en m\u00e9nopause ou en pr\u00e9m\u00e9nopause et que vous souhaitez pr\u00e9venir et \u00e9viter les d\u00e9sagr\u00e9ments li\u00e9s \u00e0 la diminution de la fonction ovarienne, l\u2019approche id\u00e9ale est :<\/p>\n<ul>\n<li><strong>Ausilium Lavanda<\/strong>: 1 application par semaine<\/li>\n<\/ul>\n<p>\u2013 Pour soutenir les\u00a0<i>Lactobacilles<\/i>\u00a0de la flore de D\u00f6derlein<br \/>\n\u2013 Pour pr\u00e9server le pH et l\u2019hydratation physiologiques<br \/>\n\u2013 Pour son action anti-inflammatoire et apaisante<br \/>\n\u2013 Pour son r\u00f4le d\u2019inhibiteur naturel des bact\u00e9ries et levures pathog\u00e8nes, opportunistes en cas de rar\u00e9faction de la flore physiologique<br \/>\n\u2013 Pour emp\u00eacher la formation de biofilms pathog\u00e8nes<\/p>\n<ul>\n<li><strong>Ausilium Crema<\/strong>: 1 application par jour, le soir avant de dormir<\/li>\n<\/ul>\n<p>\u2013 Pour son action r\u00e9\u00e9pith\u00e9lialisante et de soutien du trophisme des muqueuses<br \/>\n\u2013 Pour ses propri\u00e9t\u00e9s anti-inflammatoires, apaisantes, nourrissantes et hydratantes<br \/>\n\u2013 Pour intercepter les bact\u00e9ries uropathog\u00e8nes et emp\u00eacher leur remont\u00e9e vers les voies urinaires<\/p>\n<ul>\n<li><strong>Ausilium Flora<\/strong>: 1 capsula, per via orale, a cena; 10 giorni al mese<\/li>\n<\/ul>\n<p>\u2013 Pour favoriser l\u2019\u00e9quilibre de la flore de D\u00f6derlein<br \/>\n\u2013 Pour ses propri\u00e9t\u00e9s toniques et antioxydantes<br \/>\n\u2013 En soutien des d\u00e9fenses immunitaires physiologiques<br \/>\n\u2013 Contribue au maintien des tissus et des muqueuses<\/p>\n<ul>\n<li><strong>Heuresis<\/strong>: 1 comprim\u00e9 par jour, au cours des repas<\/li>\n<\/ul>\n<p>\u2013 Lutte contre les troubles de la m\u00e9nopause<br \/>\n\u2013 Favorise le trophisme du cuir chevelu et de ses annexes<\/p>\n<\/div>","protected":false},"excerpt":{"rendered":"<p>Si vous \u00eates en m\u00e9nopause ou en pr\u00e9m\u00e9nopause<\/p>","protected":false},"featured_media":3748,"comment_status":"open","ping_status":"closed","template":"","meta":{"_acf_changed":false,"site-sidebar-layout":"default","site-content-layout":"","ast-site-content-layout":"default","site-content-style":"default","site-sidebar-style":"default","ast-global-header-display":"","ast-banner-title-visibility":"","ast-main-header-display":"","ast-hfb-above-header-display":"","ast-hfb-below-header-display":"","ast-hfb-mobile-header-display":"","site-post-title":"","ast-breadcrumbs-content":"","ast-featured-img":"","footer-sml-layout":"","theme-transparent-header-meta":"default","adv-header-id-meta":"","stick-header-meta":"","header-above-stick-meta":"","header-main-stick-meta":"","header-below-stick-meta":"","astra-migrate-meta-layouts":"set","ast-page-background-enabled":"default","ast-page-background-meta":{"desktop":{"background-color":"","background-image":"","background-repeat":"repeat","background-position":"center center","background-size":"auto","background-attachment":"scroll","background-type":"","background-media":"","overlay-type":"","overlay-color":"","overlay-opacity":"","overlay-gradient":""},"tablet":{"background-color":"","background-image":"","background-repeat":"repeat","background-position":"center center","background-size":"auto","background-attachment":"scroll","background-type":"","background-media":"","overlay-type":"","overlay-color":"","overlay-opacity":"","overlay-gradient":""},"mobile":{"background-color":"","background-image":"","background-repeat":"repeat","background-position":"center center","background-size":"auto","background-attachment":"scroll","background-type":"","background-media":"","overlay-type":"","overlay-color":"","overlay-opacity":"","overlay-gradient":""}},"ast-content-background-meta":{"desktop":{"background-color":"var(--ast-global-color-5)","background-image":"","background-repeat":"repeat","background-position":"center center","background-size":"auto","background-attachment":"scroll","background-type":"","background-media":"","overlay-type":"","overlay-color":"","overlay-opacity":"","overlay-gradient":""},"tablet":{"background-color":"var(--ast-global-color-5)","background-image":"","background-repeat":"repeat","background-position":"center center","background-size":"auto","background-attachment":"scroll","background-type":"","background-media":"","overlay-type":"","overlay-color":"","overlay-opacity":"","overlay-gradient":""},"mobile":{"background-color":"var(--ast-global-color-5)","background-image":"","background-repeat":"repeat","background-position":"center center","background-size":"auto","background-attachment":"scroll","background-type":"","background-media":"","overlay-type":"","overlay-color":"","overlay-opacity":"","overlay-gradient":""}}},"product_brand":[],"product_cat":[70],"product_tag":[],"class_list":{"0":"post-3770","1":"product","2":"type-product","3":"status-publish","4":"has-post-thumbnail","6":"product_cat-soluzioni-deakos","7":"desktop-align-left","8":"tablet-align-left","9":"mobile-align-left","11":"first","12":"instock","13":"taxable","14":"shipping-taxable","15":"purchasable","16":"product-type-bundle"},"bundled_by":[],"bundle_stock_status":"instock","bundle_stock_quantity":"","bundle_virtual":false,"bundle_layout":"tabular","bundle_add_to_cart_form_location":"default","bundle_editable_in_cart":false,"bundle_sold_individually_context":"product","bundle_item_grouping":"parent","bundle_min_size":"","bundle_max_size":"","bundle_price":{"price":{"min":{"incl_tax":"151.3","excl_tax":"124.016393"},"max":{"incl_tax":"151.3","excl_tax":"124.016393"}},"regular_price":{"min":{"incl_tax":"151.3","excl_tax":"124.016393"},"max":{"incl_tax":"151.3","excl_tax":"124.016393"}}},"bundled_items":[{"bundled_item_id":52,"product_id":3429,"menu_order":0,"quantity_min":1,"quantity_max":1,"quantity_default":1,"priced_individually":false,"shipped_individually":false,"override_title":false,"title":"AUSILIUM LAVANDA - 4 MONODOSE","override_description":false,"description":"","optional":false,"hide_thumbnail":false,"discount":"","override_variations":false,"allowed_variations":[],"override_default_variation_attributes":false,"default_variation_attributes":[],"single_product_visibility":"visible","cart_visibility":"visible","order_visibility":"visible","single_product_price_visibility":"visible","cart_price_visibility":"visible","order_price_visibility":"visible","stock_status":"in_stock"},{"bundled_item_id":53,"product_id":3435,"menu_order":1,"quantity_min":1,"quantity_max":1,"quantity_default":1,"priced_individually":false,"shipped_individually":false,"override_title":false,"title":"AUSILIUM FLORA","override_description":false,"description":"","optional":false,"hide_thumbnail":false,"discount":"","override_variations":false,"allowed_variations":[],"override_default_variation_attributes":false,"default_variation_attributes":[],"single_product_visibility":"visible","cart_visibility":"visible","order_visibility":"visible","single_product_price_visibility":"visible","cart_price_visibility":"visible","order_price_visibility":"visible","stock_status":"in_stock"},{"bundled_item_id":54,"product_id":3538,"menu_order":2,"quantity_min":1,"quantity_max":1,"quantity_default":1,"priced_individually":false,"shipped_individually":false,"override_title":false,"title":"HEURESIS","override_description":false,"description":"","optional":false,"hide_thumbnail":false,"discount":"","override_variations":false,"allowed_variations":[],"override_default_variation_attributes":false,"default_variation_attributes":[],"single_product_visibility":"visible","cart_visibility":"visible","order_visibility":"visible","single_product_price_visibility":"visible","cart_price_visibility":"visible","order_price_visibility":"visible","stock_status":"in_stock"},{"bundled_item_id":55,"product_id":3424,"menu_order":3,"quantity_min":4,"quantity_max":4,"quantity_default":4,"priced_individually":false,"shipped_individually":false,"override_title":false,"title":"AUSILIUM CREMA TUBO","override_description":false,"description":"","optional":false,"hide_thumbnail":false,"discount":"","override_variations":false,"allowed_variations":[],"override_default_variation_attributes":false,"default_variation_attributes":[],"single_product_visibility":"visible","cart_visibility":"visible","order_visibility":"visible","single_product_price_visibility":"visible","cart_price_visibility":"visible","order_price_visibility":"visible","stock_status":"in_stock"}],"bundle_sell_ids":[],"acf":[],"_links":{"self":[{"href":"https:\/\/www.deakos.com\/fr\/wp-json\/wp\/v2\/product\/3770","targetHints":{"allow":["GET"]}}],"collection":[{"href":"https:\/\/www.deakos.com\/fr\/wp-json\/wp\/v2\/product"}],"about":[{"href":"https:\/\/www.deakos.com\/fr\/wp-json\/wp\/v2\/types\/product"}],"replies":[{"embeddable":true,"href":"https:\/\/www.deakos.com\/fr\/wp-json\/wp\/v2\/comments?post=3770"}],"wp:featuredmedia":[{"embeddable":true,"href":"https:\/\/www.deakos.com\/fr\/wp-json\/wp\/v2\/media\/3748"}],"wp:attachment":[{"href":"https:\/\/www.deakos.com\/fr\/wp-json\/wp\/v2\/media?parent=3770"}],"wp:term":[{"taxonomy":"product_brand","embeddable":true,"href":"https:\/\/www.deakos.com\/fr\/wp-json\/wp\/v2\/product_brand?post=3770"},{"taxonomy":"product_cat","embeddable":true,"href":"https:\/\/www.deakos.com\/fr\/wp-json\/wp\/v2\/product_cat?post=3770"},{"taxonomy":"product_tag","embeddable":true,"href":"https:\/\/www.deakos.com\/fr\/wp-json\/wp\/v2\/product_tag?post=3770"}],"curies":[{"name":"wp","href":"https:\/\/api.w.org\/{rel}","templated":true}]}}