{"id":3769,"date":"2025-03-18T16:35:08","date_gmt":"2025-03-18T16:35:08","guid":{"rendered":"https:\/\/demo.deakos.com\/?post_type=product&#038;p=3769"},"modified":"2026-02-13T18:16:08","modified_gmt":"2026-02-13T17:16:08","slug":"soluzione-luna-di-miele","status":"publish","type":"product","link":"https:\/\/www.deakos.com\/fr\/prodotto\/soluzione-luna-di-miele\/","title":{"rendered":"SOLUTION LUNE DE MIEL"},"content":{"rendered":"<div>Se soffri di cistite post-coitale,<br \/>\nl\u2019approccio ideale \u00e8:<br \/>\n<strong>Ausilium Gel:<\/strong> 1 applicazione durante ogni rapporto<\/p>\n<ul>\n<li>Per la sua azione lubrificante e idratante<\/li>\n<li>Per prevenire ed evitare la formazione microlesioni durante i rapporti<\/li>\n<li>Per le sue propriet\u00e0 lenitive e calmanti<\/li>\n<li>Per intercettare i batteri uropatogeni ed impedirne la risalita verso le vie urinarie<\/li>\n<\/ul>\n<p><strong>D-MannOro:<\/strong> 1 bustina, dopo ogni rapporto<\/p>\n<ul>\n<li>Per l\u2019assunzione facile e veloce (senza acqua)<\/li>\n<li>Per la sua azione immediata contro la presenza batterica<\/li>\n<li>Per la concentrazione ideale di D-Mannosio (1g per bustina)<\/li>\n<\/ul>\n<p><strong>Ausilium Crema:<\/strong> 1 applicazione dopo ogni rapporto + in caso di fastidi (bruciore, pizzicore, prurito)<\/p>\n<ul>\n<li>Per la sua azione riepitelizzante e a sostegno delle mucose, particolarmente utile a favorire la rapida cicatrizzazione delle microlesioni<\/li>\n<li>Per le sue propriet\u00e0 lenitive, nutrienti e idratanti<\/li>\n<li>Pour intercepter les bact\u00e9ries uropathog\u00e8nes et emp\u00eacher leur remont\u00e9e vers les voies urinaires<\/li>\n<\/ul>\n<p><strong>Ausilium 20 PLUS:<\/strong> 1 bustina, 2 volte al giorno, lontano dai pasti<\/p>\n<ul>\n<li>Pour \u00e9liminer naturellement les colonies bact\u00e9riennes<\/li>\n<li>Pour ses propri\u00e9t\u00e9s immunostimulantes<\/li>\n<li>Pour son action anti-inflammatoire, antifongique et apaisante de la douleur<\/li>\n<li>Pour son effet alcalinisant sur le pH urinaire<\/li>\n<\/ul>\n<\/div>","protected":false},"excerpt":{"rendered":"<p>Si vous souffrez de cystite post-co\u00eftale<\/p>","protected":false},"featured_media":3747,"comment_status":"open","ping_status":"closed","template":"","meta":{"_acf_changed":false,"site-sidebar-layout":"default","site-content-layout":"","ast-site-content-layout":"default","site-content-style":"default","site-sidebar-style":"default","ast-global-header-display":"","ast-banner-title-visibility":"","ast-main-header-display":"","ast-hfb-above-header-display":"","ast-hfb-below-header-display":"","ast-hfb-mobile-header-display":"","site-post-title":"","ast-breadcrumbs-content":"","ast-featured-img":"","footer-sml-layout":"","theme-transparent-header-meta":"default","adv-header-id-meta":"","stick-header-meta":"","header-above-stick-meta":"","header-main-stick-meta":"","header-below-stick-meta":"","astra-migrate-meta-layouts":"set","ast-page-background-enabled":"default","ast-page-background-meta":{"desktop":{"background-color":"","background-image":"","background-repeat":"repeat","background-position":"center center","background-size":"auto","background-attachment":"scroll","background-type":"","background-media":"","overlay-type":"","overlay-color":"","overlay-opacity":"","overlay-gradient":""},"tablet":{"background-color":"","background-image":"","background-repeat":"repeat","background-position":"center center","background-size":"auto","background-attachment":"scroll","background-type":"","background-media":"","overlay-type":"","overlay-color":"","overlay-opacity":"","overlay-gradient":""},"mobile":{"background-color":"","background-image":"","background-repeat":"repeat","background-position":"center center","background-size":"auto","background-attachment":"scroll","background-type":"","background-media":"","overlay-type":"","overlay-color":"","overlay-opacity":"","overlay-gradient":""}},"ast-content-background-meta":{"desktop":{"background-color":"var(--ast-global-color-5)","background-image":"","background-repeat":"repeat","background-position":"center center","background-size":"auto","background-attachment":"scroll","background-type":"","background-media":"","overlay-type":"","overlay-color":"","overlay-opacity":"","overlay-gradient":""},"tablet":{"background-color":"var(--ast-global-color-5)","background-image":"","background-repeat":"repeat","background-position":"center center","background-size":"auto","background-attachment":"scroll","background-type":"","background-media":"","overlay-type":"","overlay-color":"","overlay-opacity":"","overlay-gradient":""},"mobile":{"background-color":"var(--ast-global-color-5)","background-image":"","background-repeat":"repeat","background-position":"center center","background-size":"auto","background-attachment":"scroll","background-type":"","background-media":"","overlay-type":"","overlay-color":"","overlay-opacity":"","overlay-gradient":""}}},"product_brand":[],"product_cat":[70],"product_tag":[234],"class_list":{"0":"post-3769","1":"product","2":"type-product","3":"status-publish","4":"has-post-thumbnail","6":"product_cat-soluzioni-deakos","7":"product_tag-sanvalentino","8":"desktop-align-left","9":"tablet-align-left","10":"mobile-align-left","12":"first","13":"instock","14":"taxable","15":"shipping-taxable","16":"purchasable","17":"product-type-bundle"},"bundled_by":[],"bundle_stock_status":"instock","bundle_stock_quantity":"","bundle_virtual":false,"bundle_layout":"tabular","bundle_add_to_cart_form_location":"default","bundle_editable_in_cart":false,"bundle_sold_individually_context":"product","bundle_item_grouping":"parent","bundle_min_size":"","bundle_max_size":"","bundle_price":{"price":{"min":{"incl_tax":"108.3","excl_tax":"88.770492"},"max":{"incl_tax":"108.3","excl_tax":"88.770492"}},"regular_price":{"min":{"incl_tax":"108.3","excl_tax":"88.770492"},"max":{"incl_tax":"108.3","excl_tax":"88.770492"}}},"bundled_items":[{"bundled_item_id":29,"product_id":3492,"menu_order":0,"quantity_min":1,"quantity_max":1,"quantity_default":1,"priced_individually":false,"shipped_individually":false,"override_title":false,"title":"D-MANNORO","override_description":false,"description":"","optional":false,"hide_thumbnail":false,"discount":"","override_variations":false,"allowed_variations":[],"override_default_variation_attributes":false,"default_variation_attributes":[],"single_product_visibility":"visible","cart_visibility":"visible","order_visibility":"visible","single_product_price_visibility":"visible","cart_price_visibility":"visible","order_price_visibility":"visible","stock_status":"in_stock"},{"bundled_item_id":33,"product_id":3761,"menu_order":1,"quantity_min":1,"quantity_max":1,"quantity_default":1,"priced_individually":false,"shipped_individually":false,"override_title":false,"title":"AUSILIUM GEL","override_description":false,"description":"","optional":false,"hide_thumbnail":false,"discount":"","override_variations":false,"allowed_variations":[],"override_default_variation_attributes":false,"default_variation_attributes":[],"single_product_visibility":"visible","cart_visibility":"visible","order_visibility":"visible","single_product_price_visibility":"visible","cart_price_visibility":"visible","order_price_visibility":"visible","stock_status":"in_stock"},{"bundled_item_id":34,"product_id":3413,"menu_order":2,"quantity_min":1,"quantity_max":1,"quantity_default":1,"priced_individually":false,"shipped_individually":false,"override_title":false,"title":"AUSILIUM CREMA BUSTINE","override_description":false,"description":"","optional":false,"hide_thumbnail":false,"discount":"","override_variations":false,"allowed_variations":[],"override_default_variation_attributes":false,"default_variation_attributes":[],"single_product_visibility":"visible","cart_visibility":"visible","order_visibility":"visible","single_product_price_visibility":"visible","cart_price_visibility":"visible","order_price_visibility":"visible","stock_status":"in_stock"},{"bundled_item_id":35,"product_id":3405,"menu_order":3,"quantity_min":2,"quantity_max":2,"quantity_default":2,"priced_individually":false,"shipped_individually":false,"override_title":false,"title":"AUSILIUM 20 PLUS","override_description":false,"description":"","optional":false,"hide_thumbnail":false,"discount":"","override_variations":false,"allowed_variations":[],"override_default_variation_attributes":false,"default_variation_attributes":[],"single_product_visibility":"visible","cart_visibility":"visible","order_visibility":"visible","single_product_price_visibility":"visible","cart_price_visibility":"visible","order_price_visibility":"visible","stock_status":"in_stock"}],"bundle_sell_ids":[],"acf":[],"_links":{"self":[{"href":"https:\/\/www.deakos.com\/fr\/wp-json\/wp\/v2\/product\/3769","targetHints":{"allow":["GET"]}}],"collection":[{"href":"https:\/\/www.deakos.com\/fr\/wp-json\/wp\/v2\/product"}],"about":[{"href":"https:\/\/www.deakos.com\/fr\/wp-json\/wp\/v2\/types\/product"}],"replies":[{"embeddable":true,"href":"https:\/\/www.deakos.com\/fr\/wp-json\/wp\/v2\/comments?post=3769"}],"wp:featuredmedia":[{"embeddable":true,"href":"https:\/\/www.deakos.com\/fr\/wp-json\/wp\/v2\/media\/3747"}],"wp:attachment":[{"href":"https:\/\/www.deakos.com\/fr\/wp-json\/wp\/v2\/media?parent=3769"}],"wp:term":[{"taxonomy":"product_brand","embeddable":true,"href":"https:\/\/www.deakos.com\/fr\/wp-json\/wp\/v2\/product_brand?post=3769"},{"taxonomy":"product_cat","embeddable":true,"href":"https:\/\/www.deakos.com\/fr\/wp-json\/wp\/v2\/product_cat?post=3769"},{"taxonomy":"product_tag","embeddable":true,"href":"https:\/\/www.deakos.com\/fr\/wp-json\/wp\/v2\/product_tag?post=3769"}],"curies":[{"name":"wp","href":"https:\/\/api.w.org\/{rel}","templated":true}]}}