{"id":3400,"date":"2025-03-05T15:48:08","date_gmt":"2025-03-05T15:48:08","guid":{"rendered":"https:\/\/demo.deakos.com\/?post_type=product&#038;p=3400"},"modified":"2026-01-14T11:36:29","modified_gmt":"2026-01-14T10:36:29","slug":"alaquer","status":"publish","type":"product","link":"https:\/\/www.deakos.com\/fr\/prodotto\/alaquer\/","title":{"rendered":"ALAQUER"},"content":{"rendered":"<p><strong>\u00c0 BASE DE<\/strong>: ALA (ACIDE ALPHA LIPO\u00cfQUE), QUERC\u00c9TINE, MORINDA CITRIFOLIA, BROM\u00c9LA\u00cfNE, ACIDE FOLIQUE.<br \/>\n<strong>Utile en cas de:<\/strong><\/p>\n<ul>\n<li>Endom\u00e9triose<\/li>\n<li>Douleurs chroniques d'origine inflammatoire et\/ou neuropathique.<\/li>\n<li>Troubles urog\u00e9nitaux abact\u00e9riens<\/li>\n<\/ul>\n<p><strong>Propri\u00e9t\u00e9s<\/strong><\/p>\n<ul>\n<li>Favorise le bon fonctionnement du syst\u00e8me nerveux<\/li>\n<li>Normalise la transmission neuronale<\/li>\n<li>Exerce une action anti-inflammatoire, antioxydante et de protection contre les dommages cellulaires<\/li>\n<li>Agit comme r\u00e9g\u00e9n\u00e9rateur physiologique de substances antioxydantes telles que la Vitamine C, la Vitamine E, le Glutathion<\/li>\n<li>Poss\u00e8de une action ch\u00e9latrice vis-\u00e0-vis des m\u00e9taux lourds, favorisant leur \u00e9limination<\/li>\n<li>Est utile pour lutter contre la fatigue physique et mentale, l'irritabilit\u00e9 et les difficult\u00e9s de concentration<\/li>\n<li>A un effet positif sur le cycle du sommeil et sur l'humeur<\/li>\n<\/ul>","protected":false},"excerpt":{"rendered":"<p>Compl\u00e9ment alimentaire avec Acide alpha-lipo\u00efque - 30 comprim\u00e9s<\/p>","protected":false},"featured_media":3401,"comment_status":"open","ping_status":"closed","template":"","meta":{"_acf_changed":false,"site-sidebar-layout":"default","site-content-layout":"","ast-site-content-layout":"default","site-content-style":"default","site-sidebar-style":"default","ast-global-header-display":"","ast-banner-title-visibility":"","ast-main-header-display":"","ast-hfb-above-header-display":"","ast-hfb-below-header-display":"","ast-hfb-mobile-header-display":"","site-post-title":"","ast-breadcrumbs-content":"","ast-featured-img":"","footer-sml-layout":"","theme-transparent-header-meta":"default","adv-header-id-meta":"","stick-header-meta":"","header-above-stick-meta":"","header-main-stick-meta":"","header-below-stick-meta":"","astra-migrate-meta-layouts":"set","ast-page-background-enabled":"default","ast-page-background-meta":{"desktop":{"background-color":"","background-image":"","background-repeat":"repeat","background-position":"center center","background-size":"auto","background-attachment":"scroll","background-type":"","background-media":"","overlay-type":"","overlay-color":"","overlay-opacity":"","overlay-gradient":""},"tablet":{"background-color":"","background-image":"","background-repeat":"repeat","background-position":"center center","background-size":"auto","background-attachment":"scroll","background-type":"","background-media":"","overlay-type":"","overlay-color":"","overlay-opacity":"","overlay-gradient":""},"mobile":{"background-color":"","background-image":"","background-repeat":"repeat","background-position":"center center","background-size":"auto","background-attachment":"scroll","background-type":"","background-media":"","overlay-type":"","overlay-color":"","overlay-opacity":"","overlay-gradient":""}},"ast-content-background-meta":{"desktop":{"background-color":"var(--ast-global-color-5)","background-image":"","background-repeat":"repeat","background-position":"center center","background-size":"auto","background-attachment":"scroll","background-type":"","background-media":"","overlay-type":"","overlay-color":"","overlay-opacity":"","overlay-gradient":""},"tablet":{"background-color":"var(--ast-global-color-5)","background-image":"","background-repeat":"repeat","background-position":"center center","background-size":"auto","background-attachment":"scroll","background-type":"","background-media":"","overlay-type":"","overlay-color":"","overlay-opacity":"","overlay-gradient":""},"mobile":{"background-color":"var(--ast-global-color-5)","background-image":"","background-repeat":"repeat","background-position":"center center","background-size":"auto","background-attachment":"scroll","background-type":"","background-media":"","overlay-type":"","overlay-color":"","overlay-opacity":"","overlay-gradient":""}}},"product_brand":[],"product_cat":[117,128,118,162,120,165,163,164],"product_tag":[233],"class_list":{"0":"post-3400","1":"product","2":"type-product","3":"status-publish","4":"has-post-thumbnail","6":"product_cat-urologia-e-ginecologia","7":"product_cat-articolazioni-ortopedia","8":"product_cat-dermatologia","9":"product_cat-diabetologia","10":"product_cat-difese-immunitarie","11":"product_cat-geriatria","12":"product_cat-neurologia","13":"product_cat-pediatria","14":"product_tag-winter","15":"pa_forma-compresse","16":"desktop-align-left","17":"tablet-align-left","18":"mobile-align-left","20":"first","21":"instock","22":"taxable","23":"shipping-taxable","24":"purchasable","25":"product-type-simple"},"bundled_by":["3772","29585","29587","29610"],"bundle_stock_status":"instock","bundle_stock_quantity":null,"bundle_virtual":false,"bundle_layout":"","bundle_add_to_cart_form_location":"","bundle_editable_in_cart":false,"bundle_sold_individually_context":"","bundle_item_grouping":"","bundle_min_size":"","bundle_max_size":"","bundle_price":[],"bundled_items":[],"bundle_sell_ids":[],"acf":[],"_links":{"self":[{"href":"https:\/\/www.deakos.com\/fr\/wp-json\/wp\/v2\/product\/3400","targetHints":{"allow":["GET"]}}],"collection":[{"href":"https:\/\/www.deakos.com\/fr\/wp-json\/wp\/v2\/product"}],"about":[{"href":"https:\/\/www.deakos.com\/fr\/wp-json\/wp\/v2\/types\/product"}],"replies":[{"embeddable":true,"href":"https:\/\/www.deakos.com\/fr\/wp-json\/wp\/v2\/comments?post=3400"}],"wp:featuredmedia":[{"embeddable":true,"href":"https:\/\/www.deakos.com\/fr\/wp-json\/wp\/v2\/media\/3401"}],"wp:attachment":[{"href":"https:\/\/www.deakos.com\/fr\/wp-json\/wp\/v2\/media?parent=3400"}],"wp:term":[{"taxonomy":"product_brand","embeddable":true,"href":"https:\/\/www.deakos.com\/fr\/wp-json\/wp\/v2\/product_brand?post=3400"},{"taxonomy":"product_cat","embeddable":true,"href":"https:\/\/www.deakos.com\/fr\/wp-json\/wp\/v2\/product_cat?post=3400"},{"taxonomy":"product_tag","embeddable":true,"href":"https:\/\/www.deakos.com\/fr\/wp-json\/wp\/v2\/product_tag?post=3400"}],"curies":[{"name":"wp","href":"https:\/\/api.w.org\/{rel}","templated":true}]}}