{"id":3,"date":"2024-11-15T08:28:39","date_gmt":"2024-11-15T08:28:39","guid":{"rendered":"https:\/\/demo.deakos.com\/?page_id=3"},"modified":"2025-01-13T09:17:46","modified_gmt":"2025-01-13T09:17:46","slug":"politique-de-confidentialite","status":"publish","type":"page","link":"https:\/\/www.deakos.com\/fr\/privacy-policy\/","title":{"rendered":"Politique de confidentialit\u00e9"},"content":{"rendered":"<div data-elementor-type=\"wp-page\" data-elementor-id=\"3\" class=\"elementor elementor-3\" data-elementor-post-type=\"page\">\n\t\t\t\t<div class=\"elementor-element elementor-element-385f4d68 e-flex e-con-boxed e-con e-parent\" data-id=\"385f4d68\" data-element_type=\"container\">\n\t\t\t\t\t<div class=\"e-con-inner\">\n\t\t\t\t<div class=\"elementor-element elementor-element-7dc0728 elementor-widget elementor-widget-text-editor\" data-id=\"7dc0728\" data-element_type=\"widget\" data-widget_type=\"text-editor.default\">\n\t\t\t\t<div class=\"elementor-widget-container\">\n\t\t\t\t\t\t\t\t\t<div class=\"elementor-element elementor-element-d61e628 elementor-widget elementor-widget-text-editor\" data-id=\"d61e628\" data-element_type=\"widget\" data-widget_type=\"text-editor.default\">\n<div class=\"elementor-widget-container\">\n<h4><strong>Politique de confidentialit\u00e9<\/strong><\/h4>\n<p>Conform\u00e9ment aux obligations d\u00e9coulant de la l\u00e9gislation nationale (d\u00e9cret l\u00e9gislatif n\u00b0 196 du 30 juin 2003, Code de protection des donn\u00e9es personnelles) et de la l\u00e9gislation communautaire, (R\u00e8glement europ\u00e9en sur la protection des donn\u00e9es n\u00b0 679\/2016, GDPR) et ses modifications ult\u00e9rieures, ce site Web respecte et prot\u00e8ge la vie priv\u00e9e des visiteurs et des utilisateurs, en faisant tous les efforts possibles et proportionn\u00e9s pour ne pas enfreindre les droits des utilisateurs.<\/p>\n<p>Cette politique de confidentialit\u00e9 s'applique exclusivement aux activit\u00e9s en ligne de ce site web et est valable pour les visiteurs\/utilisateurs du site web. Elle ne s'applique pas aux informations qui peuvent \u00eatre collect\u00e9es par d'autres moyens que ce site web.<\/p>\n<p>L'objectif de la politique de confidentialit\u00e9 est de fournir une transparence maximale concernant les informations que le site recueille et la mani\u00e8re dont il les utilise.<\/p>\n<p>\u00a0<\/p>\n<h4><strong>Base juridique du traitement<\/strong><\/h4>\n<p>Ce site traite les donn\u00e9es sur la base du consentement. En utilisant ou en consultant ce site, les visiteurs et les utilisateurs approuvent explicitement la pr\u00e9sente politique de confidentialit\u00e9 et consentent au traitement de leurs donn\u00e9es personnelles de la mani\u00e8re et aux fins d\u00e9crites ci-dessous, y compris la divulgation \u00e9ventuelle \u00e0 des tiers si cela est n\u00e9cessaire pour la fourniture d'un service.<br \/>La fourniture de donn\u00e9es et donc le consentement \u00e0 la collecte et au traitement des donn\u00e9es sont facultatifs, l'utilisateur peut refuser son consentement et peut r\u00e9voquer un consentement d\u00e9j\u00e0 donn\u00e9 \u00e0 tout moment (par courrier \u00e9lectronique, par fax ou par courrier \u00e9lectronique). <strong>info@deakos.com<\/strong>). Toutefois, le refus de consentement peut entra\u00eener l'impossibilit\u00e9 de fournir certains services et votre exp\u00e9rience de navigation sur le site peut \u00eatre alt\u00e9r\u00e9e.<br \/>\u00c0 partir du 25 mai 2018 (date d'entr\u00e9e en vigueur du GDPR), ce site traitera certaines des donn\u00e9es sur la base des int\u00e9r\u00eats l\u00e9gitimes du responsable du traitement.<\/p>\n<\/div>\n<\/div>\n<div class=\"elementor-element elementor-element-e1d631f lista-privacy elementor-widget elementor-widget-text-editor\" data-id=\"e1d631f\" data-element_type=\"widget\" data-widget_type=\"text-editor.default\">\n<div class=\"elementor-widget-container\">\n<p>\u00a0<\/p>\n<h4><strong>Donn\u00e9es collect\u00e9es et objectif<\/strong><\/h4>\n<p>Comme tous les sites web, ce site utilise \u00e9galement des fichiers journaux dans lesquels sont stock\u00e9es les informations collect\u00e9es automatiquement lors des visites des utilisateurs. Les informations collect\u00e9es peuvent \u00eatre les suivantes :<\/p>\n<ul>\n<li>Adresse de protocole Internet (IP) ;<\/li>\n<li>Type de navigateur et param\u00e8tres de l'appareil utilis\u00e9 pour se connecter au site ;<\/li>\n<li>Nom du fournisseur d'acc\u00e8s \u00e0 Internet (FAI) ;<\/li>\n<li>Date et heure de la visite ;<\/li>\n<li>Pages web d'origine (de r\u00e9f\u00e9rence) et de sortie du visiteur ;<\/li>\n<li>Pays d'origine ;<\/li>\n<li>Peut-\u00eatre le nombre de clics.<\/li>\n<\/ul>\n<div>\u00a0<\/div>\n<h4><strong>Les donn\u00e9es et les informations sont collect\u00e9es aux fins suivantes :<\/strong><\/h4>\n<ul>\n<li>Sous une forme exclusivement agr\u00e9g\u00e9e et anonyme afin de v\u00e9rifier le bon fonctionnement du site. Aucune de ces informations n'est li\u00e9e \u00e0 la personne physique-utilisatrice du site, et ne permet en aucune mani\u00e8re son identification (\u00e0 partir du 25 mai 2018, ces informations seront trait\u00e9es en fonction des int\u00e9r\u00eats l\u00e9gitimes du propri\u00e9taire) ;<\/li>\n<li>A des fins de s\u00e9curit\u00e9 (filtres anti-spam, firewalls, d\u00e9tection de virus), les donn\u00e9es enregistr\u00e9es automatiquement peuvent \u00e9ventuellement aussi inclure des donn\u00e9es personnelles telles que l'adresse IP, qui pourraient \u00eatre utilis\u00e9es, conform\u00e9ment aux lois pertinentes en vigueur, afin de bloquer les tentatives d'endommager le site lui-m\u00eame ou de causer des dommages \u00e0 d'autres utilisateurs, ou en tout \u00e9tat de cause les activit\u00e9s nuisibles ou criminelles. Ces donn\u00e9es ne sont jamais utilis\u00e9es pour l'identification ou le profilage des utilisateurs, ni crois\u00e9es avec d'autres donn\u00e9es, ni fournies \u00e0 des tiers, mais uniquement utilis\u00e9es dans le but de prot\u00e9ger le site et ses utilisateurs (\u00e0 partir du 25 mai 2018, ces informations seront trait\u00e9es en fonction des int\u00e9r\u00eats l\u00e9gitimes du propri\u00e9taire) ;<\/li>\n<li>Communiquer des donn\u00e9es \u00e0 des tiers qui exercent des fonctions n\u00e9cessaires ou utiles au fonctionnement du service, telles que la gestion des commentaires sur le site.<\/li>\n<\/ul>\n<p>Si le site permet de poster des commentaires, ou dans le cas de services sp\u00e9cifiques demand\u00e9s par l'utilisateur (via la section Contact), le site d\u00e9tecte et enregistre automatiquement certaines donn\u00e9es d'identification de l'utilisateur, y compris son adresse \u00e9lectronique et son pseudonyme. Ces donn\u00e9es sont consid\u00e9r\u00e9es comme \u00e9tant fournies volontairement par l'utilisateur lors de la prestation du service et sont trait\u00e9es sur la base du consentement. En introduisant un commentaire ou d'autres informations, l'utilisateur accepte express\u00e9ment la politique de confidentialit\u00e9 et consent notamment \u00e0 ce que les contenus introduits soient librement consultables par les autres visiteurs.<\/p>\n<p>Les donn\u00e9es re\u00e7ues seront utilis\u00e9es exclusivement pour la fourniture du service demand\u00e9 et seulement pendant le temps n\u00e9cessaire \u00e0 la fourniture du service. Les informations que les utilisateurs du site d\u00e9cident de rendre publiques par le biais des services et des outils mis \u00e0 leur disposition sont fournies par l'utilisateur en toute connaissance de cause et volontairement, ce qui exon\u00e8re ce site de toute responsabilit\u00e9 en cas de violation de la loi. Il appartient \u00e0 l'utilisateur de v\u00e9rifier qu'il dispose des autorisations n\u00e9cessaires pour introduire des donn\u00e9es personnelles de tiers ou des contenus prot\u00e9g\u00e9s par des r\u00e9glementations nationales et internationales.<\/p>\n<p>Les donn\u00e9es collect\u00e9es par le site au cours de son fonctionnement sont utilis\u00e9es exclusivement aux fins indiqu\u00e9es ci-dessus et conserv\u00e9es pendant le temps strictement n\u00e9cessaire \u00e0 l'ex\u00e9cution des activit\u00e9s sp\u00e9cifi\u00e9es. En tout \u00e9tat de cause, les donn\u00e9es personnelles collect\u00e9es par le site ne seront jamais communiqu\u00e9es \u00e0 des tiers, pour quelque raison que ce soit, \u00e0 moins qu'il ne s'agisse d'une demande l\u00e9gitime d'une autorit\u00e9 judiciaire et uniquement dans les cas pr\u00e9vus par la loi. Toutefois, les donn\u00e9es peuvent \u00eatre communiqu\u00e9es \u00e0 des tiers si cela est n\u00e9cessaire pour la fourniture d'un service sp\u00e9cifique demand\u00e9 par l'Utilisateur (par exemple, la gestion des commentaires), ou pour la r\u00e9alisation de contr\u00f4les de s\u00e9curit\u00e9 ou d'optimisation du site. Les donn\u00e9es peuvent \u00eatre collect\u00e9es sur le site web et plus particuli\u00e8rement sur les pages d\u00e9di\u00e9es aux devis, les donn\u00e9es seront trait\u00e9es selon les m\u00e9thodes indiqu\u00e9es dans le document suivant dans le but de fournir les services et\/ou de r\u00e9pondre aux demandes re\u00e7ues. En cas de conclusion positive et\/ou n\u00e9gative de la n\u00e9gociation, les donn\u00e9es collect\u00e9es seront d\u00e9truites et ne seront en aucun cas communiqu\u00e9es \u00e0 des tiers.<\/p>\n<p>\u00a0<\/p>\n<h4><strong>Lieu de traitement<\/strong><\/h4>\n<p>Les donn\u00e9es collect\u00e9es sur le site sont trait\u00e9es dans les locaux du contr\u00f4leur des donn\u00e9es et \u00e0 l'adresse suivante : <strong>Deakos S.r.l., Corso Nazionale, 169 - 19125, La Spezia (ITALY), num\u00e9ro de TVA : 01155830118 <\/strong>qui est responsable du traitement des donn\u00e9es, traite les donn\u00e9es pour le compte du propri\u00e9taire, est situ\u00e9 dans l'Espace \u00e9conomique europ\u00e9en et agit conform\u00e9ment aux normes europ\u00e9ennes.<\/p>\n<p><strong>Cookies<\/strong><br \/>Comme il est d'usage sur tous les sites web, ce site utilise \u00e9galement des cookies, de petits fichiers texte qui stockent des informations sur les pr\u00e9f\u00e9rences des visiteurs, afin d'am\u00e9liorer la fonctionnalit\u00e9 du site, de simplifier la navigation en automatisant des proc\u00e9dures (par exemple, connexion, langue du site) et d'analyser l'utilisation du site.<\/p>\n<p>Les cookies de session sont essentiels pour distinguer les utilisateurs connect\u00e9s et sont utiles pour \u00e9viter qu'une fonctionnalit\u00e9 demand\u00e9e ne soit fournie au mauvais utilisateur, ainsi qu'\u00e0 des fins de s\u00e9curit\u00e9 pour pr\u00e9venir les cyberattaques sur le site. Les cookies de session ne contiennent aucune donn\u00e9e personnelle et ne durent que pour la session en cours, c'est-\u00e0-dire jusqu'\u00e0 ce que le navigateur soit ferm\u00e9. Aucun consentement n'est requis pour ces cookies.<\/p>\n<p>Les cookies de fonctionnalit\u00e9 utilis\u00e9s par le site sont strictement n\u00e9cessaires \u00e0 l'utilisation du site, en particulier ils sont li\u00e9s \u00e0 une demande expresse de fonctionnalit\u00e9 par l'utilisateur (telle que Login), pour laquelle aucun consentement n'est requis.<\/p>\n<p>En utilisant le site, en continuant \u00e0 naviguer sur le site, ou en cliquant sur OK sur la banni\u00e8re pr\u00e9sente lors du premier acc\u00e8s au site, le visiteur consent express\u00e9ment \u00e0 l'utilisation de cookies et technologies similaires, et notamment \u00e0 l'enregistrement de ces cookies sur son \u00e9quipement terminal pour les finalit\u00e9s indiqu\u00e9es ci-dessus, ou \u00e0 l'acc\u00e8s par le biais de cookies \u00e0 des informations sur son \u00e9quipement terminal.<\/p>\n<p>Liste des cookies sur le site web :<\/p>\n<ul>\n<li>nom : \"_ga\" (analytique) ;<\/li>\n<li>name : '_gat_gtag (Analytics) ;<\/li>\n<li>nom : \"_gid\" (analytique).<\/li>\n<\/ul>\n<\/div>\n<div>\u00a0<\/div>\n<div class=\"elementor-widget-container\">\n<h4><strong>D\u00e9sactiver les cookies<\/strong><\/h4>\n<p>Les cookies sont li\u00e9s au navigateur utilis\u00e9 et peuvent \u00eatre d\u00e9sactiv\u00e9s directement \u00e0 partir du navigateur, ce qui permet de refuser\/r\u00e9voquer le consentement \u00e0 l'utilisation des cookies. Veuillez noter que la d\u00e9sactivation des cookies peut emp\u00eacher l'utilisation correcte de certaines fonctions du site lui-m\u00eame. Les instructions pour d\u00e9sactiver les cookies sont disponibles sur les pages web suivantes : Mozilla Firefox - Microsoft Internet Explorer - Microsoft Edge - Google Chrome - Opera - Apple Safari.<\/p>\n<p>\u00a0<\/p>\n<h4><strong>Cookies de tiers<\/strong><\/h4>\n<p>Ce site agit \u00e9galement en tant qu'interm\u00e9diaire pour les cookies de tiers, qui sont utilis\u00e9s pour fournir des services et des fonctionnalit\u00e9s suppl\u00e9mentaires aux visiteurs et pour am\u00e9liorer l'utilisation du site lui-m\u00eame, tels que les boutons sociaux. Cette politique de confidentialit\u00e9 ne s'applique pas aux services fournis par des tiers, et ce site n'a aucun contr\u00f4le sur leurs cookies, qui sont enti\u00e8rement g\u00e9r\u00e9s par les tiers, et n'a aucun acc\u00e8s aux informations collect\u00e9es par le biais de ces cookies. L'accord de transfert de donn\u00e9es est conclu directement entre l'utilisateur\/visiteur et le tiers, et ce site ne participe en aucune mani\u00e8re \u00e0 ce transfert. Par cons\u00e9quent, les informations sur l'utilisation desdits cookies et leurs finalit\u00e9s, ainsi que sur la mani\u00e8re de les d\u00e9sactiver, sont fournies directement par les tiers sur les pages indiqu\u00e9es ci-dessous.<\/p>\n<p>En particulier, ce site utilise des cookies provenant des tiers suivants :<\/p>\n<ul>\n<li>Google (cookie Google Analytics) : Google Analytics est un outil d'analyse de Google qui utilise des cookies (cookies de performance) pour collecter des donn\u00e9es de navigation anonymes (tronqu\u00e9es au dernier octet) dans le but d'\u00e9valuer votre utilisation du site, de compiler des rapports sur l'activit\u00e9 du site \u00e0 destination de son exploitant et de fournir d'autres informations, notamment le nombre de visiteurs et de pages vues. Google peut \u00e9galement transmettre ces informations \u00e0 des tiers si la loi l'exige ou si des tiers traitent ces informations pour le compte de Google. Google n'associera pas l'adresse IP \u00e0 d'autres donn\u00e9es d\u00e9tenues par Google. Les donn\u00e9es transmises \u00e0 Google seront stock\u00e9es sur les serveurs de Google aux Etats-Unis. Sur la base d'un accord sp\u00e9cifique avec Google, qui est d\u00e9sign\u00e9 comme le responsable du traitement des donn\u00e9es des utilisateurs, ce dernier s'engage \u00e0 traiter les donn\u00e9es conform\u00e9ment aux demandes du responsable du traitement, formul\u00e9es directement via les param\u00e8tres du logiciel. Selon ces param\u00e8tres, les options de publicit\u00e9 et de partage des donn\u00e9es sont d\u00e9sactiv\u00e9es. De plus amples informations sur les cookies de Google Analytics sont disponibles sur la page Utilisation des cookies de Google Analytics sur les sites web. Les utilisateurs peuvent d\u00e9sactiver de mani\u00e8re s\u00e9lective (opt-out) la collecte de donn\u00e9es par Google Analytics en installant sur leur navigateur le composant appropri\u00e9 fourni par Google ;<\/li>\n<li>Google (cookies Youtube). Youtube est une plateforme de partage de vid\u00e9os appartenant \u00e0 Google qui utilise des cookies pour collecter des informations sur les utilisateurs et les appareils de navigation. La plupart des vid\u00e9os du site ne contiennent pas de cookies lors de l'acc\u00e8s \u00e0 la page, car l'option \"confidentialit\u00e9 renforc\u00e9e (pas de cookies)\" a \u00e9t\u00e9 d\u00e9finie de mani\u00e8re \u00e0 ce que YouTube ne stocke pas d'informations sur les visiteurs, \u00e0 moins qu'ils ne lisent volontairement la vid\u00e9o.<\/li>\n<\/ul>\n<p>Pour plus d'informations sur l'utilisation des donn\u00e9es et leur traitement par Google, nous vous recommandons de lire les informations sur la page mise en place par Google, ainsi que la page et la page sur la mani\u00e8re dont Google utilise les donn\u00e9es lors de l'utilisation de sites ou d'applications partenaires.<\/p>\n<p><strong>Plugins pour r\u00e9seaux sociaux et APP<\/strong><br \/>Ce site int\u00e8gre \u00e9galement des plugins et\/ou des boutons pour les r\u00e9seaux sociaux, afin de permettre un partage facile du contenu sur vos r\u00e9seaux sociaux pr\u00e9f\u00e9r\u00e9s. Ces plugins sont programm\u00e9s de mani\u00e8re \u00e0 ne pas installer de cookies lorsque vous acc\u00e9dez \u00e0 la page, afin de prot\u00e9ger votre vie priv\u00e9e. Les cookies ne sont install\u00e9s, si les r\u00e9seaux sociaux le pr\u00e9voient, que lorsque l'utilisateur utilise effectivement et volontairement le plugin. Veuillez noter que si l'utilisateur navigue en \u00e9tant connect\u00e9 au r\u00e9seau social, il a d\u00e9j\u00e0 consenti \u00e0 l'utilisation des cookies transmis par ce site au moment de son inscription au r\u00e9seau social.<br \/>La collecte et l'utilisation des informations obtenues au moyen du plugin sont r\u00e9gies par les politiques de confidentialit\u00e9 respectives des r\u00e9seaux sociaux, auxquelles il convient de se r\u00e9f\u00e9rer.<\/p>\n<ul>\n<li>Facebook ;<\/li>\n<li>Twitter ;<\/li>\n<li>LinkedIn ;<\/li>\n<li>Google+ ;<\/li>\n<li>Paypal<\/li>\n<\/ul>\n<\/div>\n<div>\u00a0<\/div>\n<div class=\"elementor-widget-container\">\n<h4><strong>Transfert de donn\u00e9es vers des pays tiers<\/strong><\/h4>\n<p>Ce site peut partager certaines des donn\u00e9es collect\u00e9es avec des services situ\u00e9s en dehors de l'Union europ\u00e9enne. En particulier avec Google, Facebook et Microsoft (LinkedIn) via les plug-ins sociaux et le service Google Analytics. Le transfert est autoris\u00e9 conform\u00e9ment aux d\u00e9cisions sp\u00e9cifiques de l'Union europ\u00e9enne et de l'Autorit\u00e9 italienne de protection des donn\u00e9es, en particulier la d\u00e9cision 1250\/2016 (Privacy Shield - voir la page d'information de l'Autorit\u00e9 italienne de protection des donn\u00e9es), de sorte qu'aucun autre consentement n'est requis. Les entreprises mentionn\u00e9es ci-dessus garantissent leur adh\u00e9sion au Privacy Shield.<\/p>\n<p>\u00a0<\/p>\n<h4><strong>Mesures de s\u00e9curit\u00e9<\/strong><\/h4>\n<p>Ce site traite les donn\u00e9es des utilisateurs de mani\u00e8re licite et correcte, en adoptant des mesures de s\u00e9curit\u00e9 appropri\u00e9es pour emp\u00eacher l'acc\u00e8s non autoris\u00e9, la divulgation, la modification ou la destruction des donn\u00e9es. Le traitement est effectu\u00e9 \u00e0 l'aide d'instruments informatiques et\/ou t\u00e9l\u00e9matiques, avec des m\u00e9thodes d'organisation et des logiques strictement li\u00e9es aux finalit\u00e9s indiqu\u00e9es. En particulier, le logiciel de gestion du site est constamment mis \u00e0 jour et r\u00e9guli\u00e8rement analys\u00e9 pour d\u00e9tecter les virus et les codes dangereux.<br \/>Outre le propri\u00e9taire, dans certains cas, des cat\u00e9gories de personnes impliqu\u00e9es dans l'organisation du site (administratives, commerciales, marketing, juridiques, administrateurs de syst\u00e8mes) ou des parties externes (telles que des prestataires de services techniques tiers, des courriers postaux, des fournisseurs d'h\u00e9bergement, des soci\u00e9t\u00e9s informatiques, des agences de communication) peuvent avoir acc\u00e8s aux donn\u00e9es.<\/p>\n<p>\u00a0<\/p>\n<h4><strong>Droits de l'utilisateur<\/strong><\/h4>\n<p>Conform\u00e9ment au r\u00e8glement europ\u00e9en 679\/2016 (GDPR) et \u00e0 l'article 7 du d\u00e9cret l\u00e9gislatif n\u00b0 196 du 30 juin 2003 http:\/\/www.garanteprivacy.it\/web\/guest\/home\/docweb\/-\/docweb-display\/docw... , l'utilisateur peut, de la mani\u00e8re et dans les limites pr\u00e9vues par la l\u00e9gislation en vigueur, exercer les droits suivants :<\/p>\n<ul>\n<li>s'opposer en tout ou en partie, pour des raisons l\u00e9gitimes, au traitement des donn\u00e9es \u00e0 caract\u00e8re personnel le concernant \u00e0 des fins d'envoi de mat\u00e9riel publicitaire ou de vente directe ou pour la r\u00e9alisation d'\u00e9tudes de march\u00e9 ou de communication commerciale ;<\/li>\n<li>Demander la confirmation de l'existence de donn\u00e9es personnelles le concernant (droit d'acc\u00e8s) ;<\/li>\n<li>Conna\u00eetre son origine ;<\/li>\n<li>Recevoir une communication intelligible ;<\/li>\n<li>d'\u00eatre inform\u00e9 de la logique, des m\u00e9thodes et des finalit\u00e9s du traitement ;<\/li>\n<li>Demander la mise \u00e0 jour, la rectification, l'int\u00e9gration, l'effacement, la transformation sous forme anonyme et le verrouillage des donn\u00e9es trait\u00e9es en violation de la loi, y compris les donn\u00e9es qui ne sont plus n\u00e9cessaires aux fins pour lesquelles elles ont \u00e9t\u00e9 collect\u00e9es ;<\/li>\n<li>Dans les cas de traitement fond\u00e9 sur le consentement, recevoir, aux frais exclusifs de tout support, vos donn\u00e9es fournies au responsable du traitement, sous une forme structur\u00e9e, lisible par machine et dans un format couramment utilis\u00e9 par un appareil \u00e9lectronique ;<\/li>\n<li>Le droit d'introduire une r\u00e9clamation aupr\u00e8s de l'autorit\u00e9 de contr\u00f4le ;<\/li>\n<li>ainsi que, plus g\u00e9n\u00e9ralement, l'exercice de tous les droits qui lui sont reconnus par les dispositions l\u00e9gales applicables.<\/li>\n<\/ul>\n<p>Lorsque les donn\u00e9es sont trait\u00e9es sur la base d'int\u00e9r\u00eats l\u00e9gitimes, les droits de la personne concern\u00e9e par le traitement des donn\u00e9es sont n\u00e9anmoins garantis (\u00e0 l'exception du droit \u00e0 la portabilit\u00e9, qui n'est pas pr\u00e9vu par la r\u00e9glementation), en particulier le droit d'opposition au traitement, qui peut \u00eatre exerc\u00e9 en envoyant une demande au responsable du traitement des donn\u00e9es.<\/p>\n<p>Les demandes doivent \u00eatre adress\u00e9es au contr\u00f4leur des donn\u00e9es.<\/p>\n<p><strong>Responsable du traitement des donn\u00e9es<\/strong><br \/>Le responsable du traitement des donn\u00e9es en vertu des lois applicables est l'administrateur du site : <strong>Deakos S.r.l., Corso Nazionale, 169 - 19125, La Spezia (ITALY), num\u00e9ro de TVA : 01155830118<\/strong><\/p>\n<p>\u00a0<\/p>\n<h4><strong>Responsable du traitement des donn\u00e9es<\/strong><\/h4>\n<p><strong>Deakos S.r.l., Corso Nazionale, 169 - 19125, La Spezia (ITALY), num\u00e9ro de TVA : 01155830118<\/strong>\u00a0est d\u00e9sign\u00e9 comme responsable du traitement, traitant les donn\u00e9es pour le compte du responsable du traitement. LivelloUno est situ\u00e9 dans l'Espace \u00e9conomique europ\u00e9en et agit conform\u00e9ment aux normes europ\u00e9ennes. Google est d\u00e9sign\u00e9 comme responsable du traitement et traite les donn\u00e9es pour le compte du propri\u00e9taire (Google Analytics).<\/p>\n<p><strong>Mises \u00e0 jour<\/strong><br \/>Cette politique de confidentialit\u00e9 est mise \u00e0 jour le 5 mai 2018.<\/p>\n<\/div>\n<\/div>\t\t\t\t\t\t\t\t<\/div>\n\t\t\t\t<\/div>\n\t\t\t\t\t<\/div>\n\t\t\t\t<\/div>\n\t\t\t\t<\/div>","protected":false},"excerpt":{"rendered":"<p>Informativa Privacy In ottemperanza degli obblighi derivanti dalla normativa nazionale (D. Lgs 30 giugno 2003 n. 196, Codice in materia di protezione dei dati personali) e comunitaria, (Regolamento europeo per la protezione dei dati personali n. 679\/2016, GDPR) e successive modifiche, il presente sito rispetta e tutela la riservatezza dei visitatori e degli utenti, ponendo [&hellip;]<\/p>\n","protected":false},"author":1,"featured_media":0,"parent":0,"menu_order":0,"comment_status":"closed","ping_status":"closed","template":"","meta":{"_acf_changed":false,"site-sidebar-layout":"default","site-content-layout":"","ast-site-content-layout":"default","site-content-style":"default","site-sidebar-style":"default","ast-global-header-display":"","ast-banner-title-visibility":"","ast-main-header-display":"","ast-hfb-above-header-display":"","ast-hfb-below-header-display":"","ast-hfb-mobile-header-display":"","site-post-title":"","ast-breadcrumbs-content":"","ast-featured-img":"","footer-sml-layout":"","theme-transparent-header-meta":"","adv-header-id-meta":"","stick-header-meta":"","header-above-stick-meta":"","header-main-stick-meta":"","header-below-stick-meta":"","astra-migrate-meta-layouts":"default","ast-page-background-enabled":"default","ast-page-background-meta":{"desktop":{"background-color":"","background-image":"","background-repeat":"repeat","background-position":"center center","background-size":"auto","background-attachment":"scroll","background-type":"","background-media":"","overlay-type":"","overlay-color":"","overlay-opacity":"","overlay-gradient":""},"tablet":{"background-color":"","background-image":"","background-repeat":"repeat","background-position":"center center","background-size":"auto","background-attachment":"scroll","background-type":"","background-media":"","overlay-type":"","overlay-color":"","overlay-opacity":"","overlay-gradient":""},"mobile":{"background-color":"","background-image":"","background-repeat":"repeat","background-position":"center center","background-size":"auto","background-attachment":"scroll","background-type":"","background-media":"","overlay-type":"","overlay-color":"","overlay-opacity":"","overlay-gradient":""}},"ast-content-background-meta":{"desktop":{"background-color":"var(--ast-global-color-5)","background-image":"","background-repeat":"repeat","background-position":"center center","background-size":"auto","background-attachment":"scroll","background-type":"","background-media":"","overlay-type":"","overlay-color":"","overlay-opacity":"","overlay-gradient":""},"tablet":{"background-color":"var(--ast-global-color-5)","background-image":"","background-repeat":"repeat","background-position":"center center","background-size":"auto","background-attachment":"scroll","background-type":"","background-media":"","overlay-type":"","overlay-color":"","overlay-opacity":"","overlay-gradient":""},"mobile":{"background-color":"var(--ast-global-color-5)","background-image":"","background-repeat":"repeat","background-position":"center center","background-size":"auto","background-attachment":"scroll","background-type":"","background-media":"","overlay-type":"","overlay-color":"","overlay-opacity":"","overlay-gradient":""}},"footnotes":""},"class_list":["post-3","page","type-page","status-publish","hentry"],"acf":[],"_links":{"self":[{"href":"https:\/\/www.deakos.com\/fr\/wp-json\/wp\/v2\/pages\/3","targetHints":{"allow":["GET"]}}],"collection":[{"href":"https:\/\/www.deakos.com\/fr\/wp-json\/wp\/v2\/pages"}],"about":[{"href":"https:\/\/www.deakos.com\/fr\/wp-json\/wp\/v2\/types\/page"}],"author":[{"embeddable":true,"href":"https:\/\/www.deakos.com\/fr\/wp-json\/wp\/v2\/users\/1"}],"replies":[{"embeddable":true,"href":"https:\/\/www.deakos.com\/fr\/wp-json\/wp\/v2\/comments?post=3"}],"version-history":[{"count":10,"href":"https:\/\/www.deakos.com\/fr\/wp-json\/wp\/v2\/pages\/3\/revisions"}],"predecessor-version":[{"id":2973,"href":"https:\/\/www.deakos.com\/fr\/wp-json\/wp\/v2\/pages\/3\/revisions\/2973"}],"wp:attachment":[{"href":"https:\/\/www.deakos.com\/fr\/wp-json\/wp\/v2\/media?parent=3"}],"curies":[{"name":"wp","href":"https:\/\/api.w.org\/{rel}","templated":true}]}}