{"id":1960,"date":"2024-11-20T17:14:47","date_gmt":"2024-11-20T17:14:47","guid":{"rendered":"https:\/\/demo.deakos.com\/?page_id=1960"},"modified":"2025-07-21T10:07:13","modified_gmt":"2025-07-21T10:07:13","slug":"expedition-et-livraison","status":"publish","type":"page","link":"https:\/\/www.deakos.com\/fr\/spedizioni_e_consegna\/","title":{"rendered":"Exp\u00e9ditions et livraison"},"content":{"rendered":"<div data-elementor-type=\"wp-page\" data-elementor-id=\"1960\" class=\"elementor elementor-1960\" data-elementor-post-type=\"page\">\n\t\t\t\t<div class=\"elementor-element elementor-element-723d4ef3 e-flex e-con-boxed e-con e-parent\" data-id=\"723d4ef3\" data-element_type=\"container\">\n\t\t\t\t\t<div class=\"e-con-inner\">\n\t\t\t\t<div class=\"elementor-element elementor-element-13af834 elementor-widget elementor-widget-text-editor\" data-id=\"13af834\" data-element_type=\"widget\" data-widget_type=\"text-editor.default\">\n\t\t\t\t<div class=\"elementor-widget-container\">\n\t\t\t\t\t\t\t\t\t<h4>Conditions g\u00e9n\u00e9rales et d\u00e9lais de livraison<\/h4>\n<p>La relation de confiance mutuelle que Deakos souhaite \u00e9tablir avec ses clients est encore plus \u00e9vidente lorsqu'il s'agit de vente directe. Celle-ci se fait soit par t\u00e9l\u00e9phone avec des explications compl\u00e8tes sur l'utilisation et le dosage possible du produit, soit par le biais de la boutique en ligne. Dans les deux cas, les conditions \u00e9num\u00e9r\u00e9es ci-dessous sont d'application :<\/p>\n<ul>\n<li>La commande est trait\u00e9e dans les 24\/48 heures ouvrables suivant sa r\u00e9ception.<\/li>\n<li>L'exp\u00e9dition se fait par courrier express avec un d\u00e9lai de livraison de 24\/48 heures.<\/li>\n<li>Les paiements doivent \u00eatre effectu\u00e9s par le canal convenu au moment de l'achat et en utilisant les coordonn\u00e9es suivantes : carte de cr\u00e9dit, PayPal, Stripe, contre-remboursement, virement bancaire.<\/li>\n<li>Toute anomalie dans la commande d\u00e9tect\u00e9e lors de la livraison doit \u00eatre signal\u00e9e dans les plus brefs d\u00e9lais afin qu'une action puisse \u00eatre convenue pour y rem\u00e9dier.<\/li>\n<li>Les conditions ci-dessus s'appliquent exclusivement aux commandes livr\u00e9es dans l'Union europ\u00e9enne (y compris la R\u00e9publique de Saint-Marin).<\/li>\n<li>Les commandes avec livraison dans d'autres pays peuvent et doivent \u00eatre r\u00e9gl\u00e9es directement par t\u00e9l\u00e9phone.<\/li>\n<\/ul>\t\t\t\t\t\t\t\t<\/div>\n\t\t\t\t<\/div>\n\t\t\t\t<div class=\"elementor-element elementor-element-49ad028 elementor-widget elementor-widget-text-editor\" data-id=\"49ad028\" data-element_type=\"widget\" data-widget_type=\"text-editor.default\">\n\t\t\t\t<div class=\"elementor-widget-container\">\n\t\t\t\t\t\t\t\t\t<h4>Frais d'exp\u00e9dition en Italie<\/h4><ul><li><b>Spedizione STANDARD<\/b>Les frais de port sont de 6\u20ac.<\/li><li><b>LIVRAISON GRATUITE<\/b>: Pour un montant minimum de 39,90\u202f\u20ac, la livraison est gratuite pour l\u2019Italie.<\/li><li><b>Paiement \u00e0 la livraison<\/b>Les livraisons en contre-remboursement font l'objet d'une majoration de 2,50 \u20ac, m\u00eame en cas de livraison gratuite.<\/li><\/ul>\t\t\t\t\t\t\t\t<\/div>\n\t\t\t\t<\/div>\n\t\t\t\t<div class=\"elementor-element elementor-element-f93880a elementor-widget elementor-widget-text-editor\" data-id=\"f93880a\" data-element_type=\"widget\" data-widget_type=\"text-editor.default\">\n\t\t\t\t<div class=\"elementor-widget-container\">\n\t\t\t\t\t\t\t\t\t<h4>Frais de livraison pour l\u2019\u00e9tranger<\/h4><ul><li><b>Exp\u00e9dition en Europe<\/b>:<ul><li>15\u20ac pour un achat inf\u00e9rieur \u00e0 30\u20ac<\/li><li>10\u20ac pour un achat compris entre 30\u20ac et 50\u20ac<\/li><li>5\u20ac pour un achat de plus de 50\u20ac<\/li><\/ul><\/li><li><b>Livraison Chypre \u2013 Malte \u2013 Hongrie \u2013 Bulgarie \u2013 Roumanie \u2013 Pologne<\/b>:<ul><li>20 \u20ac pour les commandes jusqu'\u00e0 30 \u20ac<\/li><li>15 \u20ac pour les commandes entre 31 et 50 \u20ac<\/li><li>10 \u20ac pour les commandes sup\u00e9rieures \u00e0 51 \u20ac<\/li><\/ul><\/li><li><b>Livraison Suisse \u2013 Norv\u00e8ge \u2013 Su\u00e8de \u2013 Irlande \u2013 Gr\u00e8ce \u2013 Royaume-Uni<\/b>:<ul><li>18 \u20ac pour les commandes jusqu'\u00e0 30 \u20ac<\/li><li>13 \u20ac pour les commandes entre 31 et 50 \u20ac<\/li><li>8 \u20ac pour les commandes sup\u00e9rieures \u00e0 51 \u20ac<\/li><\/ul><\/li><li><b>Livraison \u00cele de la R\u00e9union<\/b>:<ul><li>50 \u20ac pour les commandes jusqu'\u00e0 100 \u20ac<\/li><li>25 \u20ac pour les commandes entre 101 et 200 \u20ac<\/li><li>12,50 \u20ac pour les commandes entre 201 et 299 \u20ac<\/li><li>Offerte pour les commandes sup\u00e9rieures \u00e0 300 \u20ac<\/li><\/ul><\/li><li><b>Livraison au Canada et aux \u00c9tats-Unis<\/b>:<ul><li>42\u20ac pour les commandes inf\u00e9rieures \u00e0 100\u20ac<\/li><li>21\u20ac pour les commandes entre 101\u20ac et 200\u20ac<\/li><li>10,50\u20ac pour les commandes entre 201\u20ac et 299\u20ac<\/li><li>Offerte pour les commandes sup\u00e9rieures \u00e0 300 \u20ac<\/li><\/ul><\/li><\/ul>\t\t\t\t\t\t\t\t<\/div>\n\t\t\t\t<\/div>\n\t\t\t\t<div class=\"elementor-element elementor-element-b92e7fc elementor-widget elementor-widget-text-editor\" data-id=\"b92e7fc\" data-element_type=\"widget\" data-widget_type=\"text-editor.default\">\n\t\t\t\t<div class=\"elementor-widget-container\">\n\t\t\t\t\t\t\t\t\t<h4>Courriers en Italie<\/h4><p>Nos envois s'appuient sur l'exp\u00e9rience des meilleures entreprises !<\/p><ul><li>GLS<\/li><li>Bartolini<\/li><\/ul>\t\t\t\t\t\t\t\t<\/div>\n\t\t\t\t<\/div>\n\t\t\t\t<div class=\"elementor-element elementor-element-6d8449e elementor-widget elementor-widget-text-editor\" data-id=\"6d8449e\" data-element_type=\"widget\" data-widget_type=\"text-editor.default\">\n\t\t\t\t<div class=\"elementor-widget-container\">\n\t\t\t\t\t\t\t\t\t<h4>Transporteurs internationaux<\/h4><p><span style=\"font-size: 16px;\">F\u00fcr den Versand ins Ausland vertrauen wir auf DHL.\u00a0<\/span><\/p>\t\t\t\t\t\t\t\t<\/div>\n\t\t\t\t<\/div>\n\t\t\t\t\t<\/div>\n\t\t\t\t<\/div>\n\t\t\t\t<\/div>","protected":false},"excerpt":{"rendered":"<p>Condizioni generali e Tempi di Spedizione Il rapporto di fiducia reciproca che Deakos vuole instaurare con i propri clienti si evidenzia ancor pi\u00f9 nel momento della vendita diretta. Il tutto avviene o per via telefonica con esaustive spiegazioni sull&#8217;utilizzo e l&#8217;eventuale posologia del prodotto o tramite il negozio online. In entrambi i casi valgono le [&hellip;]<\/p>\n","protected":false},"author":1,"featured_media":0,"parent":0,"menu_order":0,"comment_status":"closed","ping_status":"closed","template":"","meta":{"_acf_changed":false,"site-sidebar-layout":"default","site-content-layout":"","ast-site-content-layout":"default","site-content-style":"default","site-sidebar-style":"default","ast-global-header-display":"","ast-banner-title-visibility":"","ast-main-header-display":"","ast-hfb-above-header-display":"","ast-hfb-below-header-display":"","ast-hfb-mobile-header-display":"","site-post-title":"","ast-breadcrumbs-content":"","ast-featured-img":"","footer-sml-layout":"","theme-transparent-header-meta":"","adv-header-id-meta":"","stick-header-meta":"","header-above-stick-meta":"","header-main-stick-meta":"","header-below-stick-meta":"","astra-migrate-meta-layouts":"default","ast-page-background-enabled":"default","ast-page-background-meta":{"desktop":{"background-color":"","background-image":"","background-repeat":"repeat","background-position":"center center","background-size":"auto","background-attachment":"scroll","background-type":"","background-media":"","overlay-type":"","overlay-color":"","overlay-opacity":"","overlay-gradient":""},"tablet":{"background-color":"","background-image":"","background-repeat":"repeat","background-position":"center center","background-size":"auto","background-attachment":"scroll","background-type":"","background-media":"","overlay-type":"","overlay-color":"","overlay-opacity":"","overlay-gradient":""},"mobile":{"background-color":"","background-image":"","background-repeat":"repeat","background-position":"center center","background-size":"auto","background-attachment":"scroll","background-type":"","background-media":"","overlay-type":"","overlay-color":"","overlay-opacity":"","overlay-gradient":""}},"ast-content-background-meta":{"desktop":{"background-color":"var(--ast-global-color-5)","background-image":"","background-repeat":"repeat","background-position":"center center","background-size":"auto","background-attachment":"scroll","background-type":"","background-media":"","overlay-type":"","overlay-color":"","overlay-opacity":"","overlay-gradient":""},"tablet":{"background-color":"var(--ast-global-color-5)","background-image":"","background-repeat":"repeat","background-position":"center center","background-size":"auto","background-attachment":"scroll","background-type":"","background-media":"","overlay-type":"","overlay-color":"","overlay-opacity":"","overlay-gradient":""},"mobile":{"background-color":"var(--ast-global-color-5)","background-image":"","background-repeat":"repeat","background-position":"center center","background-size":"auto","background-attachment":"scroll","background-type":"","background-media":"","overlay-type":"","overlay-color":"","overlay-opacity":"","overlay-gradient":""}},"footnotes":""},"class_list":["post-1960","page","type-page","status-publish","hentry"],"acf":[],"_links":{"self":[{"href":"https:\/\/www.deakos.com\/fr\/wp-json\/wp\/v2\/pages\/1960","targetHints":{"allow":["GET"]}}],"collection":[{"href":"https:\/\/www.deakos.com\/fr\/wp-json\/wp\/v2\/pages"}],"about":[{"href":"https:\/\/www.deakos.com\/fr\/wp-json\/wp\/v2\/types\/page"}],"author":[{"embeddable":true,"href":"https:\/\/www.deakos.com\/fr\/wp-json\/wp\/v2\/users\/1"}],"replies":[{"embeddable":true,"href":"https:\/\/www.deakos.com\/fr\/wp-json\/wp\/v2\/comments?post=1960"}],"version-history":[{"count":22,"href":"https:\/\/www.deakos.com\/fr\/wp-json\/wp\/v2\/pages\/1960\/revisions"}],"predecessor-version":[{"id":4403,"href":"https:\/\/www.deakos.com\/fr\/wp-json\/wp\/v2\/pages\/1960\/revisions\/4403"}],"wp:attachment":[{"href":"https:\/\/www.deakos.com\/fr\/wp-json\/wp\/v2\/media?parent=1960"}],"curies":[{"name":"wp","href":"https:\/\/api.w.org\/{rel}","templated":true}]}}