{"id":1956,"date":"2024-11-20T17:10:49","date_gmt":"2024-11-20T17:10:49","guid":{"rendered":"https:\/\/demo.deakos.com\/?page_id=1956"},"modified":"2025-10-22T09:55:50","modified_gmt":"2025-10-22T07:55:50","slug":"modes-de-paiement","status":"publish","type":"page","link":"https:\/\/www.deakos.com\/fr\/metodi_di_pagamento\/","title":{"rendered":"M\u00e9thodes de paiement"},"content":{"rendered":"<div data-elementor-type=\"wp-page\" data-elementor-id=\"1956\" class=\"elementor elementor-1956\" data-elementor-post-type=\"page\">\n\t\t\t\t<div class=\"elementor-element elementor-element-56df2a46 e-con-full e-flex e-con e-parent\" data-id=\"56df2a46\" data-element_type=\"container\">\n\t\t\t\t<div class=\"elementor-element elementor-element-7893241 elementor-widget elementor-widget-text-editor\" data-id=\"7893241\" data-element_type=\"widget\" data-widget_type=\"text-editor.default\">\n\t\t\t\t<div class=\"elementor-widget-container\">\n\t\t\t\t\t\t\t\t\t<p>Sur le site DEAKOS, le client a acquis s\u00e9curit\u00e9 et garanties via PayPal (\u00e9galement avec carte de cr\u00e9dit), Stripe (\u00e9galement avec carte de cr\u00e9dit et carte SEPA) et virement bancaire (paiement anticip\u00e9).<br \/>Le protocole de s\u00e9curit\u00e9 SSL (Secure Socket Layer) garantit la protection des donn\u00e9es sensibles en assurant une transition crypt\u00e9e.<\/p>\t\t\t\t\t\t\t\t<\/div>\n\t\t\t\t<\/div>\n\t\t<div class=\"elementor-element elementor-element-9248ddc e-con-full e-flex e-con e-child\" data-id=\"9248ddc\" data-element_type=\"container\">\n\t\t\t\t<div class=\"elementor-element elementor-element-dbd7db6 elementor-position-left elementor-vertical-align-middle elementor-widget elementor-widget-image-box\" data-id=\"dbd7db6\" data-element_type=\"widget\" data-widget_type=\"image-box.default\">\n\t\t\t\t<div class=\"elementor-widget-container\">\n\t\t\t\t\t<div class=\"elementor-image-box-wrapper\"><figure class=\"elementor-image-box-img\"><img fetchpriority=\"high\" decoding=\"async\" width=\"1078\" height=\"516\" src=\"https:\/\/www.deakos.com\/wp-content\/uploads\/2024\/12\/46cf2d260c530d613e7f552f8b8c0093.png\" class=\"attachment-full size-full wp-image-2525\" alt=\"\" srcset=\"https:\/\/www.deakos.com\/wp-content\/uploads\/2024\/12\/46cf2d260c530d613e7f552f8b8c0093.png 1078w, https:\/\/www.deakos.com\/wp-content\/uploads\/2024\/12\/46cf2d260c530d613e7f552f8b8c0093-300x144.png 300w, https:\/\/www.deakos.com\/wp-content\/uploads\/2024\/12\/46cf2d260c530d613e7f552f8b8c0093-1024x490.png 1024w, https:\/\/www.deakos.com\/wp-content\/uploads\/2024\/12\/46cf2d260c530d613e7f552f8b8c0093-768x368.png 768w, https:\/\/www.deakos.com\/wp-content\/uploads\/2024\/12\/46cf2d260c530d613e7f552f8b8c0093-18x9.png 18w, https:\/\/www.deakos.com\/wp-content\/uploads\/2024\/12\/46cf2d260c530d613e7f552f8b8c0093-600x287.png 600w\" sizes=\"(max-width: 1078px) 100vw, 1078px\" \/><\/figure><div class=\"elementor-image-box-content\"><h4 class=\"elementor-image-box-title\">PAYPAL - Coffre-fort. Rapide. Prot\u00e9g\u00e9.<\/h4><\/div><\/div>\t\t\t\t<\/div>\n\t\t\t\t<\/div>\n\t\t\t\t<div class=\"elementor-element elementor-element-4de7766 elementor-widget elementor-widget-text-editor\" data-id=\"4de7766\" data-element_type=\"widget\" data-widget_type=\"text-editor.default\">\n\t\t\t\t<div class=\"elementor-widget-container\">\n\t\t\t\t\t\t\t\t\t<p>PayPal est un syst\u00e8me de paiement rapide et s\u00e9curis\u00e9. Une fois que vous aurez s\u00e9lectionn\u00e9 ce mode de paiement puis cliqu\u00e9 sur \u00ab Continuer avec PayPal \u00bb, vous serez redirig\u00e9 vers le site Paypal.com o\u00f9 vous pourrez choisir entre :<\/p>\n<ul>\n<li>Effectuez le paiement en vous connectant \u00e0 votre compte PayPal<\/li>\n<li>Payez avec n'importe quelle carte de cr\u00e9dit\/pr\u00e9pay\u00e9e<\/li>\n<\/ul>\n<p>Le syst\u00e8me communique directement avec PayPal en toute s\u00e9curit\u00e9, c'est pourquoi DEAKOS S.r.l. n'a jamais connaissance des donn\u00e9es relatives au moyen de paiement du client.<br \/>Pour chaque transaction, le client re\u00e7oit un email de confirmation de PayPal. Le paiement avec PayPal ou carte de cr\u00e9dit acc\u00e9l\u00e8re les d\u00e9lais d'exp\u00e9dition des commandes, car la transaction est v\u00e9rifi\u00e9e instantan\u00e9ment et la commande est trait\u00e9e imm\u00e9diatement.<\/p>\n<p>Accept\u00e9s : MasterCard, Maestro, Visa, Visa Electron, American Express, Aura, Discover.<\/p>\t\t\t\t\t\t\t\t<\/div>\n\t\t\t\t<\/div>\n\t\t\t\t<\/div>\n\t\t<div class=\"elementor-element elementor-element-9883be7 e-con-full e-flex e-con e-child\" data-id=\"9883be7\" data-element_type=\"container\">\n\t\t\t\t<div class=\"elementor-element elementor-element-22eeddf elementor-position-left elementor-vertical-align-bottom elementor-widget elementor-widget-image-box\" data-id=\"22eeddf\" data-element_type=\"widget\" data-widget_type=\"image-box.default\">\n\t\t\t\t<div class=\"elementor-widget-container\">\n\t\t\t\t\t<div class=\"elementor-image-box-wrapper\"><figure class=\"elementor-image-box-img\"><img decoding=\"async\" width=\"1024\" height=\"413\" src=\"https:\/\/www.deakos.com\/wp-content\/uploads\/2024\/12\/13f07a70a1727bf91984ff88e266e0f6.png\" class=\"attachment-full size-full wp-image-2526\" alt=\"\" srcset=\"https:\/\/www.deakos.com\/wp-content\/uploads\/2024\/12\/13f07a70a1727bf91984ff88e266e0f6.png 1024w, https:\/\/www.deakos.com\/wp-content\/uploads\/2024\/12\/13f07a70a1727bf91984ff88e266e0f6-300x121.png 300w, https:\/\/www.deakos.com\/wp-content\/uploads\/2024\/12\/13f07a70a1727bf91984ff88e266e0f6-768x310.png 768w, https:\/\/www.deakos.com\/wp-content\/uploads\/2024\/12\/13f07a70a1727bf91984ff88e266e0f6-18x7.png 18w, https:\/\/www.deakos.com\/wp-content\/uploads\/2024\/12\/13f07a70a1727bf91984ff88e266e0f6-600x242.png 600w\" sizes=\"(max-width: 1024px) 100vw, 1024px\" \/><\/figure><div class=\"elementor-image-box-content\"><h4 class=\"elementor-image-box-title\">STRIPE - Cryptage. Technologie. Rapide.<\/h4><\/div><\/div>\t\t\t\t<\/div>\n\t\t\t\t<\/div>\n\t\t\t\t<div class=\"elementor-element elementor-element-5f79ebf elementor-widget elementor-widget-text-editor\" data-id=\"5f79ebf\" data-element_type=\"widget\" data-widget_type=\"text-editor.default\">\n\t\t\t\t<div class=\"elementor-widget-container\">\n\t\t\t\t\t\t\t\t\t<p>Stripe est une plateforme de paiement externe qui accepte les paiements par carte de d\u00e9bit, carte rechargeable et\/ou carte de cr\u00e9dit. Les paiements sont trait\u00e9s instantan\u00e9ment.<br \/>Le pr\u00e9l\u00e8vement SEPA repr\u00e9sente une option s\u00e9curis\u00e9e pour les acheteurs lors du paiement<\/p>\n<p>Cartes de cr\u00e9dit accept\u00e9es : Visa (cartes de cr\u00e9dit et de d\u00e9bit), MasterCard (cartes de cr\u00e9dit et de d\u00e9bit), American Express, Apple Pay et pr\u00e9l\u00e8vement SEPA.<\/p>\t\t\t\t\t\t\t\t<\/div>\n\t\t\t\t<\/div>\n\t\t\t\t<\/div>\n\t\t<div class=\"elementor-element elementor-element-0643cc6 e-con-full e-flex e-con e-child\" data-id=\"0643cc6\" data-element_type=\"container\">\n\t\t\t\t<div class=\"elementor-element elementor-element-4ff46c4 elementor-widget elementor-widget-heading\" data-id=\"4ff46c4\" data-element_type=\"widget\" data-widget_type=\"heading.default\">\n\t\t\t\t<div class=\"elementor-widget-container\">\n\t\t\t\t\t<h4 class=\"elementor-heading-title elementor-size-default\">PAIEMENT EN ESP\u00c8CES \u2013 Contre-remboursement : paiement \u00e0 la livraison \u2013 Uniquement pour l\u2019Italie<\/h4>\t\t\t\t<\/div>\n\t\t\t\t<\/div>\n\t\t\t\t<div class=\"elementor-element elementor-element-4350581 elementor-widget elementor-widget-text-editor\" data-id=\"4350581\" data-element_type=\"widget\" data-widget_type=\"text-editor.default\">\n\t\t\t\t<div class=\"elementor-widget-container\">\n\t\t\t\t\t\t\t\t\t<p>Un suppl\u00e9ment de 2,50 \u20ac est pr\u00e9vu pour le paiement \u00e0 la livraison, en plus des frais d\u2019exp\u00e9dition indiqu\u00e9s dans le r\u00e9capitulatif de la commande.<br \/>Pour faciliter la proc\u00e9dure de livraison, nous vous conseillons de pr\u00e9parer le montant exact de la commande, car les livreurs ne rendent pas la monnaie.<\/p><p>M\u00eame en cas de paiement \u00e0 la livraison, la commande est trait\u00e9e imm\u00e9diatement, garantissant ainsi une exp\u00e9dition rapide au client.<\/p>\t\t\t\t\t\t\t\t<\/div>\n\t\t\t\t<\/div>\n\t\t\t\t<\/div>\n\t\t<div class=\"elementor-element elementor-element-7cda4ba e-con-full e-flex e-con e-child\" data-id=\"7cda4ba\" data-element_type=\"container\">\n\t\t\t\t<div class=\"elementor-element elementor-element-7741fbc elementor-widget elementor-widget-heading\" data-id=\"7741fbc\" data-element_type=\"widget\" data-widget_type=\"heading.default\">\n\t\t\t\t<div class=\"elementor-widget-container\">\n\t\t\t\t\t<h4 class=\"elementor-heading-title elementor-size-default\">VIREMENT BANCAIRE - Transf\u00e9rez facilement et en toute s\u00e9curit\u00e9 - Uniquement pour l'Italie<\/h4>\t\t\t\t<\/div>\n\t\t\t\t<\/div>\n\t\t\t\t<div class=\"elementor-element elementor-element-760f58f elementor-widget elementor-widget-text-editor\" data-id=\"760f58f\" data-element_type=\"widget\" data-widget_type=\"text-editor.default\">\n\t\t\t\t<div class=\"elementor-widget-container\">\n\t\t\t\t\t\t\t\t\t<p>Le paiement par virement bancaire n\u2019assure pas la m\u00eame rapidit\u00e9 que les autres moyens de paiement !<\/p>\n<p>Si le client choisit le virement bancaire comme mode de paiement, le virement bancaire devra alors \u00eatre effectu\u00e9 au pr\u00e9alable. Les coordonn\u00e9es bancaires permettant d'effectuer le paiement sont pr\u00e9sentes dans l'email de confirmation de commande ; Si le client ne re\u00e7oit pas l'e-mail, nous lui recommandons de cocher la case spam ou de contacter le service client via le formulaire de contact.<\/p>\n<p>DEAKOS S.r.l. n'accepte pas les CRO et les bulletins de versement pour garantir le virement bancaire effectu\u00e9. La commande restera dans le statut \u00ab\u00a0En attente\u00a0\u00bb jusqu'\u00e0 ce que DEAKOS S.r.l. vous ne recevrez pas de notification du virement bancaire r\u00e9ussi.<\/p>\t\t\t\t\t\t\t\t<\/div>\n\t\t\t\t<\/div>\n\t\t\t\t<\/div>\n\t\t\t\t<\/div>\n\t\t\t\t<\/div>","protected":false},"excerpt":{"rendered":"<p>Sul sito DEAKOS il cliente effettua acquisti sicuri e garantiti tramite PayPal (anche con carta di credito), Stripe (anche con carta ricaricabile e bofinico SEPA), Contrassegno (pagamento alla consegna) e bonifico bancario (pagamento anticipato).Il protocollo di sicurezza SSL (Secure Socket Layer) garantisce la protezione dei dati sensibili assicurando una transizione criptata. PAYPAL &#8211; Sicuro. Veloce. [&hellip;]<\/p>\n","protected":false},"author":1,"featured_media":0,"parent":0,"menu_order":0,"comment_status":"closed","ping_status":"closed","template":"","meta":{"_acf_changed":false,"site-sidebar-layout":"default","site-content-layout":"","ast-site-content-layout":"default","site-content-style":"default","site-sidebar-style":"default","ast-global-header-display":"","ast-banner-title-visibility":"","ast-main-header-display":"","ast-hfb-above-header-display":"","ast-hfb-below-header-display":"","ast-hfb-mobile-header-display":"","site-post-title":"","ast-breadcrumbs-content":"","ast-featured-img":"","footer-sml-layout":"","theme-transparent-header-meta":"","adv-header-id-meta":"","stick-header-meta":"","header-above-stick-meta":"","header-main-stick-meta":"","header-below-stick-meta":"","astra-migrate-meta-layouts":"default","ast-page-background-enabled":"default","ast-page-background-meta":{"desktop":{"background-color":"","background-image":"","background-repeat":"repeat","background-position":"center center","background-size":"auto","background-attachment":"scroll","background-type":"","background-media":"","overlay-type":"","overlay-color":"","overlay-opacity":"","overlay-gradient":""},"tablet":{"background-color":"","background-image":"","background-repeat":"repeat","background-position":"center center","background-size":"auto","background-attachment":"scroll","background-type":"","background-media":"","overlay-type":"","overlay-color":"","overlay-opacity":"","overlay-gradient":""},"mobile":{"background-color":"","background-image":"","background-repeat":"repeat","background-position":"center center","background-size":"auto","background-attachment":"scroll","background-type":"","background-media":"","overlay-type":"","overlay-color":"","overlay-opacity":"","overlay-gradient":""}},"ast-content-background-meta":{"desktop":{"background-color":"var(--ast-global-color-5)","background-image":"","background-repeat":"repeat","background-position":"center center","background-size":"auto","background-attachment":"scroll","background-type":"","background-media":"","overlay-type":"","overlay-color":"","overlay-opacity":"","overlay-gradient":""},"tablet":{"background-color":"var(--ast-global-color-5)","background-image":"","background-repeat":"repeat","background-position":"center center","background-size":"auto","background-attachment":"scroll","background-type":"","background-media":"","overlay-type":"","overlay-color":"","overlay-opacity":"","overlay-gradient":""},"mobile":{"background-color":"var(--ast-global-color-5)","background-image":"","background-repeat":"repeat","background-position":"center center","background-size":"auto","background-attachment":"scroll","background-type":"","background-media":"","overlay-type":"","overlay-color":"","overlay-opacity":"","overlay-gradient":""}},"footnotes":""},"class_list":["post-1956","page","type-page","status-publish","hentry"],"acf":[],"_links":{"self":[{"href":"https:\/\/www.deakos.com\/fr\/wp-json\/wp\/v2\/pages\/1956","targetHints":{"allow":["GET"]}}],"collection":[{"href":"https:\/\/www.deakos.com\/fr\/wp-json\/wp\/v2\/pages"}],"about":[{"href":"https:\/\/www.deakos.com\/fr\/wp-json\/wp\/v2\/types\/page"}],"author":[{"embeddable":true,"href":"https:\/\/www.deakos.com\/fr\/wp-json\/wp\/v2\/users\/1"}],"replies":[{"embeddable":true,"href":"https:\/\/www.deakos.com\/fr\/wp-json\/wp\/v2\/comments?post=1956"}],"version-history":[{"count":8,"href":"https:\/\/www.deakos.com\/fr\/wp-json\/wp\/v2\/pages\/1956\/revisions"}],"predecessor-version":[{"id":20440,"href":"https:\/\/www.deakos.com\/fr\/wp-json\/wp\/v2\/pages\/1956\/revisions\/20440"}],"wp:attachment":[{"href":"https:\/\/www.deakos.com\/fr\/wp-json\/wp\/v2\/media?parent=1956"}],"curies":[{"name":"wp","href":"https:\/\/api.w.org\/{rel}","templated":true}]}}