{"id":1953,"date":"2024-11-20T17:10:10","date_gmt":"2024-11-20T17:10:10","guid":{"rendered":"https:\/\/demo.deakos.com\/?page_id=1953"},"modified":"2025-07-21T15:46:46","modified_gmt":"2025-07-21T15:46:46","slug":"conditions-generales","status":"publish","type":"page","link":"https:\/\/www.deakos.com\/fr\/termini_e_condizioni\/","title":{"rendered":"Conditions g\u00e9n\u00e9rales"},"content":{"rendered":"<div data-elementor-type=\"wp-page\" data-elementor-id=\"1953\" class=\"elementor elementor-1953\" data-elementor-post-type=\"page\">\n\t\t\t\t<div class=\"elementor-element elementor-element-2cfa19f e-flex e-con-boxed e-con e-parent\" data-id=\"2cfa19f\" data-element_type=\"container\">\n\t\t\t\t\t<div class=\"e-con-inner\">\n\t\t\t\t<div class=\"elementor-element elementor-element-51b7f67 elementor-widget elementor-widget-text-editor\" data-id=\"51b7f67\" data-element_type=\"widget\" data-widget_type=\"text-editor.default\">\n\t\t\t\t<div class=\"elementor-widget-container\">\n\t\t\t\t\t\t\t\t\t<div class=\"row\"><div class=\"col mb-4\"><p class=\"text-center\">Le pr\u00e9sent document d\u00e9finit les conditions g\u00e9n\u00e9rales sur la base desquelles l'utilisation du site web est propos\u00e9e aux utilisateurs<\/p><\/div><\/div><div class=\"row\"><div class=\"col mb-4\">\u00a0<\/div><\/div><h4 class=\"text-uppercase\"><strong>1. D\u00e9finitions<\/strong><\/h4><p>Pour permettre une compr\u00e9hension et une acceptation totales des pr\u00e9sentes conditions, les termes suivants, au singulier et au pluriel, ont la signification indiqu\u00e9e ci-dessous :<br \/>Propri\u00e9taire : Stefano De Angelis, Deakos SRL - Corso Nazionale, 169 - 19125, La Spezia - P.I. 01155830118<br \/>Application : le site web de commerce \u00e9lectronique<br \/>Utilisateur : toute personne acc\u00e9dant \u00e0 l'application et l'utilisant<br \/>Conditions : ce contrat r\u00e9git la relation entre le contr\u00f4leur et les utilisateurs.<\/p><h4 class=\"text-uppercase\"><strong>2. Informations d\u00e9taill\u00e9es sur l'offre de candidature<\/strong><\/h4><p>L'application offre aux utilisateurs la possibilit\u00e9 d'acheter : des produits parapharmaceutiques<\/p><h4 class=\"text-uppercase\"><strong>3. Champ d'application des conditions<\/strong><\/h4><p>L'utilisation de l'Application implique l'acceptation des Conditions par l'Utilisateur. Si l'Utilisateur n'entend pas accepter les Conditions et\/ou toute autre note, avis juridique, information publi\u00e9e ou \u00e0 laquelle il est fait r\u00e9f\u00e9rence, il ne pourra pas utiliser l'Application ou ses services.<br \/>Les conditions peuvent \u00eatre modifi\u00e9es \u00e0 tout moment. Toute modification entrera en vigueur \u00e0 partir du moment o\u00f9 elle sera publi\u00e9e sur l'application et dans le catalogue.<br \/>Avant d'utiliser l'application ou le catalogue et de passer des commandes, l'utilisateur doit lire attentivement les conditions et les sauvegarder ou les imprimer pour s'y r\u00e9f\u00e9rer ult\u00e9rieurement.<br \/>Le Propri\u00e9taire se r\u00e9serve le droit de modifier \u00e0 sa discr\u00e9tion, \u00e0 tout moment, l'interface graphique de l'Application et du catalogue, les contenus et leur organisation, ainsi que tout autre aspect caract\u00e9risant leur fonctionnalit\u00e9 et leur gestion, en communiquant \u00e0 l'Utilisateur, le cas \u00e9ch\u00e9ant, les instructions correspondantes.<\/p><h4 class=\"text-uppercase\"><strong>4. Licences d'utilisation<\/strong><\/h4><p>Les Contenus et\/ou mat\u00e9riels disponibles sur l'Application sont prot\u00e9g\u00e9s par le droit d'auteur, d'autres droits attribu\u00e9s par la loi sur le droit d'auteur (droits voisins, droits sur les bases de donn\u00e9es, etc.) et\/ou d'autres lois applicables. Toute utilisation du Contenu et\/ou des \u00e9l\u00e9ments disponibles sur l'Application et le catalogue qui n'est pas autoris\u00e9e et\/ou qui n'est pas conforme aux autres lois applicables est interdite.<br \/>Le titulaire accorde \u00e0 l'utilisateur les droits \u00e9num\u00e9r\u00e9s ci-dessous \u00e0 condition que l'utilisateur s'engage \u00e0 respecter les termes et conditions de la licence.<br \/>Le Propri\u00e9taire autorise l'Utilisateur \u00e0 reproduire, distribuer, communiquer au public, repr\u00e9senter, ex\u00e9cuter, transformer le Contenu et\/ou les \u00e9l\u00e9ments disponibles sur l'Application par tout moyen et dans tout format, \u00e0 toute fin, y compris commerciale, \u00e0 condition que l'Utilisateur reconnaisse la paternit\u00e9 de l'\u0153uvre au Propri\u00e9taire et qu'il fournisse un lien vers l'Application et le catalogue et indique si des modifications ont \u00e9t\u00e9 apport\u00e9es.<\/p><h4 class=\"text-uppercase\"><strong>5. Exclusion de la garantie<\/strong><\/h4><p>L'application et le catalogue sont fournis \"en l'\u00e9tat\" et \"tels que disponibles\" et le propri\u00e9taire ne donne aucune garantie expresse ou implicite concernant l'application, ni ne garantit que l'application r\u00e9pondra aux besoins des utilisateurs ou qu'elle sera ininterrompue ou sans erreur ou qu'elle sera exempte de virus ou de bogues.<br \/>Le Propri\u00e9taire s'efforce d'assurer la disponibilit\u00e9 de l'Application 24 heures sur 24 sans interruption, mais ne peut en aucun cas \u00eatre tenu responsable si, pour quelque raison que ce soit, l'Application n'est pas accessible et\/ou op\u00e9rationnelle \u00e0 tout moment ou pour toute p\u00e9riode. L'acc\u00e8s \u00e0 l'Application peut \u00eatre suspendu temporairement et sans pr\u00e9avis en cas de d\u00e9faillance du syst\u00e8me, de maintenance, de r\u00e9paration ou pour des raisons totalement ind\u00e9pendantes de la volont\u00e9 du Propri\u00e9taire ou en cas de force majeure.<\/p><h4 class=\"text-uppercase\"><strong>6. Limitation de la responsabilit\u00e9<\/strong><\/h4><p>Le Titulaire n'est pas responsable vis-\u00e0-vis de l'Utilisateur, sauf en cas de dol ou de faute lourde, des dysfonctionnements li\u00e9s \u00e0 l'utilisation d'Internet \u00e9chappant \u00e0 son contr\u00f4le ou \u00e0 celui de ses fournisseurs. Le Titulaire n'est pas non plus responsable des dommages, pertes et co\u00fbts subis par l'Utilisateur du fait de l'inex\u00e9cution du contrat pour des raisons qui ne lui sont pas imputables. Le Titulaire n'est pas responsable de l'utilisation frauduleuse et ill\u00e9gale qui pourrait \u00eatre faite des cartes de cr\u00e9dit et autres moyens de paiement par des tiers. Le Titulaire n'est pas responsable de : toute perte d'opportunit\u00e9 commerciale et tout autre pr\u00e9judice, m\u00eame indirect, que pourrait subir l'Utilisateur et qui ne serait pas une cons\u00e9quence directe de l'inex\u00e9cution du contrat par le Titulaire ou de l'utilisation incorrecte ou inadapt\u00e9e de l'Application par les Utilisateurs ou par des tiers.<\/p><h4 class=\"text-uppercase\"><strong>7. La force majeure<\/strong><\/h4><p>Le contr\u00f4leur n'est pas responsable de tout manquement ou retard dans l'ex\u00e9cution de ses obligations d\u00fb \u00e0 des circonstances \u00e9chappant au contr\u00f4le raisonnable du contr\u00f4leur en raison d'\u00e9v\u00e9nements de force majeure ou, en tout \u00e9tat de cause, d'\u00e9v\u00e9nements impr\u00e9vus et impr\u00e9visibles et, en tout \u00e9tat de cause, \u00e9chappant \u00e0 son contr\u00f4le.<br \/>L'ex\u00e9cution des obligations du Titulaire est r\u00e9put\u00e9e suspendue pendant la p\u00e9riode de survenance des \u00e9v\u00e9nements de force majeure.<br \/>Le contr\u00f4leur fait tout ce qui est en son pouvoir pour trouver des solutions permettant la bonne ex\u00e9cution de ses obligations malgr\u00e9 la persistance d'\u00e9v\u00e9nements de force majeure.<\/p><h4 class=\"text-uppercase\"><strong>8. L'inscription<\/strong><\/h4><p>Pour pouvoir utiliser certaines fonctions du site, les utilisateurs doivent s'inscrire en fournissant, de mani\u00e8re v\u00e9ridique et compl\u00e8te, toutes les donn\u00e9es demand\u00e9es dans le formulaire d'inscription correspondant et accepter pleinement la politique de confidentialit\u00e9 (www.deakos.com) et les pr\u00e9sentes conditions. Les utilisateurs sont responsables de la protection de leurs identifiants d'acc\u00e8s.<br \/>Il est entendu qu'en aucun cas le contr\u00f4leur ne peut \u00eatre tenu responsable en cas de perte, de diffusion, de vol ou d'utilisation non autoris\u00e9e par des tiers, pour quelque raison que ce soit, des identifiants d'acc\u00e8s des utilisateurs.<\/p><h4 class=\"text-uppercase\"><strong>9. Suppression ou fermeture d'un compte<\/strong><\/h4><p>Les utilisateurs enregistr\u00e9s peuvent d\u00e9sactiver leur compte ou demander sa suppression via l'interface du site ou en envoyant une notification \u00e9crite \u00e0 info@deakos.com, ou en appelant le service client\u00e8le au 800-944-350.<br \/>Le Propri\u00e9taire se r\u00e9serve le droit de suspendre ou de r\u00e9silier le compte de l'Utilisateur \u00e0 tout moment et sans pr\u00e9avis en cas de violation par l'Utilisateur des pr\u00e9sentes Conditions ou des dispositions l\u00e9gales applicables.<\/p><h4 class=\"text-uppercase\"><strong>10. Facturation<\/strong><\/h4><p>En cas de demande de facturation, l'utilisateur re\u00e7oit une facture pour les produits achet\u00e9s. La facture est \u00e9mise sur la base des informations fournies par l'utilisateur, que ce dernier d\u00e9clare et garantit comme \u00e9tant v\u00e9ridiques, d\u00e9gageant le contr\u00f4leur de toute responsabilit\u00e9 \u00e0 cet \u00e9gard.<\/p><h4 class=\"text-uppercase\"><strong>11. Liens vers des sites de tiers<\/strong><\/h4><p>L'Application peut contenir des liens vers des sites\/applications de tiers. Le Propri\u00e9taire n'exerce aucun contr\u00f4le sur ceux-ci et n'est donc en aucun cas responsable du contenu de ces sites\/applications.<br \/>Certains de ces liens peuvent renvoyer \u00e0 des sites\/applications de tiers qui fournissent des services par l'interm\u00e9diaire de l'application. Dans ces cas, les conditions g\u00e9n\u00e9rales d'utilisation du site\/application et d'utilisation du service fourni par les tiers s'appliqueront aux services individuels, \u00e0 l'\u00e9gard desquels le propri\u00e9taire n'assume aucune responsabilit\u00e9.<\/p><h4 class=\"text-uppercase\">12.Examens<\/h4><p>Vous \u00eates autoris\u00e9 \u00e0 laisser un avis (\"avis\") sur le site dans les conditions suivantes :<br \/>a) Les avis ne peuvent \u00eatre laiss\u00e9s que par tous les utilisateurs qui ont utilis\u00e9 le produit ;<br \/>b) le r\u00e9examen ne peut concerner que des produits ;<br \/>c) pour introduire une \u00e9valuation, l'utilisateur doit remplir le formulaire appropri\u00e9 dans la fiche produit, en introduisant toutes les donn\u00e9es obligatoires demand\u00e9es (c'est-\u00e0-dire le vote, le nom sous lequel l'\u00e9valuation sera publi\u00e9e, qui peut \u00e9galement \u00eatre diff\u00e9rent du nom sous lequel l'utilisateur s'est enregistr\u00e9 sur le site, le titre et le texte de l'\u00e9valuation) ;<br \/>d) la r\u00e9vision sera publi\u00e9e dans un d\u00e9lai maximum de 15 jours, si cela est jug\u00e9 appropri\u00e9, conform\u00e9ment aux dispositions suivantes ;<br \/>e) L'\u00e9valuation de l'aptitude est effectu\u00e9e par DEAKOS S.r.l. \u00e0 sa discr\u00e9tion absolue ;<br \/>f) Seules seront publi\u00e9es les Critiques ayant pour objet le Produit achet\u00e9, en particulier son utilisation, l'exp\u00e9rience personnelle et les r\u00e9sultats obtenus. Tout autre sujet devra \u00eatre soumis \u00e0 DEAKOS S.r.l. par le biais d'un billet formel.<br \/>g) Les commentaires dont le contenu est diffamatoire et\/ou offensant et\/ou vulgaire et\/ou contraire \u00e0 la loi, \u00e0 l'ordre public, \u00e0 la morale et\/ou \u00e0 la r\u00e9putation et\/ou aux droits de DEAKOS S.r.l. et\/ou de tout autre tiers ne seront pas publi\u00e9s, car ils sont interdits ;<br \/>h) Les revues dont l'une des donn\u00e9es demand\u00e9es dans le formulaire n'est pas obligatoire ne seront pas publi\u00e9es (par exemple, les revues qui ne contiennent aucun texte ne seront pas publi\u00e9es) ;<br \/>i) Les avis \u00e0 caract\u00e8re publicitaire ne seront pas publi\u00e9s ;<br \/>j) Les menaces de toute nature, l'incitation \u00e0 la haine, le racisme, les remarques homophobes ou discriminatoires et les abus de toute sorte ne seront pas tol\u00e9r\u00e9s ; les protestations et la propagande politiques ne seront pas autoris\u00e9es ; les commentaires ayant un tel contenu ne seront pas publi\u00e9s ;<br \/>k) En introduisant l'\u00e9valuation, l'utilisateur autorise DEAKOS S.r.l. \u00e0 utiliser l'\u00e9valuation, ind\u00e9finiment et gratuitement, au sein du Site ;<br \/>l) Les commentaires introduits ne peuvent pas \u00eatre supprim\u00e9s, sous r\u00e9serve du respect de la l\u00e9gislation relative au traitement des donn\u00e9es \u00e0 caract\u00e8re personnel ;<br \/>m) l'\u00e9valuation du produit correspond \u00e0 la moyenne math\u00e9matique des votes exprim\u00e9s par les utilisateurs qui ont laiss\u00e9 un commentaire sur le produit ;<\/p><h4 class=\"text-uppercase\"><strong>13. Protection de la vie priv\u00e9e<\/strong><\/h4><p>La protection et le traitement des donn\u00e9es \u00e0 caract\u00e8re personnel s'effectuent conform\u00e9ment \u00e0 la politique de confidentialit\u00e9, qui peut \u00eatre consult\u00e9e \u00e0 l'adresse suivante\u00a0<a href=\"https:\/\/www.deakos.com\/fr\/politique-de-confidentialite\/\">Politique de confidentialit\u00e9<\/a>.<\/p><h4 class=\"text-uppercase\"><strong>14. Exp\u00e9ditions, livraisons de produits et co\u00fbts connexes<\/strong><\/h4><p>Les produits achet\u00e9s seront exp\u00e9di\u00e9s \u00e0 l'adresse indiqu\u00e9e par le Client dans la Commande dans un d\u00e9lai de 24-48 heures en Italie, \u00e0 partir de l'acceptation de la Commande par le transporteur, au co\u00fbt sp\u00e9cifiquement indiqu\u00e9 sur le Site avant l'envoi de la Commande. Selon le type de produit, le paquet sera envoy\u00e9 sous vide et \u00e0 temp\u00e9rature contr\u00f4l\u00e9e. D\u00e9tails de l'exp\u00e9dition :<br \/>Courrier avec transport \u00e0 temp\u00e9rature contr\u00f4l\u00e9e :<br \/>Courrier express (uniquement pour les commandes ne contenant PAS de produits n\u00e9cessitant un transport r\u00e9frig\u00e9r\u00e9) :<br \/>Pour les commandes en Italie sup\u00e9rieures \u00e0 39,90 \u20ac, la livraison est GRATUITE<br \/>Le Propri\u00e9taire se r\u00e9serve le droit d'accepter ou de refuser les livraisons demand\u00e9es en dehors des fronti\u00e8res italiennes ou europ\u00e9ennes. Dans tous les cas, pour les livraisons \u00e0 effectuer en dehors des fronti\u00e8res italiennes, les frais d'exp\u00e9dition et les d\u00e9lais de livraison peuvent varier et nous vous invitons \u00e0 nous contacter par e-mail avant de proc\u00e9der au paiement de votre commande.<br \/>En ce qui concerne les livraisons dans les pays hors de l'Union europ\u00e9enne, les \u00e9ventuels frais de douane \u00e0 l'importation sont \u00e0 la charge du destinataire. Nous invitons donc le Client \u00e0 prendre contact au pr\u00e9alable avec les autorit\u00e9s douani\u00e8res de son pays pour v\u00e9rifier les co\u00fbts et les \u00e9ventuelles limites d'importation.<br \/>Les d\u00e9lais de livraison indiqu\u00e9s par le Titulaire doivent \u00eatre consid\u00e9r\u00e9s comme purement indicatifs et tout retard par rapport \u00e0 ceux-ci, ou toute livraison effectu\u00e9e en plusieurs envois successifs, n'autorise pas le Client \u00e0 refuser la livraison et \u00e0 r\u00e9clamer des dommages-int\u00e9r\u00eats ou une indemnisation.<br \/>Lors de la livraison des produits, le client doit v\u00e9rifier :<br \/>Que le nombre de colis livr\u00e9s correspond au nombre indiqu\u00e9 dans le document de transport.<br \/>L'emballage est intact, non endommag\u00e9, non mouill\u00e9 ou autrement alt\u00e9r\u00e9, y compris les mat\u00e9riaux de fermeture (ruban adh\u00e9sif ou cerclage m\u00e9tallique).<br \/>Tout dommage \u00e0 l'emballage et\/ou au produit ou toute erreur dans le nombre de colis ou d'indications doit \u00eatre imm\u00e9diatement d\u00e9tect\u00e9, avec une indication sp\u00e9cifique sur le bon de livraison du produit \u00e0 renvoyer au transporteur.<br \/>Tout probl\u00e8me concernant l'int\u00e9grit\u00e9 physique, la correspondance ou l'exhaustivit\u00e9 des produits re\u00e7us doit \u00eatre signal\u00e9 dans les 7 jours suivant la livraison de la mani\u00e8re pr\u00e9vue dans le pr\u00e9sent document.<\/p><h4 class=\"text-uppercase\"><strong>15. Retours et droit de r\u00e9tractation<\/strong><\/h4><p>Le consommateur a le droit, dans un d\u00e9lai de 10 jours \u00e0 compter de la r\u00e9ception des biens, d'exercer son droit de r\u00e9tractation. Ce droit consiste \u00e0 retourner les biens achet\u00e9s au vendeur et \u00e0 obtenir le remboursement du prix d'achat, c'est-\u00e0-dire le montant net pay\u00e9 pour les biens, \u00e0 l'exclusion des frais suppl\u00e9mentaires tels que l'emballage, la main-d'\u0153uvre et le transport.<br \/>En particulier, le consommateur qui entend se pr\u00e9valoir du droit de r\u00e9tractation doit adresser au magasin une communication appropri\u00e9e dans un d\u00e9lai de 10 jours \u00e0 compter de la date de r\u00e9ception des produits. La notification de la r\u00e9tractation est envoy\u00e9e par lettre recommand\u00e9e avec accus\u00e9 de r\u00e9ception ou par t\u00e9l\u00e9gramme, t\u00e9lex ou t\u00e9l\u00e9copie confirm\u00e9e par lettre recommand\u00e9e avec accus\u00e9 de r\u00e9ception dans les 48 heures \u00e0 l'adresse du magasin.<br \/>Le consommateur doit \u00e9galement renvoyer les Produits non endommag\u00e9s au magasin concern\u00e9, \u00e0 l'adresse d\u00e9clar\u00e9e par ce dernier, dans un d\u00e9lai de dix jours \u00e0 compter de la date de r\u00e9ception des Produits, accompagn\u00e9s d'une photocopie de la facture. Les frais d'envoi sont \u00e0 la charge du consommateur. Dans un d\u00e9lai de 30 jours \u00e0 compter de la date de r\u00e9ception des produits retourn\u00e9s, le magasin concern\u00e9 remboursera au consommateur les sommes d\u00e9j\u00e0 vers\u00e9es, \u00e0 l'exclusion des frais accessoires (emballage, main d'\u0153uvre, transport). Le droit de r\u00e9tractation ne sera accord\u00e9 que si l'emballage d'origine n'a pas \u00e9t\u00e9 ouvert et qu'aucune \u00e9tiquette certifiant l'int\u00e9grit\u00e9 du produit n'a \u00e9t\u00e9 retir\u00e9e ou endommag\u00e9e.<br \/>Veillez \u00e0 ce que les donn\u00e9es suivantes soient pr\u00eates :<br \/>la facture originale ou le document d'accompagnement (indiquant le num\u00e9ro de la commande et de la facture et le num\u00e9ro du client).<br \/>en cas de retrait partiel, le(s) code(s) d'article, le num\u00e9ro de s\u00e9rie.<br \/>les coordonn\u00e9es bancaires permettant d'obtenir le virement (ABI - CAB - Compte courant du titulaire de la facture)<br \/>Bien entendu, nous restons \u00e0 votre disposition pour tout doute, clarification ou information compl\u00e9mentaire. Dans les contacts, vous trouverez les informations n\u00e9cessaires pour nous joindre.<\/p><div class=\"row\"><div class=\"col mb-4\"><h4 class=\"text-uppercase\"><strong>16. Droit applicable et juridiction<\/strong><\/h4><p>Les conditions sont soumises au droit italien.<br \/>Pour tout litige relatif \u00e0 l'application, l'ex\u00e9cution et l'interpr\u00e9tation des pr\u00e9sentes conditions g\u00e9n\u00e9rales, le tribunal du lieu o\u00f9 le titulaire a son si\u00e8ge social est comp\u00e9tent.<\/p><\/div><\/div><div class=\"row\"><div class=\"col mb-4\"><p>Derni\u00e8re mise \u00e0 jour le 26\/09\/2022<\/p><\/div><\/div>\t\t\t\t\t\t\t\t<\/div>\n\t\t\t\t<\/div>\n\t\t\t\t\t<\/div>\n\t\t\t\t<\/div>\n\t\t\t\t<\/div>","protected":false},"excerpt":{"rendered":"<p>Il presente documento riporta i termini e le condizioni generali sulla base dei quali viene offerto agli utenti l&#8217;uso del sito web \u00a0 1. Definizioni Per consentire una completa comprensione e accettazione dei presenti termini e condizioni, i seguenti termini, al singolare e al plurale, avranno il significato di seguito indicato:Titolare: Stefano De Angelis, Deakos [&hellip;]<\/p>\n","protected":false},"author":1,"featured_media":0,"parent":0,"menu_order":0,"comment_status":"closed","ping_status":"closed","template":"","meta":{"_acf_changed":false,"site-sidebar-layout":"default","site-content-layout":"","ast-site-content-layout":"default","site-content-style":"default","site-sidebar-style":"default","ast-global-header-display":"","ast-banner-title-visibility":"","ast-main-header-display":"","ast-hfb-above-header-display":"","ast-hfb-below-header-display":"","ast-hfb-mobile-header-display":"","site-post-title":"","ast-breadcrumbs-content":"","ast-featured-img":"","footer-sml-layout":"","theme-transparent-header-meta":"","adv-header-id-meta":"","stick-header-meta":"","header-above-stick-meta":"","header-main-stick-meta":"","header-below-stick-meta":"","astra-migrate-meta-layouts":"default","ast-page-background-enabled":"default","ast-page-background-meta":{"desktop":{"background-color":"","background-image":"","background-repeat":"repeat","background-position":"center center","background-size":"auto","background-attachment":"scroll","background-type":"","background-media":"","overlay-type":"","overlay-color":"","overlay-opacity":"","overlay-gradient":""},"tablet":{"background-color":"","background-image":"","background-repeat":"repeat","background-position":"center center","background-size":"auto","background-attachment":"scroll","background-type":"","background-media":"","overlay-type":"","overlay-color":"","overlay-opacity":"","overlay-gradient":""},"mobile":{"background-color":"","background-image":"","background-repeat":"repeat","background-position":"center center","background-size":"auto","background-attachment":"scroll","background-type":"","background-media":"","overlay-type":"","overlay-color":"","overlay-opacity":"","overlay-gradient":""}},"ast-content-background-meta":{"desktop":{"background-color":"var(--ast-global-color-5)","background-image":"","background-repeat":"repeat","background-position":"center center","background-size":"auto","background-attachment":"scroll","background-type":"","background-media":"","overlay-type":"","overlay-color":"","overlay-opacity":"","overlay-gradient":""},"tablet":{"background-color":"var(--ast-global-color-5)","background-image":"","background-repeat":"repeat","background-position":"center center","background-size":"auto","background-attachment":"scroll","background-type":"","background-media":"","overlay-type":"","overlay-color":"","overlay-opacity":"","overlay-gradient":""},"mobile":{"background-color":"var(--ast-global-color-5)","background-image":"","background-repeat":"repeat","background-position":"center center","background-size":"auto","background-attachment":"scroll","background-type":"","background-media":"","overlay-type":"","overlay-color":"","overlay-opacity":"","overlay-gradient":""}},"footnotes":""},"class_list":["post-1953","page","type-page","status-publish","hentry"],"acf":[],"_links":{"self":[{"href":"https:\/\/www.deakos.com\/fr\/wp-json\/wp\/v2\/pages\/1953","targetHints":{"allow":["GET"]}}],"collection":[{"href":"https:\/\/www.deakos.com\/fr\/wp-json\/wp\/v2\/pages"}],"about":[{"href":"https:\/\/www.deakos.com\/fr\/wp-json\/wp\/v2\/types\/page"}],"author":[{"embeddable":true,"href":"https:\/\/www.deakos.com\/fr\/wp-json\/wp\/v2\/users\/1"}],"replies":[{"embeddable":true,"href":"https:\/\/www.deakos.com\/fr\/wp-json\/wp\/v2\/comments?post=1953"}],"version-history":[{"count":10,"href":"https:\/\/www.deakos.com\/fr\/wp-json\/wp\/v2\/pages\/1953\/revisions"}],"predecessor-version":[{"id":4425,"href":"https:\/\/www.deakos.com\/fr\/wp-json\/wp\/v2\/pages\/1953\/revisions\/4425"}],"wp:attachment":[{"href":"https:\/\/www.deakos.com\/fr\/wp-json\/wp\/v2\/media?parent=1953"}],"curies":[{"name":"wp","href":"https:\/\/api.w.org\/{rel}","templated":true}]}}