{"id":1083,"date":"2024-11-18T15:59:20","date_gmt":"2024-11-18T15:59:20","guid":{"rendered":"https:\/\/demo.deakos.com\/index.php\/about-us\/"},"modified":"2025-10-22T09:22:26","modified_gmt":"2025-10-22T07:22:26","slug":"chi-siamo","status":"publish","type":"page","link":"https:\/\/www.deakos.com\/fr\/chi-siamo\/","title":{"rendered":"Qui sommes-nous ?"},"content":{"rendered":"<div data-elementor-type=\"wp-post\" data-elementor-id=\"1083\" class=\"elementor elementor-1083\" data-elementor-post-type=\"page\">\n\t\t\t\t<div class=\"elementor-element elementor-element-0ea4696 e-flex e-con-boxed e-con e-parent\" data-id=\"0ea4696\" data-element_type=\"container\" data-settings=\"{&quot;background_background&quot;:&quot;classic&quot;}\">\n\t\t\t\t\t<div class=\"e-con-inner\">\n\t\t<div class=\"elementor-element elementor-element-dec53a9 e-con-full e-flex e-con e-child\" data-id=\"dec53a9\" data-element_type=\"container\">\n\t\t\t\t<div class=\"elementor-element elementor-element-2d63095 elementor-hidden-desktop elementor-hidden-tablet elementor-hidden-mobile elementor-widget elementor-widget-image\" data-id=\"2d63095\" data-element_type=\"widget\" data-widget_type=\"image.default\">\n\t\t\t\t<div class=\"elementor-widget-container\">\n\t\t\t\t\t\t\t\t\t\t\t\t\t\t\t<img fetchpriority=\"high\" decoding=\"async\" width=\"1000\" height=\"667\" src=\"https:\/\/www.deakos.com\/wp-content\/uploads\/2025\/02\/2127-e1732037508847.jpg\" class=\"attachment-large size-large wp-image-3195\" alt=\"Qui sommes-nous ?\" srcset=\"https:\/\/www.deakos.com\/wp-content\/uploads\/2025\/02\/2127-e1732037508847.jpg 1000w, https:\/\/www.deakos.com\/wp-content\/uploads\/2025\/02\/2127-e1732037508847-300x200.jpg 300w, https:\/\/www.deakos.com\/wp-content\/uploads\/2025\/02\/2127-e1732037508847-768x512.jpg 768w, https:\/\/www.deakos.com\/wp-content\/uploads\/2025\/02\/2127-e1732037508847-18x12.jpg 18w, https:\/\/www.deakos.com\/wp-content\/uploads\/2025\/02\/2127-e1732037508847-600x400.jpg 600w, https:\/\/www.deakos.com\/wp-content\/uploads\/2025\/02\/2127-e1732037508847-64x43.jpg 64w\" sizes=\"(max-width: 1000px) 100vw, 1000px\" \/>\t\t\t\t\t\t\t\t\t\t\t\t\t\t\t<\/div>\n\t\t\t\t<\/div>\n\t\t\t\t<div class=\"elementor-element elementor-element-e35b466 elementor-widget elementor-widget-heading\" data-id=\"e35b466\" data-element_type=\"widget\" data-widget_type=\"heading.default\">\n\t\t\t\t<div class=\"elementor-widget-container\">\n\t\t\t\t\t<h5 class=\"elementor-heading-title elementor-size-default\">Deakos<\/h5>\t\t\t\t<\/div>\n\t\t\t\t<\/div>\n\t\t\t\t<div class=\"elementor-element elementor-element-d4fe41d elementor-widget elementor-widget-heading\" data-id=\"d4fe41d\" data-element_type=\"widget\" data-widget_type=\"heading.default\">\n\t\t\t\t<div class=\"elementor-widget-container\">\n\t\t\t\t\t<h1 class=\"elementor-heading-title elementor-size-default\">Qui sommes-nous ?<\/h1>\t\t\t\t<\/div>\n\t\t\t\t<\/div>\n\t\t\t\t<\/div>\n\t\t\t\t\t<\/div>\n\t\t\t\t<\/div>\n\t\t<div class=\"elementor-element elementor-element-3ba5971 e-flex e-con-boxed e-con e-parent\" data-id=\"3ba5971\" data-element_type=\"container\" data-settings=\"{&quot;background_background&quot;:&quot;classic&quot;}\">\n\t\t\t\t\t<div class=\"e-con-inner\">\n\t\t<div class=\"elementor-element elementor-element-a561c4e e-con-full e-flex e-con e-child\" data-id=\"a561c4e\" data-element_type=\"container\">\n\t\t\t\t<div class=\"elementor-element elementor-element-1a11270 elementor-widget elementor-widget-heading\" data-id=\"1a11270\" data-element_type=\"widget\" data-widget_type=\"heading.default\">\n\t\t\t\t<div class=\"elementor-widget-container\">\n\t\t\t\t\t<h2 class=\"elementor-heading-title elementor-size-default\">Naturellement, \u00e0 vos c\u00f4t\u00e9s<\/h2>\t\t\t\t<\/div>\n\t\t\t\t<\/div>\n\t\t\t\t<\/div>\n\t\t<div class=\"elementor-element elementor-element-363415d e-con-full e-flex e-con e-child\" data-id=\"363415d\" data-element_type=\"container\">\n\t\t\t\t<div class=\"elementor-element elementor-element-134fb17 elementor-widget elementor-widget-text-editor\" data-id=\"134fb17\" data-element_type=\"widget\" data-widget_type=\"text-editor.default\">\n\t\t\t\t<div class=\"elementor-widget-container\">\n\t\t\t\t\t\t\t\t\t<p>Deakos est un laboratoire qui s\u2019occupe de m\u00e9decine naturelle avec une forte sp\u00e9cialit\u00e9 dans le domaine urogyn\u00e9cologique. Nous formulons, produisons et commercialisons des produits uniques qui permettent une approche naturelle des probl\u00e8mes les plus courants, chez l\u2019humain comme dans le domaine v\u00e9t\u00e9rinaire.<\/p>\t\t\t\t\t\t\t\t<\/div>\n\t\t\t\t<\/div>\n\t\t\t\t<\/div>\n\t\t\t\t\t<\/div>\n\t\t\t\t<\/div>\n\t\t<div class=\"elementor-element elementor-element-c7bafd9 e-flex e-con-boxed e-con e-parent\" data-id=\"c7bafd9\" data-element_type=\"container\" data-settings=\"{&quot;background_background&quot;:&quot;classic&quot;}\">\n\t\t\t\t\t<div class=\"e-con-inner\">\n\t\t<div class=\"elementor-element elementor-element-dd6a178 e-con-full e-flex e-con e-child\" data-id=\"dd6a178\" data-element_type=\"container\">\n\t\t\t\t<div class=\"elementor-element elementor-element-cb9a59a elementor-widget elementor-widget-heading\" data-id=\"cb9a59a\" data-element_type=\"widget\" data-widget_type=\"heading.default\">\n\t\t\t\t<div class=\"elementor-widget-container\">\n\t\t\t\t\t<h2 class=\"elementor-heading-title elementor-size-default\">Comment Deakos est-il n\u00e9 ?<\/h2>\t\t\t\t<\/div>\n\t\t\t\t<\/div>\n\t\t\t\t<div class=\"elementor-element elementor-element-955f232 elementor-widget elementor-widget-text-editor\" data-id=\"955f232\" data-element_type=\"widget\" data-widget_type=\"text-editor.default\">\n\t\t\t\t<div class=\"elementor-widget-container\">\n\t\t\t\t\t\t\t\t\t<p>Deakos est une entreprise italienne bas\u00e9e \u00e0 La Spezia, qui produit des produits de parapharmacie, des compl\u00e9ments alimentaires et des dispositifs m\u00e9dicaux \u00e0 destination humaine et v\u00e9t\u00e9rinaire. Premi\u00e8re entreprise en Europe \u00e0 avoir mis au point un produit \u00e0 base de D-mannose pour les affections des voies urinaires, elle pr\u00e9sente aujourd'hui la gamme la plus compl\u00e8te et la plus innovante dans ce domaine.<\/p>\t\t\t\t\t\t\t\t<\/div>\n\t\t\t\t<\/div>\n\t\t\t\t<div class=\"elementor-element elementor-element-ec73f21 elementor-widget elementor-widget-image\" data-id=\"ec73f21\" data-element_type=\"widget\" data-widget_type=\"image.default\">\n\t\t\t\t<div class=\"elementor-widget-container\">\n\t\t\t\t\t\t\t\t\t\t\t\t\t\t\t<img decoding=\"async\" width=\"1386\" height=\"800\" src=\"https:\/\/www.deakos.com\/wp-content\/uploads\/2025\/04\/Copertina-Deakos-whatsapp-cellulare-e1744649266867.jpg\" class=\"attachment-full size-full wp-image-3941\" alt=\"\" srcset=\"https:\/\/www.deakos.com\/wp-content\/uploads\/2025\/04\/Copertina-Deakos-whatsapp-cellulare-e1744649266867.jpg 1386w, https:\/\/www.deakos.com\/wp-content\/uploads\/2025\/04\/Copertina-Deakos-whatsapp-cellulare-e1744649266867-300x173.jpg 300w, https:\/\/www.deakos.com\/wp-content\/uploads\/2025\/04\/Copertina-Deakos-whatsapp-cellulare-e1744649266867-1024x591.jpg 1024w, https:\/\/www.deakos.com\/wp-content\/uploads\/2025\/04\/Copertina-Deakos-whatsapp-cellulare-e1744649266867-768x443.jpg 768w, https:\/\/www.deakos.com\/wp-content\/uploads\/2025\/04\/Copertina-Deakos-whatsapp-cellulare-e1744649266867-18x10.jpg 18w, https:\/\/www.deakos.com\/wp-content\/uploads\/2025\/04\/Copertina-Deakos-whatsapp-cellulare-e1744649266867-600x346.jpg 600w, https:\/\/www.deakos.com\/wp-content\/uploads\/2025\/04\/Copertina-Deakos-whatsapp-cellulare-e1744649266867-64x37.jpg 64w\" sizes=\"(max-width: 1386px) 100vw, 1386px\" \/>\t\t\t\t\t\t\t\t\t\t\t\t\t\t\t<\/div>\n\t\t\t\t<\/div>\n\t\t<div class=\"elementor-element elementor-element-c3fa08e e-con-full e-flex e-con e-child\" data-id=\"c3fa08e\" data-element_type=\"container\">\n\t\t<div class=\"elementor-element elementor-element-b771d43 e-con-full e-flex e-con e-child\" data-id=\"b771d43\" data-element_type=\"container\">\n\t\t\t\t<div class=\"elementor-element elementor-element-fbd6f3e elementor-widget elementor-widget-text-editor\" data-id=\"fbd6f3e\" data-element_type=\"widget\" data-widget_type=\"text-editor.default\">\n\t\t\t\t<div class=\"elementor-widget-container\">\n\t\t\t\t\t\t\t\t\t<p class=\"Default\"><span style=\"font-family: 'Century Gothic',sans-serif;\">Les produits de la Ligne Deakos,<\/span><span style=\"font-family: 'Century Gothic',sans-serif;\">\u00a0Les produits de la gamme Deakos, pr\u00e9sent\u00e9s lors des plus importants congr\u00e8s nationaux et formul\u00e9s sur la base de sources scientifiques, permettent d'\u00e9largir la palette d'outils \u00e0 disposition des professionnels de sant\u00e9 pour r\u00e9pondre au mieux aux n\u00e9cessit\u00e9s de leurs patients de tous \u00e2ges.<\/span><\/p>\t\t\t\t\t\t\t\t<\/div>\n\t\t\t\t<\/div>\n\t\t\t\t<\/div>\n\t\t<div class=\"elementor-element elementor-element-7a632c3 e-con-full e-flex e-con e-child\" data-id=\"7a632c3\" data-element_type=\"container\">\n\t\t\t\t<div class=\"elementor-element elementor-element-8fd2ea7 elementor-widget elementor-widget-text-editor\" data-id=\"8fd2ea7\" data-element_type=\"widget\" data-widget_type=\"text-editor.default\">\n\t\t\t\t<div class=\"elementor-widget-container\">\n\t\t\t\t\t\t\t\t\t<p>Les nombreuses \u00e9tudes publi\u00e9es sur ses produits, la participation aux principaux congr\u00e8s du secteur en tant que conf\u00e9renciers, sponsors et exposants, la confrontation continue et constante avec le corps m\u00e9dical et les structures sanitaires et hospitali\u00e8res les plus importantes sur le territoire italien font de Deakos une r\u00e9f\u00e9rence reconnue dans le domaine des rem\u00e8des naturels en urogyn\u00e9cologie, diab\u00e9tologie, dermatologie, gastroent\u00e9rologie et nutrition.<\/p>\t\t\t\t\t\t\t\t<\/div>\n\t\t\t\t<\/div>\n\t\t\t\t<div class=\"elementor-element elementor-element-46b13ed elementor-widget elementor-widget-button\" data-id=\"46b13ed\" data-element_type=\"widget\" data-widget_type=\"button.default\">\n\t\t\t\t<div class=\"elementor-widget-container\">\n\t\t\t\t\t\t\t\t\t<div class=\"elementor-button-wrapper\">\n\t\t\t\t\t<a class=\"elementor-button elementor-button-link elementor-size-md\" href=\"https:\/\/www.deakos.com\/fr\/categorie-produit\/soluzioni-deakos\/\" target=\"_blank\" rel=\"noopener\">\n\t\t\t\t\t\t<span class=\"elementor-button-content-wrapper\">\n\t\t\t\t\t\t\t\t\t<span class=\"elementor-button-text\">D\u00c9COUVREZ LES SOLUTIONS DEAKOS<\/span>\n\t\t\t\t\t<\/span>\n\t\t\t\t\t<\/a>\n\t\t\t\t<\/div>\n\t\t\t\t\t\t\t\t<\/div>\n\t\t\t\t<\/div>\n\t\t\t\t<\/div>\n\t\t\t\t<\/div>\n\t\t\t\t<\/div>\n\t\t\t\t\t<\/div>\n\t\t\t\t<\/div>\n\t\t<div class=\"elementor-element elementor-element-2e02ce9 elementor-hidden-tablet elementor-hidden-mobile e-flex e-con-boxed e-con e-parent\" data-id=\"2e02ce9\" data-element_type=\"container\" data-settings=\"{&quot;background_background&quot;:&quot;classic&quot;}\">\n\t\t\t\t\t<div class=\"e-con-inner\">\n\t\t<div class=\"elementor-element elementor-element-b521b89 e-flex e-con-boxed e-con e-child\" data-id=\"b521b89\" data-element_type=\"container\">\n\t\t\t\t\t<div class=\"e-con-inner\">\n\t\t\t\t<div class=\"elementor-element elementor-element-97e8aa1 elementor-widget elementor-widget-heading\" data-id=\"97e8aa1\" data-element_type=\"widget\" data-widget_type=\"heading.default\">\n\t\t\t\t<div class=\"elementor-widget-container\">\n\t\t\t\t\t<h2 class=\"elementor-heading-title elementor-size-default\">Vous avez besoin d'un conseil ?<\/h2>\t\t\t\t<\/div>\n\t\t\t\t<\/div>\n\t\t\t\t<div class=\"elementor-element elementor-element-83c9114 elementor-widget elementor-widget-text-editor\" data-id=\"83c9114\" data-element_type=\"widget\" data-widget_type=\"text-editor.default\">\n\t\t\t\t<div class=\"elementor-widget-container\">\n\t\t\t\t\t\t\t\t\t<p>Nous sommes joignables par t\u00e9l\u00e9phone (sur rendez-vous), email, Whatsapp ou sur nos pages officiels sur les r\u00e9seaux sociaux. Quel que soit votre question, nous sommes l\u00e0 pour vous aider<\/p>\t\t\t\t\t\t\t\t<\/div>\n\t\t\t\t<\/div>\n\t\t\t\t<div class=\"elementor-element elementor-element-5295ca8 elementor-align-right elementor-widget elementor-widget-button\" data-id=\"5295ca8\" data-element_type=\"widget\" data-widget_type=\"button.default\">\n\t\t\t\t<div class=\"elementor-widget-container\">\n\t\t\t\t\t\t\t\t\t<div class=\"elementor-button-wrapper\">\n\t\t\t\t\t<a class=\"elementor-button elementor-button-link elementor-size-md\" href=\"tel:0187575150\">\n\t\t\t\t\t\t<span class=\"elementor-button-content-wrapper\">\n\t\t\t\t\t\t<span class=\"elementor-button-icon\">\n\t\t\t\t<svg aria-hidden=\"true\" class=\"e-font-icon-svg e-fas-phone\" viewbox=\"0 0 512 512\" xmlns=\"http:\/\/www.w3.org\/2000\/svg\"><path d=\"M493.4 24.6l-104-24c-11.3-2.6-22.9 3.3-27.5 13.9l-48 112c-4.2 9.8-1.4 21.3 6.9 28l60.6 49.6c-36 76.7-98.9 140.5-177.2 177.2l-49.6-60.6c-6.8-8.3-18.2-11.1-28-6.9l-112 48C3.9 366.5-2 378.1.6 389.4l24 104C27.1 504.2 36.7 512 48 512c256.1 0 464-207.5 464-464 0-11.2-7.7-20.9-18.6-23.4z\"><\/path><\/svg>\t\t\t<\/span>\n\t\t\t\t\t\t\t\t\t<span class=\"elementor-button-text\">Contactez-nous<\/span>\n\t\t\t\t\t<\/span>\n\t\t\t\t\t<\/a>\n\t\t\t\t<\/div>\n\t\t\t\t\t\t\t\t<\/div>\n\t\t\t\t<\/div>\n\t\t\t\t\t<\/div>\n\t\t\t\t<\/div>\n\t\t\t\t\t<\/div>\n\t\t\t\t<\/div>\n\t\t<div class=\"elementor-element elementor-element-8e083d4 elementor-hidden-desktop e-flex e-con-boxed e-con e-parent\" data-id=\"8e083d4\" data-element_type=\"container\" data-settings=\"{&quot;background_background&quot;:&quot;classic&quot;}\">\n\t\t\t\t\t<div class=\"e-con-inner\">\n\t\t<div class=\"elementor-element elementor-element-e7499d0 e-flex e-con-boxed e-con e-child\" data-id=\"e7499d0\" data-element_type=\"container\">\n\t\t\t\t\t<div class=\"e-con-inner\">\n\t\t\t\t<div class=\"elementor-element elementor-element-38f1d6a elementor-widget elementor-widget-heading\" data-id=\"38f1d6a\" data-element_type=\"widget\" data-widget_type=\"heading.default\">\n\t\t\t\t<div class=\"elementor-widget-container\">\n\t\t\t\t\t<h2 class=\"elementor-heading-title elementor-size-default\">Vous avez besoin d'un conseil ?<\/h2>\t\t\t\t<\/div>\n\t\t\t\t<\/div>\n\t\t\t\t<div class=\"elementor-element elementor-element-0615b7b elementor-widget elementor-widget-text-editor\" data-id=\"0615b7b\" data-element_type=\"widget\" data-widget_type=\"text-editor.default\">\n\t\t\t\t<div class=\"elementor-widget-container\">\n\t\t\t\t\t\t\t\t\t<p>Nous sommes joignables par t\u00e9l\u00e9phone (sur rendez-vous), email, Whatsapp ou sur nos pages officiels sur les r\u00e9seaux sociaux. Quel que soit votre question, nous sommes l\u00e0 pour vous aider<\/p>\t\t\t\t\t\t\t\t<\/div>\n\t\t\t\t<\/div>\n\t\t\t\t<div class=\"elementor-element elementor-element-dc5381c elementor-align-center elementor-widget elementor-widget-button\" data-id=\"dc5381c\" data-element_type=\"widget\" data-widget_type=\"button.default\">\n\t\t\t\t<div class=\"elementor-widget-container\">\n\t\t\t\t\t\t\t\t\t<div class=\"elementor-button-wrapper\">\n\t\t\t\t\t<a class=\"elementor-button elementor-button-link elementor-size-md\" href=\"tel:0187575150\">\n\t\t\t\t\t\t<span class=\"elementor-button-content-wrapper\">\n\t\t\t\t\t\t<span class=\"elementor-button-icon\">\n\t\t\t\t<svg aria-hidden=\"true\" class=\"e-font-icon-svg e-fas-phone\" viewbox=\"0 0 512 512\" xmlns=\"http:\/\/www.w3.org\/2000\/svg\"><path d=\"M493.4 24.6l-104-24c-11.3-2.6-22.9 3.3-27.5 13.9l-48 112c-4.2 9.8-1.4 21.3 6.9 28l60.6 49.6c-36 76.7-98.9 140.5-177.2 177.2l-49.6-60.6c-6.8-8.3-18.2-11.1-28-6.9l-112 48C3.9 366.5-2 378.1.6 389.4l24 104C27.1 504.2 36.7 512 48 512c256.1 0 464-207.5 464-464 0-11.2-7.7-20.9-18.6-23.4z\"><\/path><\/svg>\t\t\t<\/span>\n\t\t\t\t\t\t\t\t\t<span class=\"elementor-button-text\">Contactez-nous<\/span>\n\t\t\t\t\t<\/span>\n\t\t\t\t\t<\/a>\n\t\t\t\t<\/div>\n\t\t\t\t\t\t\t\t<\/div>\n\t\t\t\t<\/div>\n\t\t\t\t\t<\/div>\n\t\t\t\t<\/div>\n\t\t\t\t\t<\/div>\n\t\t\t\t<\/div>\n\t\t\t\t<\/div>","protected":false},"excerpt":{"rendered":"<p>Deakos Chi siamo Naturalmente, al tuo fianco Deakos \u00e8 un&#8217;Azienda produttrice che opera nel campo della Medicina Naturale, specializzata in ambito uroginecologico. Formuliamo, produciamo e commercializziamo prodotti unici che consentono un approccio naturale alle pi\u00f9 comuni problematiche, in campo umano e veterinario. Come nasce Deakos Deakos \u00e8 un\u2019azienda Italiana con sede alla Spezia, produttrice di [&hellip;]<\/p>\n","protected":false},"author":1,"featured_media":0,"parent":0,"menu_order":0,"comment_status":"closed","ping_status":"closed","template":"","meta":{"_acf_changed":false,"site-sidebar-layout":"no-sidebar","site-content-layout":"page-builder","ast-site-content-layout":"full-width-container","site-content-style":"unboxed","site-sidebar-style":"unboxed","ast-global-header-display":"","ast-banner-title-visibility":"","ast-main-header-display":"","ast-hfb-above-header-display":"","ast-hfb-below-header-display":"","ast-hfb-mobile-header-display":"","site-post-title":"disabled","ast-breadcrumbs-content":"","ast-featured-img":"disabled","footer-sml-layout":"","theme-transparent-header-meta":"disabled","adv-header-id-meta":"","stick-header-meta":"","header-above-stick-meta":"","header-main-stick-meta":"","header-below-stick-meta":"","astra-migrate-meta-layouts":"set","ast-page-background-enabled":"default","ast-page-background-meta":{"desktop":{"background-color":"","background-image":"","background-repeat":"repeat","background-position":"center center","background-size":"auto","background-attachment":"scroll","background-type":"","background-media":"","overlay-type":"","overlay-color":"","overlay-opacity":"","overlay-gradient":""},"tablet":{"background-color":"","background-image":"","background-repeat":"repeat","background-position":"center center","background-size":"auto","background-attachment":"scroll","background-type":"","background-media":"","overlay-type":"","overlay-color":"","overlay-opacity":"","overlay-gradient":""},"mobile":{"background-color":"","background-image":"","background-repeat":"repeat","background-position":"center center","background-size":"auto","background-attachment":"scroll","background-type":"","background-media":"","overlay-type":"","overlay-color":"","overlay-opacity":"","overlay-gradient":""}},"ast-content-background-meta":{"desktop":{"background-color":"var(--ast-global-color-5)","background-image":"","background-repeat":"repeat","background-position":"center center","background-size":"auto","background-attachment":"scroll","background-type":"","background-media":"","overlay-type":"","overlay-color":"","overlay-opacity":"","overlay-gradient":""},"tablet":{"background-color":"var(--ast-global-color-5)","background-image":"","background-repeat":"repeat","background-position":"center center","background-size":"auto","background-attachment":"scroll","background-type":"","background-media":"","overlay-type":"","overlay-color":"","overlay-opacity":"","overlay-gradient":""},"mobile":{"background-color":"var(--ast-global-color-5)","background-image":"","background-repeat":"repeat","background-position":"center center","background-size":"auto","background-attachment":"scroll","background-type":"","background-media":"","overlay-type":"","overlay-color":"","overlay-opacity":"","overlay-gradient":""}},"footnotes":""},"class_list":["post-1083","page","type-page","status-publish","hentry"],"acf":[],"_links":{"self":[{"href":"https:\/\/www.deakos.com\/fr\/wp-json\/wp\/v2\/pages\/1083","targetHints":{"allow":["GET"]}}],"collection":[{"href":"https:\/\/www.deakos.com\/fr\/wp-json\/wp\/v2\/pages"}],"about":[{"href":"https:\/\/www.deakos.com\/fr\/wp-json\/wp\/v2\/types\/page"}],"author":[{"embeddable":true,"href":"https:\/\/www.deakos.com\/fr\/wp-json\/wp\/v2\/users\/1"}],"replies":[{"embeddable":true,"href":"https:\/\/www.deakos.com\/fr\/wp-json\/wp\/v2\/comments?post=1083"}],"version-history":[{"count":126,"href":"https:\/\/www.deakos.com\/fr\/wp-json\/wp\/v2\/pages\/1083\/revisions"}],"predecessor-version":[{"id":18924,"href":"https:\/\/www.deakos.com\/fr\/wp-json\/wp\/v2\/pages\/1083\/revisions\/18924"}],"wp:attachment":[{"href":"https:\/\/www.deakos.com\/fr\/wp-json\/wp\/v2\/media?parent=1083"}],"curies":[{"name":"wp","href":"https:\/\/api.w.org\/{rel}","templated":true}]}}