{"id":3854,"date":"2025-04-07T12:38:09","date_gmt":"2025-04-07T12:38:09","guid":{"rendered":"https:\/\/demo.deakos.com\/?post_type=product&#038;p=3854"},"modified":"2026-01-19T15:32:37","modified_gmt":"2026-01-19T14:32:37","slug":"deasnell-500-ml","status":"publish","type":"product","link":"https:\/\/www.deakos.com\/es\/prodotto\/deasnell-500-ml\/","title":{"rendered":"DEASNELL 500 ml"},"content":{"rendered":"<div><strong>CON: <\/strong>extractos vegetales con prebi\u00f3ticos FOS<br \/>\nPRODUCTO APTO PARA VEGANOS<strong>\u00datil para:<\/strong><\/p>\n<ul>\n<li>Reequilibra el peso corporal<\/li>\n<li>Drena los l\u00edquidos<\/li>\n<li>Estimula el metabolismo<\/li>\n<li>Depura el organismo<\/li>\n<li>Combate los defectos est\u00e9ticos de la celulitis<\/li>\n<\/ul>\n<p><strong>Acci\u00f3n metab\u00f3lica, depurativa y energizante<\/strong><\/p>\n<ul>\n<li>Reducci\u00f3n de la absorci\u00f3n de grasas<\/li>\n<li>Reducci\u00f3n de la retenci\u00f3n de l\u00edquidos<\/li>\n<li>Reducci\u00f3n de la masa grasa<\/li>\n<li>Aumento de la masa magra<\/li>\n<li>Efecto drenante y diur\u00e9tico<\/li>\n<li>Reducci\u00f3n de los signos de celulitis<\/li>\n<li>Regulaci\u00f3n de la glucosa en la sangre<\/li>\n<li>Acci\u00f3n desintoxicante<\/li>\n<li>Estimulaci\u00f3n del metabolismo basal<\/li>\n<li>Funcionalidad intestinal<\/li>\n<li>Efecto t\u00f3nico y energizante<\/li>\n<li>Reequilibrio del peso corporal<\/li>\n<li>Drenaje de l\u00edquidos corporales<\/li>\n<li>Contrarresta los inestetismos de la celulitis<\/li>\n<li>Funcionalidad de la microcirculaci\u00f3n<\/li>\n<li>Aumento de la biodisponibilidad del calcio<\/li>\n<li>Acci\u00f3n antioxidante<\/li>\n<li>Apoyo en dietas hipocal\u00f3ricas y cetog\u00e9nicas<\/li>\n<\/ul>\n<\/div>","protected":false},"excerpt":{"rendered":"<p>Complemento alimenticio con extractos vegetales con prebi\u00f3ticos y FOS<\/p>","protected":false},"featured_media":3858,"comment_status":"open","ping_status":"closed","template":"","meta":{"_acf_changed":false,"site-sidebar-layout":"default","site-content-layout":"","ast-site-content-layout":"default","site-content-style":"default","site-sidebar-style":"default","ast-global-header-display":"","ast-banner-title-visibility":"","ast-main-header-display":"","ast-hfb-above-header-display":"","ast-hfb-below-header-display":"","ast-hfb-mobile-header-display":"","site-post-title":"","ast-breadcrumbs-content":"","ast-featured-img":"","footer-sml-layout":"","theme-transparent-header-meta":"default","adv-header-id-meta":"","stick-header-meta":"","header-above-stick-meta":"","header-main-stick-meta":"","header-below-stick-meta":"","astra-migrate-meta-layouts":"set","ast-page-background-enabled":"default","ast-page-background-meta":{"desktop":{"background-color":"","background-image":"","background-repeat":"repeat","background-position":"center center","background-size":"auto","background-attachment":"scroll","background-type":"","background-media":"","overlay-type":"","overlay-color":"","overlay-opacity":"","overlay-gradient":""},"tablet":{"background-color":"","background-image":"","background-repeat":"repeat","background-position":"center center","background-size":"auto","background-attachment":"scroll","background-type":"","background-media":"","overlay-type":"","overlay-color":"","overlay-opacity":"","overlay-gradient":""},"mobile":{"background-color":"","background-image":"","background-repeat":"repeat","background-position":"center center","background-size":"auto","background-attachment":"scroll","background-type":"","background-media":"","overlay-type":"","overlay-color":"","overlay-opacity":"","overlay-gradient":""}},"ast-content-background-meta":{"desktop":{"background-color":"var(--ast-global-color-5)","background-image":"","background-repeat":"repeat","background-position":"center center","background-size":"auto","background-attachment":"scroll","background-type":"","background-media":"","overlay-type":"","overlay-color":"","overlay-opacity":"","overlay-gradient":""},"tablet":{"background-color":"var(--ast-global-color-5)","background-image":"","background-repeat":"repeat","background-position":"center center","background-size":"auto","background-attachment":"scroll","background-type":"","background-media":"","overlay-type":"","overlay-color":"","overlay-opacity":"","overlay-gradient":""},"mobile":{"background-color":"var(--ast-global-color-5)","background-image":"","background-repeat":"repeat","background-position":"center center","background-size":"auto","background-attachment":"scroll","background-type":"","background-media":"","overlay-type":"","overlay-color":"","overlay-opacity":"","overlay-gradient":""}}},"product_brand":[],"product_cat":[125,119,123],"product_tag":[233],"class_list":{"0":"post-3854","1":"product","2":"type-product","3":"status-publish","4":"has-post-thumbnail","6":"product_cat-drenanti-e-depurativi","7":"product_cat-gastroenterologia","8":"product_cat-microcircolo","9":"product_tag-winter","10":"pa_forma-liquido","11":"desktop-align-left","12":"tablet-align-left","13":"mobile-align-left","15":"first","16":"outofstock","17":"taxable","18":"shipping-taxable","19":"purchasable","20":"product-type-simple"},"bundled_by":[],"bundle_stock_status":"outofstock","bundle_stock_quantity":null,"bundle_virtual":false,"bundle_layout":"","bundle_add_to_cart_form_location":"","bundle_editable_in_cart":false,"bundle_sold_individually_context":"","bundle_item_grouping":"","bundle_min_size":"","bundle_max_size":"","bundle_price":[],"bundled_items":[],"bundle_sell_ids":[],"acf":[],"_links":{"self":[{"href":"https:\/\/www.deakos.com\/es\/wp-json\/wp\/v2\/product\/3854","targetHints":{"allow":["GET"]}}],"collection":[{"href":"https:\/\/www.deakos.com\/es\/wp-json\/wp\/v2\/product"}],"about":[{"href":"https:\/\/www.deakos.com\/es\/wp-json\/wp\/v2\/types\/product"}],"replies":[{"embeddable":true,"href":"https:\/\/www.deakos.com\/es\/wp-json\/wp\/v2\/comments?post=3854"}],"wp:featuredmedia":[{"embeddable":true,"href":"https:\/\/www.deakos.com\/es\/wp-json\/wp\/v2\/media\/3858"}],"wp:attachment":[{"href":"https:\/\/www.deakos.com\/es\/wp-json\/wp\/v2\/media?parent=3854"}],"wp:term":[{"taxonomy":"product_brand","embeddable":true,"href":"https:\/\/www.deakos.com\/es\/wp-json\/wp\/v2\/product_brand?post=3854"},{"taxonomy":"product_cat","embeddable":true,"href":"https:\/\/www.deakos.com\/es\/wp-json\/wp\/v2\/product_cat?post=3854"},{"taxonomy":"product_tag","embeddable":true,"href":"https:\/\/www.deakos.com\/es\/wp-json\/wp\/v2\/product_tag?post=3854"}],"curies":[{"name":"wp","href":"https:\/\/api.w.org\/{rel}","templated":true}]}}