{"id":3785,"date":"2025-03-20T10:23:28","date_gmt":"2025-03-20T10:23:28","guid":{"rendered":"https:\/\/demo.deakos.com\/?post_type=product&#038;p=3785"},"modified":"2025-03-28T08:08:31","modified_gmt":"2025-03-28T08:08:31","slug":"soluzione-colon-irritabile","status":"publish","type":"product","link":"https:\/\/www.deakos.com\/es\/prodotto\/soluzione-colon-irritabile\/","title":{"rendered":"SOLUCI\u00d3N COLON IRRITABLE"},"content":{"rendered":"<div> Si padeces de colon irritable e inflamaci\u00f3n gastrointestinal, el enfoque ideal para combatir la irritaci\u00f3n y la inflamaci\u00f3n es:<br \/>\n<strong>Pealen<\/strong>: 1 comprimido, 2 veces al d\u00eda, con las comidas<\/p>\n<ul>\n<li>Por sus propiedades antiinflamatorias y analg\u00e9sicas<\/li>\n<li>Para reducir los s\u00edntomas dolorosos en el abdomen<\/li>\n<li>Por su acci\u00f3n de mantenimiento de la barrera intestinal y la integridad del microbioma<\/li>\n<li>Para reforzar las uniones estrechas de la pared enterocitaria y combatir o impedir la aparici\u00f3n de hiperpermeabilidad intestinal<\/li>\n<\/ul>\n<p><strong>Nonidea<\/strong>: 1 comprimido, 2 veces al d\u00eda<\/p>\n<ul>\n<li>Por sus efectos antioxidantes y reepitelizantes, especialmente eficaces en las mucosas<\/li>\n<li>Por sus propiedades antibacterianas y antimic\u00f3ticas<\/li>\n<li>Por su acci\u00f3n inmunoestimulante<\/li>\n<li>Por su concentraci\u00f3n natural de minerales, vitamina C, zinc, selenio, antraquinonas y otros oligoelementos importantes<\/li>\n<\/ul>\n<p><strong>Ausilium Tisana<\/strong>: 1 medida, 1 vez al d\u00eda, bien diluida en caso de diarrea\/pura en caso de estre\u00f1imiento<\/p>\n<ul>\n<li>Por su efecto procin\u00e9tico que permite normalizar el tr\u00e1nsito intestinal y reducir los espasmos y las molestias<\/li>\n<li>Por su capacidad para limitar la formaci\u00f3n de gases y fermentaciones excesivas<\/li>\n<\/ul>\n<\/div>","protected":false},"excerpt":{"rendered":"<p>Si sufres de colon irritable e inflamaci\u00f3n gastrointestinal, esta soluci\u00f3n es ideal.<\/p>","protected":false},"featured_media":3742,"comment_status":"open","ping_status":"closed","template":"","meta":{"_acf_changed":false,"site-sidebar-layout":"default","site-content-layout":"","ast-site-content-layout":"default","site-content-style":"default","site-sidebar-style":"default","ast-global-header-display":"","ast-banner-title-visibility":"","ast-main-header-display":"","ast-hfb-above-header-display":"","ast-hfb-below-header-display":"","ast-hfb-mobile-header-display":"","site-post-title":"","ast-breadcrumbs-content":"","ast-featured-img":"","footer-sml-layout":"","theme-transparent-header-meta":"default","adv-header-id-meta":"","stick-header-meta":"","header-above-stick-meta":"","header-main-stick-meta":"","header-below-stick-meta":"","astra-migrate-meta-layouts":"set","ast-page-background-enabled":"default","ast-page-background-meta":{"desktop":{"background-color":"","background-image":"","background-repeat":"repeat","background-position":"center center","background-size":"auto","background-attachment":"scroll","background-type":"","background-media":"","overlay-type":"","overlay-color":"","overlay-opacity":"","overlay-gradient":""},"tablet":{"background-color":"","background-image":"","background-repeat":"repeat","background-position":"center center","background-size":"auto","background-attachment":"scroll","background-type":"","background-media":"","overlay-type":"","overlay-color":"","overlay-opacity":"","overlay-gradient":""},"mobile":{"background-color":"","background-image":"","background-repeat":"repeat","background-position":"center center","background-size":"auto","background-attachment":"scroll","background-type":"","background-media":"","overlay-type":"","overlay-color":"","overlay-opacity":"","overlay-gradient":""}},"ast-content-background-meta":{"desktop":{"background-color":"var(--ast-global-color-5)","background-image":"","background-repeat":"repeat","background-position":"center center","background-size":"auto","background-attachment":"scroll","background-type":"","background-media":"","overlay-type":"","overlay-color":"","overlay-opacity":"","overlay-gradient":""},"tablet":{"background-color":"var(--ast-global-color-5)","background-image":"","background-repeat":"repeat","background-position":"center center","background-size":"auto","background-attachment":"scroll","background-type":"","background-media":"","overlay-type":"","overlay-color":"","overlay-opacity":"","overlay-gradient":""},"mobile":{"background-color":"var(--ast-global-color-5)","background-image":"","background-repeat":"repeat","background-position":"center center","background-size":"auto","background-attachment":"scroll","background-type":"","background-media":"","overlay-type":"","overlay-color":"","overlay-opacity":"","overlay-gradient":""}}},"product_brand":[],"product_cat":[70],"product_tag":[],"class_list":{"0":"post-3785","1":"product","2":"type-product","3":"status-publish","4":"has-post-thumbnail","6":"product_cat-soluzioni-deakos","7":"desktop-align-left","8":"tablet-align-left","9":"mobile-align-left","11":"first","12":"instock","13":"taxable","14":"shipping-taxable","15":"purchasable","16":"product-type-bundle"},"bundled_by":[],"bundle_stock_status":"instock","bundle_stock_quantity":"","bundle_virtual":false,"bundle_layout":"default","bundle_add_to_cart_form_location":"default","bundle_editable_in_cart":false,"bundle_sold_individually_context":"product","bundle_item_grouping":"parent","bundle_min_size":"","bundle_max_size":"","bundle_price":{"price":{"min":{"incl_tax":"149.7","excl_tax":"122.704918"},"max":{"incl_tax":"149.7","excl_tax":"122.704918"}},"regular_price":{"min":{"incl_tax":"149.7","excl_tax":"122.704918"},"max":{"incl_tax":"149.7","excl_tax":"122.704918"}}},"bundled_items":[{"bundled_item_id":104,"product_id":3490,"menu_order":0,"quantity_min":2,"quantity_max":2,"quantity_default":2,"priced_individually":false,"shipped_individually":false,"override_title":false,"title":"AUSILIUM TISANA","override_description":false,"description":"","optional":false,"hide_thumbnail":false,"discount":"","override_variations":false,"allowed_variations":[],"override_default_variation_attributes":false,"default_variation_attributes":[],"single_product_visibility":"visible","cart_visibility":"visible","order_visibility":"visible","single_product_price_visibility":"visible","cart_price_visibility":"visible","order_price_visibility":"visible","stock_status":"in_stock"},{"bundled_item_id":105,"product_id":3564,"menu_order":1,"quantity_min":2,"quantity_max":2,"quantity_default":2,"priced_individually":false,"shipped_individually":false,"override_title":false,"title":"NONIDEA","override_description":false,"description":"","optional":false,"hide_thumbnail":false,"discount":"","override_variations":false,"allowed_variations":[],"override_default_variation_attributes":false,"default_variation_attributes":[],"single_product_visibility":"visible","cart_visibility":"visible","order_visibility":"visible","single_product_price_visibility":"visible","cart_price_visibility":"visible","order_price_visibility":"visible","stock_status":"in_stock"},{"bundled_item_id":106,"product_id":3733,"menu_order":2,"quantity_min":1,"quantity_max":1,"quantity_default":1,"priced_individually":false,"shipped_individually":false,"override_title":false,"title":"PEALEN 60 comprimidos","override_description":false,"description":"","optional":false,"hide_thumbnail":false,"discount":"","override_variations":false,"allowed_variations":[],"override_default_variation_attributes":false,"default_variation_attributes":[],"single_product_visibility":"visible","cart_visibility":"visible","order_visibility":"visible","single_product_price_visibility":"visible","cart_price_visibility":"visible","order_price_visibility":"visible","stock_status":"in_stock"}],"bundle_sell_ids":[],"acf":[],"_links":{"self":[{"href":"https:\/\/www.deakos.com\/es\/wp-json\/wp\/v2\/product\/3785","targetHints":{"allow":["GET"]}}],"collection":[{"href":"https:\/\/www.deakos.com\/es\/wp-json\/wp\/v2\/product"}],"about":[{"href":"https:\/\/www.deakos.com\/es\/wp-json\/wp\/v2\/types\/product"}],"replies":[{"embeddable":true,"href":"https:\/\/www.deakos.com\/es\/wp-json\/wp\/v2\/comments?post=3785"}],"wp:featuredmedia":[{"embeddable":true,"href":"https:\/\/www.deakos.com\/es\/wp-json\/wp\/v2\/media\/3742"}],"wp:attachment":[{"href":"https:\/\/www.deakos.com\/es\/wp-json\/wp\/v2\/media?parent=3785"}],"wp:term":[{"taxonomy":"product_brand","embeddable":true,"href":"https:\/\/www.deakos.com\/es\/wp-json\/wp\/v2\/product_brand?post=3785"},{"taxonomy":"product_cat","embeddable":true,"href":"https:\/\/www.deakos.com\/es\/wp-json\/wp\/v2\/product_cat?post=3785"},{"taxonomy":"product_tag","embeddable":true,"href":"https:\/\/www.deakos.com\/es\/wp-json\/wp\/v2\/product_tag?post=3785"}],"curies":[{"name":"wp","href":"https:\/\/api.w.org\/{rel}","templated":true}]}}