{"id":3781,"date":"2025-03-20T10:07:43","date_gmt":"2025-03-20T10:07:43","guid":{"rendered":"https:\/\/demo.deakos.com\/?post_type=product&#038;p=3781"},"modified":"2025-10-28T12:06:11","modified_gmt":"2025-10-28T11:06:11","slug":"soluzione-vaginosi-gardnerella","status":"publish","type":"product","link":"https:\/\/www.deakos.com\/es\/prodotto\/soluzione-vaginosi-gardnerella\/","title":{"rendered":"SOLUCI\u00d3N VAGINOSIS \u2013 GARDNERELLA"},"content":{"rendered":"<div>\n<p>Si padeces vaginosis bacteriana o infecci\u00f3n vaginal por\u00a0<i>Gardnerella vaginalis<\/i>, el abordaje ideal es:<\/p>\n<ul>\n<li><strong>Un primer ciclo de 15 d\u00edas con:<\/strong><\/li>\n<li><strong>Ausilium NAC<\/strong>: 1 ampolla al d\u00eda<\/li>\n<li><strong>Ausilium Lavanda<\/strong>: 1 aplicaci\u00f3n, 1 d\u00eda de cada 3*<\/li>\n<li><strong>Lubrigyn<\/strong>: 1 aplicaci\u00f3n, 1 d\u00eda de cada 3*<\/li>\n<li><strong>Ausilium Flora<\/strong>: 1 aplicaci\u00f3n, 1 d\u00eda de cada 3*<\/li>\n<li><strong>Ausilium Crema<\/strong>: 1 aplicaci\u00f3n al d\u00eda (despu\u00e9s de Ausilium Lavanda o con Lubrigyn y Ausilium Flora)<\/li>\n<\/ul>\n<p>*<i>Ejemplo:<br \/>\n<strong>d\u00eda 1:<\/strong> Ausilium Lavanda;<br \/>\n<strong>d\u00eda 2:<\/strong> Lubrigyn;<br \/>\n<strong>d\u00eda 3:<\/strong> Ausilium Flora;<br \/>\n<strong>d\u00eda 4:<\/strong> Ausilium Lavanda;<br \/>\n<strong>d\u00eda 5:<\/strong> Lubrigyn;<br \/>\n<strong>d\u00eda 6:<\/strong> Ausilium Flora;<br \/>\n<strong>d\u00eda 7:<\/strong> nada<\/i><\/p>\n<p><strong>Una fase posterior de mantenimiento\/prevenci\u00f3n durante 4 semanas con:<\/strong><\/p>\n<ul>\n<li><strong>Ausilium Lavanda<\/strong>: 2 aplicaciones por semana + 1 aplicaci\u00f3n despu\u00e9s del \u00faltimo d\u00eda de la menstruaci\u00f3n<\/li>\n<li><strong>Ausilium Crema<\/strong>:1 aplicaci\u00f3n, 1 d\u00eda de cada 2, o menos, seg\u00fan sea necesario<\/li>\n<li><strong>Ausilium Flora<\/strong>: 1 comprimido vaginal, antes de dormir, durante los 7 d\u00edas siguientes a cada menstruaci\u00f3n<\/li>\n<li><strong>Lenicand<\/strong>: 1 comprimido, almuerzo y cena, con las comidas<\/li>\n<\/ul>\n<p><strong>Paralelamente a estas medidas se realizar\u00e1 una intervenci\u00f3n dirigida a:<\/strong><\/p>\n<ul>\n<li><strong>Ausilium Crema<\/strong>: 1 applicazione prima di ogni rapporto e, se necessario, dopo<\/li>\n<li><strong>Ausilium Mousse<\/strong>: para la higiene \u00edntima de ambos miembros de la pareja<\/li>\n<\/ul>\n<\/div>","protected":false},"excerpt":{"rendered":"<p>Si sufres de vaginosis bacteriana o infecci\u00f3n vaginal por Gardnerella vaginalis,  esta es la soluci\u00f3n ideal.<\/p>","protected":false},"featured_media":3746,"comment_status":"open","ping_status":"closed","template":"","meta":{"_acf_changed":false,"site-sidebar-layout":"default","site-content-layout":"","ast-site-content-layout":"default","site-content-style":"default","site-sidebar-style":"default","ast-global-header-display":"","ast-banner-title-visibility":"","ast-main-header-display":"","ast-hfb-above-header-display":"","ast-hfb-below-header-display":"","ast-hfb-mobile-header-display":"","site-post-title":"","ast-breadcrumbs-content":"","ast-featured-img":"","footer-sml-layout":"","theme-transparent-header-meta":"default","adv-header-id-meta":"","stick-header-meta":"","header-above-stick-meta":"","header-main-stick-meta":"","header-below-stick-meta":"","astra-migrate-meta-layouts":"set","ast-page-background-enabled":"default","ast-page-background-meta":{"desktop":{"background-color":"","background-image":"","background-repeat":"repeat","background-position":"center center","background-size":"auto","background-attachment":"scroll","background-type":"","background-media":"","overlay-type":"","overlay-color":"","overlay-opacity":"","overlay-gradient":""},"tablet":{"background-color":"","background-image":"","background-repeat":"repeat","background-position":"center center","background-size":"auto","background-attachment":"scroll","background-type":"","background-media":"","overlay-type":"","overlay-color":"","overlay-opacity":"","overlay-gradient":""},"mobile":{"background-color":"","background-image":"","background-repeat":"repeat","background-position":"center center","background-size":"auto","background-attachment":"scroll","background-type":"","background-media":"","overlay-type":"","overlay-color":"","overlay-opacity":"","overlay-gradient":""}},"ast-content-background-meta":{"desktop":{"background-color":"var(--ast-global-color-5)","background-image":"","background-repeat":"repeat","background-position":"center center","background-size":"auto","background-attachment":"scroll","background-type":"","background-media":"","overlay-type":"","overlay-color":"","overlay-opacity":"","overlay-gradient":""},"tablet":{"background-color":"var(--ast-global-color-5)","background-image":"","background-repeat":"repeat","background-position":"center center","background-size":"auto","background-attachment":"scroll","background-type":"","background-media":"","overlay-type":"","overlay-color":"","overlay-opacity":"","overlay-gradient":""},"mobile":{"background-color":"var(--ast-global-color-5)","background-image":"","background-repeat":"repeat","background-position":"center center","background-size":"auto","background-attachment":"scroll","background-type":"","background-media":"","overlay-type":"","overlay-color":"","overlay-opacity":"","overlay-gradient":""}}},"product_brand":[],"product_cat":[70],"product_tag":[],"class_list":{"0":"post-3781","1":"product","2":"type-product","3":"status-publish","4":"has-post-thumbnail","6":"product_cat-soluzioni-deakos","7":"desktop-align-left","8":"tablet-align-left","9":"mobile-align-left","11":"first","12":"instock","13":"taxable","14":"shipping-taxable","15":"purchasable","16":"product-type-bundle"},"bundled_by":[],"bundle_stock_status":"instock","bundle_stock_quantity":"","bundle_virtual":false,"bundle_layout":"default","bundle_add_to_cart_form_location":"default","bundle_editable_in_cart":false,"bundle_sold_individually_context":"product","bundle_item_grouping":"parent","bundle_min_size":"","bundle_max_size":"","bundle_price":{"price":{"min":{"incl_tax":"312.9","excl_tax":"256.47541"},"max":{"incl_tax":"312.9","excl_tax":"256.47541"}},"regular_price":{"min":{"incl_tax":"312.9","excl_tax":"256.47541"},"max":{"incl_tax":"312.9","excl_tax":"256.47541"}}},"bundled_items":[{"bundled_item_id":90,"product_id":3471,"menu_order":0,"quantity_min":1,"quantity_max":1,"quantity_default":1,"priced_individually":false,"shipped_individually":false,"override_title":false,"title":"AUSILIUM NAC","override_description":false,"description":"","optional":false,"hide_thumbnail":false,"discount":"","override_variations":false,"allowed_variations":[],"override_default_variation_attributes":false,"default_variation_attributes":[],"single_product_visibility":"visible","cart_visibility":"visible","order_visibility":"visible","single_product_price_visibility":"visible","cart_price_visibility":"visible","order_price_visibility":"visible","stock_status":"in_stock"},{"bundled_item_id":94,"product_id":3429,"menu_order":1,"quantity_min":4,"quantity_max":4,"quantity_default":4,"priced_individually":false,"shipped_individually":false,"override_title":false,"title":"AUSILIUM LAVANDA - 4 MONODOSE","override_description":false,"description":"","optional":false,"hide_thumbnail":false,"discount":"","override_variations":false,"allowed_variations":[],"override_default_variation_attributes":false,"default_variation_attributes":[],"single_product_visibility":"visible","cart_visibility":"visible","order_visibility":"visible","single_product_price_visibility":"visible","cart_price_visibility":"visible","order_price_visibility":"visible","stock_status":"in_stock"},{"bundled_item_id":95,"product_id":3435,"menu_order":2,"quantity_min":2,"quantity_max":2,"quantity_default":2,"priced_individually":false,"shipped_individually":false,"override_title":false,"title":"AUSILIUM FLORA","override_description":false,"description":"","optional":false,"hide_thumbnail":false,"discount":"","override_variations":false,"allowed_variations":[],"override_default_variation_attributes":false,"default_variation_attributes":[],"single_product_visibility":"visible","cart_visibility":"visible","order_visibility":"visible","single_product_price_visibility":"visible","cart_price_visibility":"visible","order_price_visibility":"visible","stock_status":"in_stock"},{"bundled_item_id":96,"product_id":3424,"menu_order":3,"quantity_min":2,"quantity_max":2,"quantity_default":2,"priced_individually":false,"shipped_individually":false,"override_title":false,"title":"AUSILIUM CREMA TUBO","override_description":false,"description":"","optional":false,"hide_thumbnail":false,"discount":"","override_variations":false,"allowed_variations":[],"override_default_variation_attributes":false,"default_variation_attributes":[],"single_product_visibility":"visible","cart_visibility":"visible","order_visibility":"visible","single_product_price_visibility":"visible","cart_price_visibility":"visible","order_price_visibility":"visible","stock_status":"in_stock"},{"bundled_item_id":97,"product_id":3557,"menu_order":4,"quantity_min":2,"quantity_max":2,"quantity_default":2,"priced_individually":false,"shipped_individually":false,"override_title":false,"title":"LENICAND","override_description":false,"description":"","optional":false,"hide_thumbnail":false,"discount":"","override_variations":false,"allowed_variations":[],"override_default_variation_attributes":false,"default_variation_attributes":[],"single_product_visibility":"visible","cart_visibility":"visible","order_visibility":"visible","single_product_price_visibility":"visible","cart_price_visibility":"visible","order_price_visibility":"visible","stock_status":"in_stock"},{"bundled_item_id":98,"product_id":3413,"menu_order":5,"quantity_min":1,"quantity_max":1,"quantity_default":1,"priced_individually":false,"shipped_individually":false,"override_title":false,"title":"AUSILIUM CREMA SOBRES","override_description":false,"description":"","optional":false,"hide_thumbnail":false,"discount":"","override_variations":false,"allowed_variations":[],"override_default_variation_attributes":false,"default_variation_attributes":[],"single_product_visibility":"visible","cart_visibility":"visible","order_visibility":"visible","single_product_price_visibility":"visible","cart_price_visibility":"visible","order_price_visibility":"visible","stock_status":"in_stock"},{"bundled_item_id":99,"product_id":3476,"menu_order":6,"quantity_min":1,"quantity_max":1,"quantity_default":1,"priced_individually":false,"shipped_individually":false,"override_title":false,"title":"AUSILIUM MOUSSE","override_description":false,"description":"","optional":false,"hide_thumbnail":false,"discount":"","override_variations":false,"allowed_variations":[],"override_default_variation_attributes":false,"default_variation_attributes":[],"single_product_visibility":"visible","cart_visibility":"visible","order_visibility":"visible","single_product_price_visibility":"visible","cart_price_visibility":"visible","order_price_visibility":"visible","stock_status":"in_stock"},{"bundled_item_id":100,"product_id":3783,"menu_order":7,"quantity_min":1,"quantity_max":1,"quantity_default":1,"priced_individually":false,"shipped_individually":false,"override_title":false,"title":"LUBRIGYN","override_description":false,"description":"","optional":false,"hide_thumbnail":false,"discount":"","override_variations":false,"allowed_variations":[],"override_default_variation_attributes":false,"default_variation_attributes":[],"single_product_visibility":"visible","cart_visibility":"visible","order_visibility":"visible","single_product_price_visibility":"visible","cart_price_visibility":"visible","order_price_visibility":"visible","stock_status":"in_stock"}],"bundle_sell_ids":[],"acf":[],"_links":{"self":[{"href":"https:\/\/www.deakos.com\/es\/wp-json\/wp\/v2\/product\/3781","targetHints":{"allow":["GET"]}}],"collection":[{"href":"https:\/\/www.deakos.com\/es\/wp-json\/wp\/v2\/product"}],"about":[{"href":"https:\/\/www.deakos.com\/es\/wp-json\/wp\/v2\/types\/product"}],"replies":[{"embeddable":true,"href":"https:\/\/www.deakos.com\/es\/wp-json\/wp\/v2\/comments?post=3781"}],"wp:featuredmedia":[{"embeddable":true,"href":"https:\/\/www.deakos.com\/es\/wp-json\/wp\/v2\/media\/3746"}],"wp:attachment":[{"href":"https:\/\/www.deakos.com\/es\/wp-json\/wp\/v2\/media?parent=3781"}],"wp:term":[{"taxonomy":"product_brand","embeddable":true,"href":"https:\/\/www.deakos.com\/es\/wp-json\/wp\/v2\/product_brand?post=3781"},{"taxonomy":"product_cat","embeddable":true,"href":"https:\/\/www.deakos.com\/es\/wp-json\/wp\/v2\/product_cat?post=3781"},{"taxonomy":"product_tag","embeddable":true,"href":"https:\/\/www.deakos.com\/es\/wp-json\/wp\/v2\/product_tag?post=3781"}],"curies":[{"name":"wp","href":"https:\/\/api.w.org\/{rel}","templated":true}]}}