{"id":3778,"date":"2025-03-20T09:22:10","date_gmt":"2025-03-20T09:22:10","guid":{"rendered":"https:\/\/demo.deakos.com\/?post_type=product&#038;p=3778"},"modified":"2026-04-20T12:03:32","modified_gmt":"2026-04-20T10:03:32","slug":"soluzione-sindrome-genito-urinaria","status":"publish","type":"product","link":"https:\/\/www.deakos.com\/es\/prodotto\/soluzione-sindrome-genito-urinaria\/","title":{"rendered":"SOLUCI\u00d3N PARA EL S\u00cdNDROME GENITOURINARIO EN LA MENOPAUSIA"},"content":{"rendered":"<div>Si est\u00e1s en la menopausia y sufres S\u00edndrome genitourinario, el enfoque ideal es:<br \/>\n<strong>Cistiquer<\/strong>: 1 comprimido al d\u00eda, lejos de las comidas<\/p>\n<ul>\n<li>Por su acci\u00f3n antiinflamatoria, antiedematosa y antis\u00e9ptica<\/li>\n<li>Para ayudar y favorecer la reepitelizaci\u00f3n de las mucosas uroteliales y vulvovaginales<\/li>\n<li>Por su efecto beneficioso sobre la buena circulaci\u00f3n<\/li>\n<\/ul>\n<p><strong>Deaflor<\/strong>: 1 comprimido, almuerzo y cena, con las comidas<\/p>\n<ul>\n<li>Para mantener y fortalecer la microbiota intestinal y vaginal<\/li>\n<li>Para combatir los estados de disbiosis<\/li>\n<li>Para reforzar las defensas inmunitarias fisiol\u00f3gicas<\/li>\n<\/ul>\n<p><strong>Ausilium Forte<\/strong>: 1 cucharada, 2 veces al d\u00eda, lejos de las comidas<\/p>\n<ul>\n<li>Por sus propiedades antiinflamatorias, antimic\u00f3ticas y analg\u00e9sicas<\/li>\n<li>Por su efecto alcalinizante sobre el pH urinario<\/li>\n<li>Por su beneficiosa acci\u00f3n relajante muscular contra espasmos y contracturas<\/li>\n<li>Para reducir la urgencia y la frecuencia urinaria<\/li>\n<li>Para eliminar de forma natural las colonias bacterianas (prevenci\u00f3n de episodios agudos causados por bacterias oportunistas)<\/li>\n<\/ul>\n<p><strong>Ausilium Lavanda<\/strong>: 1 aplicaci\u00f3n, 2 veces por semana<\/p>\n<ul>\n<li class=\"translation-block\">Per sostenere e rinforzare i <i>Lattobacilli<\/i> della flora di D\u00f6derlein<\/li>\n<li>Para preservar el pH y la hidrataci\u00f3n fisiol\u00f3gicos<\/li>\n<li>Por su acci\u00f3n antiinflamatoria y calmante<\/li>\n<li>Por su acci\u00f3n inhibidora natural contra bacterias y levaduras pat\u00f3genas, oportunistas en caso de rarefacci\u00f3n de la flora fisiol\u00f3gica<\/li>\n<li>Para prevenir la formaci\u00f3n de biofilms pat\u00f3genos<\/li>\n<\/ul>\n<p><strong>Solo los primeros 20 d\u00edas:<\/strong><\/p>\n<p><strong>Ausilium Crema<\/strong>: 1 aplicaci\u00f3n al d\u00eda, por la noche antes de acostarse<\/p>\n<ul>\n<li>Por su acci\u00f3n reepitelizante y de apoyo al trofismo de las mucosas<\/li>\n<li>Por sus propiedades antiinflamatorias, calmantes, nutritivas e hidratantes<\/li>\n<li>Para interceptar las bacterias uropat\u00f3genas e impedir que asciendan hacia las v\u00edas urinarias<\/li>\n<\/ul>\n<p><strong>Ausilium Flora<\/strong>: 1 c\u00e1psula vaginal, antes de acostarse (aplicada con Ausilium Crema), cada dos d\u00edas (alternando con Ausilium Venus)<\/p>\n<ul>\n<li>Para favorecer la reepitelizaci\u00f3n y el equilibrio de la flora de D\u00f6derlein<\/li>\n<li>Por sus propiedades t\u00f3nicas y antioxidantes<\/li>\n<li>Para reforzar las defensas inmunitarias fisiol\u00f3gicas<\/li>\n<li>Contribuye al mantenimiento de los tejidos y las mucosas<\/li>\n<\/ul>\n<p><strong>Ausilium Venus<\/strong>: 1 c\u00e1psula vaginal, antes de acostarse (aplicada con Ausilium Crema), cada dos d\u00edas (alternando con Ausilium Flora)<\/p>\n<ul>\n<li>Para favorecer la reepitelizaci\u00f3n de las mucosas y el restablecimiento de su integridad<\/li>\n<li>Por sus propiedades t\u00f3nicas y antioxidantes<\/li>\n<li>Para reforzar las defensas inmunitarias fisiol\u00f3gicas<\/li>\n<li>Contribuye al mantenimiento de los tejidos y las mucosas<\/li>\n<\/ul>\n<\/div>","protected":false},"excerpt":{"rendered":"<p>Si est\u00e1s en la menopausia y sufres de S\u00edndrome genito-urinario, este es el abordaje ideal.<\/p>","protected":false},"featured_media":3754,"comment_status":"open","ping_status":"closed","template":"","meta":{"_acf_changed":false,"site-sidebar-layout":"default","site-content-layout":"","ast-site-content-layout":"default","site-content-style":"default","site-sidebar-style":"default","ast-global-header-display":"","ast-banner-title-visibility":"","ast-main-header-display":"","ast-hfb-above-header-display":"","ast-hfb-below-header-display":"","ast-hfb-mobile-header-display":"","site-post-title":"","ast-breadcrumbs-content":"","ast-featured-img":"","footer-sml-layout":"","theme-transparent-header-meta":"default","adv-header-id-meta":"","stick-header-meta":"","header-above-stick-meta":"","header-main-stick-meta":"","header-below-stick-meta":"","astra-migrate-meta-layouts":"set","ast-page-background-enabled":"default","ast-page-background-meta":{"desktop":{"background-color":"","background-image":"","background-repeat":"repeat","background-position":"center center","background-size":"auto","background-attachment":"scroll","background-type":"","background-media":"","overlay-type":"","overlay-color":"","overlay-opacity":"","overlay-gradient":""},"tablet":{"background-color":"","background-image":"","background-repeat":"repeat","background-position":"center center","background-size":"auto","background-attachment":"scroll","background-type":"","background-media":"","overlay-type":"","overlay-color":"","overlay-opacity":"","overlay-gradient":""},"mobile":{"background-color":"","background-image":"","background-repeat":"repeat","background-position":"center center","background-size":"auto","background-attachment":"scroll","background-type":"","background-media":"","overlay-type":"","overlay-color":"","overlay-opacity":"","overlay-gradient":""}},"ast-content-background-meta":{"desktop":{"background-color":"var(--ast-global-color-5)","background-image":"","background-repeat":"repeat","background-position":"center center","background-size":"auto","background-attachment":"scroll","background-type":"","background-media":"","overlay-type":"","overlay-color":"","overlay-opacity":"","overlay-gradient":""},"tablet":{"background-color":"var(--ast-global-color-5)","background-image":"","background-repeat":"repeat","background-position":"center center","background-size":"auto","background-attachment":"scroll","background-type":"","background-media":"","overlay-type":"","overlay-color":"","overlay-opacity":"","overlay-gradient":""},"mobile":{"background-color":"var(--ast-global-color-5)","background-image":"","background-repeat":"repeat","background-position":"center center","background-size":"auto","background-attachment":"scroll","background-type":"","background-media":"","overlay-type":"","overlay-color":"","overlay-opacity":"","overlay-gradient":""}}},"product_brand":[],"product_cat":[70],"product_tag":[],"class_list":{"0":"post-3778","1":"product","2":"type-product","3":"status-publish","4":"has-post-thumbnail","6":"product_cat-soluzioni-deakos","7":"desktop-align-left","8":"tablet-align-left","9":"mobile-align-left","11":"first","12":"instock","13":"taxable","14":"shipping-taxable","15":"purchasable","16":"product-type-bundle"},"bundled_by":[],"bundle_stock_status":"instock","bundle_stock_quantity":"","bundle_virtual":false,"bundle_layout":"default","bundle_add_to_cart_form_location":"default","bundle_editable_in_cart":false,"bundle_sold_individually_context":"product","bundle_item_grouping":"parent","bundle_min_size":"","bundle_max_size":"","bundle_price":{"price":{"min":{"incl_tax":"295.2","excl_tax":"241.967213"},"max":{"incl_tax":"295.2","excl_tax":"241.967213"}},"regular_price":{"min":{"incl_tax":"295.2","excl_tax":"241.967213"},"max":{"incl_tax":"295.2","excl_tax":"241.967213"}}},"bundled_items":[{"bundled_item_id":75,"product_id":3503,"menu_order":0,"quantity_min":1,"quantity_max":1,"quantity_default":1,"priced_individually":false,"shipped_individually":false,"override_title":false,"title":"CISTIQUER","override_description":false,"description":"","optional":false,"hide_thumbnail":false,"discount":"","override_variations":false,"allowed_variations":[],"override_default_variation_attributes":false,"default_variation_attributes":[],"single_product_visibility":"visible","cart_visibility":"visible","order_visibility":"visible","single_product_price_visibility":"visible","cart_price_visibility":"visible","order_price_visibility":"visible","stock_status":"in_stock"},{"bundled_item_id":76,"product_id":3507,"menu_order":1,"quantity_min":1,"quantity_max":1,"quantity_default":1,"priced_individually":false,"shipped_individually":false,"override_title":false,"title":"DEAFLOR 60","override_description":false,"description":"","optional":false,"hide_thumbnail":false,"discount":"","override_variations":false,"allowed_variations":[],"override_default_variation_attributes":false,"default_variation_attributes":[],"single_product_visibility":"visible","cart_visibility":"visible","order_visibility":"visible","single_product_price_visibility":"visible","cart_price_visibility":"visible","order_price_visibility":"visible","stock_status":"in_stock"},{"bundled_item_id":77,"product_id":3458,"menu_order":2,"quantity_min":1,"quantity_max":1,"quantity_default":1,"priced_individually":false,"shipped_individually":false,"override_title":false,"title":"AUSILIUM FORTE 300 g SIN AROMA","override_description":false,"description":"","optional":false,"hide_thumbnail":false,"discount":"","override_variations":false,"allowed_variations":[],"override_default_variation_attributes":false,"default_variation_attributes":[],"single_product_visibility":"visible","cart_visibility":"visible","order_visibility":"visible","single_product_price_visibility":"visible","cart_price_visibility":"visible","order_price_visibility":"visible","stock_status":"in_stock"},{"bundled_item_id":78,"product_id":3429,"menu_order":3,"quantity_min":2,"quantity_max":2,"quantity_default":2,"priced_individually":false,"shipped_individually":false,"override_title":false,"title":"AUSILIUM LAVANDA - 4 MONODOSE","override_description":false,"description":"","optional":false,"hide_thumbnail":false,"discount":"","override_variations":false,"allowed_variations":[],"override_default_variation_attributes":false,"default_variation_attributes":[],"single_product_visibility":"visible","cart_visibility":"visible","order_visibility":"visible","single_product_price_visibility":"visible","cart_price_visibility":"visible","order_price_visibility":"visible","stock_status":"in_stock"},{"bundled_item_id":79,"product_id":3424,"menu_order":4,"quantity_min":2,"quantity_max":2,"quantity_default":2,"priced_individually":false,"shipped_individually":false,"override_title":false,"title":"AUSILIUM CREMA TUBO","override_description":false,"description":"","optional":false,"hide_thumbnail":false,"discount":"","override_variations":false,"allowed_variations":[],"override_default_variation_attributes":false,"default_variation_attributes":[],"single_product_visibility":"visible","cart_visibility":"visible","order_visibility":"visible","single_product_price_visibility":"visible","cart_price_visibility":"visible","order_price_visibility":"visible","stock_status":"in_stock"},{"bundled_item_id":80,"product_id":3608,"menu_order":5,"quantity_min":1,"quantity_max":1,"quantity_default":1,"priced_individually":false,"shipped_individually":false,"override_title":false,"title":"XEREM tubo 100 ml","override_description":false,"description":"","optional":false,"hide_thumbnail":false,"discount":"","override_variations":false,"allowed_variations":[],"override_default_variation_attributes":false,"default_variation_attributes":[],"single_product_visibility":"visible","cart_visibility":"visible","order_visibility":"visible","single_product_price_visibility":"visible","cart_price_visibility":"visible","order_price_visibility":"visible","stock_status":"in_stock"},{"bundled_item_id":81,"product_id":3435,"menu_order":6,"quantity_min":1,"quantity_max":1,"quantity_default":1,"priced_individually":false,"shipped_individually":false,"override_title":false,"title":"AUSILIUM FLORA","override_description":false,"description":"","optional":false,"hide_thumbnail":false,"discount":"","override_variations":false,"allowed_variations":[],"override_default_variation_attributes":false,"default_variation_attributes":[],"single_product_visibility":"visible","cart_visibility":"visible","order_visibility":"visible","single_product_price_visibility":"visible","cart_price_visibility":"visible","order_price_visibility":"visible","stock_status":"in_stock"},{"bundled_item_id":82,"product_id":3438,"menu_order":7,"quantity_min":1,"quantity_max":1,"quantity_default":1,"priced_individually":false,"shipped_individually":false,"override_title":false,"title":"AUSILIUM VENUS","override_description":false,"description":"","optional":false,"hide_thumbnail":false,"discount":"","override_variations":false,"allowed_variations":[],"override_default_variation_attributes":false,"default_variation_attributes":[],"single_product_visibility":"visible","cart_visibility":"visible","order_visibility":"visible","single_product_price_visibility":"visible","cart_price_visibility":"visible","order_price_visibility":"visible","stock_status":"in_stock"}],"bundle_sell_ids":[],"acf":[],"_links":{"self":[{"href":"https:\/\/www.deakos.com\/es\/wp-json\/wp\/v2\/product\/3778","targetHints":{"allow":["GET"]}}],"collection":[{"href":"https:\/\/www.deakos.com\/es\/wp-json\/wp\/v2\/product"}],"about":[{"href":"https:\/\/www.deakos.com\/es\/wp-json\/wp\/v2\/types\/product"}],"replies":[{"embeddable":true,"href":"https:\/\/www.deakos.com\/es\/wp-json\/wp\/v2\/comments?post=3778"}],"wp:featuredmedia":[{"embeddable":true,"href":"https:\/\/www.deakos.com\/es\/wp-json\/wp\/v2\/media\/3754"}],"wp:attachment":[{"href":"https:\/\/www.deakos.com\/es\/wp-json\/wp\/v2\/media?parent=3778"}],"wp:term":[{"taxonomy":"product_brand","embeddable":true,"href":"https:\/\/www.deakos.com\/es\/wp-json\/wp\/v2\/product_brand?post=3778"},{"taxonomy":"product_cat","embeddable":true,"href":"https:\/\/www.deakos.com\/es\/wp-json\/wp\/v2\/product_cat?post=3778"},{"taxonomy":"product_tag","embeddable":true,"href":"https:\/\/www.deakos.com\/es\/wp-json\/wp\/v2\/product_tag?post=3778"}],"curies":[{"name":"wp","href":"https:\/\/api.w.org\/{rel}","templated":true}]}}