{"id":3771,"date":"2025-03-18T16:44:27","date_gmt":"2025-03-18T16:44:27","guid":{"rendered":"https:\/\/demo.deakos.com\/?post_type=product&#038;p=3771"},"modified":"2025-10-28T12:04:20","modified_gmt":"2025-10-28T11:04:20","slug":"soluzione-micosi-acuta","status":"publish","type":"product","link":"https:\/\/www.deakos.com\/es\/prodotto\/soluzione-micosi-acuta\/","title":{"rendered":"SOLUCI\u00d3N MICOSIS AGUDA"},"content":{"rendered":"<div>Si padeces micosis vulvovaginal aguda, el enfoque ideal es:<br \/>\n<strong style=\"font-size: 16px;\">Ausilium Lavanda<\/strong><span style=\"font-size: 16px;\">: 1 aplicaci\u00f3n, a d\u00edas alternos<\/span><\/p>\n<ul>\n<li>Para apoyar y reforzar los <i>Lactobacilos\u00a0<\/i>de la flora de D\u00f6derlein<\/li>\n<li>Para preservar el pH y la hidrataci\u00f3n fisiol\u00f3gicos<\/li>\n<li>Por su acci\u00f3n antiinflamatoria y calmante<\/li>\n<li>Por su funci\u00f3n como inhibidor natural de bacterias y levaduras pat\u00f3genas, oportunistas en caso de rarefacci\u00f3n de la flora fisiol\u00f3gica<\/li>\n<li>Para impedir la formaci\u00f3n de biofilms pat\u00f3genos<\/li>\n<\/ul>\n<p><strong>Lenicand<\/strong>: 1 comprimido, almuerzo y cena, con las comidas<\/p>\n<ul>\n<li><span style=\"font-size: 16px;\">Para la correcta restauraci\u00f3n de la flora vulvovaginal<\/span><\/li>\n<li>Por su efecto inhibidor de la proliferaci\u00f3n de <i style=\"font-weight: inherit;\">Candida spp.<\/i><\/li>\n<li>Por sus propiedades inmunoestimulantes<\/li>\n<\/ul>\n<p><strong>Lenicand Crema<\/strong>: 2 aplicaciones durante la primera semana (1 g\/aplicaci\u00f3n); la semana siguiente, 1 aplicaci\u00f3n al d\u00eda o menos<\/p>\n<ul>\n<li><span style=\"font-size: 16px;\">Por su acci\u00f3n antiinflamatoria y calmante<\/span><\/li>\n<li>Para hidratar y fortalecer los tejidos y las mucosas<\/li>\n<li>Por su efecto inhibidor directo sobre la proliferaci\u00f3n de <i style=\"font-weight: inherit;\">Candida spp.<br \/>\n<\/i><\/li>\n<li style=\"list-style-type: none;\"><\/li>\n<\/ul>\n<\/div>","protected":false},"excerpt":{"rendered":"<p>Si sufres de micosis vulvovaginales agudas, esta es la soluci\u00f3n ideal.<\/p>","protected":false},"featured_media":3749,"comment_status":"open","ping_status":"closed","template":"","meta":{"_acf_changed":false,"site-sidebar-layout":"default","site-content-layout":"","ast-site-content-layout":"default","site-content-style":"default","site-sidebar-style":"default","ast-global-header-display":"","ast-banner-title-visibility":"","ast-main-header-display":"","ast-hfb-above-header-display":"","ast-hfb-below-header-display":"","ast-hfb-mobile-header-display":"","site-post-title":"","ast-breadcrumbs-content":"","ast-featured-img":"","footer-sml-layout":"","theme-transparent-header-meta":"default","adv-header-id-meta":"","stick-header-meta":"","header-above-stick-meta":"","header-main-stick-meta":"","header-below-stick-meta":"","astra-migrate-meta-layouts":"set","ast-page-background-enabled":"default","ast-page-background-meta":{"desktop":{"background-color":"","background-image":"","background-repeat":"repeat","background-position":"center center","background-size":"auto","background-attachment":"scroll","background-type":"","background-media":"","overlay-type":"","overlay-color":"","overlay-opacity":"","overlay-gradient":""},"tablet":{"background-color":"","background-image":"","background-repeat":"repeat","background-position":"center center","background-size":"auto","background-attachment":"scroll","background-type":"","background-media":"","overlay-type":"","overlay-color":"","overlay-opacity":"","overlay-gradient":""},"mobile":{"background-color":"","background-image":"","background-repeat":"repeat","background-position":"center center","background-size":"auto","background-attachment":"scroll","background-type":"","background-media":"","overlay-type":"","overlay-color":"","overlay-opacity":"","overlay-gradient":""}},"ast-content-background-meta":{"desktop":{"background-color":"var(--ast-global-color-5)","background-image":"","background-repeat":"repeat","background-position":"center center","background-size":"auto","background-attachment":"scroll","background-type":"","background-media":"","overlay-type":"","overlay-color":"","overlay-opacity":"","overlay-gradient":""},"tablet":{"background-color":"var(--ast-global-color-5)","background-image":"","background-repeat":"repeat","background-position":"center center","background-size":"auto","background-attachment":"scroll","background-type":"","background-media":"","overlay-type":"","overlay-color":"","overlay-opacity":"","overlay-gradient":""},"mobile":{"background-color":"var(--ast-global-color-5)","background-image":"","background-repeat":"repeat","background-position":"center center","background-size":"auto","background-attachment":"scroll","background-type":"","background-media":"","overlay-type":"","overlay-color":"","overlay-opacity":"","overlay-gradient":""}}},"product_brand":[],"product_cat":[70],"product_tag":[],"class_list":{"0":"post-3771","1":"product","2":"type-product","3":"status-publish","4":"has-post-thumbnail","6":"product_cat-soluzioni-deakos","7":"desktop-align-left","8":"tablet-align-left","9":"mobile-align-left","11":"first","12":"instock","13":"taxable","14":"shipping-taxable","15":"purchasable","16":"product-type-bundle"},"bundled_by":[],"bundle_stock_status":"instock","bundle_stock_quantity":"","bundle_virtual":false,"bundle_layout":"default","bundle_add_to_cart_form_location":"default","bundle_editable_in_cart":false,"bundle_sold_individually_context":"product","bundle_item_grouping":"parent","bundle_min_size":"","bundle_max_size":"","bundle_price":{"price":{"min":{"incl_tax":"98.8","excl_tax":"80.983607"},"max":{"incl_tax":"98.8","excl_tax":"80.983607"}},"regular_price":{"min":{"incl_tax":"98.8","excl_tax":"80.983607"},"max":{"incl_tax":"98.8","excl_tax":"80.983607"}}},"bundled_items":[{"bundled_item_id":127,"product_id":3429,"menu_order":0,"quantity_min":2,"quantity_max":2,"quantity_default":2,"priced_individually":false,"shipped_individually":false,"override_title":false,"title":"AUSILIUM LAVANDA - 4 MONODOSE","override_description":false,"description":"","optional":false,"hide_thumbnail":false,"discount":"","override_variations":false,"allowed_variations":[],"override_default_variation_attributes":false,"default_variation_attributes":[],"single_product_visibility":"visible","cart_visibility":"visible","order_visibility":"visible","single_product_price_visibility":"visible","cart_price_visibility":"visible","order_price_visibility":"visible","stock_status":"in_stock"},{"bundled_item_id":128,"product_id":3548,"menu_order":1,"quantity_min":1,"quantity_max":1,"quantity_default":1,"priced_individually":false,"shipped_individually":false,"override_title":false,"title":"LENICAND CREMA","override_description":false,"description":"","optional":false,"hide_thumbnail":false,"discount":"","override_variations":false,"allowed_variations":[],"override_default_variation_attributes":false,"default_variation_attributes":[],"single_product_visibility":"visible","cart_visibility":"visible","order_visibility":"visible","single_product_price_visibility":"visible","cart_price_visibility":"visible","order_price_visibility":"visible","stock_status":"in_stock"},{"bundled_item_id":129,"product_id":3557,"menu_order":2,"quantity_min":1,"quantity_max":1,"quantity_default":1,"priced_individually":false,"shipped_individually":false,"override_title":false,"title":"LENICAND","override_description":false,"description":"","optional":false,"hide_thumbnail":false,"discount":"","override_variations":false,"allowed_variations":[],"override_default_variation_attributes":false,"default_variation_attributes":[],"single_product_visibility":"visible","cart_visibility":"visible","order_visibility":"visible","single_product_price_visibility":"visible","cart_price_visibility":"visible","order_price_visibility":"visible","stock_status":"in_stock"}],"bundle_sell_ids":[],"acf":[],"_links":{"self":[{"href":"https:\/\/www.deakos.com\/es\/wp-json\/wp\/v2\/product\/3771","targetHints":{"allow":["GET"]}}],"collection":[{"href":"https:\/\/www.deakos.com\/es\/wp-json\/wp\/v2\/product"}],"about":[{"href":"https:\/\/www.deakos.com\/es\/wp-json\/wp\/v2\/types\/product"}],"replies":[{"embeddable":true,"href":"https:\/\/www.deakos.com\/es\/wp-json\/wp\/v2\/comments?post=3771"}],"wp:featuredmedia":[{"embeddable":true,"href":"https:\/\/www.deakos.com\/es\/wp-json\/wp\/v2\/media\/3749"}],"wp:attachment":[{"href":"https:\/\/www.deakos.com\/es\/wp-json\/wp\/v2\/media?parent=3771"}],"wp:term":[{"taxonomy":"product_brand","embeddable":true,"href":"https:\/\/www.deakos.com\/es\/wp-json\/wp\/v2\/product_brand?post=3771"},{"taxonomy":"product_cat","embeddable":true,"href":"https:\/\/www.deakos.com\/es\/wp-json\/wp\/v2\/product_cat?post=3771"},{"taxonomy":"product_tag","embeddable":true,"href":"https:\/\/www.deakos.com\/es\/wp-json\/wp\/v2\/product_tag?post=3771"}],"curies":[{"name":"wp","href":"https:\/\/api.w.org\/{rel}","templated":true}]}}