{"id":3770,"date":"2025-03-18T16:39:41","date_gmt":"2025-03-18T16:39:41","guid":{"rendered":"https:\/\/demo.deakos.com\/?post_type=product&#038;p=3770"},"modified":"2025-10-28T12:02:36","modified_gmt":"2025-10-28T11:02:36","slug":"soluzione-menopausa-serena","status":"publish","type":"product","link":"https:\/\/www.deakos.com\/es\/prodotto\/soluzione-menopausa-serena\/","title":{"rendered":"SOLUCI\u00d3N MENOPAUSIA SERENA"},"content":{"rendered":"<div>\n<p>Si est\u00e1s en la menopausia o premenopausia y deseas prevenir e impedir las molestias relacionadas con la reducci\u00f3n de la funci\u00f3n ov\u00e1rica, el enfoque ideal es:<\/p>\n<ul>\n<li><strong>Ausilium Lavanda<\/strong>: 1 aplicaci\u00f3n a la semana<\/li>\n<\/ul>\n<p>\u2013 Para apoyar a los\u00a0<i>Lactobacilos<\/i>\u00a0de la flora de D\u00f6derlein<br \/>\n\u2013 Para preservar el pH y la hidrataci\u00f3n fisiol\u00f3gicos<br \/>\n\u2013 Por su acci\u00f3n antiinflamatoria y calmante<br \/>\n\u2013 Por su funci\u00f3n como inhibidor natural de bacterias y levaduras pat\u00f3genas, oportunistas en caso de rarefacci\u00f3n de la flora fisiol\u00f3gica<br \/>\n\u2013 Para impedir la formaci\u00f3n de biofilms pat\u00f3genos<\/p>\n<ul>\n<li><strong>Ausilium Crema<\/strong>: 1 aplicaci\u00f3n al d\u00eda, por la noche antes de acostarse<\/li>\n<\/ul>\n<p>\u2013 Por su acci\u00f3n reepitelizante y de apoyo al trofismo de las mucosas<br \/>\n\u2013 Por sus propiedades antiinflamatorias, calmantes, nutritivas e hidratantes<br \/>\n\u2013 Para interceptar las bacterias uropat\u00f3genas e impedir que asciendan hacia las v\u00edas urinarias<\/p>\n<ul>\n<li><strong>Ausilium Flora<\/strong>: 1 c\u00e1psula, por v\u00eda oral, con la cena; 10 d\u00edas al mes<\/li>\n<\/ul>\n<p>\u2013 Para favorecer el equilibrio de la flora de D\u00f6derlein<br \/>\n\u2013 Por sus propiedades t\u00f3nicas y antioxidantes<br \/>\n\u2013 Para reforzar las defensas inmunitarias fisiol\u00f3gicas<br \/>\n\u2013 Contribuye al mantenimiento de los tejidos y las mucosas<\/p>\n<ul>\n<li><strong>Heuresis<\/strong>: 1 comprimido al d\u00eda, con las comidas<\/li>\n<\/ul>\n<p>\u2013 Lucha contra los trastornos de la menopausia<br \/>\n\u2013 Favorece el trofismo del cuero cabelludo y los ap\u00e9ndices<\/p>\n<\/div>","protected":false},"excerpt":{"rendered":"<p>El enfoque ideal durante la premenopausia y la menopausia.<\/p>","protected":false},"featured_media":3748,"comment_status":"open","ping_status":"closed","template":"","meta":{"_acf_changed":false,"site-sidebar-layout":"default","site-content-layout":"","ast-site-content-layout":"default","site-content-style":"default","site-sidebar-style":"default","ast-global-header-display":"","ast-banner-title-visibility":"","ast-main-header-display":"","ast-hfb-above-header-display":"","ast-hfb-below-header-display":"","ast-hfb-mobile-header-display":"","site-post-title":"","ast-breadcrumbs-content":"","ast-featured-img":"","footer-sml-layout":"","theme-transparent-header-meta":"default","adv-header-id-meta":"","stick-header-meta":"","header-above-stick-meta":"","header-main-stick-meta":"","header-below-stick-meta":"","astra-migrate-meta-layouts":"set","ast-page-background-enabled":"default","ast-page-background-meta":{"desktop":{"background-color":"","background-image":"","background-repeat":"repeat","background-position":"center center","background-size":"auto","background-attachment":"scroll","background-type":"","background-media":"","overlay-type":"","overlay-color":"","overlay-opacity":"","overlay-gradient":""},"tablet":{"background-color":"","background-image":"","background-repeat":"repeat","background-position":"center center","background-size":"auto","background-attachment":"scroll","background-type":"","background-media":"","overlay-type":"","overlay-color":"","overlay-opacity":"","overlay-gradient":""},"mobile":{"background-color":"","background-image":"","background-repeat":"repeat","background-position":"center center","background-size":"auto","background-attachment":"scroll","background-type":"","background-media":"","overlay-type":"","overlay-color":"","overlay-opacity":"","overlay-gradient":""}},"ast-content-background-meta":{"desktop":{"background-color":"var(--ast-global-color-5)","background-image":"","background-repeat":"repeat","background-position":"center center","background-size":"auto","background-attachment":"scroll","background-type":"","background-media":"","overlay-type":"","overlay-color":"","overlay-opacity":"","overlay-gradient":""},"tablet":{"background-color":"var(--ast-global-color-5)","background-image":"","background-repeat":"repeat","background-position":"center center","background-size":"auto","background-attachment":"scroll","background-type":"","background-media":"","overlay-type":"","overlay-color":"","overlay-opacity":"","overlay-gradient":""},"mobile":{"background-color":"var(--ast-global-color-5)","background-image":"","background-repeat":"repeat","background-position":"center center","background-size":"auto","background-attachment":"scroll","background-type":"","background-media":"","overlay-type":"","overlay-color":"","overlay-opacity":"","overlay-gradient":""}}},"product_brand":[],"product_cat":[70],"product_tag":[],"class_list":{"0":"post-3770","1":"product","2":"type-product","3":"status-publish","4":"has-post-thumbnail","6":"product_cat-soluzioni-deakos","7":"desktop-align-left","8":"tablet-align-left","9":"mobile-align-left","11":"first","12":"instock","13":"taxable","14":"shipping-taxable","15":"purchasable","16":"product-type-bundle"},"bundled_by":[],"bundle_stock_status":"instock","bundle_stock_quantity":"","bundle_virtual":false,"bundle_layout":"tabular","bundle_add_to_cart_form_location":"default","bundle_editable_in_cart":false,"bundle_sold_individually_context":"product","bundle_item_grouping":"parent","bundle_min_size":"","bundle_max_size":"","bundle_price":{"price":{"min":{"incl_tax":"151.3","excl_tax":"124.016393"},"max":{"incl_tax":"151.3","excl_tax":"124.016393"}},"regular_price":{"min":{"incl_tax":"151.3","excl_tax":"124.016393"},"max":{"incl_tax":"151.3","excl_tax":"124.016393"}}},"bundled_items":[{"bundled_item_id":52,"product_id":3429,"menu_order":0,"quantity_min":1,"quantity_max":1,"quantity_default":1,"priced_individually":false,"shipped_individually":false,"override_title":false,"title":"AUSILIUM LAVANDA - 4 MONODOSE","override_description":false,"description":"","optional":false,"hide_thumbnail":false,"discount":"","override_variations":false,"allowed_variations":[],"override_default_variation_attributes":false,"default_variation_attributes":[],"single_product_visibility":"visible","cart_visibility":"visible","order_visibility":"visible","single_product_price_visibility":"visible","cart_price_visibility":"visible","order_price_visibility":"visible","stock_status":"in_stock"},{"bundled_item_id":53,"product_id":3435,"menu_order":1,"quantity_min":1,"quantity_max":1,"quantity_default":1,"priced_individually":false,"shipped_individually":false,"override_title":false,"title":"AUSILIUM FLORA","override_description":false,"description":"","optional":false,"hide_thumbnail":false,"discount":"","override_variations":false,"allowed_variations":[],"override_default_variation_attributes":false,"default_variation_attributes":[],"single_product_visibility":"visible","cart_visibility":"visible","order_visibility":"visible","single_product_price_visibility":"visible","cart_price_visibility":"visible","order_price_visibility":"visible","stock_status":"in_stock"},{"bundled_item_id":54,"product_id":3538,"menu_order":2,"quantity_min":1,"quantity_max":1,"quantity_default":1,"priced_individually":false,"shipped_individually":false,"override_title":false,"title":"HEURESIS","override_description":false,"description":"","optional":false,"hide_thumbnail":false,"discount":"","override_variations":false,"allowed_variations":[],"override_default_variation_attributes":false,"default_variation_attributes":[],"single_product_visibility":"visible","cart_visibility":"visible","order_visibility":"visible","single_product_price_visibility":"visible","cart_price_visibility":"visible","order_price_visibility":"visible","stock_status":"in_stock"},{"bundled_item_id":55,"product_id":3424,"menu_order":3,"quantity_min":4,"quantity_max":4,"quantity_default":4,"priced_individually":false,"shipped_individually":false,"override_title":false,"title":"AUSILIUM CREMA TUBO","override_description":false,"description":"","optional":false,"hide_thumbnail":false,"discount":"","override_variations":false,"allowed_variations":[],"override_default_variation_attributes":false,"default_variation_attributes":[],"single_product_visibility":"visible","cart_visibility":"visible","order_visibility":"visible","single_product_price_visibility":"visible","cart_price_visibility":"visible","order_price_visibility":"visible","stock_status":"in_stock"}],"bundle_sell_ids":[],"acf":[],"_links":{"self":[{"href":"https:\/\/www.deakos.com\/es\/wp-json\/wp\/v2\/product\/3770","targetHints":{"allow":["GET"]}}],"collection":[{"href":"https:\/\/www.deakos.com\/es\/wp-json\/wp\/v2\/product"}],"about":[{"href":"https:\/\/www.deakos.com\/es\/wp-json\/wp\/v2\/types\/product"}],"replies":[{"embeddable":true,"href":"https:\/\/www.deakos.com\/es\/wp-json\/wp\/v2\/comments?post=3770"}],"wp:featuredmedia":[{"embeddable":true,"href":"https:\/\/www.deakos.com\/es\/wp-json\/wp\/v2\/media\/3748"}],"wp:attachment":[{"href":"https:\/\/www.deakos.com\/es\/wp-json\/wp\/v2\/media?parent=3770"}],"wp:term":[{"taxonomy":"product_brand","embeddable":true,"href":"https:\/\/www.deakos.com\/es\/wp-json\/wp\/v2\/product_brand?post=3770"},{"taxonomy":"product_cat","embeddable":true,"href":"https:\/\/www.deakos.com\/es\/wp-json\/wp\/v2\/product_cat?post=3770"},{"taxonomy":"product_tag","embeddable":true,"href":"https:\/\/www.deakos.com\/es\/wp-json\/wp\/v2\/product_tag?post=3770"}],"curies":[{"name":"wp","href":"https:\/\/api.w.org\/{rel}","templated":true}]}}