{"id":3760,"date":"2025-03-18T15:53:13","date_gmt":"2025-03-18T15:53:13","guid":{"rendered":"https:\/\/demo.deakos.com\/?post_type=product&#038;p=3760"},"modified":"2025-12-15T14:20:33","modified_gmt":"2025-12-15T13:20:33","slug":"soluzione-equilibrio-vaginale","status":"publish","type":"product","link":"https:\/\/www.deakos.com\/es\/prodotto\/soluzione-equilibrio-vaginale\/","title":{"rendered":"SOLUCI\u00d3N EQUILIBRIO VAGINAL"},"content":{"rendered":"<div>\n<p>Si sufres molestias vaginales, vaginitis, disbiosis de la flora de D\u00f6derlein, ardor, picor, enrojecimiento u hormigueo, el enfoque ideal es:<\/p>\n<ul>\n<li><strong>Lenicand<\/strong>: 1 comprimido, almuerzo y cena, con las comidas<\/li>\n<\/ul>\n<p>\u2013 Para mantener y fortalecer la microbiota intestinal y vaginal<br \/>\n\u2013 Para combatir los estados de disbiosis<br \/>\n\u2013 Para reforzar las defensas inmunitarias fisiol\u00f3gicas<br \/>\n\u2013 Para inhibir el crecimiento de levaduras, bacterias y virus pat\u00f3genos<\/p>\n<ul>\n<li><strong>Ausilium Lavanda<\/strong>: 1 aplicaci\u00f3n a la semana<\/li>\n<\/ul>\n<p>\u2013 Para apoyar y reforzar los\u00a0<i>Lactobacilos<\/i>\u00a0de la flora de D\u00f6derlein<br \/>\n\u2013 Para preservar el pH y la hidrataci\u00f3n fisiol\u00f3gicos<br \/>\n\u2013 Por su acci\u00f3n antiinflamatoria y calmante<br \/>\n\u2013 Por su acci\u00f3n inhibidora natural contra bacterias y levaduras pat\u00f3genas, oportunistas en caso de rarefacci\u00f3n de la flora fisiol\u00f3gica<br \/>\n\u2013 Para prevenir la formaci\u00f3n de biofilms pat\u00f3genos<\/p>\n<ul>\n<li><strong>Ausilium Crema<\/strong>: 1 aplicaci\u00f3n al d\u00eda, por la noche antes de acostarse<\/li>\n<\/ul>\n<p>\u2013 Por su funci\u00f3n reepitelizante y de apoyo al trofismo de las mucosas<br \/>\n\u2013 Por sus propiedades antiinflamatorias, calmantes, nutritivas e hidratantes<br \/>\n\u2013 Para interceptar las bacterias uropat\u00f3genas e impedir que asciendan hacia las v\u00edas urinarias<\/p>\n<ul>\n<li><strong>Ausilium Flora<\/strong>: 1 c\u00e1psula, antes de acostarse (aplicada con Ausilium Crema); 10 d\u00edas al mes<\/li>\n<\/ul>\n<p>\u2013 Para favorecer el equilibrio de la flora de D\u00f6derlein<br \/>\n\u2013 Por sus propiedades t\u00f3nicas y antioxidantes<br \/>\n\u2013 Para reforzar las defensas inmunitarias fisiol\u00f3gicas<br \/>\n\u2013 Contribuye al mantenimiento de los tejidos y las mucosas<\/p>\n<ul>\n<li><strong>Ausilium Gel<\/strong>: 1 aplicaci\u00f3n durante cada relaci\u00f3n sexual<\/li>\n<\/ul>\n<p>\u2013 Por su acci\u00f3n lubricante e hidratante<br \/>\n\u2013 Para prevenir y evitar la formaci\u00f3n de microlesiones durante el coito<br \/>\n\u2013 Por sus propiedades calmantes y relajantes<br \/>\n\u2013 Para interceptar las bacterias pat\u00f3genas e impedir su adhesi\u00f3n a las mucosas y su proliferaci\u00f3n<\/p>\n<\/div>","protected":false},"excerpt":{"rendered":"<p>Si sufres de molestias vaginales, vaginitis, disbiosis de la flora de D\u00f6derlein, ardor, picaz\u00f3n o enrojecimiento.<\/p>","protected":false},"featured_media":3744,"comment_status":"open","ping_status":"closed","template":"","meta":{"_acf_changed":false,"site-sidebar-layout":"default","site-content-layout":"","ast-site-content-layout":"default","site-content-style":"default","site-sidebar-style":"default","ast-global-header-display":"","ast-banner-title-visibility":"","ast-main-header-display":"","ast-hfb-above-header-display":"","ast-hfb-below-header-display":"","ast-hfb-mobile-header-display":"","site-post-title":"","ast-breadcrumbs-content":"","ast-featured-img":"","footer-sml-layout":"","theme-transparent-header-meta":"default","adv-header-id-meta":"","stick-header-meta":"","header-above-stick-meta":"","header-main-stick-meta":"","header-below-stick-meta":"","astra-migrate-meta-layouts":"set","ast-page-background-enabled":"default","ast-page-background-meta":{"desktop":{"background-color":"","background-image":"","background-repeat":"repeat","background-position":"center center","background-size":"auto","background-attachment":"scroll","background-type":"","background-media":"","overlay-type":"","overlay-color":"","overlay-opacity":"","overlay-gradient":""},"tablet":{"background-color":"","background-image":"","background-repeat":"repeat","background-position":"center center","background-size":"auto","background-attachment":"scroll","background-type":"","background-media":"","overlay-type":"","overlay-color":"","overlay-opacity":"","overlay-gradient":""},"mobile":{"background-color":"","background-image":"","background-repeat":"repeat","background-position":"center center","background-size":"auto","background-attachment":"scroll","background-type":"","background-media":"","overlay-type":"","overlay-color":"","overlay-opacity":"","overlay-gradient":""}},"ast-content-background-meta":{"desktop":{"background-color":"var(--ast-global-color-5)","background-image":"","background-repeat":"repeat","background-position":"center center","background-size":"auto","background-attachment":"scroll","background-type":"","background-media":"","overlay-type":"","overlay-color":"","overlay-opacity":"","overlay-gradient":""},"tablet":{"background-color":"var(--ast-global-color-5)","background-image":"","background-repeat":"repeat","background-position":"center center","background-size":"auto","background-attachment":"scroll","background-type":"","background-media":"","overlay-type":"","overlay-color":"","overlay-opacity":"","overlay-gradient":""},"mobile":{"background-color":"var(--ast-global-color-5)","background-image":"","background-repeat":"repeat","background-position":"center center","background-size":"auto","background-attachment":"scroll","background-type":"","background-media":"","overlay-type":"","overlay-color":"","overlay-opacity":"","overlay-gradient":""}}},"product_brand":[],"product_cat":[70],"product_tag":[],"class_list":{"0":"post-3760","1":"product","2":"type-product","3":"status-publish","4":"has-post-thumbnail","6":"product_cat-soluzioni-deakos","7":"desktop-align-left","8":"tablet-align-left","9":"mobile-align-left","11":"first","12":"instock","13":"taxable","14":"shipping-taxable","15":"purchasable","16":"product-type-bundle"},"bundled_by":[],"bundle_stock_status":"instock","bundle_stock_quantity":"","bundle_virtual":false,"bundle_layout":"tabular","bundle_add_to_cart_form_location":"default","bundle_editable_in_cart":false,"bundle_sold_individually_context":"product","bundle_item_grouping":"parent","bundle_min_size":"","bundle_max_size":"","bundle_price":{"price":{"min":{"incl_tax":"142.5","excl_tax":"116.803279"},"max":{"incl_tax":"142.5","excl_tax":"116.803279"}},"regular_price":{"min":{"incl_tax":"142.5","excl_tax":"116.803279"},"max":{"incl_tax":"142.5","excl_tax":"116.803279"}}},"bundled_items":[{"bundled_item_id":15,"product_id":3423,"menu_order":0,"quantity_min":1,"quantity_max":1,"quantity_default":1,"priced_individually":false,"shipped_individually":false,"override_title":false,"title":"AUSILIUM CREMA AIRLESS","override_description":false,"description":"","optional":false,"hide_thumbnail":false,"discount":"","override_variations":false,"allowed_variations":[],"override_default_variation_attributes":false,"default_variation_attributes":[],"single_product_visibility":"visible","cart_visibility":"visible","order_visibility":"visible","single_product_price_visibility":"visible","cart_price_visibility":"visible","order_price_visibility":"visible","stock_status":"in_stock"},{"bundled_item_id":16,"product_id":3557,"menu_order":1,"quantity_min":2,"quantity_max":2,"quantity_default":2,"priced_individually":false,"shipped_individually":false,"override_title":false,"title":"LENICAND","override_description":false,"description":"","optional":false,"hide_thumbnail":false,"discount":"","override_variations":false,"allowed_variations":[],"override_default_variation_attributes":false,"default_variation_attributes":[],"single_product_visibility":"visible","cart_visibility":"visible","order_visibility":"visible","single_product_price_visibility":"visible","cart_price_visibility":"visible","order_price_visibility":"visible","stock_status":"in_stock"},{"bundled_item_id":17,"product_id":3429,"menu_order":2,"quantity_min":1,"quantity_max":1,"quantity_default":1,"priced_individually":false,"shipped_individually":false,"override_title":false,"title":"AUSILIUM LAVANDA - 4 MONODOSE","override_description":false,"description":"","optional":false,"hide_thumbnail":false,"discount":"","override_variations":false,"allowed_variations":[],"override_default_variation_attributes":false,"default_variation_attributes":[],"single_product_visibility":"visible","cart_visibility":"visible","order_visibility":"visible","single_product_price_visibility":"visible","cart_price_visibility":"visible","order_price_visibility":"visible","stock_status":"in_stock"},{"bundled_item_id":18,"product_id":3761,"menu_order":3,"quantity_min":1,"quantity_max":1,"quantity_default":1,"priced_individually":false,"shipped_individually":false,"override_title":false,"title":"AUSILIUM GEL","override_description":false,"description":"","optional":false,"hide_thumbnail":false,"discount":"","override_variations":false,"allowed_variations":[],"override_default_variation_attributes":false,"default_variation_attributes":[],"single_product_visibility":"visible","cart_visibility":"visible","order_visibility":"visible","single_product_price_visibility":"visible","cart_price_visibility":"visible","order_price_visibility":"visible","stock_status":"in_stock"},{"bundled_item_id":19,"product_id":3435,"menu_order":4,"quantity_min":1,"quantity_max":1,"quantity_default":1,"priced_individually":false,"shipped_individually":false,"override_title":false,"title":"AUSILIUM FLORA","override_description":false,"description":"","optional":false,"hide_thumbnail":false,"discount":"","override_variations":false,"allowed_variations":[],"override_default_variation_attributes":false,"default_variation_attributes":[],"single_product_visibility":"visible","cart_visibility":"visible","order_visibility":"visible","single_product_price_visibility":"visible","cart_price_visibility":"visible","order_price_visibility":"visible","stock_status":"in_stock"}],"bundle_sell_ids":[],"acf":[],"_links":{"self":[{"href":"https:\/\/www.deakos.com\/es\/wp-json\/wp\/v2\/product\/3760","targetHints":{"allow":["GET"]}}],"collection":[{"href":"https:\/\/www.deakos.com\/es\/wp-json\/wp\/v2\/product"}],"about":[{"href":"https:\/\/www.deakos.com\/es\/wp-json\/wp\/v2\/types\/product"}],"replies":[{"embeddable":true,"href":"https:\/\/www.deakos.com\/es\/wp-json\/wp\/v2\/comments?post=3760"}],"wp:featuredmedia":[{"embeddable":true,"href":"https:\/\/www.deakos.com\/es\/wp-json\/wp\/v2\/media\/3744"}],"wp:attachment":[{"href":"https:\/\/www.deakos.com\/es\/wp-json\/wp\/v2\/media?parent=3760"}],"wp:term":[{"taxonomy":"product_brand","embeddable":true,"href":"https:\/\/www.deakos.com\/es\/wp-json\/wp\/v2\/product_brand?post=3760"},{"taxonomy":"product_cat","embeddable":true,"href":"https:\/\/www.deakos.com\/es\/wp-json\/wp\/v2\/product_cat?post=3760"},{"taxonomy":"product_tag","embeddable":true,"href":"https:\/\/www.deakos.com\/es\/wp-json\/wp\/v2\/product_tag?post=3760"}],"curies":[{"name":"wp","href":"https:\/\/api.w.org\/{rel}","templated":true}]}}