{"id":3611,"date":"2025-03-07T10:27:21","date_gmt":"2025-03-07T10:27:21","guid":{"rendered":"https:\/\/demo.deakos.com\/?post_type=product&#038;p=3611"},"modified":"2026-01-14T11:40:22","modified_gmt":"2026-01-14T10:40:22","slug":"xerem-tubo-250ml","status":"publish","type":"product","link":"https:\/\/www.deakos.com\/es\/prodotto\/xerem-tubo-250ml\/","title":{"rendered":"XEREM frasco 250 ml"},"content":{"rendered":"<div><strong>CON:<\/strong> NONI, CALOSTRO, CAL\u00c9NDULA, HAMAMELIS, VITAMINA E, ACEITE DE OLIVA, \u00c1CIDO HIALUR\u00d3NICO<br \/>\n<strong>\u00datil en caso de:<\/strong><\/p>\n<ul>\n<li>Dermatitis, enrojecimiento, eritemas, quemaduras solares, quemaduras leves<\/li>\n<li>Contacto con agentes urticantes<\/li>\n<li>Lesiones: \u00falceras por presi\u00f3n, \u00falceras superficiales, descamaci\u00f3n cut\u00e1nea, retrasos en la cicatrizaci\u00f3n, pie diab\u00e9tico<\/li>\n<li>Hemorroides<\/li>\n<li>Vaginitis, vestibulitis vulvar y vulvodinia<\/li>\n<li>Distrofia y atrofia vulvovaginal<\/li>\n<\/ul>\n<p><strong>Propiedades<\/strong><\/p>\n<ul>\n<li>Acci\u00f3n reepitelizante, cicatrizante y protectora<\/li>\n<li>Acci\u00f3n antiinflamatoria y antioxidante<\/li>\n<li>Contiene principios activos bacterianos y fungicidas<\/li>\n<li>Favorece el trofismo y las propiedades fisiol\u00f3gicas de los tejidos<\/li>\n<\/ul>\n<\/div>","protected":false},"excerpt":{"rendered":"<p>Crema en frasco de 250 ml<\/p>","protected":false},"featured_media":3725,"comment_status":"open","ping_status":"closed","template":"","meta":{"_acf_changed":false,"site-sidebar-layout":"default","site-content-layout":"default","ast-site-content-layout":"default","site-content-style":"default","site-sidebar-style":"default","ast-global-header-display":"","ast-banner-title-visibility":"","ast-main-header-display":"","ast-hfb-above-header-display":"","ast-hfb-below-header-display":"","ast-hfb-mobile-header-display":"","site-post-title":"","ast-breadcrumbs-content":"","ast-featured-img":"","footer-sml-layout":"","theme-transparent-header-meta":"default","adv-header-id-meta":"","stick-header-meta":"","header-above-stick-meta":"","header-main-stick-meta":"","header-below-stick-meta":"","astra-migrate-meta-layouts":"set","ast-page-background-enabled":"default","ast-page-background-meta":{"desktop":{"background-color":"","background-image":"","background-repeat":"repeat","background-position":"center center","background-size":"auto","background-attachment":"scroll","background-type":"","background-media":"","overlay-type":"","overlay-color":"","overlay-opacity":"","overlay-gradient":""},"tablet":{"background-color":"","background-image":"","background-repeat":"repeat","background-position":"center center","background-size":"auto","background-attachment":"scroll","background-type":"","background-media":"","overlay-type":"","overlay-color":"","overlay-opacity":"","overlay-gradient":""},"mobile":{"background-color":"","background-image":"","background-repeat":"repeat","background-position":"center center","background-size":"auto","background-attachment":"scroll","background-type":"","background-media":"","overlay-type":"","overlay-color":"","overlay-opacity":"","overlay-gradient":""}},"ast-content-background-meta":{"desktop":{"background-color":"var(--ast-global-color-5)","background-image":"","background-repeat":"repeat","background-position":"center center","background-size":"auto","background-attachment":"scroll","background-type":"","background-media":"","overlay-type":"","overlay-color":"","overlay-opacity":"","overlay-gradient":""},"tablet":{"background-color":"var(--ast-global-color-5)","background-image":"","background-repeat":"repeat","background-position":"center center","background-size":"auto","background-attachment":"scroll","background-type":"","background-media":"","overlay-type":"","overlay-color":"","overlay-opacity":"","overlay-gradient":""},"mobile":{"background-color":"var(--ast-global-color-5)","background-image":"","background-repeat":"repeat","background-position":"center center","background-size":"auto","background-attachment":"scroll","background-type":"","background-media":"","overlay-type":"","overlay-color":"","overlay-opacity":"","overlay-gradient":""}}},"product_brand":[],"product_cat":[117,162,165,164,122,168],"product_tag":[233],"class_list":{"0":"post-3611","1":"product","2":"type-product","3":"status-publish","4":"has-post-thumbnail","6":"product_cat-urologia-e-ginecologia","7":"product_cat-diabetologia","8":"product_cat-geriatria","9":"product_cat-pediatria","10":"product_cat-podologia","11":"product_cat-sport","12":"product_tag-winter","13":"pa_forma-crema","14":"pa_sintomi-desquamazione","15":"pa_sintomi-distrofia-delle-mucose","16":"pa_sintomi-infiammazione","17":"pa_sintomi-prurito","18":"desktop-align-left","19":"tablet-align-left","20":"mobile-align-left","22":"first","23":"instock","24":"taxable","25":"shipping-taxable","26":"purchasable","27":"product-type-simple"},"bundled_by":[],"bundle_stock_status":"instock","bundle_stock_quantity":null,"bundle_virtual":false,"bundle_layout":"","bundle_add_to_cart_form_location":"","bundle_editable_in_cart":false,"bundle_sold_individually_context":"","bundle_item_grouping":"","bundle_min_size":"","bundle_max_size":"","bundle_price":[],"bundled_items":[],"bundle_sell_ids":[],"acf":[],"_links":{"self":[{"href":"https:\/\/www.deakos.com\/es\/wp-json\/wp\/v2\/product\/3611","targetHints":{"allow":["GET"]}}],"collection":[{"href":"https:\/\/www.deakos.com\/es\/wp-json\/wp\/v2\/product"}],"about":[{"href":"https:\/\/www.deakos.com\/es\/wp-json\/wp\/v2\/types\/product"}],"replies":[{"embeddable":true,"href":"https:\/\/www.deakos.com\/es\/wp-json\/wp\/v2\/comments?post=3611"}],"wp:featuredmedia":[{"embeddable":true,"href":"https:\/\/www.deakos.com\/es\/wp-json\/wp\/v2\/media\/3725"}],"wp:attachment":[{"href":"https:\/\/www.deakos.com\/es\/wp-json\/wp\/v2\/media?parent=3611"}],"wp:term":[{"taxonomy":"product_brand","embeddable":true,"href":"https:\/\/www.deakos.com\/es\/wp-json\/wp\/v2\/product_brand?post=3611"},{"taxonomy":"product_cat","embeddable":true,"href":"https:\/\/www.deakos.com\/es\/wp-json\/wp\/v2\/product_cat?post=3611"},{"taxonomy":"product_tag","embeddable":true,"href":"https:\/\/www.deakos.com\/es\/wp-json\/wp\/v2\/product_tag?post=3611"}],"curies":[{"name":"wp","href":"https:\/\/api.w.org\/{rel}","templated":true}]}}