{"id":3605,"date":"2025-03-07T10:11:43","date_gmt":"2025-03-07T10:11:43","guid":{"rendered":"https:\/\/demo.deakos.com\/?post_type=product&#038;p=3605"},"modified":"2026-01-14T11:40:22","modified_gmt":"2026-01-14T10:40:22","slug":"xerem-spray","status":"publish","type":"product","link":"https:\/\/www.deakos.com\/es\/prodotto\/xerem-spray\/","title":{"rendered":"XEREM SPRAY"},"content":{"rendered":"<div><strong>CON:<\/strong> MORINDA CITRIFOLIA \u2013 VITAMINA E \u2013 CALOSTRO \u2013 \u00c1CIDO HIALUR\u00d3NICO<br \/>\n<strong>\u00datil en caso de:<\/strong><\/p>\n<ul>\n<li>Dermatitis, enrojecimiento, eritemas, quemaduras solares, quemaduras leves<\/li>\n<li>Contacto con agentes urticantes<\/li>\n<li>Lesiones: \u00falceras por presi\u00f3n, \u00falceras superficiales, descamaci\u00f3n cut\u00e1nea, retrasos en la cicatrizaci\u00f3n, pie diab\u00e9tico<\/li>\n<li>Hemorroides<\/li>\n<li>Vaginitis, vestibulitis vulvar y vulvodinia<\/li>\n<li>Distrofia y atrofia vulvovaginal<\/li>\n<\/ul>\n<p><strong>Propiedades<\/strong><\/p>\n<ul>\n<li>Acci\u00f3n reepitelizante, cicatrizante y protectora<\/li>\n<li>Acci\u00f3n antiinflamatoria y antioxidante<\/li>\n<li>Contiene principios activos bacterianos y fungicidas<\/li>\n<li>Favorece el trofismo y las propiedades fisiol\u00f3gicas de los tejidos<\/li>\n<\/ul>\n<\/div>","protected":false},"excerpt":{"rendered":"<p>Loci\u00f3n en spray de 100 ml<\/p>","protected":false},"featured_media":3719,"comment_status":"open","ping_status":"closed","template":"","meta":{"_acf_changed":false,"site-sidebar-layout":"default","site-content-layout":"default","ast-site-content-layout":"default","site-content-style":"default","site-sidebar-style":"default","ast-global-header-display":"","ast-banner-title-visibility":"","ast-main-header-display":"","ast-hfb-above-header-display":"","ast-hfb-below-header-display":"","ast-hfb-mobile-header-display":"","site-post-title":"","ast-breadcrumbs-content":"","ast-featured-img":"","footer-sml-layout":"","theme-transparent-header-meta":"default","adv-header-id-meta":"","stick-header-meta":"","header-above-stick-meta":"","header-main-stick-meta":"","header-below-stick-meta":"","astra-migrate-meta-layouts":"set","ast-page-background-enabled":"default","ast-page-background-meta":{"desktop":{"background-color":"","background-image":"","background-repeat":"repeat","background-position":"center center","background-size":"auto","background-attachment":"scroll","background-type":"","background-media":"","overlay-type":"","overlay-color":"","overlay-opacity":"","overlay-gradient":""},"tablet":{"background-color":"","background-image":"","background-repeat":"repeat","background-position":"center center","background-size":"auto","background-attachment":"scroll","background-type":"","background-media":"","overlay-type":"","overlay-color":"","overlay-opacity":"","overlay-gradient":""},"mobile":{"background-color":"","background-image":"","background-repeat":"repeat","background-position":"center center","background-size":"auto","background-attachment":"scroll","background-type":"","background-media":"","overlay-type":"","overlay-color":"","overlay-opacity":"","overlay-gradient":""}},"ast-content-background-meta":{"desktop":{"background-color":"var(--ast-global-color-5)","background-image":"","background-repeat":"repeat","background-position":"center center","background-size":"auto","background-attachment":"scroll","background-type":"","background-media":"","overlay-type":"","overlay-color":"","overlay-opacity":"","overlay-gradient":""},"tablet":{"background-color":"var(--ast-global-color-5)","background-image":"","background-repeat":"repeat","background-position":"center center","background-size":"auto","background-attachment":"scroll","background-type":"","background-media":"","overlay-type":"","overlay-color":"","overlay-opacity":"","overlay-gradient":""},"mobile":{"background-color":"var(--ast-global-color-5)","background-image":"","background-repeat":"repeat","background-position":"center center","background-size":"auto","background-attachment":"scroll","background-type":"","background-media":"","overlay-type":"","overlay-color":"","overlay-opacity":"","overlay-gradient":""}}},"product_brand":[],"product_cat":[165],"product_tag":[233],"class_list":{"0":"post-3605","1":"product","2":"type-product","3":"status-publish","4":"has-post-thumbnail","6":"product_cat-geriatria","7":"product_tag-winter","8":"pa_forma-polvere","9":"desktop-align-left","10":"tablet-align-left","11":"mobile-align-left","13":"first","14":"instock","15":"taxable","16":"shipping-taxable","17":"purchasable","18":"product-type-simple"},"bundled_by":[],"bundle_stock_status":"instock","bundle_stock_quantity":null,"bundle_virtual":false,"bundle_layout":"","bundle_add_to_cart_form_location":"","bundle_editable_in_cart":false,"bundle_sold_individually_context":"","bundle_item_grouping":"","bundle_min_size":"","bundle_max_size":"","bundle_price":[],"bundled_items":[],"bundle_sell_ids":[],"acf":[],"_links":{"self":[{"href":"https:\/\/www.deakos.com\/es\/wp-json\/wp\/v2\/product\/3605","targetHints":{"allow":["GET"]}}],"collection":[{"href":"https:\/\/www.deakos.com\/es\/wp-json\/wp\/v2\/product"}],"about":[{"href":"https:\/\/www.deakos.com\/es\/wp-json\/wp\/v2\/types\/product"}],"replies":[{"embeddable":true,"href":"https:\/\/www.deakos.com\/es\/wp-json\/wp\/v2\/comments?post=3605"}],"wp:featuredmedia":[{"embeddable":true,"href":"https:\/\/www.deakos.com\/es\/wp-json\/wp\/v2\/media\/3719"}],"wp:attachment":[{"href":"https:\/\/www.deakos.com\/es\/wp-json\/wp\/v2\/media?parent=3605"}],"wp:term":[{"taxonomy":"product_brand","embeddable":true,"href":"https:\/\/www.deakos.com\/es\/wp-json\/wp\/v2\/product_brand?post=3605"},{"taxonomy":"product_cat","embeddable":true,"href":"https:\/\/www.deakos.com\/es\/wp-json\/wp\/v2\/product_cat?post=3605"},{"taxonomy":"product_tag","embeddable":true,"href":"https:\/\/www.deakos.com\/es\/wp-json\/wp\/v2\/product_tag?post=3605"}],"curies":[{"name":"wp","href":"https:\/\/api.w.org\/{rel}","templated":true}]}}