{"id":3492,"date":"2025-03-06T10:59:49","date_gmt":"2025-03-06T10:59:49","guid":{"rendered":"https:\/\/demo.deakos.com\/?post_type=product&#038;p=3492"},"modified":"2026-01-14T11:38:43","modified_gmt":"2026-01-14T10:38:43","slug":"d-mannoro","status":"publish","type":"product","link":"https:\/\/www.deakos.com\/es\/prodotto\/d-mannoro\/","title":{"rendered":"D-MANNORO"},"content":{"rendered":"<div><strong>CON<\/strong>: D-MANOSA<br \/>\n<strong>\u00datil en caso de:<\/strong><\/p>\n<ul>\n<li>Cistitis post coital<\/li>\n<li>Cistitis aguda<\/li>\n<li>Cistitis por colon irritable o trastornos intestinales<\/li>\n<li>Colon irritable, disbiosis intestinal, SIBO<\/li>\n<\/ul>\n<p><strong>Propiedades<\/strong><\/p>\n<ul>\n<li>Inhibe la adherencia de las principales bacterias uropat\u00f3genas a la mucosa vesical<\/li>\n<li>Favorece la eliminaci\u00f3n de las bacterias uropat\u00f3genas de la mucosa vesical<\/li>\n<li>Contribuye a la r\u00e1pida eliminaci\u00f3n de las bacterias uropat\u00f3genas con el flujo urinario<\/li>\n<li>Promueve la reepitelizaci\u00f3n del urotelio<\/li>\n<li>Ingesta sublingual<\/li>\n<li>Ingesta sin agua<\/li>\n<li>Mejor biodisponibilidad de D-Manosa<\/li>\n<li>Acci\u00f3n m\u00e1s r\u00e1pida en la vejiga<\/li>\n<\/ul>\n<\/div>","protected":false},"excerpt":{"rendered":"<p>Complemento alimenticio con D-Manosa orosoluble \u2013 30 sobres<\/p>","protected":false},"featured_media":3493,"comment_status":"open","ping_status":"closed","template":"","meta":{"_acf_changed":false,"site-sidebar-layout":"default","site-content-layout":"","ast-site-content-layout":"default","site-content-style":"default","site-sidebar-style":"default","ast-global-header-display":"","ast-banner-title-visibility":"","ast-main-header-display":"","ast-hfb-above-header-display":"","ast-hfb-below-header-display":"","ast-hfb-mobile-header-display":"","site-post-title":"","ast-breadcrumbs-content":"","ast-featured-img":"","footer-sml-layout":"","theme-transparent-header-meta":"default","adv-header-id-meta":"","stick-header-meta":"","header-above-stick-meta":"","header-main-stick-meta":"","header-below-stick-meta":"","astra-migrate-meta-layouts":"set","ast-page-background-enabled":"default","ast-page-background-meta":{"desktop":{"background-color":"","background-image":"","background-repeat":"repeat","background-position":"center center","background-size":"auto","background-attachment":"scroll","background-type":"","background-media":"","overlay-type":"","overlay-color":"","overlay-opacity":"","overlay-gradient":""},"tablet":{"background-color":"","background-image":"","background-repeat":"repeat","background-position":"center center","background-size":"auto","background-attachment":"scroll","background-type":"","background-media":"","overlay-type":"","overlay-color":"","overlay-opacity":"","overlay-gradient":""},"mobile":{"background-color":"","background-image":"","background-repeat":"repeat","background-position":"center center","background-size":"auto","background-attachment":"scroll","background-type":"","background-media":"","overlay-type":"","overlay-color":"","overlay-opacity":"","overlay-gradient":""}},"ast-content-background-meta":{"desktop":{"background-color":"var(--ast-global-color-5)","background-image":"","background-repeat":"repeat","background-position":"center center","background-size":"auto","background-attachment":"scroll","background-type":"","background-media":"","overlay-type":"","overlay-color":"","overlay-opacity":"","overlay-gradient":""},"tablet":{"background-color":"var(--ast-global-color-5)","background-image":"","background-repeat":"repeat","background-position":"center center","background-size":"auto","background-attachment":"scroll","background-type":"","background-media":"","overlay-type":"","overlay-color":"","overlay-opacity":"","overlay-gradient":""},"mobile":{"background-color":"var(--ast-global-color-5)","background-image":"","background-repeat":"repeat","background-position":"center center","background-size":"auto","background-attachment":"scroll","background-type":"","background-media":"","overlay-type":"","overlay-color":"","overlay-opacity":"","overlay-gradient":""}}},"product_brand":[],"product_cat":[117,120,165,164],"product_tag":[233],"class_list":{"0":"post-3492","1":"product","2":"type-product","3":"status-publish","4":"has-post-thumbnail","6":"product_cat-urologia-e-ginecologia","7":"product_cat-difese-immunitarie","8":"product_cat-geriatria","9":"product_cat-pediatria","10":"product_tag-winter","11":"pa_forma-polvere-orosolubile","12":"pa_sintomi-bruciore-alla-minzione","13":"pa_sintomi-peso-pelvico","14":"pa_sintomi-tensione","15":"pa_sintomi-urgenza-e-frequenza","16":"desktop-align-left","17":"tablet-align-left","18":"mobile-align-left","20":"first","21":"instock","22":"taxable","23":"shipping-taxable","24":"purchasable","25":"product-type-simple"},"bundled_by":["3769","3508","2537"],"bundle_stock_status":"instock","bundle_stock_quantity":null,"bundle_virtual":false,"bundle_layout":"","bundle_add_to_cart_form_location":"","bundle_editable_in_cart":false,"bundle_sold_individually_context":"","bundle_item_grouping":"","bundle_min_size":"","bundle_max_size":"","bundle_price":[],"bundled_items":[],"bundle_sell_ids":[],"acf":[],"_links":{"self":[{"href":"https:\/\/www.deakos.com\/es\/wp-json\/wp\/v2\/product\/3492","targetHints":{"allow":["GET"]}}],"collection":[{"href":"https:\/\/www.deakos.com\/es\/wp-json\/wp\/v2\/product"}],"about":[{"href":"https:\/\/www.deakos.com\/es\/wp-json\/wp\/v2\/types\/product"}],"replies":[{"embeddable":true,"href":"https:\/\/www.deakos.com\/es\/wp-json\/wp\/v2\/comments?post=3492"}],"wp:featuredmedia":[{"embeddable":true,"href":"https:\/\/www.deakos.com\/es\/wp-json\/wp\/v2\/media\/3493"}],"wp:attachment":[{"href":"https:\/\/www.deakos.com\/es\/wp-json\/wp\/v2\/media?parent=3492"}],"wp:term":[{"taxonomy":"product_brand","embeddable":true,"href":"https:\/\/www.deakos.com\/es\/wp-json\/wp\/v2\/product_brand?post=3492"},{"taxonomy":"product_cat","embeddable":true,"href":"https:\/\/www.deakos.com\/es\/wp-json\/wp\/v2\/product_cat?post=3492"},{"taxonomy":"product_tag","embeddable":true,"href":"https:\/\/www.deakos.com\/es\/wp-json\/wp\/v2\/product_tag?post=3492"}],"curies":[{"name":"wp","href":"https:\/\/api.w.org\/{rel}","templated":true}]}}