{"id":3471,"date":"2025-03-06T10:14:42","date_gmt":"2025-03-06T10:14:42","guid":{"rendered":"https:\/\/demo.deakos.com\/?post_type=product&#038;p=3471"},"modified":"2026-01-14T11:37:34","modified_gmt":"2026-01-14T10:37:34","slug":"ausilium-nac","status":"publish","type":"product","link":"https:\/\/www.deakos.com\/es\/prodotto\/ausilium-nac\/","title":{"rendered":"AUSILIUM NAC"},"content":{"rendered":"<div><strong>CON:<\/strong> D-MANOSA, MORINDA CITRIFOLIA, N-ACETILCISTEINA, LACTOFERRINA<br \/>\n<strong>\u00datil en caso de:<\/strong><\/p>\n<ul>\n<li>Cistitis recurrente<\/li>\n<li>Cistitis cr\u00f3nica<\/li>\n<li>Presencia de biofilms pat\u00f3genos<\/li>\n<li>Alternancia de cultivos de orina positivos y negativos<\/li>\n<li>Cepas bacterianas diferentes en los cultivos de orina<\/li>\n<\/ul>\n<p><strong>Propiedades<\/strong><\/p>\n<ul>\n<li>Desintegra la matriz polisac\u00e1rida de los biofilms pat\u00f3genos maduros<\/li>\n<li>Impedisce l\u2019aggregazione batterica, primo step per la formazione di nuovi biofilm<\/li>\n<li>Inhibe el crecimiento de cepas f\u00fangicas pat\u00f3genas (levaduras)<\/li>\n<li>Inhibe la adherencia de las principales bacterias uropat\u00f3genas a la mucosa vesical<\/li>\n<li>Favorece la eliminaci\u00f3n de las bacterias uropat\u00f3genas de la mucosa vesical<\/li>\n<li>Contribuye a la r\u00e1pida eliminaci\u00f3n de las bacterias uropat\u00f3genas con el flujo urinario<\/li>\n<li>Promueve la reepitelizaci\u00f3n del urotelio<\/li>\n<li>Refuerza las defensas inmunitarias<\/li>\n<li>Tiene acci\u00f3n antiinflamatoria y calmante<\/li>\n<li>Precursor del glutati\u00f3n y acci\u00f3n antioxidante<\/li>\n<\/ul>\n<\/div>","protected":false},"excerpt":{"rendered":"<p>Complemento alimenticio con D-Manosa y N-Acetilciste\u00edna \u2013 14 frascos<\/p>","protected":false},"featured_media":4088,"comment_status":"open","ping_status":"closed","template":"","meta":{"_acf_changed":false,"site-sidebar-layout":"default","site-content-layout":"default","ast-site-content-layout":"default","site-content-style":"default","site-sidebar-style":"default","ast-global-header-display":"","ast-banner-title-visibility":"","ast-main-header-display":"","ast-hfb-above-header-display":"","ast-hfb-below-header-display":"","ast-hfb-mobile-header-display":"","site-post-title":"","ast-breadcrumbs-content":"","ast-featured-img":"","footer-sml-layout":"","theme-transparent-header-meta":"default","adv-header-id-meta":"","stick-header-meta":"","header-above-stick-meta":"","header-main-stick-meta":"","header-below-stick-meta":"","astra-migrate-meta-layouts":"set","ast-page-background-enabled":"default","ast-page-background-meta":{"desktop":{"background-color":"","background-image":"","background-repeat":"repeat","background-position":"center center","background-size":"auto","background-attachment":"scroll","background-type":"","background-media":"","overlay-type":"","overlay-color":"","overlay-opacity":"","overlay-gradient":""},"tablet":{"background-color":"","background-image":"","background-repeat":"repeat","background-position":"center center","background-size":"auto","background-attachment":"scroll","background-type":"","background-media":"","overlay-type":"","overlay-color":"","overlay-opacity":"","overlay-gradient":""},"mobile":{"background-color":"","background-image":"","background-repeat":"repeat","background-position":"center center","background-size":"auto","background-attachment":"scroll","background-type":"","background-media":"","overlay-type":"","overlay-color":"","overlay-opacity":"","overlay-gradient":""}},"ast-content-background-meta":{"desktop":{"background-color":"var(--ast-global-color-5)","background-image":"","background-repeat":"repeat","background-position":"center center","background-size":"auto","background-attachment":"scroll","background-type":"","background-media":"","overlay-type":"","overlay-color":"","overlay-opacity":"","overlay-gradient":""},"tablet":{"background-color":"var(--ast-global-color-5)","background-image":"","background-repeat":"repeat","background-position":"center center","background-size":"auto","background-attachment":"scroll","background-type":"","background-media":"","overlay-type":"","overlay-color":"","overlay-opacity":"","overlay-gradient":""},"mobile":{"background-color":"var(--ast-global-color-5)","background-image":"","background-repeat":"repeat","background-position":"center center","background-size":"auto","background-attachment":"scroll","background-type":"","background-media":"","overlay-type":"","overlay-color":"","overlay-opacity":"","overlay-gradient":""}}},"product_brand":[],"product_cat":[117,165,164],"product_tag":[233],"class_list":{"0":"post-3471","1":"product","2":"type-product","3":"status-publish","4":"has-post-thumbnail","6":"product_cat-urologia-e-ginecologia","7":"product_cat-geriatria","8":"product_cat-pediatria","9":"product_tag-winter","10":"pa_forma-liquido","11":"pa_sintomi-bruciore-alla-minzione","12":"pa_sintomi-peso-pelvico","13":"pa_sintomi-tensione","14":"pa_sintomi-urgenza-e-frequenza","15":"desktop-align-left","16":"tablet-align-left","17":"mobile-align-left","19":"first","20":"instock","21":"taxable","22":"shipping-taxable","23":"purchasable","24":"product-type-simple"},"bundled_by":["3775","3776","3777","3779","3780","3781","3508","2537"],"bundle_stock_status":"instock","bundle_stock_quantity":null,"bundle_virtual":false,"bundle_layout":"","bundle_add_to_cart_form_location":"","bundle_editable_in_cart":false,"bundle_sold_individually_context":"","bundle_item_grouping":"","bundle_min_size":"","bundle_max_size":"","bundle_price":[],"bundled_items":[],"bundle_sell_ids":[],"acf":[],"_links":{"self":[{"href":"https:\/\/www.deakos.com\/es\/wp-json\/wp\/v2\/product\/3471","targetHints":{"allow":["GET"]}}],"collection":[{"href":"https:\/\/www.deakos.com\/es\/wp-json\/wp\/v2\/product"}],"about":[{"href":"https:\/\/www.deakos.com\/es\/wp-json\/wp\/v2\/types\/product"}],"replies":[{"embeddable":true,"href":"https:\/\/www.deakos.com\/es\/wp-json\/wp\/v2\/comments?post=3471"}],"wp:featuredmedia":[{"embeddable":true,"href":"https:\/\/www.deakos.com\/es\/wp-json\/wp\/v2\/media\/4088"}],"wp:attachment":[{"href":"https:\/\/www.deakos.com\/es\/wp-json\/wp\/v2\/media?parent=3471"}],"wp:term":[{"taxonomy":"product_brand","embeddable":true,"href":"https:\/\/www.deakos.com\/es\/wp-json\/wp\/v2\/product_brand?post=3471"},{"taxonomy":"product_cat","embeddable":true,"href":"https:\/\/www.deakos.com\/es\/wp-json\/wp\/v2\/product_cat?post=3471"},{"taxonomy":"product_tag","embeddable":true,"href":"https:\/\/www.deakos.com\/es\/wp-json\/wp\/v2\/product_tag?post=3471"}],"curies":[{"name":"wp","href":"https:\/\/api.w.org\/{rel}","templated":true}]}}