{"id":3,"date":"2024-11-15T08:28:39","date_gmt":"2024-11-15T08:28:39","guid":{"rendered":"https:\/\/demo.deakos.com\/?page_id=3"},"modified":"2025-01-13T09:17:46","modified_gmt":"2025-01-13T09:17:46","slug":"politica-de-privacidad","status":"publish","type":"page","link":"https:\/\/www.deakos.com\/es\/privacy-policy\/","title":{"rendered":"Pol\u00edtica de privacidad"},"content":{"rendered":"<div data-elementor-type=\"wp-page\" data-elementor-id=\"3\" class=\"elementor elementor-3\" data-elementor-post-type=\"page\">\n\t\t\t\t<div class=\"elementor-element elementor-element-385f4d68 e-flex e-con-boxed e-con e-parent\" data-id=\"385f4d68\" data-element_type=\"container\">\n\t\t\t\t\t<div class=\"e-con-inner\">\n\t\t\t\t<div class=\"elementor-element elementor-element-7dc0728 elementor-widget elementor-widget-text-editor\" data-id=\"7dc0728\" data-element_type=\"widget\" data-widget_type=\"text-editor.default\">\n\t\t\t\t<div class=\"elementor-widget-container\">\n\t\t\t\t\t\t\t\t\t<div class=\"elementor-element elementor-element-d61e628 elementor-widget elementor-widget-text-editor\" data-id=\"d61e628\" data-element_type=\"widget\" data-widget_type=\"text-editor.default\">\n<div class=\"elementor-widget-container\">\n<h4><strong>Pol\u00edtica de privacidad<\/strong><\/h4>\n<p>En cumplimiento de las obligaciones derivadas de la legislaci\u00f3n nacional (Decreto Legislativo n.\u00ba 196 de 30 de junio de 2003, C\u00f3digo de Protecci\u00f3n de Datos Personales) y comunitaria, (Reglamento Europeo de Protecci\u00f3n de Datos n.\u00ba 679\/2016, GDPR) y posteriores modificaciones, este sitio web respeta y protege la privacidad de los visitantes y usuarios, realizando todos los esfuerzos posibles y proporcionados para no infringir los derechos de los usuarios.<\/p>\n<p>Esta pol\u00edtica de privacidad se aplica exclusivamente a las actividades en l\u00ednea de este sitio web y es v\u00e1lida para los visitantes\/usuarios del mismo. No se aplica a la informaci\u00f3n que pueda recopilarse a trav\u00e9s de canales distintos de este sitio web.<\/p>\n<p>El objetivo de la pol\u00edtica de privacidad es ofrecer la m\u00e1xima transparencia sobre la informaci\u00f3n que recoge el sitio y c\u00f3mo la utiliza.<\/p>\n<p>\u00a0<\/p>\n<h4><strong>Base jur\u00eddica del tratamiento<\/strong><\/h4>\n<p>Este sitio procesa datos sobre la base del consentimiento. Al utilizar o consultar este sitio, los visitantes y usuarios aprueban expl\u00edcitamente esta pol\u00edtica de privacidad y consienten el tratamiento de sus datos personales en la forma y para los fines descritos a continuaci\u00f3n, incluida la posible divulgaci\u00f3n a terceros si ello es necesario para la prestaci\u00f3n de un servicio.<br \/>El suministro de datos y, por tanto, el consentimiento para la recogida y el tratamiento de los mismos es facultativo, el usuario puede negar su consentimiento, y puede revocar el consentimiento ya prestado en cualquier momento (por correo electr\u00f3nico <strong>info@deakos.com<\/strong>). Sin embargo, la denegaci\u00f3n del consentimiento puede dar lugar a la imposibilidad de prestar determinados servicios y su experiencia de navegaci\u00f3n en el sitio puede verse perjudicada.<br \/>A partir del 25 de mayo de 2018 (fecha de entrada en vigor del GDPR), este sitio procesar\u00e1 algunos de los datos sobre la base de los intereses leg\u00edtimos del responsable del tratamiento.<\/p>\n<\/div>\n<\/div>\n<div class=\"elementor-element elementor-element-e1d631f lista-privacy elementor-widget elementor-widget-text-editor\" data-id=\"e1d631f\" data-element_type=\"widget\" data-widget_type=\"text-editor.default\">\n<div class=\"elementor-widget-container\">\n<p>\u00a0<\/p>\n<h4><strong>Datos recogidos y finalidad<\/strong><\/h4>\n<p>Como todos los sitios web, este sitio tambi\u00e9n hace uso de archivos de registro en los que se almacena la informaci\u00f3n recopilada autom\u00e1ticamente durante las visitas de los usuarios. La informaci\u00f3n recogida puede ser la siguiente:<\/p>\n<ul>\n<li>Direcci\u00f3n de Protocolo de Internet (IP);<\/li>\n<li>Tipo de navegador y par\u00e1metros del dispositivo utilizado para conectarse al sitio;<\/li>\n<li>Nombre del proveedor de servicios de Internet (ISP);<\/li>\n<li>Fecha y hora de la visita;<\/li>\n<li>P\u00e1ginas web de origen (de referencia) y de salida del visitante;<\/li>\n<li>Pa\u00eds de origen;<\/li>\n<li>Posiblemente el n\u00famero de clics.<\/li>\n<\/ul>\n<div>\u00a0<\/div>\n<h4><strong>Los datos y la informaci\u00f3n se recogen con los siguientes fines:<\/strong><\/h4>\n<ul>\n<li>De forma exclusivamente agregada y an\u00f3nima para verificar el correcto funcionamiento del sitio. Ninguna de esta informaci\u00f3n est\u00e1 relacionada con la persona f\u00edsica-usuario del sitio, y no permite en modo alguno su identificaci\u00f3n (a partir del 25 de mayo de 2018, esta informaci\u00f3n ser\u00e1 procesada de acuerdo con los intereses leg\u00edtimos del propietario);<\/li>\n<li>Por motivos de seguridad (filtros antispam, cortafuegos, detecci\u00f3n de virus), los datos registrados autom\u00e1ticamente pueden eventualmente incluir tambi\u00e9n datos personales como la direcci\u00f3n IP, que podr\u00edan utilizarse, de conformidad con la legislaci\u00f3n vigente en la materia, con el fin de bloquear intentos de da\u00f1ar el propio sitio o de causar da\u00f1os a otros usuarios, o en cualquier caso actividades perjudiciales o delictivas. Dichos datos nunca se utilizan para la identificaci\u00f3n del usuario o la elaboraci\u00f3n de perfiles, ni se cruzan con otros datos, ni se proporcionan a terceros, sino que se utilizan \u00fanicamente con el fin de proteger el sitio y a sus usuarios (a partir del 25 de mayo de 2018, dicha informaci\u00f3n se procesar\u00e1 de acuerdo con los intereses leg\u00edtimos del propietario);<\/li>\n<li>Comunicar datos a terceros que desempe\u00f1en funciones necesarias o instrumentales para el funcionamiento del servicio, como la gesti\u00f3n de comentarios en el sitio.<\/li>\n<\/ul>\n<p>Si el sitio permite la publicaci\u00f3n de comentarios, o en el caso de servicios espec\u00edficos solicitados por el usuario (a trav\u00e9s de la secci\u00f3n Contacto), el sitio detecta y registra autom\u00e1ticamente determinados datos de identificaci\u00f3n del usuario, incluida su direcci\u00f3n de correo electr\u00f3nico y su apodo. Estos datos se entienden facilitados voluntariamente por el usuario en el momento de la prestaci\u00f3n del servicio, y se tratan sobre la base de su consentimiento. Al introducir un comentario u otra informaci\u00f3n, el usuario acepta expresamente la pol\u00edtica de privacidad y, en particular, consiente que los contenidos introducidos puedan ser vistos libremente por otros visitantes.<\/p>\n<p>Los datos recibidos se utilizar\u00e1n exclusivamente para la prestaci\u00f3n del servicio solicitado y s\u00f3lo durante el tiempo necesario para la prestaci\u00f3n del mismo. La informaci\u00f3n que los usuarios del sitio decidan hacer p\u00fablica a trav\u00e9s de los servicios y herramientas puestos a su disposici\u00f3n, es facilitada por el usuario de forma consciente y voluntaria, eximiendo a este sitio de cualquier responsabilidad por cualquier infracci\u00f3n de la ley. Corresponde al usuario verificar que dispone de los permisos necesarios para introducir datos personales de terceros o contenidos protegidos por la normativa nacional e internacional.<\/p>\n<p>Los datos recogidos por el sitio durante su funcionamiento se utilizan exclusivamente para los fines indicados anteriormente y se conservan durante el tiempo estrictamente necesario para llevar a cabo las actividades especificadas. En cualquier caso, los datos personales recogidos por el sitio nunca ser\u00e1n proporcionados a terceros, por ning\u00fan motivo, a menos que se trate de una solicitud leg\u00edtima por parte de una autoridad judicial y s\u00f3lo en los casos previstos por la ley. No obstante, los datos podr\u00e1n facilitarse a terceros si ello es necesario para la prestaci\u00f3n de un servicio espec\u00edfico solicitado por el Usuario (por ejemplo, gesti\u00f3n de comentarios), o para la realizaci\u00f3n de controles de seguridad u optimizaci\u00f3n del sitio. Los datos podr\u00e1n ser recogidos en el sitio web y m\u00e1s concretamente en las p\u00e1ginas dedicadas a los presupuestos, los datos ser\u00e1n tratados seg\u00fan las modalidades indicadas en el documento siguiente con el fin de prestar los servicios y\/o responder a las solicitudes recibidas. En caso de conclusi\u00f3n positiva y\/o negativa de la negociaci\u00f3n, los datos recogidos ser\u00e1n destruidos y en ning\u00fan caso comunicados a terceros.<\/p>\n<p>\u00a0<\/p>\n<h4><strong>Lugar de transformaci\u00f3n<\/strong><\/h4>\n<p>Los datos recogidos en el sitio se tratan en los locales del responsable del tratamiento, y en: <strong>Deakos S.r.l., Corso Nazionale, 169 - 19125, La Spezia (ITALIA), NIF: 01155830118 <\/strong>que es responsable del tratamiento de los datos, los trata por cuenta del responsable del tratamiento, est\u00e1 situado en el Espacio Econ\u00f3mico Europeo y act\u00faa de conformidad con las normas europeas.<\/p>\n<p><strong>Cookies<\/strong><br \/>Como es habitual en todos los sitios web, este sitio tambi\u00e9n hace uso de cookies, peque\u00f1os archivos de texto que almacenan informaci\u00f3n sobre las preferencias de los visitantes, para mejorar la funcionalidad del sitio, simplificar la navegaci\u00f3n automatizando procedimientos (por ejemplo, inicio de sesi\u00f3n, idioma del sitio) y para el an\u00e1lisis del uso del sitio.<\/p>\n<p>Las cookies de sesi\u00f3n son esenciales para distinguir entre los usuarios que han iniciado sesi\u00f3n, y son \u00fatiles para evitar que una funcionalidad solicitada se proporcione al usuario equivocado, as\u00ed como con fines de seguridad para prevenir ataques cibern\u00e9ticos en el sitio. Las cookies de sesi\u00f3n no contienen datos personales y s\u00f3lo duran la sesi\u00f3n actual, es decir, hasta que se cierra el navegador. No requieren consentimiento.<\/p>\n<p>Las cookies de funcionalidad utilizadas por el sitio son estrictamente necesarias para el uso del sitio, en particular est\u00e1n vinculadas a una solicitud expresa de funcionalidad por parte del usuario (como el inicio de sesi\u00f3n), para la que no se requiere consentimiento.<\/p>\n<p>Al utilizar el sitio, al continuar navegando por \u00e9l o al hacer clic en OK en el banner presente al acceder por primera vez al sitio, el visitante consiente expresamente el uso de cookies y tecnolog\u00edas similares y, en particular, el registro de estas cookies en su equipo terminal para los fines indicados anteriormente, o el acceso mediante cookies a la informaci\u00f3n de su equipo terminal.<\/p>\n<p>Lista de cookies del sitio web:<\/p>\n<ul>\n<li>nombre: '_ga' (Analytics);<\/li>\n<li>name: '_gat_gtag (Analytics);<\/li>\n<li>nombre: '_gid' (Analytics).<\/li>\n<\/ul>\n<\/div>\n<div>\u00a0<\/div>\n<div class=\"elementor-widget-container\">\n<h4><strong>Deshabilitar las cookies<\/strong><\/h4>\n<p>Las cookies est\u00e1n vinculadas al navegador utilizado y PUEDEN DESACTIVARSE DIRECTAMENTE DESDE EL NAVEGADOR, denegando\/revocando as\u00ed el consentimiento para el uso de cookies. Tenga en cuenta que la desactivaci\u00f3n de las cookies puede impedir el uso correcto de algunas funciones del propio sitio. Las instrucciones para desactivar las cookies se pueden encontrar en las siguientes p\u00e1ginas web: Mozilla Firefox - Microsoft Internet Explorer - Microsoft Edge - Google Chrome - Opera - Apple Safari.<\/p>\n<p>\u00a0<\/p>\n<h4><strong>Cookies de terceros<\/strong><\/h4>\n<p>Este sitio tambi\u00e9n act\u00faa como intermediario para las cookies de terceros, que se utilizan para proporcionar servicios y funcionalidades adicionales a los visitantes y para mejorar el uso del propio sitio, como los botones sociales. Esta pol\u00edtica de privacidad no se aplica a los servicios prestados por terceros, y este sitio no tiene ning\u00fan control sobre sus cookies, que son gestionados en su totalidad por los terceros, y no tiene acceso a la informaci\u00f3n recogida a trav\u00e9s de estas cookies. El acuerdo de transferencia de datos se realiza directamente entre el usuario\/visitante y el tercero, y este sitio no interviene en modo alguno en dicha transferencia. En consecuencia, la informaci\u00f3n sobre el uso de dichas cookies y sus finalidades, as\u00ed como sobre la forma de desactivarlas, es facilitada directamente por los terceros en las p\u00e1ginas que se indican a continuaci\u00f3n.<\/p>\n<p>En particular, este sitio utiliza cookies de los siguientes terceros:<\/p>\n<ul>\n<li>Google (cookie de Google Analytics): Google Analytics es una herramienta de an\u00e1lisis de Google, que utiliza cookies (cookies de rendimiento) para recopilar datos de navegaci\u00f3n an\u00f3nimos (truncados hasta el \u00faltimo octeto) con el fin de evaluar su uso del sitio web, recopilar informes sobre la actividad del sitio web para operadores de sitios web y proporcionar otra informaci\u00f3n, incluyendo el n\u00famero de visitantes y p\u00e1ginas vistas. Google podr\u00e1 transmitir dicha informaci\u00f3n a terceros cuando as\u00ed se lo requiera la legislaci\u00f3n, o cuando dichos terceros procesen la informaci\u00f3n por cuenta de Google. Google no asociar\u00e1 la direcci\u00f3n IP con ning\u00fan otro dato del que disponga Google. Los datos transmitidos a Google se almacenar\u00e1n en los servidores de Google en los EE.UU.. Sobre la base de un acuerdo espec\u00edfico con Google, que se designa como responsable del tratamiento de los datos de los usuarios, este \u00faltimo se compromete a tratar los datos de conformidad con las solicitudes del responsable del tratamiento, que se realizan directamente a trav\u00e9s de la configuraci\u00f3n del software. De acuerdo con estos ajustes, se desactivan las opciones de publicidad e intercambio de datos. Encontrar\u00e1 m\u00e1s informaci\u00f3n sobre las cookies de Google Analytics en la p\u00e1gina Uso de cookies de Google Analytics en sitios web. Los usuarios pueden desactivar selectivamente (opt out) la recopilaci\u00f3n de datos por parte de Google Analytics instalando en su navegador el componente adecuado proporcionado por Google;<\/li>\n<li>Google (cookies de Youtube). Youtube es una plataforma de intercambio de v\u00eddeos propiedad de Google que utiliza cookies para recopilar informaci\u00f3n de los usuarios y de los dispositivos de navegaci\u00f3n. La mayor\u00eda de los v\u00eddeos del sitio no llevan cookies cuando se accede a la p\u00e1gina, ya que se ha configurado la opci\u00f3n \"privacidad mejorada (sin cookies)\" para que Youtube no almacene informaci\u00f3n sobre los visitantes a menos que reproduzcan el v\u00eddeo voluntariamente.<\/li>\n<\/ul>\n<p>Para m\u00e1s informaci\u00f3n sobre el uso de los datos y su tratamiento por parte de Google, le recomendamos que lea la informaci\u00f3n de la p\u00e1gina establecida por Google, as\u00ed como la p\u00e1gina y la p\u00e1gina sobre C\u00f3mo utiliza Google los datos cuando se utilizan sitios o aplicaciones asociados.<\/p>\n<p><strong>Plugins de redes sociales y APP<\/strong><br \/>Este sitio tambi\u00e9n incorpora plugins y\/o botones para redes sociales, con el fin de permitir compartir f\u00e1cilmente los contenidos en sus redes sociales favoritas. Estos plugins est\u00e1n programados de tal forma que no establecen ninguna cookie cuando usted accede a la p\u00e1gina, con el fin de salvaguardar su privacidad. S\u00f3lo se instalan cookies, si as\u00ed lo disponen las redes sociales, cuando el usuario hace un uso real y voluntario del plugin. Tenga en cuenta que si el usuario navega mientras est\u00e1 conectado a la red social, entonces ya ha dado su consentimiento al uso de cookies transmitidas a trav\u00e9s de este sitio en el momento de registrarse en la red social.<br \/>La recopilaci\u00f3n y el uso de la informaci\u00f3n obtenida mediante el plugin se rigen por las respectivas pol\u00edticas de privacidad de las redes sociales, a las que le rogamos se remita.<\/p>\n<ul>\n<li>Facebook;<\/li>\n<li>Twitter;<\/li>\n<li>LinkedIn;<\/li>\n<li>Google+;<\/li>\n<li>Paypal<\/li>\n<\/ul>\n<\/div>\n<div>\u00a0<\/div>\n<div class=\"elementor-widget-container\">\n<h4><strong>Transferencia de datos a pa\u00edses no pertenecientes a la UE<\/strong><\/h4>\n<p>Este sitio puede compartir algunos de los datos recogidos con servicios situados fuera de la Uni\u00f3n Europea. En particular, con Google, Facebook y Microsoft (LinkedIn) a trav\u00e9s de plug-ins sociales y el servicio Google Analytics. La transferencia est\u00e1 autorizada de acuerdo con decisiones espec\u00edficas de la Uni\u00f3n Europea y de la Autoridad Italiana de Protecci\u00f3n de Datos, en particular la Decisi\u00f3n 1250\/2016 (Privacy Shield - v\u00e9ase la p\u00e1gina de informaci\u00f3n de la Autoridad Italiana de Protecci\u00f3n de Datos), por lo que no se requiere ning\u00fan otro consentimiento. Las empresas mencionadas garantizan su adhesi\u00f3n al Escudo de Privacidad.<\/p>\n<p>\u00a0<\/p>\n<h4><strong>Medidas de seguridad<\/strong><\/h4>\n<p>Este sitio procesa los datos de los usuarios de forma l\u00edcita y correcta, adoptando las medidas de seguridad adecuadas para evitar el acceso no autorizado, la divulgaci\u00f3n, la modificaci\u00f3n o la destrucci\u00f3n de los datos. El tratamiento se realiza mediante instrumentos inform\u00e1ticos y\/o telem\u00e1ticos, con modalidades organizativas y l\u00f3gicas estrictamente relacionadas con las finalidades indicadas. En particular, el software de gesti\u00f3n del sitio se actualiza constantemente y se analiza peri\u00f3dicamente en busca de virus y c\u00f3digos peligrosos.<br \/>Adem\u00e1s del propietario, en algunos casos pueden tener acceso a los datos categor\u00edas de personas implicadas en la organizaci\u00f3n del sitio (administradores administrativos, comerciales, de marketing, jur\u00eddicos, de sistemas) o terceros (como proveedores externos de servicios t\u00e9cnicos, mensajeros postales, proveedores de alojamiento, empresas inform\u00e1ticas, agencias de comunicaci\u00f3n).<\/p>\n<p>\u00a0<\/p>\n<h4><strong>Derechos de los usuarios<\/strong><\/h4>\n<p>De conformidad con el Reglamento Europeo 679\/2016 (GDPR) y el art\u00edculo 7 del Decreto Legislativo n.\u00ba 196 de 30 de junio de 2003 http:\/\/www.garanteprivacy.it\/web\/guest\/home\/docweb\/-\/docweb-display\/docw... , el Usuario podr\u00e1, en la forma y dentro de los l\u00edmites previstos por la legislaci\u00f3n vigente, ejercer los siguientes derechos:<\/p>\n<ul>\n<li>Oponerse total o parcialmente, por motivos leg\u00edtimos, al tratamiento de los datos personales que le conciernan para el env\u00edo de material publicitario o de venta directa o para la realizaci\u00f3n de estudios de mercado o de comunicaci\u00f3n comercial;<\/li>\n<li>Solicitar confirmaci\u00f3n de la existencia de datos personales que le conciernan (derecho de acceso);<\/li>\n<li>Conoce su origen;<\/li>\n<li>Recibir una comunicaci\u00f3n inteligible;<\/li>\n<li>A ser informado sobre la l\u00f3gica, los m\u00e9todos y los fines del tratamiento;<\/li>\n<li>Solicitar la actualizaci\u00f3n, rectificaci\u00f3n, integraci\u00f3n, supresi\u00f3n, transformaci\u00f3n en forma an\u00f3nima y bloqueo de los datos tratados en violaci\u00f3n de la ley, incluidos los datos que ya no sean necesarios para los fines para los que fueron recogidos;<\/li>\n<li>En los casos de tratamiento basado en el consentimiento, recibir, a costa exclusiva de cualquier soporte, sus datos facilitados al responsable del tratamiento, en forma estructurada, legible por m\u00e1quina y en un formato com\u00fanmente utilizado por un dispositivo electr\u00f3nico;<\/li>\n<li>Derecho a presentar una reclamaci\u00f3n ante la autoridad de control;<\/li>\n<li>As\u00ed como, de forma m\u00e1s general, ejercer todos los derechos que le reconocen las disposiciones legales aplicables.<\/li>\n<\/ul>\n<p>Cuando el tratamiento de datos se basa en intereses leg\u00edtimos, se garantizan no obstante los derechos del interesado al tratamiento de datos (salvo el derecho a la portabilidad, que no est\u00e1 previsto en la normativa), en particular el derecho a oponerse al tratamiento, que puede ejercerse enviando una solicitud al responsable del tratamiento.<\/p>\n<p>Las solicitudes deben dirigirse al responsable del tratamiento.<\/p>\n<p><strong>Controlador de datos<\/strong><br \/>El responsable del tratamiento de datos con arreglo a la legislaci\u00f3n aplicable es el administrador del sitio: <strong>Deakos S.r.l., Corso Nazionale, 169 - 19125, La Spezia (ITALIA), NIF: 01155830118<\/strong><\/p>\n<p>\u00a0<\/p>\n<h4><strong>Procesador de datos<\/strong><\/h4>\n<p><strong>Deakos S.r.l., Corso Nazionale, 169 - 19125, La Spezia (ITALIA), NIF: 01155830118<\/strong>\u00a0es designada responsable del tratamiento, procesando datos en nombre del responsable del tratamiento. LivelloUno se encuentra en el Espacio Econ\u00f3mico Europeo y act\u00faa de conformidad con las normas europeas. Google es designado como controlador, procesando datos en nombre del propietario (Google Analytics).<\/p>\n<p><strong>Actualizaciones<\/strong><br \/>Esta pol\u00edtica de privacidad est\u00e1 actualizada a 05 de mayo de 2018.<\/p>\n<\/div>\n<\/div>\t\t\t\t\t\t\t\t<\/div>\n\t\t\t\t<\/div>\n\t\t\t\t\t<\/div>\n\t\t\t\t<\/div>\n\t\t\t\t<\/div>","protected":false},"excerpt":{"rendered":"<p>Informativa Privacy In ottemperanza degli obblighi derivanti dalla normativa nazionale (D. Lgs 30 giugno 2003 n. 196, Codice in materia di protezione dei dati personali) e comunitaria, (Regolamento europeo per la protezione dei dati personali n. 679\/2016, GDPR) e successive modifiche, il presente sito rispetta e tutela la riservatezza dei visitatori e degli utenti, ponendo [&hellip;]<\/p>\n","protected":false},"author":1,"featured_media":0,"parent":0,"menu_order":0,"comment_status":"closed","ping_status":"closed","template":"","meta":{"_acf_changed":false,"site-sidebar-layout":"default","site-content-layout":"","ast-site-content-layout":"default","site-content-style":"default","site-sidebar-style":"default","ast-global-header-display":"","ast-banner-title-visibility":"","ast-main-header-display":"","ast-hfb-above-header-display":"","ast-hfb-below-header-display":"","ast-hfb-mobile-header-display":"","site-post-title":"","ast-breadcrumbs-content":"","ast-featured-img":"","footer-sml-layout":"","theme-transparent-header-meta":"","adv-header-id-meta":"","stick-header-meta":"","header-above-stick-meta":"","header-main-stick-meta":"","header-below-stick-meta":"","astra-migrate-meta-layouts":"default","ast-page-background-enabled":"default","ast-page-background-meta":{"desktop":{"background-color":"","background-image":"","background-repeat":"repeat","background-position":"center center","background-size":"auto","background-attachment":"scroll","background-type":"","background-media":"","overlay-type":"","overlay-color":"","overlay-opacity":"","overlay-gradient":""},"tablet":{"background-color":"","background-image":"","background-repeat":"repeat","background-position":"center center","background-size":"auto","background-attachment":"scroll","background-type":"","background-media":"","overlay-type":"","overlay-color":"","overlay-opacity":"","overlay-gradient":""},"mobile":{"background-color":"","background-image":"","background-repeat":"repeat","background-position":"center center","background-size":"auto","background-attachment":"scroll","background-type":"","background-media":"","overlay-type":"","overlay-color":"","overlay-opacity":"","overlay-gradient":""}},"ast-content-background-meta":{"desktop":{"background-color":"var(--ast-global-color-5)","background-image":"","background-repeat":"repeat","background-position":"center center","background-size":"auto","background-attachment":"scroll","background-type":"","background-media":"","overlay-type":"","overlay-color":"","overlay-opacity":"","overlay-gradient":""},"tablet":{"background-color":"var(--ast-global-color-5)","background-image":"","background-repeat":"repeat","background-position":"center center","background-size":"auto","background-attachment":"scroll","background-type":"","background-media":"","overlay-type":"","overlay-color":"","overlay-opacity":"","overlay-gradient":""},"mobile":{"background-color":"var(--ast-global-color-5)","background-image":"","background-repeat":"repeat","background-position":"center center","background-size":"auto","background-attachment":"scroll","background-type":"","background-media":"","overlay-type":"","overlay-color":"","overlay-opacity":"","overlay-gradient":""}},"footnotes":""},"class_list":["post-3","page","type-page","status-publish","hentry"],"acf":[],"_links":{"self":[{"href":"https:\/\/www.deakos.com\/es\/wp-json\/wp\/v2\/pages\/3","targetHints":{"allow":["GET"]}}],"collection":[{"href":"https:\/\/www.deakos.com\/es\/wp-json\/wp\/v2\/pages"}],"about":[{"href":"https:\/\/www.deakos.com\/es\/wp-json\/wp\/v2\/types\/page"}],"author":[{"embeddable":true,"href":"https:\/\/www.deakos.com\/es\/wp-json\/wp\/v2\/users\/1"}],"replies":[{"embeddable":true,"href":"https:\/\/www.deakos.com\/es\/wp-json\/wp\/v2\/comments?post=3"}],"version-history":[{"count":10,"href":"https:\/\/www.deakos.com\/es\/wp-json\/wp\/v2\/pages\/3\/revisions"}],"predecessor-version":[{"id":2973,"href":"https:\/\/www.deakos.com\/es\/wp-json\/wp\/v2\/pages\/3\/revisions\/2973"}],"wp:attachment":[{"href":"https:\/\/www.deakos.com\/es\/wp-json\/wp\/v2\/media?parent=3"}],"curies":[{"name":"wp","href":"https:\/\/api.w.org\/{rel}","templated":true}]}}