{"id":1960,"date":"2024-11-20T17:14:47","date_gmt":"2024-11-20T17:14:47","guid":{"rendered":"https:\/\/demo.deakos.com\/?page_id=1960"},"modified":"2025-07-21T10:07:13","modified_gmt":"2025-07-21T10:07:13","slug":"envio_y_entrega","status":"publish","type":"page","link":"https:\/\/www.deakos.com\/es\/spedizioni_e_consegna\/","title":{"rendered":"Env\u00edo y entrega"},"content":{"rendered":"<div data-elementor-type=\"wp-page\" data-elementor-id=\"1960\" class=\"elementor elementor-1960\" data-elementor-post-type=\"page\">\n\t\t\t\t<div class=\"elementor-element elementor-element-723d4ef3 e-flex e-con-boxed e-con e-parent\" data-id=\"723d4ef3\" data-element_type=\"container\">\n\t\t\t\t\t<div class=\"e-con-inner\">\n\t\t\t\t<div class=\"elementor-element elementor-element-13af834 elementor-widget elementor-widget-text-editor\" data-id=\"13af834\" data-element_type=\"widget\" data-widget_type=\"text-editor.default\">\n\t\t\t\t<div class=\"elementor-widget-container\">\n\t\t\t\t\t\t\t\t\t<h4>Condiciones generales y plazos de env\u00edo<\/h4>\n<p>La relaci\u00f3n de confianza mutua que Deakos quiere establecer con sus clientes es a\u00fan m\u00e1s evidente cuando se trata de venta directa. \u00c9sta se realiza bien por tel\u00e9fono, con explicaciones exhaustivas sobre el uso y la posible dosificaci\u00f3n del producto, bien a trav\u00e9s de la tienda en l\u00ednea. En ambos casos, se aplican las condiciones que figuran a continuaci\u00f3n:<\/p>\n<ul>\n<li>El pedido se tramita en un plazo de 24\/48 horas laborables tras su recepci\u00f3n.<\/li>\n<li>El env\u00edo se realiza por mensajer\u00eda urgente con un plazo de entrega de 24\/48 horas.<\/li>\n<li>Los pagos deber\u00e1n realizarse a trav\u00e9s del canal acordado en el momento de la compra y utilizando las siguientes coordenadas: Tarjeta de cr\u00e9dito, PayPal, Stripe, Contra reembolso, Transferencia bancaria.<\/li>\n<li>Cualquier discrepancia en el pedido detectada en el momento de la entrega debe comunicarse lo antes posible para que puedan acordarse medidas para subsanarla.<\/li>\n<li>Las condiciones anteriores se aplican exclusivamente a los pedidos con entrega dentro de la Uni\u00f3n Europea (incluida la Rep\u00fablica de San Marino).<\/li>\n<li>Los pedidos con entrega en otros pa\u00edses pueden y deben concertarse directamente por tel\u00e9fono.<\/li>\n<\/ul>\t\t\t\t\t\t\t\t<\/div>\n\t\t\t\t<\/div>\n\t\t\t\t<div class=\"elementor-element elementor-element-49ad028 elementor-widget elementor-widget-text-editor\" data-id=\"49ad028\" data-element_type=\"widget\" data-widget_type=\"text-editor.default\">\n\t\t\t\t<div class=\"elementor-widget-container\">\n\t\t\t\t\t\t\t\t\t<h4>Gastos de env\u00edo en Italia<\/h4><ul><li><b>Spedizione STANDARD<\/b>: Gastos de env\u00edo: 6 euros.<\/li><li><b>ENV\u00cdO GRATUITO<\/b>: Por un importe m\u00ednimo de 39,90\u202f\u20ac, el env\u00edo es gratuito para Italia.<\/li><li><b>Pago contra reembolso<\/b>: Se cobrar\u00e1 un recargo de 2,50 euros por pago contra reembolso, incluso en caso de entrega gratuita.<\/li><\/ul>\t\t\t\t\t\t\t\t<\/div>\n\t\t\t\t<\/div>\n\t\t\t\t<div class=\"elementor-element elementor-element-f93880a elementor-widget elementor-widget-text-editor\" data-id=\"f93880a\" data-element_type=\"widget\" data-widget_type=\"text-editor.default\">\n\t\t\t\t<div class=\"elementor-widget-container\">\n\t\t\t\t\t\t\t\t\t<h4>Gastos de env\u00edo al extranjero<\/h4><ul><li><b>Env\u00edo Europa<\/b>:<ul><li>15\u20ac para una compra inferior a 30\u20ac<\/li><li>10\u20ac para compras entre 30\u20ac y 50\u20ac<\/li><li>5\u20ac para las compras superiores a 50\u20ac<\/li><\/ul><\/li><li><b>Env\u00edos a Chipre, Malta, Hungr\u00eda, Bulgaria, Ruman\u00eda y Polonia<\/b>:<ul><li>20 \u20ac para pedidos de hasta 30 \u20ac<\/li><li>15 \u20ac para pedidos entre 31 y 50 \u20ac<\/li><li>10 \u20ac para pedidos superiores a 51 \u20ac<\/li><\/ul><\/li><li><b>Env\u00edos a Suiza, Noruega, Suecia, Irlanda, Grecia y Reino Unido<\/b>:<ul><li>18 \u20ac para pedidos de hasta 30 \u20ac<\/li><li>13 \u20ac para pedidos entre 31 y 50 \u20ac<\/li><li>8 \u20ac para pedidos superiores a 51 \u20ac<\/li><\/ul><\/li><li><b>Env\u00edos a la Isla de la Reuni\u00f3n<\/b>:<ul><li>50 \u20ac para pedidos de hasta 100 \u20ac<\/li><li>25 \u20ac para pedidos entre 101 y 200 \u20ac<\/li><li>12,50 \u20ac para pedidos entre 201 y 299 \u20ac<\/li><li>Gratis para pedidos superiores a 300 \u20ac<\/li><\/ul><\/li><li><b>Env\u00edo a Canad\u00e1 y Estados Unidos<\/b>:<ul><li>42\u20ac para pedidos inferiores a 100\u20ac<\/li><li>21\u20ac para pedidos entre 101\u20ac y 200\u20ac<\/li><li>10,50\u20ac para pedidos entre 201\u20ac y 299\u20ac<\/li><li>Gratis para pedidos superiores a 300 \u20ac<\/li><\/ul><\/li><\/ul>\t\t\t\t\t\t\t\t<\/div>\n\t\t\t\t<\/div>\n\t\t\t\t<div class=\"elementor-element elementor-element-b92e7fc elementor-widget elementor-widget-text-editor\" data-id=\"b92e7fc\" data-element_type=\"widget\" data-widget_type=\"text-editor.default\">\n\t\t\t\t<div class=\"elementor-widget-container\">\n\t\t\t\t\t\t\t\t\t<h4>Servicios de mensajer\u00eda en Italia<\/h4><p>\u00a1Nuestros env\u00edos cuentan con la experiencia de las mejores empresas!<\/p><ul><li>GLS<\/li><li>Bartolini<\/li><\/ul>\t\t\t\t\t\t\t\t<\/div>\n\t\t\t\t<\/div>\n\t\t\t\t<div class=\"elementor-element elementor-element-6d8449e elementor-widget elementor-widget-text-editor\" data-id=\"6d8449e\" data-element_type=\"widget\" data-widget_type=\"text-editor.default\">\n\t\t\t\t<div class=\"elementor-widget-container\">\n\t\t\t\t\t\t\t\t\t<h4>Servicios de mensajer\u00edas al extranjero<\/h4><p><span style=\"font-size: 16px;\">Para env\u00edos al extranjero confiamos en DHL.\u00a0<\/span><\/p>\t\t\t\t\t\t\t\t<\/div>\n\t\t\t\t<\/div>\n\t\t\t\t\t<\/div>\n\t\t\t\t<\/div>\n\t\t\t\t<\/div>","protected":false},"excerpt":{"rendered":"<p>Condizioni generali e Tempi di Spedizione Il rapporto di fiducia reciproca che Deakos vuole instaurare con i propri clienti si evidenzia ancor pi\u00f9 nel momento della vendita diretta. Il tutto avviene o per via telefonica con esaustive spiegazioni sull&#8217;utilizzo e l&#8217;eventuale posologia del prodotto o tramite il negozio online. In entrambi i casi valgono le [&hellip;]<\/p>\n","protected":false},"author":1,"featured_media":0,"parent":0,"menu_order":0,"comment_status":"closed","ping_status":"closed","template":"","meta":{"_acf_changed":false,"site-sidebar-layout":"default","site-content-layout":"","ast-site-content-layout":"default","site-content-style":"default","site-sidebar-style":"default","ast-global-header-display":"","ast-banner-title-visibility":"","ast-main-header-display":"","ast-hfb-above-header-display":"","ast-hfb-below-header-display":"","ast-hfb-mobile-header-display":"","site-post-title":"","ast-breadcrumbs-content":"","ast-featured-img":"","footer-sml-layout":"","theme-transparent-header-meta":"","adv-header-id-meta":"","stick-header-meta":"","header-above-stick-meta":"","header-main-stick-meta":"","header-below-stick-meta":"","astra-migrate-meta-layouts":"default","ast-page-background-enabled":"default","ast-page-background-meta":{"desktop":{"background-color":"","background-image":"","background-repeat":"repeat","background-position":"center center","background-size":"auto","background-attachment":"scroll","background-type":"","background-media":"","overlay-type":"","overlay-color":"","overlay-opacity":"","overlay-gradient":""},"tablet":{"background-color":"","background-image":"","background-repeat":"repeat","background-position":"center center","background-size":"auto","background-attachment":"scroll","background-type":"","background-media":"","overlay-type":"","overlay-color":"","overlay-opacity":"","overlay-gradient":""},"mobile":{"background-color":"","background-image":"","background-repeat":"repeat","background-position":"center center","background-size":"auto","background-attachment":"scroll","background-type":"","background-media":"","overlay-type":"","overlay-color":"","overlay-opacity":"","overlay-gradient":""}},"ast-content-background-meta":{"desktop":{"background-color":"var(--ast-global-color-5)","background-image":"","background-repeat":"repeat","background-position":"center center","background-size":"auto","background-attachment":"scroll","background-type":"","background-media":"","overlay-type":"","overlay-color":"","overlay-opacity":"","overlay-gradient":""},"tablet":{"background-color":"var(--ast-global-color-5)","background-image":"","background-repeat":"repeat","background-position":"center center","background-size":"auto","background-attachment":"scroll","background-type":"","background-media":"","overlay-type":"","overlay-color":"","overlay-opacity":"","overlay-gradient":""},"mobile":{"background-color":"var(--ast-global-color-5)","background-image":"","background-repeat":"repeat","background-position":"center center","background-size":"auto","background-attachment":"scroll","background-type":"","background-media":"","overlay-type":"","overlay-color":"","overlay-opacity":"","overlay-gradient":""}},"footnotes":""},"class_list":["post-1960","page","type-page","status-publish","hentry"],"acf":[],"_links":{"self":[{"href":"https:\/\/www.deakos.com\/es\/wp-json\/wp\/v2\/pages\/1960","targetHints":{"allow":["GET"]}}],"collection":[{"href":"https:\/\/www.deakos.com\/es\/wp-json\/wp\/v2\/pages"}],"about":[{"href":"https:\/\/www.deakos.com\/es\/wp-json\/wp\/v2\/types\/page"}],"author":[{"embeddable":true,"href":"https:\/\/www.deakos.com\/es\/wp-json\/wp\/v2\/users\/1"}],"replies":[{"embeddable":true,"href":"https:\/\/www.deakos.com\/es\/wp-json\/wp\/v2\/comments?post=1960"}],"version-history":[{"count":22,"href":"https:\/\/www.deakos.com\/es\/wp-json\/wp\/v2\/pages\/1960\/revisions"}],"predecessor-version":[{"id":4403,"href":"https:\/\/www.deakos.com\/es\/wp-json\/wp\/v2\/pages\/1960\/revisions\/4403"}],"wp:attachment":[{"href":"https:\/\/www.deakos.com\/es\/wp-json\/wp\/v2\/media?parent=1960"}],"curies":[{"name":"wp","href":"https:\/\/api.w.org\/{rel}","templated":true}]}}