{"id":1956,"date":"2024-11-20T17:10:49","date_gmt":"2024-11-20T17:10:49","guid":{"rendered":"https:\/\/demo.deakos.com\/?page_id=1956"},"modified":"2025-10-22T09:55:50","modified_gmt":"2025-10-22T07:55:50","slug":"metodos_de_pago","status":"publish","type":"page","link":"https:\/\/www.deakos.com\/es\/metodi_di_pagamento\/","title":{"rendered":"M\u00e9todos de pago"},"content":{"rendered":"<div data-elementor-type=\"wp-page\" data-elementor-id=\"1956\" class=\"elementor elementor-1956\" data-elementor-post-type=\"page\">\n\t\t\t\t<div class=\"elementor-element elementor-element-56df2a46 e-con-full e-flex e-con e-parent\" data-id=\"56df2a46\" data-element_type=\"container\">\n\t\t\t\t<div class=\"elementor-element elementor-element-7893241 elementor-widget elementor-widget-text-editor\" data-id=\"7893241\" data-element_type=\"widget\" data-widget_type=\"text-editor.default\">\n\t\t\t\t<div class=\"elementor-widget-container\">\n\t\t\t\t\t\t\t\t\t<p>El sitio DEAKOS es efectivo para el cliente, al igual que la compra y garant\u00eda de PayPal (tambi\u00e9n con carta de cr\u00e9dito), Stripe y transferencia (pago por adelantado).<br \/>El protocolo de seguridad SSL (Secure Socket Layer) garantiza la protecci\u00f3n de datos sensibles asegurando una transici\u00f3n cifrada.<\/p>\t\t\t\t\t\t\t\t<\/div>\n\t\t\t\t<\/div>\n\t\t<div class=\"elementor-element elementor-element-9248ddc e-con-full e-flex e-con e-child\" data-id=\"9248ddc\" data-element_type=\"container\">\n\t\t\t\t<div class=\"elementor-element elementor-element-dbd7db6 elementor-position-left elementor-vertical-align-middle elementor-widget elementor-widget-image-box\" data-id=\"dbd7db6\" data-element_type=\"widget\" data-widget_type=\"image-box.default\">\n\t\t\t\t<div class=\"elementor-widget-container\">\n\t\t\t\t\t<div class=\"elementor-image-box-wrapper\"><figure class=\"elementor-image-box-img\"><img fetchpriority=\"high\" decoding=\"async\" width=\"1078\" height=\"516\" src=\"https:\/\/www.deakos.com\/wp-content\/uploads\/2024\/12\/46cf2d260c530d613e7f552f8b8c0093.png\" class=\"attachment-full size-full wp-image-2525\" alt=\"\" srcset=\"https:\/\/www.deakos.com\/wp-content\/uploads\/2024\/12\/46cf2d260c530d613e7f552f8b8c0093.png 1078w, https:\/\/www.deakos.com\/wp-content\/uploads\/2024\/12\/46cf2d260c530d613e7f552f8b8c0093-300x144.png 300w, https:\/\/www.deakos.com\/wp-content\/uploads\/2024\/12\/46cf2d260c530d613e7f552f8b8c0093-1024x490.png 1024w, https:\/\/www.deakos.com\/wp-content\/uploads\/2024\/12\/46cf2d260c530d613e7f552f8b8c0093-768x368.png 768w, https:\/\/www.deakos.com\/wp-content\/uploads\/2024\/12\/46cf2d260c530d613e7f552f8b8c0093-18x9.png 18w, https:\/\/www.deakos.com\/wp-content\/uploads\/2024\/12\/46cf2d260c530d613e7f552f8b8c0093-600x287.png 600w\" sizes=\"(max-width: 1078px) 100vw, 1078px\" \/><\/figure><div class=\"elementor-image-box-content\"><h4 class=\"elementor-image-box-title\">PAYPAL - Seguro. R\u00e1pido. Protegido.<\/h4><\/div><\/div>\t\t\t\t<\/div>\n\t\t\t\t<\/div>\n\t\t\t\t<div class=\"elementor-element elementor-element-4de7766 elementor-widget elementor-widget-text-editor\" data-id=\"4de7766\" data-element_type=\"widget\" data-widget_type=\"text-editor.default\">\n\t\t\t\t<div class=\"elementor-widget-container\">\n\t\t\t\t\t\t\t\t\t<p>PayPal es un sistema de pago r\u00e1pido y seguro. Una vez que haya seleccionado este m\u00e9todo de pago y luego haya hecho clic en \"Continuar con PayPal\", ser\u00e1 redirigido al sitio web Paypal.com donde podr\u00e1 elegir entre:<\/p>\n<ul>\n<li>Realice el pago iniciando sesi\u00f3n en su cuenta PayPal<\/li>\n<li>Paga con cualquier tarjeta de cr\u00e9dito\/prepago<\/li>\n<\/ul>\n<p>El sistema se comunica directamente con PayPal con total seguridad, por lo que DEAKOS S.r.l. nunca tiene conocimiento de los datos relativos al m\u00e9todo de pago del cliente.<br \/>Para cada transacci\u00f3n, el cliente recibe un correo electr\u00f3nico de confirmaci\u00f3n de PayPal. El pago con PayPal o Tarjeta de Cr\u00e9dito acelera los tiempos de env\u00edo del pedido, porque la transacci\u00f3n se verifica al instante y el pedido se procesa inmediatamente.<\/p>\n<p>Aceptado: MasterCard, Maestro, Visa, Visa Electron, American Express, Aura, Discover.<\/p>\t\t\t\t\t\t\t\t<\/div>\n\t\t\t\t<\/div>\n\t\t\t\t<\/div>\n\t\t<div class=\"elementor-element elementor-element-9883be7 e-con-full e-flex e-con e-child\" data-id=\"9883be7\" data-element_type=\"container\">\n\t\t\t\t<div class=\"elementor-element elementor-element-22eeddf elementor-position-left elementor-vertical-align-bottom elementor-widget elementor-widget-image-box\" data-id=\"22eeddf\" data-element_type=\"widget\" data-widget_type=\"image-box.default\">\n\t\t\t\t<div class=\"elementor-widget-container\">\n\t\t\t\t\t<div class=\"elementor-image-box-wrapper\"><figure class=\"elementor-image-box-img\"><img decoding=\"async\" width=\"1024\" height=\"413\" src=\"https:\/\/www.deakos.com\/wp-content\/uploads\/2024\/12\/13f07a70a1727bf91984ff88e266e0f6.png\" class=\"attachment-full size-full wp-image-2526\" alt=\"\" srcset=\"https:\/\/www.deakos.com\/wp-content\/uploads\/2024\/12\/13f07a70a1727bf91984ff88e266e0f6.png 1024w, https:\/\/www.deakos.com\/wp-content\/uploads\/2024\/12\/13f07a70a1727bf91984ff88e266e0f6-300x121.png 300w, https:\/\/www.deakos.com\/wp-content\/uploads\/2024\/12\/13f07a70a1727bf91984ff88e266e0f6-768x310.png 768w, https:\/\/www.deakos.com\/wp-content\/uploads\/2024\/12\/13f07a70a1727bf91984ff88e266e0f6-18x7.png 18w, https:\/\/www.deakos.com\/wp-content\/uploads\/2024\/12\/13f07a70a1727bf91984ff88e266e0f6-600x242.png 600w\" sizes=\"(max-width: 1024px) 100vw, 1024px\" \/><\/figure><div class=\"elementor-image-box-content\"><h4 class=\"elementor-image-box-title\">STRIPE - Cifrado. Tecnolog\u00eda. R\u00e1pido.<\/h4><\/div><\/div>\t\t\t\t<\/div>\n\t\t\t\t<\/div>\n\t\t\t\t<div class=\"elementor-element elementor-element-5f79ebf elementor-widget elementor-widget-text-editor\" data-id=\"5f79ebf\" data-element_type=\"widget\" data-widget_type=\"text-editor.default\">\n\t\t\t\t<div class=\"elementor-widget-container\">\n\t\t\t\t\t\t\t\t\t<p>Stripe es una plataforma de pago externa que acepta pagos con tarjeta de d\u00e9bito, tarjeta recargable y\/o tarjeta de cr\u00e9dito. Los pagos se procesan al instante.<br \/>La domiciliaci\u00f3n bancaria SEPA representa una opci\u00f3n segura para los compradores a la hora de pagar<\/p>\n<p>Tarjetas de cr\u00e9dito aceptadas: Visa (tarjetas de cr\u00e9dito y d\u00e9bito), MasterCard (tarjetas de cr\u00e9dito y d\u00e9bito), American Express, Apple Pay y domiciliaci\u00f3n bancaria SEPA.<\/p>\t\t\t\t\t\t\t\t<\/div>\n\t\t\t\t<\/div>\n\t\t\t\t<\/div>\n\t\t<div class=\"elementor-element elementor-element-0643cc6 e-con-full e-flex e-con e-child\" data-id=\"0643cc6\" data-element_type=\"container\">\n\t\t\t\t<div class=\"elementor-element elementor-element-4ff46c4 elementor-widget elementor-widget-heading\" data-id=\"4ff46c4\" data-element_type=\"widget\" data-widget_type=\"heading.default\">\n\t\t\t\t<div class=\"elementor-widget-container\">\n\t\t\t\t\t<h4 class=\"elementor-heading-title elementor-size-default\">PAGO EN EFECTIVO - Contra reembolso: pago contra entrega - S\u00f3lo para Italia<\/h4>\t\t\t\t<\/div>\n\t\t\t\t<\/div>\n\t\t\t\t<div class=\"elementor-element elementor-element-4350581 elementor-widget elementor-widget-text-editor\" data-id=\"4350581\" data-element_type=\"widget\" data-widget_type=\"text-editor.default\">\n\t\t\t\t<div class=\"elementor-widget-container\">\n\t\t\t\t\t\t\t\t\t<p>Se aplicar\u00e1 un suplemento de 2,50 \u20ac para el pago contra reembolso, adem\u00e1s del coste de env\u00edo indicado en el resumen del pedido.<br \/>Para facilitar los tr\u00e1mites de entrega del producto, recomendamos tener disponible el importe exacto del pedido, ya que los mensajeros no emiten cambio.<\/p><p>Incluso en el caso de pago contra reembolso, el pedido se procesa inmediatamente, garantizando as\u00ed al cliente un env\u00edo r\u00e1pido.<\/p>\t\t\t\t\t\t\t\t<\/div>\n\t\t\t\t<\/div>\n\t\t\t\t<\/div>\n\t\t<div class=\"elementor-element elementor-element-7cda4ba e-con-full e-flex e-con e-child\" data-id=\"7cda4ba\" data-element_type=\"container\">\n\t\t\t\t<div class=\"elementor-element elementor-element-7741fbc elementor-widget elementor-widget-heading\" data-id=\"7741fbc\" data-element_type=\"widget\" data-widget_type=\"heading.default\">\n\t\t\t\t<div class=\"elementor-widget-container\">\n\t\t\t\t\t<h4 class=\"elementor-heading-title elementor-size-default\">TRANSFERENCIA BANCARIA - Transfiere de forma f\u00e1cil y segura - S\u00f3lo para Italia<\/h4>\t\t\t\t<\/div>\n\t\t\t\t<\/div>\n\t\t\t\t<div class=\"elementor-element elementor-element-760f58f elementor-widget elementor-widget-text-editor\" data-id=\"760f58f\" data-element_type=\"widget\" data-widget_type=\"text-editor.default\">\n\t\t\t\t<div class=\"elementor-widget-container\">\n\t\t\t\t\t\t\t\t\t<p>\u00a1El pago mediante transferencia bancaria no garantiza la misma rapidez que otros m\u00e9todos de pago!<\/p>\n<p>Si el cliente elige la transferencia bancaria como m\u00e9todo de pago, la transferencia bancaria deber\u00e1 realizarse por adelantado. Los datos bancarios para realizar el pago est\u00e1n presentes en el correo electr\u00f3nico de confirmaci\u00f3n del pedido; Si el cliente no recibe el correo electr\u00f3nico, recomendamos marcar la casilla de spam o contactar con atenci\u00f3n al cliente a trav\u00e9s del formulario de contacto.<\/p>\n<p>DEAKOS S.r.l. no acepta CRO ni comprobantes de pago para garantizar la transferencia bancaria realizada. El pedido permanecer\u00e1 en estado \u201cPendiente\u201d hasta que DEAKOS S.r.l. no recibir\u00e1 notificaci\u00f3n de la transferencia bancaria exitosa.<\/p>\t\t\t\t\t\t\t\t<\/div>\n\t\t\t\t<\/div>\n\t\t\t\t<\/div>\n\t\t\t\t<\/div>\n\t\t\t\t<\/div>","protected":false},"excerpt":{"rendered":"<p>Sul sito DEAKOS il cliente effettua acquisti sicuri e garantiti tramite PayPal (anche con carta di credito), Stripe (anche con carta ricaricabile e bofinico SEPA), Contrassegno (pagamento alla consegna) e bonifico bancario (pagamento anticipato).Il protocollo di sicurezza SSL (Secure Socket Layer) garantisce la protezione dei dati sensibili assicurando una transizione criptata. PAYPAL &#8211; Sicuro. Veloce. [&hellip;]<\/p>\n","protected":false},"author":1,"featured_media":0,"parent":0,"menu_order":0,"comment_status":"closed","ping_status":"closed","template":"","meta":{"_acf_changed":false,"site-sidebar-layout":"default","site-content-layout":"","ast-site-content-layout":"default","site-content-style":"default","site-sidebar-style":"default","ast-global-header-display":"","ast-banner-title-visibility":"","ast-main-header-display":"","ast-hfb-above-header-display":"","ast-hfb-below-header-display":"","ast-hfb-mobile-header-display":"","site-post-title":"","ast-breadcrumbs-content":"","ast-featured-img":"","footer-sml-layout":"","theme-transparent-header-meta":"","adv-header-id-meta":"","stick-header-meta":"","header-above-stick-meta":"","header-main-stick-meta":"","header-below-stick-meta":"","astra-migrate-meta-layouts":"default","ast-page-background-enabled":"default","ast-page-background-meta":{"desktop":{"background-color":"","background-image":"","background-repeat":"repeat","background-position":"center center","background-size":"auto","background-attachment":"scroll","background-type":"","background-media":"","overlay-type":"","overlay-color":"","overlay-opacity":"","overlay-gradient":""},"tablet":{"background-color":"","background-image":"","background-repeat":"repeat","background-position":"center center","background-size":"auto","background-attachment":"scroll","background-type":"","background-media":"","overlay-type":"","overlay-color":"","overlay-opacity":"","overlay-gradient":""},"mobile":{"background-color":"","background-image":"","background-repeat":"repeat","background-position":"center center","background-size":"auto","background-attachment":"scroll","background-type":"","background-media":"","overlay-type":"","overlay-color":"","overlay-opacity":"","overlay-gradient":""}},"ast-content-background-meta":{"desktop":{"background-color":"var(--ast-global-color-5)","background-image":"","background-repeat":"repeat","background-position":"center center","background-size":"auto","background-attachment":"scroll","background-type":"","background-media":"","overlay-type":"","overlay-color":"","overlay-opacity":"","overlay-gradient":""},"tablet":{"background-color":"var(--ast-global-color-5)","background-image":"","background-repeat":"repeat","background-position":"center center","background-size":"auto","background-attachment":"scroll","background-type":"","background-media":"","overlay-type":"","overlay-color":"","overlay-opacity":"","overlay-gradient":""},"mobile":{"background-color":"var(--ast-global-color-5)","background-image":"","background-repeat":"repeat","background-position":"center center","background-size":"auto","background-attachment":"scroll","background-type":"","background-media":"","overlay-type":"","overlay-color":"","overlay-opacity":"","overlay-gradient":""}},"footnotes":""},"class_list":["post-1956","page","type-page","status-publish","hentry"],"acf":[],"_links":{"self":[{"href":"https:\/\/www.deakos.com\/es\/wp-json\/wp\/v2\/pages\/1956","targetHints":{"allow":["GET"]}}],"collection":[{"href":"https:\/\/www.deakos.com\/es\/wp-json\/wp\/v2\/pages"}],"about":[{"href":"https:\/\/www.deakos.com\/es\/wp-json\/wp\/v2\/types\/page"}],"author":[{"embeddable":true,"href":"https:\/\/www.deakos.com\/es\/wp-json\/wp\/v2\/users\/1"}],"replies":[{"embeddable":true,"href":"https:\/\/www.deakos.com\/es\/wp-json\/wp\/v2\/comments?post=1956"}],"version-history":[{"count":8,"href":"https:\/\/www.deakos.com\/es\/wp-json\/wp\/v2\/pages\/1956\/revisions"}],"predecessor-version":[{"id":20440,"href":"https:\/\/www.deakos.com\/es\/wp-json\/wp\/v2\/pages\/1956\/revisions\/20440"}],"wp:attachment":[{"href":"https:\/\/www.deakos.com\/es\/wp-json\/wp\/v2\/media?parent=1956"}],"curies":[{"name":"wp","href":"https:\/\/api.w.org\/{rel}","templated":true}]}}