{"id":3785,"date":"2025-03-20T10:23:28","date_gmt":"2025-03-20T10:23:28","guid":{"rendered":"https:\/\/demo.deakos.com\/?post_type=product&#038;p=3785"},"modified":"2025-03-28T08:08:31","modified_gmt":"2025-03-28T08:08:31","slug":"soluzione-colon-irritabile","status":"publish","type":"product","link":"https:\/\/www.deakos.com\/de\/prodotto\/soluzione-colon-irritabile\/","title":{"rendered":"L\u00d6SUNG F\u00dcR REIZDARMSYNDROM"},"content":{"rendered":"<div> Wenn Sie unter Reizdarmsyndrom und Magen-Darm-Entz\u00fcndungen leiden, ist der ideale Ansatz zur Bek\u00e4mpfung von Reizungen und Entz\u00fcndungen:<br \/>\n<strong>Pealen<\/strong>: 1 Tablette, 2-mal t\u00e4glich, zu den Mahlzeiten<\/p>\n<ul>\n<li>aufgrund seiner entz\u00fcndungshemmenden und schmerzlindernden Eigenschaften<\/li>\n<li>zur Reduzierung der abdominalen Schmerzsymptomatik<\/li>\n<li>zur Unterst\u00fctzung der Aufrechterhaltung der Darmbarriere und der Integrit\u00e4t des Mikrobioms<\/li>\n<li>zur St\u00e4rkung der Tight Junctions der Enterozytenwand und zur Bek\u00e4mpfung oder Vorbeugung des Auftretens einer Darmhyperpermeabilit\u00e4t<\/li>\n<\/ul>\n<p><strong>Nonidea:<\/strong>: 1 Tablette, 2-mal t\u00e4glich<\/p>\n<ul>\n<li>wegen seiner antioxidativen und epithelregenerierenden Wirkung, besonders wirksam auf den Schleimh\u00e4uten<\/li>\n<li>aufgrund seiner antibakteriellen und antimykotischen Eigenschaften<\/li>\n<li>wegen seiner immunstimulierenden Wirkung<\/li>\n<li>Aufgrund seines nat\u00fcrlichen Gehalts an Mineralstoffen, Vitamin\u202fC, Zink, Selen, Anthrachinonen und weiteren wichtigen Spurenelementen<\/li>\n<\/ul>\n<p><strong>Ausilium Tisana<\/strong>: 1 Messl\u00f6ffel, 1-mal t\u00e4glich \u2013 gut verd\u00fcnnt bei Durchfall \/ pur bei Verstopfung<\/p>\n<ul>\n<li>wegen seiner prokinetischen Wirkung, die den Darmtransit normalisiert und Kr\u00e4mpfe sowie Beschwerden reduziert<\/li>\n<li>zur Verringerung der Gasbildung und \u00fcberm\u00e4\u00dfiger G\u00e4rungen<\/li>\n<\/ul>\n<\/div>","protected":false},"excerpt":{"rendered":"<p>Wenn du unter Reizdarmsyndrom und gastrointestinaler Entz\u00fcndung leidest<\/p>","protected":false},"featured_media":3742,"comment_status":"open","ping_status":"closed","template":"","meta":{"_acf_changed":false,"site-sidebar-layout":"default","site-content-layout":"","ast-site-content-layout":"default","site-content-style":"default","site-sidebar-style":"default","ast-global-header-display":"","ast-banner-title-visibility":"","ast-main-header-display":"","ast-hfb-above-header-display":"","ast-hfb-below-header-display":"","ast-hfb-mobile-header-display":"","site-post-title":"","ast-breadcrumbs-content":"","ast-featured-img":"","footer-sml-layout":"","theme-transparent-header-meta":"default","adv-header-id-meta":"","stick-header-meta":"","header-above-stick-meta":"","header-main-stick-meta":"","header-below-stick-meta":"","astra-migrate-meta-layouts":"set","ast-page-background-enabled":"default","ast-page-background-meta":{"desktop":{"background-color":"","background-image":"","background-repeat":"repeat","background-position":"center center","background-size":"auto","background-attachment":"scroll","background-type":"","background-media":"","overlay-type":"","overlay-color":"","overlay-opacity":"","overlay-gradient":""},"tablet":{"background-color":"","background-image":"","background-repeat":"repeat","background-position":"center center","background-size":"auto","background-attachment":"scroll","background-type":"","background-media":"","overlay-type":"","overlay-color":"","overlay-opacity":"","overlay-gradient":""},"mobile":{"background-color":"","background-image":"","background-repeat":"repeat","background-position":"center center","background-size":"auto","background-attachment":"scroll","background-type":"","background-media":"","overlay-type":"","overlay-color":"","overlay-opacity":"","overlay-gradient":""}},"ast-content-background-meta":{"desktop":{"background-color":"var(--ast-global-color-5)","background-image":"","background-repeat":"repeat","background-position":"center center","background-size":"auto","background-attachment":"scroll","background-type":"","background-media":"","overlay-type":"","overlay-color":"","overlay-opacity":"","overlay-gradient":""},"tablet":{"background-color":"var(--ast-global-color-5)","background-image":"","background-repeat":"repeat","background-position":"center center","background-size":"auto","background-attachment":"scroll","background-type":"","background-media":"","overlay-type":"","overlay-color":"","overlay-opacity":"","overlay-gradient":""},"mobile":{"background-color":"var(--ast-global-color-5)","background-image":"","background-repeat":"repeat","background-position":"center center","background-size":"auto","background-attachment":"scroll","background-type":"","background-media":"","overlay-type":"","overlay-color":"","overlay-opacity":"","overlay-gradient":""}}},"product_brand":[],"product_cat":[70],"product_tag":[],"class_list":{"0":"post-3785","1":"product","2":"type-product","3":"status-publish","4":"has-post-thumbnail","6":"product_cat-soluzioni-deakos","7":"desktop-align-left","8":"tablet-align-left","9":"mobile-align-left","11":"first","12":"instock","13":"taxable","14":"shipping-taxable","15":"purchasable","16":"product-type-bundle"},"bundled_by":[],"bundle_stock_status":"instock","bundle_stock_quantity":"","bundle_virtual":false,"bundle_layout":"default","bundle_add_to_cart_form_location":"default","bundle_editable_in_cart":false,"bundle_sold_individually_context":"product","bundle_item_grouping":"parent","bundle_min_size":"","bundle_max_size":"","bundle_price":{"price":{"min":{"incl_tax":"149.7","excl_tax":"122.704918"},"max":{"incl_tax":"149.7","excl_tax":"122.704918"}},"regular_price":{"min":{"incl_tax":"149.7","excl_tax":"122.704918"},"max":{"incl_tax":"149.7","excl_tax":"122.704918"}}},"bundled_items":[{"bundled_item_id":104,"product_id":3490,"menu_order":0,"quantity_min":2,"quantity_max":2,"quantity_default":2,"priced_individually":false,"shipped_individually":false,"override_title":false,"title":"AUSILIUM TISANA","override_description":false,"description":"","optional":false,"hide_thumbnail":false,"discount":"","override_variations":false,"allowed_variations":[],"override_default_variation_attributes":false,"default_variation_attributes":[],"single_product_visibility":"visible","cart_visibility":"visible","order_visibility":"visible","single_product_price_visibility":"visible","cart_price_visibility":"visible","order_price_visibility":"visible","stock_status":"in_stock"},{"bundled_item_id":105,"product_id":3564,"menu_order":1,"quantity_min":2,"quantity_max":2,"quantity_default":2,"priced_individually":false,"shipped_individually":false,"override_title":false,"title":"NONIDEA","override_description":false,"description":"","optional":false,"hide_thumbnail":false,"discount":"","override_variations":false,"allowed_variations":[],"override_default_variation_attributes":false,"default_variation_attributes":[],"single_product_visibility":"visible","cart_visibility":"visible","order_visibility":"visible","single_product_price_visibility":"visible","cart_price_visibility":"visible","order_price_visibility":"visible","stock_status":"in_stock"},{"bundled_item_id":106,"product_id":3733,"menu_order":2,"quantity_min":1,"quantity_max":1,"quantity_default":1,"priced_individually":false,"shipped_individually":false,"override_title":false,"title":"PEALEN 60 Tabletten","override_description":false,"description":"","optional":false,"hide_thumbnail":false,"discount":"","override_variations":false,"allowed_variations":[],"override_default_variation_attributes":false,"default_variation_attributes":[],"single_product_visibility":"visible","cart_visibility":"visible","order_visibility":"visible","single_product_price_visibility":"visible","cart_price_visibility":"visible","order_price_visibility":"visible","stock_status":"in_stock"}],"bundle_sell_ids":[],"acf":[],"_links":{"self":[{"href":"https:\/\/www.deakos.com\/de\/wp-json\/wp\/v2\/product\/3785","targetHints":{"allow":["GET"]}}],"collection":[{"href":"https:\/\/www.deakos.com\/de\/wp-json\/wp\/v2\/product"}],"about":[{"href":"https:\/\/www.deakos.com\/de\/wp-json\/wp\/v2\/types\/product"}],"replies":[{"embeddable":true,"href":"https:\/\/www.deakos.com\/de\/wp-json\/wp\/v2\/comments?post=3785"}],"wp:featuredmedia":[{"embeddable":true,"href":"https:\/\/www.deakos.com\/de\/wp-json\/wp\/v2\/media\/3742"}],"wp:attachment":[{"href":"https:\/\/www.deakos.com\/de\/wp-json\/wp\/v2\/media?parent=3785"}],"wp:term":[{"taxonomy":"product_brand","embeddable":true,"href":"https:\/\/www.deakos.com\/de\/wp-json\/wp\/v2\/product_brand?post=3785"},{"taxonomy":"product_cat","embeddable":true,"href":"https:\/\/www.deakos.com\/de\/wp-json\/wp\/v2\/product_cat?post=3785"},{"taxonomy":"product_tag","embeddable":true,"href":"https:\/\/www.deakos.com\/de\/wp-json\/wp\/v2\/product_tag?post=3785"}],"curies":[{"name":"wp","href":"https:\/\/api.w.org\/{rel}","templated":true}]}}