{"id":3778,"date":"2025-03-20T09:22:10","date_gmt":"2025-03-20T09:22:10","guid":{"rendered":"https:\/\/demo.deakos.com\/?post_type=product&#038;p=3778"},"modified":"2026-04-20T12:03:32","modified_gmt":"2026-04-20T10:03:32","slug":"soluzione-sindrome-genito-urinaria","status":"publish","type":"product","link":"https:\/\/www.deakos.com\/de\/prodotto\/soluzione-sindrome-genito-urinaria\/","title":{"rendered":"MENOPAUSE GENITO-URINALE SYNDROM"},"content":{"rendered":"<div>Wenn du in der Menopause bist und unter dem genito-urin\u00e4ren Syndrom leidest, ist der ideale Ansatz:<br \/>\n<strong>Cistiquer<\/strong>: 1 Tablette pro Tag, zwischen den Mahlzeiten<\/p>\n<ul>\n<li>F\u00fcr seine entz\u00fcndungshemmende, antiedemat\u00f6se und antiseptische Wirkung<\/li>\n<li>Um die Reepithelisierung der urothelialen und vulvo-vaginalen Schleimh\u00e4ute zu unterst\u00fctzen und zu f\u00f6rdern<\/li>\n<li>F\u00fcr seine g\u00fcnstige Wirkung auf die gute Durchblutung<\/li>\n<\/ul>\n<p><strong>Deaflor<\/strong>: 1 Tablette zu Mittag- und Abendessen, zu den Mahlzeiten<\/p>\n<ul>\n<li>Um das Darm- und Vaginalmikrobiom zu unterst\u00fctzen und zu st\u00e4rken<\/li>\n<li>Um Dysbiosestadien zu bek\u00e4mpfen<\/li>\n<li>Um die physiologischen Abwehrkr\u00e4fte zu st\u00e4rken<\/li>\n<\/ul>\n<p><strong>Ausilium Forte:<\/strong>: 1 Messl\u00f6ffel, 2-mal t\u00e4glich, zwischen den Mahlzeiten, in den folgenden 4 Wochen<\/p>\n<ul>\n<li>F\u00fcr seine entz\u00fcndungshemmenden, antimykotischen und schmerzlindernden Eigenschaften<\/li>\n<li>F\u00fcr seine alkalisierende Wirkung auf den pH-Wert des Urins<\/li>\n<li>F\u00fcr seine muskelentspannende Wirkung, die bei Kr\u00e4mpfen und Kontrakturen vorteilhaft ist<\/li>\n<li>Um Harndrang und H\u00e4ufigkeit des Wasserlassens zu reduzieren<\/li>\n<li>Um bakterielle Kolonien auf nat\u00fcrliche Weise zu eliminieren (Vorbeugung akuter Episoden durch opportunistische Bakterien)<\/li>\n<\/ul>\n<p><strong>Ausilium Lavanda<\/strong>1 Anwendung, 2-mal pro Woche<\/p>\n<ul>\n<li class=\"translation-block\">Um die Laktobazillen der D\u00f6derlein-Flora zu unterst\u00fctzen und zu st\u00e4rken<\/li>\n<li>Um den physiologischen pH-Wert und die Hydratation zu erhalten<\/li>\n<li>F\u00fcr seine entz\u00fcndungshemmende und lindernde Wirkung<\/li>\n<li>F\u00fcr seine nat\u00fcrliche hemmende Wirkung gegen pathogene Bakterien und Hefen, die im Fall einer Verarmung der physiologischen Flora opportunistisch werden k\u00f6nnen<\/li>\n<li>Zur Vorbeugung der Bildung pathogener Biofilme<\/li>\n<\/ul>\n<p><strong>Nur in den ersten 20 Tagen:<\/strong><\/p>\n<p><strong>Ausilium Crema<\/strong>: 1 Anwendung pro Tag, abends vor dem Schlafengehen<\/p>\n<ul>\n<li>F\u00fcr seine reepithelisierende Wirkung und zur Unterst\u00fctzung der Trofik der Schleimh\u00e4ute<\/li>\n<li>F\u00fcr seine entz\u00fcndungshemmenden, lindernden, n\u00e4hrenden und feuchtigkeitsspendenden Eigenschaften<\/li>\n<li>Um uropathogene Bakterien abzufangen und deren Aufstieg in die Harnwege zu verhindern<\/li>\n<\/ul>\n<p><strong>Ausilium Flora<\/strong>: 1 Vaginalkapsel, vor dem Schlafengehen (zusammen mit Ausilium Crema aufgetragen), jeden zweiten Tag (im Wechsel mit Ausilium Venus)<\/p>\n<ul>\n<li>Um die Reepithelisierung und das Gleichgewicht der D\u00f6derlein-Flora zu f\u00f6rdern<\/li>\n<li>F\u00fcr seine tonisierenden und antioxidativen Eigenschaften<\/li>\n<li>Zur Unterst\u00fctzung der physiologischen Abwehrkr\u00e4fte<\/li>\n<li>Tr\u00e4gt zur Erhaltung von Geweben und Schleimh\u00e4uten bei<\/li>\n<\/ul>\n<p><strong>Ausilium Venus<\/strong>: 1 Vaginalkapsel, vor dem Schlafengehen (zusammen mit Ausilium Crema aufgetragen), jeden zweiten Tag (im Wechsel mit Ausilium Flora)<\/p>\n<ul>\n<li>Um die Reepithelisierung der Schleimh\u00e4ute und die Wiederherstellung ihrer Integrit\u00e4t zu f\u00f6rdern<\/li>\n<li>F\u00fcr seine tonisierenden und antioxidativen Eigenschaften<\/li>\n<li>Zur Unterst\u00fctzung der physiologischen Abwehrkr\u00e4fte<\/li>\n<li>Tr\u00e4gt zur Erhaltung von Geweben und Schleimh\u00e4uten bei<\/li>\n<\/ul>\n<\/div>","protected":false},"excerpt":{"rendered":"<p>Wenn du in den Wechseljahren sind und unter dem genito-urinalen Syndrom leidest<\/p>","protected":false},"featured_media":3754,"comment_status":"open","ping_status":"closed","template":"","meta":{"_acf_changed":false,"site-sidebar-layout":"default","site-content-layout":"","ast-site-content-layout":"default","site-content-style":"default","site-sidebar-style":"default","ast-global-header-display":"","ast-banner-title-visibility":"","ast-main-header-display":"","ast-hfb-above-header-display":"","ast-hfb-below-header-display":"","ast-hfb-mobile-header-display":"","site-post-title":"","ast-breadcrumbs-content":"","ast-featured-img":"","footer-sml-layout":"","theme-transparent-header-meta":"default","adv-header-id-meta":"","stick-header-meta":"","header-above-stick-meta":"","header-main-stick-meta":"","header-below-stick-meta":"","astra-migrate-meta-layouts":"set","ast-page-background-enabled":"default","ast-page-background-meta":{"desktop":{"background-color":"","background-image":"","background-repeat":"repeat","background-position":"center center","background-size":"auto","background-attachment":"scroll","background-type":"","background-media":"","overlay-type":"","overlay-color":"","overlay-opacity":"","overlay-gradient":""},"tablet":{"background-color":"","background-image":"","background-repeat":"repeat","background-position":"center center","background-size":"auto","background-attachment":"scroll","background-type":"","background-media":"","overlay-type":"","overlay-color":"","overlay-opacity":"","overlay-gradient":""},"mobile":{"background-color":"","background-image":"","background-repeat":"repeat","background-position":"center center","background-size":"auto","background-attachment":"scroll","background-type":"","background-media":"","overlay-type":"","overlay-color":"","overlay-opacity":"","overlay-gradient":""}},"ast-content-background-meta":{"desktop":{"background-color":"var(--ast-global-color-5)","background-image":"","background-repeat":"repeat","background-position":"center center","background-size":"auto","background-attachment":"scroll","background-type":"","background-media":"","overlay-type":"","overlay-color":"","overlay-opacity":"","overlay-gradient":""},"tablet":{"background-color":"var(--ast-global-color-5)","background-image":"","background-repeat":"repeat","background-position":"center center","background-size":"auto","background-attachment":"scroll","background-type":"","background-media":"","overlay-type":"","overlay-color":"","overlay-opacity":"","overlay-gradient":""},"mobile":{"background-color":"var(--ast-global-color-5)","background-image":"","background-repeat":"repeat","background-position":"center center","background-size":"auto","background-attachment":"scroll","background-type":"","background-media":"","overlay-type":"","overlay-color":"","overlay-opacity":"","overlay-gradient":""}}},"product_brand":[],"product_cat":[70],"product_tag":[],"class_list":{"0":"post-3778","1":"product","2":"type-product","3":"status-publish","4":"has-post-thumbnail","6":"product_cat-soluzioni-deakos","7":"desktop-align-left","8":"tablet-align-left","9":"mobile-align-left","11":"first","12":"instock","13":"taxable","14":"shipping-taxable","15":"purchasable","16":"product-type-bundle"},"bundled_by":[],"bundle_stock_status":"instock","bundle_stock_quantity":"","bundle_virtual":false,"bundle_layout":"default","bundle_add_to_cart_form_location":"default","bundle_editable_in_cart":false,"bundle_sold_individually_context":"product","bundle_item_grouping":"parent","bundle_min_size":"","bundle_max_size":"","bundle_price":{"price":{"min":{"incl_tax":"295.2","excl_tax":"241.967213"},"max":{"incl_tax":"295.2","excl_tax":"241.967213"}},"regular_price":{"min":{"incl_tax":"295.2","excl_tax":"241.967213"},"max":{"incl_tax":"295.2","excl_tax":"241.967213"}}},"bundled_items":[{"bundled_item_id":75,"product_id":3503,"menu_order":0,"quantity_min":1,"quantity_max":1,"quantity_default":1,"priced_individually":false,"shipped_individually":false,"override_title":false,"title":"CISTIQUER","override_description":false,"description":"","optional":false,"hide_thumbnail":false,"discount":"","override_variations":false,"allowed_variations":[],"override_default_variation_attributes":false,"default_variation_attributes":[],"single_product_visibility":"visible","cart_visibility":"visible","order_visibility":"visible","single_product_price_visibility":"visible","cart_price_visibility":"visible","order_price_visibility":"visible","stock_status":"in_stock"},{"bundled_item_id":76,"product_id":3507,"menu_order":1,"quantity_min":1,"quantity_max":1,"quantity_default":1,"priced_individually":false,"shipped_individually":false,"override_title":false,"title":"DEAFLOR 60","override_description":false,"description":"","optional":false,"hide_thumbnail":false,"discount":"","override_variations":false,"allowed_variations":[],"override_default_variation_attributes":false,"default_variation_attributes":[],"single_product_visibility":"visible","cart_visibility":"visible","order_visibility":"visible","single_product_price_visibility":"visible","cart_price_visibility":"visible","order_price_visibility":"visible","stock_status":"in_stock"},{"bundled_item_id":77,"product_id":3458,"menu_order":2,"quantity_min":1,"quantity_max":1,"quantity_default":1,"priced_individually":false,"shipped_individually":false,"override_title":false,"title":"AUSILIUM FORTE 300 g OHNE AROMA","override_description":false,"description":"","optional":false,"hide_thumbnail":false,"discount":"","override_variations":false,"allowed_variations":[],"override_default_variation_attributes":false,"default_variation_attributes":[],"single_product_visibility":"visible","cart_visibility":"visible","order_visibility":"visible","single_product_price_visibility":"visible","cart_price_visibility":"visible","order_price_visibility":"visible","stock_status":"in_stock"},{"bundled_item_id":78,"product_id":3429,"menu_order":3,"quantity_min":2,"quantity_max":2,"quantity_default":2,"priced_individually":false,"shipped_individually":false,"override_title":false,"title":"AUSILIUM LAVANDA - 4 MONODOSE","override_description":false,"description":"","optional":false,"hide_thumbnail":false,"discount":"","override_variations":false,"allowed_variations":[],"override_default_variation_attributes":false,"default_variation_attributes":[],"single_product_visibility":"visible","cart_visibility":"visible","order_visibility":"visible","single_product_price_visibility":"visible","cart_price_visibility":"visible","order_price_visibility":"visible","stock_status":"in_stock"},{"bundled_item_id":79,"product_id":3424,"menu_order":4,"quantity_min":2,"quantity_max":2,"quantity_default":2,"priced_individually":false,"shipped_individually":false,"override_title":false,"title":"AUSILIUM CREME Tube","override_description":false,"description":"","optional":false,"hide_thumbnail":false,"discount":"","override_variations":false,"allowed_variations":[],"override_default_variation_attributes":false,"default_variation_attributes":[],"single_product_visibility":"visible","cart_visibility":"visible","order_visibility":"visible","single_product_price_visibility":"visible","cart_price_visibility":"visible","order_price_visibility":"visible","stock_status":"in_stock"},{"bundled_item_id":80,"product_id":3608,"menu_order":5,"quantity_min":1,"quantity_max":1,"quantity_default":1,"priced_individually":false,"shipped_individually":false,"override_title":false,"title":"XEREM tube 100 ml","override_description":false,"description":"","optional":false,"hide_thumbnail":false,"discount":"","override_variations":false,"allowed_variations":[],"override_default_variation_attributes":false,"default_variation_attributes":[],"single_product_visibility":"visible","cart_visibility":"visible","order_visibility":"visible","single_product_price_visibility":"visible","cart_price_visibility":"visible","order_price_visibility":"visible","stock_status":"in_stock"},{"bundled_item_id":81,"product_id":3435,"menu_order":6,"quantity_min":1,"quantity_max":1,"quantity_default":1,"priced_individually":false,"shipped_individually":false,"override_title":false,"title":"AUSILIUM FLORA","override_description":false,"description":"","optional":false,"hide_thumbnail":false,"discount":"","override_variations":false,"allowed_variations":[],"override_default_variation_attributes":false,"default_variation_attributes":[],"single_product_visibility":"visible","cart_visibility":"visible","order_visibility":"visible","single_product_price_visibility":"visible","cart_price_visibility":"visible","order_price_visibility":"visible","stock_status":"in_stock"},{"bundled_item_id":82,"product_id":3438,"menu_order":7,"quantity_min":1,"quantity_max":1,"quantity_default":1,"priced_individually":false,"shipped_individually":false,"override_title":false,"title":"AUSILIUM VENUS","override_description":false,"description":"","optional":false,"hide_thumbnail":false,"discount":"","override_variations":false,"allowed_variations":[],"override_default_variation_attributes":false,"default_variation_attributes":[],"single_product_visibility":"visible","cart_visibility":"visible","order_visibility":"visible","single_product_price_visibility":"visible","cart_price_visibility":"visible","order_price_visibility":"visible","stock_status":"in_stock"}],"bundle_sell_ids":[],"acf":[],"_links":{"self":[{"href":"https:\/\/www.deakos.com\/de\/wp-json\/wp\/v2\/product\/3778","targetHints":{"allow":["GET"]}}],"collection":[{"href":"https:\/\/www.deakos.com\/de\/wp-json\/wp\/v2\/product"}],"about":[{"href":"https:\/\/www.deakos.com\/de\/wp-json\/wp\/v2\/types\/product"}],"replies":[{"embeddable":true,"href":"https:\/\/www.deakos.com\/de\/wp-json\/wp\/v2\/comments?post=3778"}],"wp:featuredmedia":[{"embeddable":true,"href":"https:\/\/www.deakos.com\/de\/wp-json\/wp\/v2\/media\/3754"}],"wp:attachment":[{"href":"https:\/\/www.deakos.com\/de\/wp-json\/wp\/v2\/media?parent=3778"}],"wp:term":[{"taxonomy":"product_brand","embeddable":true,"href":"https:\/\/www.deakos.com\/de\/wp-json\/wp\/v2\/product_brand?post=3778"},{"taxonomy":"product_cat","embeddable":true,"href":"https:\/\/www.deakos.com\/de\/wp-json\/wp\/v2\/product_cat?post=3778"},{"taxonomy":"product_tag","embeddable":true,"href":"https:\/\/www.deakos.com\/de\/wp-json\/wp\/v2\/product_tag?post=3778"}],"curies":[{"name":"wp","href":"https:\/\/api.w.org\/{rel}","templated":true}]}}