{"id":3775,"date":"2025-03-20T08:49:35","date_gmt":"2025-03-20T08:49:35","guid":{"rendered":"https:\/\/demo.deakos.com\/?post_type=product&#038;p=3775"},"modified":"2025-03-28T08:09:50","modified_gmt":"2025-03-28T08:09:50","slug":"soluzione-primo-passo","status":"publish","type":"product","link":"https:\/\/www.deakos.com\/de\/prodotto\/soluzione-primo-passo\/","title":{"rendered":"ERSTER SCHRITT L\u00d6SUNG"},"content":{"rendered":"<div>Wenn Sie unter wiederkehrenden bakteriellen Blasenentz\u00fcndungen leiden und die ersten Schritte in die richtige Richtung gehen m\u00f6chten, ist der ideale Ansatz:<br \/>\n<strong>AUSILIUM NAC:<\/strong>: 1 Fl\u00e4schchen, 2-mal t\u00e4glich, au\u00dferhalb der Mahlzeiten<\/p>\n<ul>\n<li>F\u00fcr seine zersetzende Wirkung auf die Matrix pathogener Biofilme<\/li>\n<li>Aufgrund seiner vorbeugenden Wirkung gegen bakterielle Aggregation und die Bildung neuer pathogener Biofilme<\/li>\n<li>Um die Anhaftung uropathogener Bakterien am Urothel zu verhindern und ihre nat\u00fcrliche Ausscheidung mit dem Harnfluss zu f\u00f6rdern.<\/li>\n<li>Um die Vermehrung pathogener Hefen zu hemmen<\/li>\n<li>F\u00fcr seine entz\u00fcndungshemmende Wirkung<\/li>\n<\/ul>\n<p><strong>Ausilium 20 PLUS<\/strong>: 1 Beutel pro Tag, au\u00dferhalb der Mahlzeiten<\/p>\n<ul>\n<li>Um die bakteriellen Kolonien auf nat\u00fcrliche Weise zu eliminieren<\/li>\n<li>F\u00fcr seine immunstimulierenden Eigenschaften<\/li>\n<li>F\u00fcr seine entz\u00fcndungshemmende, antimykotische und schmerzlindernde Wirkung<\/li>\n<li>F\u00fcr seine alkalisierende Wirkung auf den pH-Wert des Urins<\/li>\n<\/ul>\n<\/div>","protected":false},"excerpt":{"rendered":"<p>Wenn du unter wiederkehrenden bakteriellen Blasenentz\u00fcndung leidest<\/p>","protected":false},"featured_media":3751,"comment_status":"open","ping_status":"closed","template":"","meta":{"_acf_changed":false,"site-sidebar-layout":"default","site-content-layout":"","ast-site-content-layout":"default","site-content-style":"default","site-sidebar-style":"default","ast-global-header-display":"","ast-banner-title-visibility":"","ast-main-header-display":"","ast-hfb-above-header-display":"","ast-hfb-below-header-display":"","ast-hfb-mobile-header-display":"","site-post-title":"","ast-breadcrumbs-content":"","ast-featured-img":"","footer-sml-layout":"","theme-transparent-header-meta":"default","adv-header-id-meta":"","stick-header-meta":"","header-above-stick-meta":"","header-main-stick-meta":"","header-below-stick-meta":"","astra-migrate-meta-layouts":"set","ast-page-background-enabled":"default","ast-page-background-meta":{"desktop":{"background-color":"","background-image":"","background-repeat":"repeat","background-position":"center center","background-size":"auto","background-attachment":"scroll","background-type":"","background-media":"","overlay-type":"","overlay-color":"","overlay-opacity":"","overlay-gradient":""},"tablet":{"background-color":"","background-image":"","background-repeat":"repeat","background-position":"center center","background-size":"auto","background-attachment":"scroll","background-type":"","background-media":"","overlay-type":"","overlay-color":"","overlay-opacity":"","overlay-gradient":""},"mobile":{"background-color":"","background-image":"","background-repeat":"repeat","background-position":"center center","background-size":"auto","background-attachment":"scroll","background-type":"","background-media":"","overlay-type":"","overlay-color":"","overlay-opacity":"","overlay-gradient":""}},"ast-content-background-meta":{"desktop":{"background-color":"var(--ast-global-color-5)","background-image":"","background-repeat":"repeat","background-position":"center center","background-size":"auto","background-attachment":"scroll","background-type":"","background-media":"","overlay-type":"","overlay-color":"","overlay-opacity":"","overlay-gradient":""},"tablet":{"background-color":"var(--ast-global-color-5)","background-image":"","background-repeat":"repeat","background-position":"center center","background-size":"auto","background-attachment":"scroll","background-type":"","background-media":"","overlay-type":"","overlay-color":"","overlay-opacity":"","overlay-gradient":""},"mobile":{"background-color":"var(--ast-global-color-5)","background-image":"","background-repeat":"repeat","background-position":"center center","background-size":"auto","background-attachment":"scroll","background-type":"","background-media":"","overlay-type":"","overlay-color":"","overlay-opacity":"","overlay-gradient":""}}},"product_brand":[],"product_cat":[70],"product_tag":[],"class_list":{"0":"post-3775","1":"product","2":"type-product","3":"status-publish","4":"has-post-thumbnail","6":"product_cat-soluzioni-deakos","7":"desktop-align-left","8":"tablet-align-left","9":"mobile-align-left","11":"first","12":"instock","13":"taxable","14":"shipping-taxable","15":"purchasable","16":"product-type-bundle"},"bundled_by":[],"bundle_stock_status":"instock","bundle_stock_quantity":"","bundle_virtual":false,"bundle_layout":"default","bundle_add_to_cart_form_location":"default","bundle_editable_in_cart":false,"bundle_sold_individually_context":"product","bundle_item_grouping":"parent","bundle_min_size":"","bundle_max_size":"","bundle_price":{"price":{"min":{"incl_tax":"72.6","excl_tax":"59.508197"},"max":{"incl_tax":"72.6","excl_tax":"59.508197"}},"regular_price":{"min":{"incl_tax":"72.6","excl_tax":"59.508197"},"max":{"incl_tax":"72.6","excl_tax":"59.508197"}}},"bundled_items":[{"bundled_item_id":60,"product_id":3471,"menu_order":0,"quantity_min":2,"quantity_max":2,"quantity_default":2,"priced_individually":false,"shipped_individually":false,"override_title":false,"title":"AUSILIUM NAC","override_description":false,"description":"","optional":false,"hide_thumbnail":false,"discount":"","override_variations":false,"allowed_variations":[],"override_default_variation_attributes":false,"default_variation_attributes":[],"single_product_visibility":"visible","cart_visibility":"visible","order_visibility":"visible","single_product_price_visibility":"visible","cart_price_visibility":"visible","order_price_visibility":"visible","stock_status":"in_stock"},{"bundled_item_id":61,"product_id":3405,"menu_order":1,"quantity_min":1,"quantity_max":1,"quantity_default":1,"priced_individually":false,"shipped_individually":false,"override_title":false,"title":"AUSILIUM 20 PLUS","override_description":false,"description":"","optional":false,"hide_thumbnail":false,"discount":"","override_variations":false,"allowed_variations":[],"override_default_variation_attributes":false,"default_variation_attributes":[],"single_product_visibility":"visible","cart_visibility":"visible","order_visibility":"visible","single_product_price_visibility":"visible","cart_price_visibility":"visible","order_price_visibility":"visible","stock_status":"in_stock"}],"bundle_sell_ids":[],"acf":[],"_links":{"self":[{"href":"https:\/\/www.deakos.com\/de\/wp-json\/wp\/v2\/product\/3775","targetHints":{"allow":["GET"]}}],"collection":[{"href":"https:\/\/www.deakos.com\/de\/wp-json\/wp\/v2\/product"}],"about":[{"href":"https:\/\/www.deakos.com\/de\/wp-json\/wp\/v2\/types\/product"}],"replies":[{"embeddable":true,"href":"https:\/\/www.deakos.com\/de\/wp-json\/wp\/v2\/comments?post=3775"}],"wp:featuredmedia":[{"embeddable":true,"href":"https:\/\/www.deakos.com\/de\/wp-json\/wp\/v2\/media\/3751"}],"wp:attachment":[{"href":"https:\/\/www.deakos.com\/de\/wp-json\/wp\/v2\/media?parent=3775"}],"wp:term":[{"taxonomy":"product_brand","embeddable":true,"href":"https:\/\/www.deakos.com\/de\/wp-json\/wp\/v2\/product_brand?post=3775"},{"taxonomy":"product_cat","embeddable":true,"href":"https:\/\/www.deakos.com\/de\/wp-json\/wp\/v2\/product_cat?post=3775"},{"taxonomy":"product_tag","embeddable":true,"href":"https:\/\/www.deakos.com\/de\/wp-json\/wp\/v2\/product_tag?post=3775"}],"curies":[{"name":"wp","href":"https:\/\/api.w.org\/{rel}","templated":true}]}}