{"id":3772,"date":"2025-03-18T16:47:24","date_gmt":"2025-03-18T16:47:24","guid":{"rendered":"https:\/\/demo.deakos.com\/?post_type=product&#038;p=3772"},"modified":"2025-10-28T12:04:45","modified_gmt":"2025-10-28T11:04:45","slug":"soluzione-pelvic","status":"publish","type":"product","link":"https:\/\/www.deakos.com\/de\/prodotto\/soluzione-pelvic\/","title":{"rendered":"PELVIC L\u00d6SUNG"},"content":{"rendered":"<div>Wenn Sie unter Beckenschmerzen muskul\u00e4ren Ursprungs (Verspannung), entz\u00fcndlich und\/oder neuropathisch leiden, ist der ideale Ansatz:<br \/>\n<strong style=\"font-size: 16px;\">Alaquer<\/strong><span style=\"font-size: 16px;\">: 1 Tablette, 2-mal t\u00e4glich, zu den Mahlzeiten<\/span><\/p>\n<ul>\n<li><span lang=\"FR\">Aufgrund seiner antioxidativen Wirkung<\/span><\/li>\n<li>Wegen seiner modulierenden Eigenschaften auf die Nervenleitung<\/li>\n<li><span lang=\"FR\">Zur Unterst\u00fctzung des Nervensystems<\/span><\/li>\n<\/ul>\n<p><strong>Pealen<\/strong>: 1 Tablette, 2-mal t\u00e4glich, zu den Mahlzeiten<\/p>\n<ul>\n<li>Wegen seiner entz\u00fcndungshemmenden Wirkung<\/li>\n<li><span lang=\"FR\">Zur Linderung von Schmerzen und Symptomen<\/span><\/li>\n<\/ul>\n<p><strong>Pealen Creme:<\/strong>1 Anwendung pro Tag, vor dem Schlafengehen<\/p>\n<ul>\n<li>Aufgrund seiner feuchtigkeitsspendenden Eigenschaften<\/li>\n<li>Wegen seiner schmerzlindernden Wirkung<\/li>\n<li>F\u00fcr die lokal entz\u00fcndungshemmende Wirkung direkt im Gewebe<\/li>\n<\/ul>\n<p><strong>Ausilium Forte:<\/strong>1 Messl\u00f6ffel, 1\u20132 Mal t\u00e4glich, unabh\u00e4ngig von den Mahlzeiten<\/p>\n<ul>\n<li>F\u00fcr seine entz\u00fcndungshemmenden, antimykotischen und schmerzlindernden Eigenschaften<\/li>\n<li>F\u00fcr seine alkalisierende Wirkung auf den pH-Wert des Urins<\/li>\n<li>F\u00fcr seine muskelentspannende Wirkung, die bei Kr\u00e4mpfen und Kontrakturen vorteilhaft ist<\/li>\n<li>Um Harndrang und H\u00e4ufigkeit des Wasserlassens zu reduzieren<\/li>\n<li>Um bakterielle Kolonien auf nat\u00fcrliche Weise zu eliminieren (Vorbeugung akuter Episoden durch opportunistische Bakterien)<\/li>\n<\/ul>\n<\/div>","protected":false},"excerpt":{"rendered":"<p>Wenn du unter Beckenschmerzen muskul\u00e4ren, entz\u00fcndlichen und\/oder neuropathischen Ursprungs leidest<\/p>","protected":false},"featured_media":3750,"comment_status":"open","ping_status":"closed","template":"","meta":{"_acf_changed":false,"site-sidebar-layout":"default","site-content-layout":"","ast-site-content-layout":"default","site-content-style":"default","site-sidebar-style":"default","ast-global-header-display":"","ast-banner-title-visibility":"","ast-main-header-display":"","ast-hfb-above-header-display":"","ast-hfb-below-header-display":"","ast-hfb-mobile-header-display":"","site-post-title":"","ast-breadcrumbs-content":"","ast-featured-img":"","footer-sml-layout":"","theme-transparent-header-meta":"default","adv-header-id-meta":"","stick-header-meta":"","header-above-stick-meta":"","header-main-stick-meta":"","header-below-stick-meta":"","astra-migrate-meta-layouts":"set","ast-page-background-enabled":"default","ast-page-background-meta":{"desktop":{"background-color":"","background-image":"","background-repeat":"repeat","background-position":"center center","background-size":"auto","background-attachment":"scroll","background-type":"","background-media":"","overlay-type":"","overlay-color":"","overlay-opacity":"","overlay-gradient":""},"tablet":{"background-color":"","background-image":"","background-repeat":"repeat","background-position":"center center","background-size":"auto","background-attachment":"scroll","background-type":"","background-media":"","overlay-type":"","overlay-color":"","overlay-opacity":"","overlay-gradient":""},"mobile":{"background-color":"","background-image":"","background-repeat":"repeat","background-position":"center center","background-size":"auto","background-attachment":"scroll","background-type":"","background-media":"","overlay-type":"","overlay-color":"","overlay-opacity":"","overlay-gradient":""}},"ast-content-background-meta":{"desktop":{"background-color":"var(--ast-global-color-5)","background-image":"","background-repeat":"repeat","background-position":"center center","background-size":"auto","background-attachment":"scroll","background-type":"","background-media":"","overlay-type":"","overlay-color":"","overlay-opacity":"","overlay-gradient":""},"tablet":{"background-color":"var(--ast-global-color-5)","background-image":"","background-repeat":"repeat","background-position":"center center","background-size":"auto","background-attachment":"scroll","background-type":"","background-media":"","overlay-type":"","overlay-color":"","overlay-opacity":"","overlay-gradient":""},"mobile":{"background-color":"var(--ast-global-color-5)","background-image":"","background-repeat":"repeat","background-position":"center center","background-size":"auto","background-attachment":"scroll","background-type":"","background-media":"","overlay-type":"","overlay-color":"","overlay-opacity":"","overlay-gradient":""}}},"product_brand":[],"product_cat":[70],"product_tag":[],"class_list":{"0":"post-3772","1":"product","2":"type-product","3":"status-publish","4":"has-post-thumbnail","6":"product_cat-soluzioni-deakos","7":"desktop-align-left","8":"tablet-align-left","9":"mobile-align-left","11":"first","12":"instock","13":"taxable","14":"shipping-taxable","15":"purchasable","16":"product-type-bundle"},"bundled_by":[],"bundle_stock_status":"instock","bundle_stock_quantity":"","bundle_virtual":false,"bundle_layout":"default","bundle_add_to_cart_form_location":"default","bundle_editable_in_cart":false,"bundle_sold_individually_context":"product","bundle_item_grouping":"parent","bundle_min_size":"","bundle_max_size":"","bundle_price":{"price":{"min":{"incl_tax":"199.4","excl_tax":"163.442623"},"max":{"incl_tax":"199.4","excl_tax":"163.442623"}},"regular_price":{"min":{"incl_tax":"199.4","excl_tax":"163.442623"},"max":{"incl_tax":"199.4","excl_tax":"163.442623"}}},"bundled_items":[{"bundled_item_id":48,"product_id":3573,"menu_order":0,"quantity_min":1,"quantity_max":1,"quantity_default":1,"priced_individually":false,"shipped_individually":false,"override_title":false,"title":"PEALEN CREME","override_description":false,"description":"","optional":false,"hide_thumbnail":false,"discount":"","override_variations":false,"allowed_variations":[],"override_default_variation_attributes":false,"default_variation_attributes":[],"single_product_visibility":"visible","cart_visibility":"visible","order_visibility":"visible","single_product_price_visibility":"visible","cart_price_visibility":"visible","order_price_visibility":"visible","stock_status":"in_stock"},{"bundled_item_id":49,"product_id":3579,"menu_order":1,"quantity_min":2,"quantity_max":2,"quantity_default":2,"priced_individually":false,"shipped_individually":false,"override_title":false,"title":"PEALEN 30 Tabletten","override_description":false,"description":"","optional":false,"hide_thumbnail":false,"discount":"","override_variations":false,"allowed_variations":[],"override_default_variation_attributes":false,"default_variation_attributes":[],"single_product_visibility":"visible","cart_visibility":"visible","order_visibility":"visible","single_product_price_visibility":"visible","cart_price_visibility":"visible","order_price_visibility":"visible","stock_status":"in_stock"},{"bundled_item_id":50,"product_id":3442,"menu_order":2,"quantity_min":1,"quantity_max":1,"quantity_default":1,"priced_individually":false,"shipped_individually":false,"override_title":false,"title":"AUSILIUM FORTE 150 g GR\u00dcNE APFELAROMATISIERUNG","override_description":false,"description":"","optional":false,"hide_thumbnail":false,"discount":"","override_variations":false,"allowed_variations":[],"override_default_variation_attributes":false,"default_variation_attributes":[],"single_product_visibility":"visible","cart_visibility":"visible","order_visibility":"visible","single_product_price_visibility":"visible","cart_price_visibility":"visible","order_price_visibility":"visible","stock_status":"in_stock"},{"bundled_item_id":51,"product_id":3400,"menu_order":3,"quantity_min":2,"quantity_max":2,"quantity_default":2,"priced_individually":false,"shipped_individually":false,"override_title":false,"title":"ALAQUER","override_description":false,"description":"","optional":false,"hide_thumbnail":false,"discount":"","override_variations":false,"allowed_variations":[],"override_default_variation_attributes":false,"default_variation_attributes":[],"single_product_visibility":"visible","cart_visibility":"visible","order_visibility":"visible","single_product_price_visibility":"visible","cart_price_visibility":"visible","order_price_visibility":"visible","stock_status":"in_stock"}],"bundle_sell_ids":[],"acf":[],"_links":{"self":[{"href":"https:\/\/www.deakos.com\/de\/wp-json\/wp\/v2\/product\/3772","targetHints":{"allow":["GET"]}}],"collection":[{"href":"https:\/\/www.deakos.com\/de\/wp-json\/wp\/v2\/product"}],"about":[{"href":"https:\/\/www.deakos.com\/de\/wp-json\/wp\/v2\/types\/product"}],"replies":[{"embeddable":true,"href":"https:\/\/www.deakos.com\/de\/wp-json\/wp\/v2\/comments?post=3772"}],"wp:featuredmedia":[{"embeddable":true,"href":"https:\/\/www.deakos.com\/de\/wp-json\/wp\/v2\/media\/3750"}],"wp:attachment":[{"href":"https:\/\/www.deakos.com\/de\/wp-json\/wp\/v2\/media?parent=3772"}],"wp:term":[{"taxonomy":"product_brand","embeddable":true,"href":"https:\/\/www.deakos.com\/de\/wp-json\/wp\/v2\/product_brand?post=3772"},{"taxonomy":"product_cat","embeddable":true,"href":"https:\/\/www.deakos.com\/de\/wp-json\/wp\/v2\/product_cat?post=3772"},{"taxonomy":"product_tag","embeddable":true,"href":"https:\/\/www.deakos.com\/de\/wp-json\/wp\/v2\/product_tag?post=3772"}],"curies":[{"name":"wp","href":"https:\/\/api.w.org\/{rel}","templated":true}]}}