{"id":3760,"date":"2025-03-18T15:53:13","date_gmt":"2025-03-18T15:53:13","guid":{"rendered":"https:\/\/demo.deakos.com\/?post_type=product&#038;p=3760"},"modified":"2025-12-15T14:20:33","modified_gmt":"2025-12-15T13:20:33","slug":"soluzione-equilibrio-vaginale","status":"publish","type":"product","link":"https:\/\/www.deakos.com\/de\/prodotto\/soluzione-equilibrio-vaginale\/","title":{"rendered":"VAGINAL GLEICHGEWICHT L\u00d6SUNG"},"content":{"rendered":"<div>\n<p>Wenn Sie unter vaginalen Beschwerden, Vaginose, Dysbiose der D\u00f6derlein-Flora, Brennen, Juckreiz, R\u00f6tung oder Kribbeln leiden, ist der ideale Ansatz:<\/p>\n<ul>\n<li><strong>Lenicand<\/strong>: 1 Tablette zu Mittag- und Abendessen, zu den Mahlzeiten<\/li>\n<\/ul>\n<p>- Zur Unterst\u00fctzung und St\u00e4rkung des intestinalen und vaginalen Mikrobioms<br \/>\n- Zur Bek\u00e4mpfung von Dysbiosezust\u00e4nden<br \/>\n\u2013 Zur St\u00e4rkung der physiologischen Abwehrkr\u00e4fte<br \/>\n\u2013 Zur Hemmung des Wachstums pathogener Hefen, Bakterien und Viren<\/p>\n<ul>\n<li><strong>Ausilium Lavanda<\/strong>: 1 Anwendung pro Woche<\/li>\n<\/ul>\n<p>- Zur Unterst\u00fctzung und St\u00e4rkung der\u00a0<i>Laktobazillen<\/i>\u00a0der D\u00f6derlein-Flora<br \/>\n\u2013 Zur Erhaltung des physiologischen pH-Werts und der Feuchtigkeit<br \/>\n\u2013 Aufgrund seiner entz\u00fcndungshemmenden und lindernden Wirkung<br \/>\n- F\u00fcr seine nat\u00fcrliche hemmende Wirkung gegen pathogene und opportunistische Bakterien und Hefen bei Reduktion der physiologischen Flora<br \/>\n\u2013 Zur Vorbeugung der Bildung pathogener Biofilme<\/p>\n<ul>\n<li><strong>Ausilium Crema<\/strong>: 1 Anwendung pro Tag, abends vor dem Schlafengehen<\/li>\n<\/ul>\n<p>- F\u00fcr seine Rolle bei der Reepithelisierung und zur Unterst\u00fctzung des trophischen Zustands der Schleimh\u00e4ute<br \/>\n\u2013 Aufgrund seiner entz\u00fcndungshemmenden, lindernden, n\u00e4hrenden und feuchtigkeitsspendenden Eigenschaften<br \/>\n\u2013 Um uropathogene Bakterien abzufangen und deren Aufstieg in die Harnwege zu verhindern<\/p>\n<ul>\n<li><strong>Ausilium Flora<\/strong>: 1 Kapsel, oral, vor dem Schlafengehen (in Kombination mit Ausilium Creme); 10 Tage pro Monat<\/li>\n<\/ul>\n<p>\u2013 Um das Gleichgewicht der D\u00f6derlein-Flora zu f\u00f6rdern<br \/>\n\u2013 Aufgrund seiner tonisierenden und antioxidativen Eigenschaften<br \/>\nZur Unterst\u00fctzung der physiologischen Abwehrkr\u00e4fte<br \/>\n\u2013 Tr\u00e4gt zum Erhalt von Geweben und Schleimh\u00e4uten bei<\/p>\n<ul>\n<li><strong>Ausilium Gel<\/strong>: 1 Anwendung w\u00e4hrend jedes Geschlechtsverkehrs<\/li>\n<\/ul>\n<p>\u2013 F\u00fcr seine schmierende und feuchtigkeitsspendende Wirkung<br \/>\n\u2013 Zur Vorbeugung und Verhinderung von Mikroverletzungen w\u00e4hrend des Geschlechtsverkehrs<br \/>\n\u2013 F\u00fcr seine lindernden und beruhigenden Eigenschaften<br \/>\n\u2013 Um pathogene Bakterien abzufangen und deren Anheftung an die Schleimh\u00e4ute sowie Vermehrung zu verhindern<\/p>\n<\/div>","protected":false},"excerpt":{"rendered":"<p>Wenn du unter vaginalen Beschwerden, Vaginitis, Dysbiose der D\u00f6derlein-Flora, Brennen, Juckreiz, R\u00f6tung oder Kribbeln leidest<\/p>","protected":false},"featured_media":3744,"comment_status":"open","ping_status":"closed","template":"","meta":{"_acf_changed":false,"site-sidebar-layout":"default","site-content-layout":"","ast-site-content-layout":"default","site-content-style":"default","site-sidebar-style":"default","ast-global-header-display":"","ast-banner-title-visibility":"","ast-main-header-display":"","ast-hfb-above-header-display":"","ast-hfb-below-header-display":"","ast-hfb-mobile-header-display":"","site-post-title":"","ast-breadcrumbs-content":"","ast-featured-img":"","footer-sml-layout":"","theme-transparent-header-meta":"default","adv-header-id-meta":"","stick-header-meta":"","header-above-stick-meta":"","header-main-stick-meta":"","header-below-stick-meta":"","astra-migrate-meta-layouts":"set","ast-page-background-enabled":"default","ast-page-background-meta":{"desktop":{"background-color":"","background-image":"","background-repeat":"repeat","background-position":"center center","background-size":"auto","background-attachment":"scroll","background-type":"","background-media":"","overlay-type":"","overlay-color":"","overlay-opacity":"","overlay-gradient":""},"tablet":{"background-color":"","background-image":"","background-repeat":"repeat","background-position":"center center","background-size":"auto","background-attachment":"scroll","background-type":"","background-media":"","overlay-type":"","overlay-color":"","overlay-opacity":"","overlay-gradient":""},"mobile":{"background-color":"","background-image":"","background-repeat":"repeat","background-position":"center center","background-size":"auto","background-attachment":"scroll","background-type":"","background-media":"","overlay-type":"","overlay-color":"","overlay-opacity":"","overlay-gradient":""}},"ast-content-background-meta":{"desktop":{"background-color":"var(--ast-global-color-5)","background-image":"","background-repeat":"repeat","background-position":"center center","background-size":"auto","background-attachment":"scroll","background-type":"","background-media":"","overlay-type":"","overlay-color":"","overlay-opacity":"","overlay-gradient":""},"tablet":{"background-color":"var(--ast-global-color-5)","background-image":"","background-repeat":"repeat","background-position":"center center","background-size":"auto","background-attachment":"scroll","background-type":"","background-media":"","overlay-type":"","overlay-color":"","overlay-opacity":"","overlay-gradient":""},"mobile":{"background-color":"var(--ast-global-color-5)","background-image":"","background-repeat":"repeat","background-position":"center center","background-size":"auto","background-attachment":"scroll","background-type":"","background-media":"","overlay-type":"","overlay-color":"","overlay-opacity":"","overlay-gradient":""}}},"product_brand":[],"product_cat":[70],"product_tag":[],"class_list":{"0":"post-3760","1":"product","2":"type-product","3":"status-publish","4":"has-post-thumbnail","6":"product_cat-soluzioni-deakos","7":"desktop-align-left","8":"tablet-align-left","9":"mobile-align-left","11":"first","12":"instock","13":"taxable","14":"shipping-taxable","15":"purchasable","16":"product-type-bundle"},"bundled_by":[],"bundle_stock_status":"instock","bundle_stock_quantity":"","bundle_virtual":false,"bundle_layout":"tabular","bundle_add_to_cart_form_location":"default","bundle_editable_in_cart":false,"bundle_sold_individually_context":"product","bundle_item_grouping":"parent","bundle_min_size":"","bundle_max_size":"","bundle_price":{"price":{"min":{"incl_tax":"142.5","excl_tax":"116.803279"},"max":{"incl_tax":"142.5","excl_tax":"116.803279"}},"regular_price":{"min":{"incl_tax":"142.5","excl_tax":"116.803279"},"max":{"incl_tax":"142.5","excl_tax":"116.803279"}}},"bundled_items":[{"bundled_item_id":15,"product_id":3423,"menu_order":0,"quantity_min":1,"quantity_max":1,"quantity_default":1,"priced_individually":false,"shipped_individually":false,"override_title":false,"title":"AUSILIUM CREME Airless Flasche","override_description":false,"description":"","optional":false,"hide_thumbnail":false,"discount":"","override_variations":false,"allowed_variations":[],"override_default_variation_attributes":false,"default_variation_attributes":[],"single_product_visibility":"visible","cart_visibility":"visible","order_visibility":"visible","single_product_price_visibility":"visible","cart_price_visibility":"visible","order_price_visibility":"visible","stock_status":"in_stock"},{"bundled_item_id":16,"product_id":3557,"menu_order":1,"quantity_min":2,"quantity_max":2,"quantity_default":2,"priced_individually":false,"shipped_individually":false,"override_title":false,"title":"LENICAND","override_description":false,"description":"","optional":false,"hide_thumbnail":false,"discount":"","override_variations":false,"allowed_variations":[],"override_default_variation_attributes":false,"default_variation_attributes":[],"single_product_visibility":"visible","cart_visibility":"visible","order_visibility":"visible","single_product_price_visibility":"visible","cart_price_visibility":"visible","order_price_visibility":"visible","stock_status":"in_stock"},{"bundled_item_id":17,"product_id":3429,"menu_order":2,"quantity_min":1,"quantity_max":1,"quantity_default":1,"priced_individually":false,"shipped_individually":false,"override_title":false,"title":"AUSILIUM LAVANDA - 4 MONODOSE","override_description":false,"description":"","optional":false,"hide_thumbnail":false,"discount":"","override_variations":false,"allowed_variations":[],"override_default_variation_attributes":false,"default_variation_attributes":[],"single_product_visibility":"visible","cart_visibility":"visible","order_visibility":"visible","single_product_price_visibility":"visible","cart_price_visibility":"visible","order_price_visibility":"visible","stock_status":"in_stock"},{"bundled_item_id":18,"product_id":3761,"menu_order":3,"quantity_min":1,"quantity_max":1,"quantity_default":1,"priced_individually":false,"shipped_individually":false,"override_title":false,"title":"AUSILIUM GEL","override_description":false,"description":"","optional":false,"hide_thumbnail":false,"discount":"","override_variations":false,"allowed_variations":[],"override_default_variation_attributes":false,"default_variation_attributes":[],"single_product_visibility":"visible","cart_visibility":"visible","order_visibility":"visible","single_product_price_visibility":"visible","cart_price_visibility":"visible","order_price_visibility":"visible","stock_status":"in_stock"},{"bundled_item_id":19,"product_id":3435,"menu_order":4,"quantity_min":1,"quantity_max":1,"quantity_default":1,"priced_individually":false,"shipped_individually":false,"override_title":false,"title":"AUSILIUM FLORA","override_description":false,"description":"","optional":false,"hide_thumbnail":false,"discount":"","override_variations":false,"allowed_variations":[],"override_default_variation_attributes":false,"default_variation_attributes":[],"single_product_visibility":"visible","cart_visibility":"visible","order_visibility":"visible","single_product_price_visibility":"visible","cart_price_visibility":"visible","order_price_visibility":"visible","stock_status":"in_stock"}],"bundle_sell_ids":[],"acf":[],"_links":{"self":[{"href":"https:\/\/www.deakos.com\/de\/wp-json\/wp\/v2\/product\/3760","targetHints":{"allow":["GET"]}}],"collection":[{"href":"https:\/\/www.deakos.com\/de\/wp-json\/wp\/v2\/product"}],"about":[{"href":"https:\/\/www.deakos.com\/de\/wp-json\/wp\/v2\/types\/product"}],"replies":[{"embeddable":true,"href":"https:\/\/www.deakos.com\/de\/wp-json\/wp\/v2\/comments?post=3760"}],"wp:featuredmedia":[{"embeddable":true,"href":"https:\/\/www.deakos.com\/de\/wp-json\/wp\/v2\/media\/3744"}],"wp:attachment":[{"href":"https:\/\/www.deakos.com\/de\/wp-json\/wp\/v2\/media?parent=3760"}],"wp:term":[{"taxonomy":"product_brand","embeddable":true,"href":"https:\/\/www.deakos.com\/de\/wp-json\/wp\/v2\/product_brand?post=3760"},{"taxonomy":"product_cat","embeddable":true,"href":"https:\/\/www.deakos.com\/de\/wp-json\/wp\/v2\/product_cat?post=3760"},{"taxonomy":"product_tag","embeddable":true,"href":"https:\/\/www.deakos.com\/de\/wp-json\/wp\/v2\/product_tag?post=3760"}],"curies":[{"name":"wp","href":"https:\/\/api.w.org\/{rel}","templated":true}]}}