{"id":3739,"date":"2025-03-18T14:54:34","date_gmt":"2025-03-18T14:54:34","guid":{"rendered":"https:\/\/demo.deakos.com\/?post_type=product&#038;p=3739"},"modified":"2025-10-28T12:01:07","modified_gmt":"2025-10-28T11:01:07","slug":"soluzione-equilibrio-immunitario","status":"publish","type":"product","link":"https:\/\/www.deakos.com\/de\/prodotto\/soluzione-equilibrio-immunitario\/","title":{"rendered":"IMMUNSYSTEM-GLICHGEWICHT L\u00d6SUNG"},"content":{"rendered":"<div>\n<p>Wenn Sie Ihr Immunsystem st\u00e4rken m\u00f6chten, z.\u202fB. bei Jahreszeitenwechsel, Antibiotikatherapie, psychophysischem Stress, Ersch\u00f6pfung oder wiederkehrenden Krankheiten, ist der ideale Ansatz:<\/p>\n<ul>\n<li><strong>Deaflor<\/strong>: 1 Tablette, 2-mal t\u00e4glich, zu den Mahlzeiten<\/li>\n<\/ul>\n<p>- Zur Unterst\u00fctzung der Darmflora<br \/>\n\u2013 Wegen seiner hemmenden Wirkung auf die Vermehrung pathogener Bakterien und Hefen<br \/>\n\u2013 Zur Verbesserung des Darmtransits und zur Bek\u00e4mpfung von Beschwerden wie Verstopfung, Durchfall und Bl\u00e4hungen<\/p>\n<ul>\n<li><strong>Nonidea:<\/strong>1 Tablette, 2 Mal t\u00e4glich, vorzugsweise unabh\u00e4ngig von den Mahlzeiten<\/li>\n<\/ul>\n<p>- Wegen seiner antibakteriellen, antifungalen, schmerzlindernden und entz\u00fcndungshemmenden Eigenschaften<br \/>\n\u2013 F\u00fcr seine immunstimulierende Wirkung<br \/>\n\u2013 Aufgrund seines nat\u00fcrlichen Reichtums an Mineralstoffen, Vitamin C, Zink, Selen, Anthrachinonen und weiteren wichtigen Spurenelementen<\/p>\n<\/div>","protected":false},"excerpt":{"rendered":"<p>Wenn du deiner Immunsystem st\u00e4rken m\u00f6chtest bei einem Saisonwechsel, Antibiotikatherapie, psychophysischem Stress, M\u00fcdigkeit oder wiederkehrenden Krankheiten.<\/p>","protected":false},"featured_media":3743,"comment_status":"open","ping_status":"closed","template":"","meta":{"_acf_changed":false,"site-sidebar-layout":"default","site-content-layout":"","ast-site-content-layout":"default","site-content-style":"default","site-sidebar-style":"default","ast-global-header-display":"","ast-banner-title-visibility":"","ast-main-header-display":"","ast-hfb-above-header-display":"","ast-hfb-below-header-display":"","ast-hfb-mobile-header-display":"","site-post-title":"","ast-breadcrumbs-content":"","ast-featured-img":"","footer-sml-layout":"","theme-transparent-header-meta":"default","adv-header-id-meta":"","stick-header-meta":"","header-above-stick-meta":"","header-main-stick-meta":"","header-below-stick-meta":"","astra-migrate-meta-layouts":"set","ast-page-background-enabled":"default","ast-page-background-meta":{"desktop":{"background-color":"","background-image":"","background-repeat":"repeat","background-position":"center center","background-size":"auto","background-attachment":"scroll","background-type":"","background-media":"","overlay-type":"","overlay-color":"","overlay-opacity":"","overlay-gradient":""},"tablet":{"background-color":"","background-image":"","background-repeat":"repeat","background-position":"center center","background-size":"auto","background-attachment":"scroll","background-type":"","background-media":"","overlay-type":"","overlay-color":"","overlay-opacity":"","overlay-gradient":""},"mobile":{"background-color":"","background-image":"","background-repeat":"repeat","background-position":"center center","background-size":"auto","background-attachment":"scroll","background-type":"","background-media":"","overlay-type":"","overlay-color":"","overlay-opacity":"","overlay-gradient":""}},"ast-content-background-meta":{"desktop":{"background-color":"var(--ast-global-color-5)","background-image":"","background-repeat":"repeat","background-position":"center center","background-size":"auto","background-attachment":"scroll","background-type":"","background-media":"","overlay-type":"","overlay-color":"","overlay-opacity":"","overlay-gradient":""},"tablet":{"background-color":"var(--ast-global-color-5)","background-image":"","background-repeat":"repeat","background-position":"center center","background-size":"auto","background-attachment":"scroll","background-type":"","background-media":"","overlay-type":"","overlay-color":"","overlay-opacity":"","overlay-gradient":""},"mobile":{"background-color":"var(--ast-global-color-5)","background-image":"","background-repeat":"repeat","background-position":"center center","background-size":"auto","background-attachment":"scroll","background-type":"","background-media":"","overlay-type":"","overlay-color":"","overlay-opacity":"","overlay-gradient":""}}},"product_brand":[],"product_cat":[70],"product_tag":[],"class_list":{"0":"post-3739","1":"product","2":"type-product","3":"status-publish","4":"has-post-thumbnail","6":"product_cat-soluzioni-deakos","7":"desktop-align-left","8":"tablet-align-left","9":"mobile-align-left","11":"first","12":"instock","13":"taxable","14":"shipping-taxable","15":"purchasable","16":"product-type-bundle"},"bundled_by":[],"bundle_stock_status":"instock","bundle_stock_quantity":"","bundle_virtual":false,"bundle_layout":"tabular","bundle_add_to_cart_form_location":"default","bundle_editable_in_cart":false,"bundle_sold_individually_context":"product","bundle_item_grouping":"parent","bundle_min_size":"","bundle_max_size":"","bundle_price":{"price":{"min":{"incl_tax":"57.9","excl_tax":"47.459016"},"max":{"incl_tax":"57.9","excl_tax":"47.459016"}},"regular_price":{"min":{"incl_tax":"57.9","excl_tax":"47.459016"},"max":{"incl_tax":"57.9","excl_tax":"47.459016"}}},"bundled_items":[{"bundled_item_id":11,"product_id":3507,"menu_order":0,"quantity_min":1,"quantity_max":1,"quantity_default":1,"priced_individually":false,"shipped_individually":false,"override_title":false,"title":"DEAFLOR 60","override_description":false,"description":"","optional":false,"hide_thumbnail":false,"discount":"","override_variations":false,"allowed_variations":[],"override_default_variation_attributes":false,"default_variation_attributes":[],"single_product_visibility":"visible","cart_visibility":"visible","order_visibility":"visible","single_product_price_visibility":"visible","cart_price_visibility":"visible","order_price_visibility":"visible","stock_status":"in_stock"},{"bundled_item_id":12,"product_id":3564,"menu_order":1,"quantity_min":1,"quantity_max":1,"quantity_default":1,"priced_individually":false,"shipped_individually":false,"override_title":false,"title":"NONIDEA","override_description":false,"description":"","optional":false,"hide_thumbnail":false,"discount":"","override_variations":false,"allowed_variations":[],"override_default_variation_attributes":false,"default_variation_attributes":[],"single_product_visibility":"visible","cart_visibility":"visible","order_visibility":"visible","single_product_price_visibility":"visible","cart_price_visibility":"visible","order_price_visibility":"visible","stock_status":"in_stock"}],"bundle_sell_ids":[],"acf":[],"_links":{"self":[{"href":"https:\/\/www.deakos.com\/de\/wp-json\/wp\/v2\/product\/3739","targetHints":{"allow":["GET"]}}],"collection":[{"href":"https:\/\/www.deakos.com\/de\/wp-json\/wp\/v2\/product"}],"about":[{"href":"https:\/\/www.deakos.com\/de\/wp-json\/wp\/v2\/types\/product"}],"replies":[{"embeddable":true,"href":"https:\/\/www.deakos.com\/de\/wp-json\/wp\/v2\/comments?post=3739"}],"wp:featuredmedia":[{"embeddable":true,"href":"https:\/\/www.deakos.com\/de\/wp-json\/wp\/v2\/media\/3743"}],"wp:attachment":[{"href":"https:\/\/www.deakos.com\/de\/wp-json\/wp\/v2\/media?parent=3739"}],"wp:term":[{"taxonomy":"product_brand","embeddable":true,"href":"https:\/\/www.deakos.com\/de\/wp-json\/wp\/v2\/product_brand?post=3739"},{"taxonomy":"product_cat","embeddable":true,"href":"https:\/\/www.deakos.com\/de\/wp-json\/wp\/v2\/product_cat?post=3739"},{"taxonomy":"product_tag","embeddable":true,"href":"https:\/\/www.deakos.com\/de\/wp-json\/wp\/v2\/product_tag?post=3739"}],"curies":[{"name":"wp","href":"https:\/\/api.w.org\/{rel}","templated":true}]}}