{"id":3517,"date":"2025-03-06T14:52:17","date_gmt":"2025-03-06T14:52:17","guid":{"rendered":"https:\/\/demo.deakos.com\/?post_type=product&#038;p=3517"},"modified":"2026-01-14T11:38:44","modified_gmt":"2026-01-14T10:38:44","slug":"dimannart","status":"publish","type":"product","link":"https:\/\/www.deakos.com\/de\/prodotto\/dimannart\/","title":{"rendered":"DIMANNART"},"content":{"rendered":"<div><strong>AUF BASIS VON<\/strong>: D-MANNOSE, MSM, GLUCOSAMINSULFAT (PFLANZENHERKUNFT), CHONDROITINSULFAT, BOSWELLIA SERRATA<br \/>\n<strong>N\u00fctzlich bei:<\/strong><\/p>\n<ul>\n<li>Arthritis und Arthrose<\/li>\n<li>Gelenkschmerzen<\/li>\n<li>Steife und\/oder schmerzende Gelenke<\/li>\n<li>Verlust von Bindegewebe, insbesondere Ausd\u00fcnnung der Schleimh\u00e4ute<\/li>\n<li>Genitourin\u00e4res Syndrom der Menopause<\/li>\n<\/ul>\n<p><strong>Eigenschaften<\/strong><\/p>\n<ul>\n<li>Verbessert die Gelenkschmierung und erh\u00e4lt die Beweglichkeit<\/li>\n<li>Sch\u00fctzende Wirkung auf die Gelenkkapsel, Sehnen und anderes Bindegewebe<\/li>\n<li>Hilft, die Synovialfl\u00fcssigkeit in den Gelenken zu bewahren<\/li>\n<li>Tr\u00e4gt zur Regeneration gesch\u00e4digter Strukturen bei und unterst\u00fctzt die Wiederherstellung der Gelenkfunktion<\/li>\n<li>Verlangsamt den Abbau des Bindegewebes<\/li>\n<li>Entz\u00fcndungshemmende und chondroprotektive Wirkung<\/li>\n<\/ul>\n<\/div>","protected":false},"excerpt":{"rendered":"<p>D-Mannose, MSM, Glucosaminsulfat, Chondroitinsulfat, Boswellia serrata<\/p>","protected":false},"featured_media":3518,"comment_status":"open","ping_status":"closed","template":"","meta":{"_acf_changed":false,"site-sidebar-layout":"default","site-content-layout":"default","ast-site-content-layout":"default","site-content-style":"default","site-sidebar-style":"default","ast-global-header-display":"","ast-banner-title-visibility":"","ast-main-header-display":"","ast-hfb-above-header-display":"","ast-hfb-below-header-display":"","ast-hfb-mobile-header-display":"","site-post-title":"","ast-breadcrumbs-content":"","ast-featured-img":"","footer-sml-layout":"","theme-transparent-header-meta":"default","adv-header-id-meta":"","stick-header-meta":"","header-above-stick-meta":"","header-main-stick-meta":"","header-below-stick-meta":"","astra-migrate-meta-layouts":"set","ast-page-background-enabled":"default","ast-page-background-meta":{"desktop":{"background-color":"","background-image":"","background-repeat":"repeat","background-position":"center center","background-size":"auto","background-attachment":"scroll","background-type":"","background-media":"","overlay-type":"","overlay-color":"","overlay-opacity":"","overlay-gradient":""},"tablet":{"background-color":"","background-image":"","background-repeat":"repeat","background-position":"center center","background-size":"auto","background-attachment":"scroll","background-type":"","background-media":"","overlay-type":"","overlay-color":"","overlay-opacity":"","overlay-gradient":""},"mobile":{"background-color":"","background-image":"","background-repeat":"repeat","background-position":"center center","background-size":"auto","background-attachment":"scroll","background-type":"","background-media":"","overlay-type":"","overlay-color":"","overlay-opacity":"","overlay-gradient":""}},"ast-content-background-meta":{"desktop":{"background-color":"var(--ast-global-color-5)","background-image":"","background-repeat":"repeat","background-position":"center center","background-size":"auto","background-attachment":"scroll","background-type":"","background-media":"","overlay-type":"","overlay-color":"","overlay-opacity":"","overlay-gradient":""},"tablet":{"background-color":"var(--ast-global-color-5)","background-image":"","background-repeat":"repeat","background-position":"center center","background-size":"auto","background-attachment":"scroll","background-type":"","background-media":"","overlay-type":"","overlay-color":"","overlay-opacity":"","overlay-gradient":""},"mobile":{"background-color":"var(--ast-global-color-5)","background-image":"","background-repeat":"repeat","background-position":"center center","background-size":"auto","background-attachment":"scroll","background-type":"","background-media":"","overlay-type":"","overlay-color":"","overlay-opacity":"","overlay-gradient":""}}},"product_brand":[],"product_cat":[117,128,165,168],"product_tag":[233],"class_list":{"0":"post-3517","1":"product","2":"type-product","3":"status-publish","4":"has-post-thumbnail","6":"product_cat-urologia-e-ginecologia","7":"product_cat-articolazioni-ortopedia","8":"product_cat-geriatria","9":"product_cat-sport","10":"product_tag-winter","11":"pa_forma-polvere","12":"desktop-align-left","13":"tablet-align-left","14":"mobile-align-left","16":"first","17":"instock","18":"taxable","19":"shipping-taxable","20":"purchasable","21":"product-type-simple"},"bundled_by":["3768"],"bundle_stock_status":"instock","bundle_stock_quantity":null,"bundle_virtual":false,"bundle_layout":"","bundle_add_to_cart_form_location":"","bundle_editable_in_cart":false,"bundle_sold_individually_context":"","bundle_item_grouping":"","bundle_min_size":"","bundle_max_size":"","bundle_price":[],"bundled_items":[],"bundle_sell_ids":[],"acf":[],"_links":{"self":[{"href":"https:\/\/www.deakos.com\/de\/wp-json\/wp\/v2\/product\/3517","targetHints":{"allow":["GET"]}}],"collection":[{"href":"https:\/\/www.deakos.com\/de\/wp-json\/wp\/v2\/product"}],"about":[{"href":"https:\/\/www.deakos.com\/de\/wp-json\/wp\/v2\/types\/product"}],"replies":[{"embeddable":true,"href":"https:\/\/www.deakos.com\/de\/wp-json\/wp\/v2\/comments?post=3517"}],"wp:featuredmedia":[{"embeddable":true,"href":"https:\/\/www.deakos.com\/de\/wp-json\/wp\/v2\/media\/3518"}],"wp:attachment":[{"href":"https:\/\/www.deakos.com\/de\/wp-json\/wp\/v2\/media?parent=3517"}],"wp:term":[{"taxonomy":"product_brand","embeddable":true,"href":"https:\/\/www.deakos.com\/de\/wp-json\/wp\/v2\/product_brand?post=3517"},{"taxonomy":"product_cat","embeddable":true,"href":"https:\/\/www.deakos.com\/de\/wp-json\/wp\/v2\/product_cat?post=3517"},{"taxonomy":"product_tag","embeddable":true,"href":"https:\/\/www.deakos.com\/de\/wp-json\/wp\/v2\/product_tag?post=3517"}],"curies":[{"name":"wp","href":"https:\/\/api.w.org\/{rel}","templated":true}]}}