{"id":3490,"date":"2025-03-06T10:54:00","date_gmt":"2025-03-06T10:54:00","guid":{"rendered":"https:\/\/demo.deakos.com\/?post_type=product&#038;p=3490"},"modified":"2026-01-14T12:17:06","modified_gmt":"2026-01-14T11:17:06","slug":"ausilium-tisana","status":"publish","type":"product","link":"https:\/\/www.deakos.com\/de\/prodotto\/ausilium-tisana\/","title":{"rendered":"AUSILIUM TISANA"},"content":{"rendered":"<div><strong>AUF BASIS VON:<\/strong> D-MANNOSE, MALVE, KUHGRAS, SCHACHTELHALM, MAIS, BUCCO, FENCHEL<br \/>\n<strong>N\u00fctzlich bei:<\/strong><\/p>\n<ul>\n<li>Urologische Beschwerden: Entz\u00fcndung der Harnwege, Harndrang und h\u00e4ufiges Wasserlassen, bakterielle und abakterielle Blasenentz\u00fcndung<\/li>\n<li>Gastrointestinale Beschwerden: Verstopfung, Reizdarmsyndrom, Enterozytenentz\u00fcndung, Leaky-Gut-Syndrom<\/li>\n<\/ul>\n<p><strong>Eigenschaften<\/strong><\/p>\n<ul>\n<li>Entz\u00fcndungshemmende Wirkung auf die Harnwege<\/li>\n<li>F\u00f6rdert die Fl\u00fcssigkeitsausscheidung<\/li>\n<li>Unterst\u00fctzt die Funktion der Harnwege<\/li>\n<li>Unterst\u00fctzt die Reepithelialisierung des Urothels<\/li>\n<li>Beim Mann f\u00f6rdert die Funktion der Prostata<\/li>\n<li>Schmierende und beruhigende Wirkung auf das Verdauungssystem<\/li>\n<li>Reguliert die Darmt\u00e4tigkeit<\/li>\n<\/ul>\n<\/div>","protected":false},"excerpt":{"rendered":"<p>Nahrungserg\u00e4nzungsmittel mit D-Mannose und Heilpflanzen \u2013 250 ml<\/p>","protected":false},"featured_media":3485,"comment_status":"open","ping_status":"closed","template":"","meta":{"_acf_changed":false,"site-sidebar-layout":"default","site-content-layout":"","ast-site-content-layout":"default","site-content-style":"default","site-sidebar-style":"default","ast-global-header-display":"","ast-banner-title-visibility":"","ast-main-header-display":"","ast-hfb-above-header-display":"","ast-hfb-below-header-display":"","ast-hfb-mobile-header-display":"","site-post-title":"","ast-breadcrumbs-content":"","ast-featured-img":"","footer-sml-layout":"","theme-transparent-header-meta":"default","adv-header-id-meta":"","stick-header-meta":"","header-above-stick-meta":"","header-main-stick-meta":"","header-below-stick-meta":"","astra-migrate-meta-layouts":"set","ast-page-background-enabled":"default","ast-page-background-meta":{"desktop":{"background-color":"","background-image":"","background-repeat":"repeat","background-position":"center center","background-size":"auto","background-attachment":"scroll","background-type":"","background-media":"","overlay-type":"","overlay-color":"","overlay-opacity":"","overlay-gradient":""},"tablet":{"background-color":"","background-image":"","background-repeat":"repeat","background-position":"center center","background-size":"auto","background-attachment":"scroll","background-type":"","background-media":"","overlay-type":"","overlay-color":"","overlay-opacity":"","overlay-gradient":""},"mobile":{"background-color":"","background-image":"","background-repeat":"repeat","background-position":"center center","background-size":"auto","background-attachment":"scroll","background-type":"","background-media":"","overlay-type":"","overlay-color":"","overlay-opacity":"","overlay-gradient":""}},"ast-content-background-meta":{"desktop":{"background-color":"var(--ast-global-color-5)","background-image":"","background-repeat":"repeat","background-position":"center center","background-size":"auto","background-attachment":"scroll","background-type":"","background-media":"","overlay-type":"","overlay-color":"","overlay-opacity":"","overlay-gradient":""},"tablet":{"background-color":"var(--ast-global-color-5)","background-image":"","background-repeat":"repeat","background-position":"center center","background-size":"auto","background-attachment":"scroll","background-type":"","background-media":"","overlay-type":"","overlay-color":"","overlay-opacity":"","overlay-gradient":""},"mobile":{"background-color":"var(--ast-global-color-5)","background-image":"","background-repeat":"repeat","background-position":"center center","background-size":"auto","background-attachment":"scroll","background-type":"","background-media":"","overlay-type":"","overlay-color":"","overlay-opacity":"","overlay-gradient":""}}},"product_brand":[],"product_cat":[117,125,119,165,123,164],"product_tag":[],"class_list":{"0":"post-3490","1":"product","2":"type-product","3":"status-publish","4":"has-post-thumbnail","6":"product_cat-urologia-e-ginecologia","7":"product_cat-drenanti-e-depurativi","8":"product_cat-gastroenterologia","9":"product_cat-geriatria","10":"product_cat-microcircolo","11":"product_cat-pediatria","12":"pa_forma-liquido","13":"desktop-align-left","14":"tablet-align-left","15":"mobile-align-left","17":"first","18":"instock","19":"taxable","20":"shipping-taxable","21":"purchasable","22":"product-type-simple"},"bundled_by":["3785","3786"],"bundle_stock_status":"instock","bundle_stock_quantity":null,"bundle_virtual":false,"bundle_layout":"","bundle_add_to_cart_form_location":"","bundle_editable_in_cart":false,"bundle_sold_individually_context":"","bundle_item_grouping":"","bundle_min_size":"","bundle_max_size":"","bundle_price":[],"bundled_items":[],"bundle_sell_ids":[],"acf":[],"_links":{"self":[{"href":"https:\/\/www.deakos.com\/de\/wp-json\/wp\/v2\/product\/3490","targetHints":{"allow":["GET"]}}],"collection":[{"href":"https:\/\/www.deakos.com\/de\/wp-json\/wp\/v2\/product"}],"about":[{"href":"https:\/\/www.deakos.com\/de\/wp-json\/wp\/v2\/types\/product"}],"replies":[{"embeddable":true,"href":"https:\/\/www.deakos.com\/de\/wp-json\/wp\/v2\/comments?post=3490"}],"wp:featuredmedia":[{"embeddable":true,"href":"https:\/\/www.deakos.com\/de\/wp-json\/wp\/v2\/media\/3485"}],"wp:attachment":[{"href":"https:\/\/www.deakos.com\/de\/wp-json\/wp\/v2\/media?parent=3490"}],"wp:term":[{"taxonomy":"product_brand","embeddable":true,"href":"https:\/\/www.deakos.com\/de\/wp-json\/wp\/v2\/product_brand?post=3490"},{"taxonomy":"product_cat","embeddable":true,"href":"https:\/\/www.deakos.com\/de\/wp-json\/wp\/v2\/product_cat?post=3490"},{"taxonomy":"product_tag","embeddable":true,"href":"https:\/\/www.deakos.com\/de\/wp-json\/wp\/v2\/product_tag?post=3490"}],"curies":[{"name":"wp","href":"https:\/\/api.w.org\/{rel}","templated":true}]}}