{"id":3476,"date":"2025-03-06T10:25:39","date_gmt":"2025-03-06T10:25:39","guid":{"rendered":"https:\/\/demo.deakos.com\/?post_type=product&#038;p=3476"},"modified":"2026-01-14T11:37:34","modified_gmt":"2026-01-14T10:37:34","slug":"ausilium-mousse","status":"publish","type":"product","link":"https:\/\/www.deakos.com\/de\/prodotto\/ausilium-mousse\/","title":{"rendered":"AUSILIUM MOUSSE"},"content":{"rendered":"<div><strong>INTIM-SCHAUMREINIGER<\/strong> <strong>AUF BASIS VON:<\/strong> LAKTOFERRIN, D-MANNOSE, NAC, MORINDA CITRIFOLIA<br \/>\n<strong>N\u00fctzlich bei:<\/strong><\/p>\n<ul>\n<li>Trockenheit<\/li>\n<li>Reizung<\/li>\n<li>R\u00f6tung<\/li>\n<li>Juckreiz<\/li>\n<li>Brennen<\/li>\n<li>Infezioni vulvovaginali batteriche e fungine<\/li>\n<li>Dysbiose der D\u00f6derlein-Flora<\/li>\n<li>Entz\u00fcndungszust\u00e4nde, Vaginitis<\/li>\n<li>Neuropathien des Beckenbodens, Vulvodynie<\/li>\n<\/ul>\n<p><strong>Eigenschaften<\/strong><\/p>\n<ul>\n<li>Respektiert den physiologischen vulvovaginalen pH-Wert<\/li>\n<li>Beruhigend und sch\u00fctzend f\u00fcr die Schleimhaut<\/li>\n<li>Bewahrt das Gleichgewicht der physiologischen Flora<\/li>\n<li>Unterst\u00fctzt die Befeuchtung der Schleimhaut<\/li>\n<li>Leicht auszusp\u00fclen<\/li>\n<li>Hinterl\u00e4sst keine R\u00fcckst\u00e4nde<\/li>\n<\/ul>\n<\/div>","protected":false},"excerpt":{"rendered":"<p>Intimwaschgel mit D-Mannose \u2013 150 ml<\/p>","protected":false},"featured_media":3477,"comment_status":"open","ping_status":"closed","template":"","meta":{"_acf_changed":false,"site-sidebar-layout":"default","site-content-layout":"default","ast-site-content-layout":"default","site-content-style":"default","site-sidebar-style":"default","ast-global-header-display":"","ast-banner-title-visibility":"","ast-main-header-display":"","ast-hfb-above-header-display":"","ast-hfb-below-header-display":"","ast-hfb-mobile-header-display":"","site-post-title":"","ast-breadcrumbs-content":"","ast-featured-img":"","footer-sml-layout":"","theme-transparent-header-meta":"default","adv-header-id-meta":"","stick-header-meta":"","header-above-stick-meta":"","header-main-stick-meta":"","header-below-stick-meta":"","astra-migrate-meta-layouts":"set","ast-page-background-enabled":"default","ast-page-background-meta":{"desktop":{"background-color":"","background-image":"","background-repeat":"repeat","background-position":"center center","background-size":"auto","background-attachment":"scroll","background-type":"","background-media":"","overlay-type":"","overlay-color":"","overlay-opacity":"","overlay-gradient":""},"tablet":{"background-color":"","background-image":"","background-repeat":"repeat","background-position":"center center","background-size":"auto","background-attachment":"scroll","background-type":"","background-media":"","overlay-type":"","overlay-color":"","overlay-opacity":"","overlay-gradient":""},"mobile":{"background-color":"","background-image":"","background-repeat":"repeat","background-position":"center center","background-size":"auto","background-attachment":"scroll","background-type":"","background-media":"","overlay-type":"","overlay-color":"","overlay-opacity":"","overlay-gradient":""}},"ast-content-background-meta":{"desktop":{"background-color":"var(--ast-global-color-5)","background-image":"","background-repeat":"repeat","background-position":"center center","background-size":"auto","background-attachment":"scroll","background-type":"","background-media":"","overlay-type":"","overlay-color":"","overlay-opacity":"","overlay-gradient":""},"tablet":{"background-color":"var(--ast-global-color-5)","background-image":"","background-repeat":"repeat","background-position":"center center","background-size":"auto","background-attachment":"scroll","background-type":"","background-media":"","overlay-type":"","overlay-color":"","overlay-opacity":"","overlay-gradient":""},"mobile":{"background-color":"var(--ast-global-color-5)","background-image":"","background-repeat":"repeat","background-position":"center center","background-size":"auto","background-attachment":"scroll","background-type":"","background-media":"","overlay-type":"","overlay-color":"","overlay-opacity":"","overlay-gradient":""}}},"product_brand":[],"product_cat":[117,118,165,164,168],"product_tag":[233],"class_list":{"0":"post-3476","1":"product","2":"type-product","3":"status-publish","4":"has-post-thumbnail","6":"product_cat-urologia-e-ginecologia","7":"product_cat-dermatologia","8":"product_cat-geriatria","9":"product_cat-pediatria","10":"product_cat-sport","11":"product_tag-winter","12":"pa_forma-mousse","13":"pa_sintomi-arrossamento","14":"pa_sintomi-infiammazione","15":"pa_sintomi-irritazione","16":"pa_sintomi-prurito","17":"desktop-align-left","18":"tablet-align-left","19":"mobile-align-left","21":"first","22":"instock","23":"taxable","24":"shipping-taxable","25":"purchasable","26":"product-type-simple"},"bundled_by":["3781"],"bundle_stock_status":"instock","bundle_stock_quantity":null,"bundle_virtual":false,"bundle_layout":"","bundle_add_to_cart_form_location":"","bundle_editable_in_cart":false,"bundle_sold_individually_context":"","bundle_item_grouping":"","bundle_min_size":"","bundle_max_size":"","bundle_price":[],"bundled_items":[],"bundle_sell_ids":[],"acf":[],"_links":{"self":[{"href":"https:\/\/www.deakos.com\/de\/wp-json\/wp\/v2\/product\/3476","targetHints":{"allow":["GET"]}}],"collection":[{"href":"https:\/\/www.deakos.com\/de\/wp-json\/wp\/v2\/product"}],"about":[{"href":"https:\/\/www.deakos.com\/de\/wp-json\/wp\/v2\/types\/product"}],"replies":[{"embeddable":true,"href":"https:\/\/www.deakos.com\/de\/wp-json\/wp\/v2\/comments?post=3476"}],"wp:featuredmedia":[{"embeddable":true,"href":"https:\/\/www.deakos.com\/de\/wp-json\/wp\/v2\/media\/3477"}],"wp:attachment":[{"href":"https:\/\/www.deakos.com\/de\/wp-json\/wp\/v2\/media?parent=3476"}],"wp:term":[{"taxonomy":"product_brand","embeddable":true,"href":"https:\/\/www.deakos.com\/de\/wp-json\/wp\/v2\/product_brand?post=3476"},{"taxonomy":"product_cat","embeddable":true,"href":"https:\/\/www.deakos.com\/de\/wp-json\/wp\/v2\/product_cat?post=3476"},{"taxonomy":"product_tag","embeddable":true,"href":"https:\/\/www.deakos.com\/de\/wp-json\/wp\/v2\/product_tag?post=3476"}],"curies":[{"name":"wp","href":"https:\/\/api.w.org\/{rel}","templated":true}]}}