{"id":3393,"date":"2025-03-05T15:18:13","date_gmt":"2025-03-05T15:18:13","guid":{"rendered":"https:\/\/demo.deakos.com\/?post_type=product&#038;p=3393"},"modified":"2026-04-13T14:10:26","modified_gmt":"2026-04-13T12:10:26","slug":"gastrivox","status":"publish","type":"product","link":"https:\/\/www.deakos.com\/de\/prodotto\/gastrivox\/","title":{"rendered":"GASTRIVOX"},"content":{"rendered":"<div><strong>AUF BASIS VON: <\/strong>NATRIUMALGINAT, MALVE, MUSA PARADISIACA, EIBISCHOF, IGEL, INGWER, RINGELBLUME, GRINDELIA, PLANTAGO LANCEOLATA, MELATONIN<br \/>\n<strong>N\u00fctzlich bei:<\/strong><\/p>\n<ul>\n<li>Reflux<\/li>\n<li>\u00dcbers\u00e4uerung<\/li>\n<li>Sodbrennen<\/li>\n<li>\u00dcbelkeit<\/li>\n<li>Schlechte Verdauung<\/li>\n<li>Bl\u00e4hungen<\/li>\n<li>Heiserkeit<\/li>\n<li>Halsschmerzen<\/li>\n<li>Mundtrockenheit<\/li>\n<li>Aphonie<\/li>\n<\/ul>\n<p><strong>Eigenschaften<\/strong><\/p>\n<ul>\n<li>\u201eFlo\u00df-Effekt\u201c, der eine mechanische Barriere gegen den gastro\u00f6sophagealen Reflux bildet<\/li>\n<li>Unterst\u00fctzt die Funktionalit\u00e4t des Verdauungssystems und die Verdauungsfunktion<\/li>\n<li>Erm\u00f6glicht eine regul\u00e4re gastrointestinale Motilit\u00e4t<\/li>\n<li>Verringert die Gasbildung<\/li>\n<li>Schmierende und beruhigende Wirkung auf das Verdauungssystem<\/li>\n<li>Kontrolle der Magens\u00e4ure<\/li>\n<li>Unterst\u00fctzt den Stimmklang und die Funktionalit\u00e4t der oberen Atemwege<\/li>\n<\/ul>\n<\/div>","protected":false},"excerpt":{"rendered":"<p>Nahrungserg\u00e4nzungsmittel mit Natriumalginat, Malve, Isl\u00e4ndisch Moos - 200 ml<\/p>","protected":false},"featured_media":3702,"comment_status":"open","ping_status":"closed","template":"","meta":{"_acf_changed":false,"site-sidebar-layout":"default","site-content-layout":"default","ast-site-content-layout":"default","site-content-style":"default","site-sidebar-style":"default","ast-global-header-display":"","ast-banner-title-visibility":"","ast-main-header-display":"","ast-hfb-above-header-display":"","ast-hfb-below-header-display":"","ast-hfb-mobile-header-display":"","site-post-title":"","ast-breadcrumbs-content":"","ast-featured-img":"","footer-sml-layout":"","theme-transparent-header-meta":"default","adv-header-id-meta":"","stick-header-meta":"","header-above-stick-meta":"","header-main-stick-meta":"","header-below-stick-meta":"","astra-migrate-meta-layouts":"set","ast-page-background-enabled":"default","ast-page-background-meta":{"desktop":{"background-color":"","background-image":"","background-repeat":"repeat","background-position":"center center","background-size":"auto","background-attachment":"scroll","background-type":"","background-media":"","overlay-type":"","overlay-color":"","overlay-opacity":"","overlay-gradient":""},"tablet":{"background-color":"","background-image":"","background-repeat":"repeat","background-position":"center center","background-size":"auto","background-attachment":"scroll","background-type":"","background-media":"","overlay-type":"","overlay-color":"","overlay-opacity":"","overlay-gradient":""},"mobile":{"background-color":"","background-image":"","background-repeat":"repeat","background-position":"center center","background-size":"auto","background-attachment":"scroll","background-type":"","background-media":"","overlay-type":"","overlay-color":"","overlay-opacity":"","overlay-gradient":""}},"ast-content-background-meta":{"desktop":{"background-color":"var(--ast-global-color-5)","background-image":"","background-repeat":"repeat","background-position":"center center","background-size":"auto","background-attachment":"scroll","background-type":"","background-media":"","overlay-type":"","overlay-color":"","overlay-opacity":"","overlay-gradient":""},"tablet":{"background-color":"var(--ast-global-color-5)","background-image":"","background-repeat":"repeat","background-position":"center center","background-size":"auto","background-attachment":"scroll","background-type":"","background-media":"","overlay-type":"","overlay-color":"","overlay-opacity":"","overlay-gradient":""},"mobile":{"background-color":"var(--ast-global-color-5)","background-image":"","background-repeat":"repeat","background-position":"center center","background-size":"auto","background-attachment":"scroll","background-type":"","background-media":"","overlay-type":"","overlay-color":"","overlay-opacity":"","overlay-gradient":""}}},"product_brand":[],"product_cat":[119,165,164],"product_tag":[],"class_list":{"0":"post-3393","1":"product","2":"type-product","3":"status-publish","4":"has-post-thumbnail","6":"product_cat-gastroenterologia","7":"product_cat-geriatria","8":"product_cat-pediatria","9":"pa_forma-liquido","10":"desktop-align-left","11":"tablet-align-left","12":"mobile-align-left","14":"first","15":"instock","16":"taxable","17":"shipping-taxable","18":"purchasable","19":"product-type-simple"},"bundled_by":["3786"],"bundle_stock_status":"instock","bundle_stock_quantity":null,"bundle_virtual":false,"bundle_layout":"","bundle_add_to_cart_form_location":"","bundle_editable_in_cart":false,"bundle_sold_individually_context":"","bundle_item_grouping":"","bundle_min_size":"","bundle_max_size":"","bundle_price":[],"bundled_items":[],"bundle_sell_ids":[],"acf":[],"_links":{"self":[{"href":"https:\/\/www.deakos.com\/de\/wp-json\/wp\/v2\/product\/3393","targetHints":{"allow":["GET"]}}],"collection":[{"href":"https:\/\/www.deakos.com\/de\/wp-json\/wp\/v2\/product"}],"about":[{"href":"https:\/\/www.deakos.com\/de\/wp-json\/wp\/v2\/types\/product"}],"replies":[{"embeddable":true,"href":"https:\/\/www.deakos.com\/de\/wp-json\/wp\/v2\/comments?post=3393"}],"wp:featuredmedia":[{"embeddable":true,"href":"https:\/\/www.deakos.com\/de\/wp-json\/wp\/v2\/media\/3702"}],"wp:attachment":[{"href":"https:\/\/www.deakos.com\/de\/wp-json\/wp\/v2\/media?parent=3393"}],"wp:term":[{"taxonomy":"product_brand","embeddable":true,"href":"https:\/\/www.deakos.com\/de\/wp-json\/wp\/v2\/product_brand?post=3393"},{"taxonomy":"product_cat","embeddable":true,"href":"https:\/\/www.deakos.com\/de\/wp-json\/wp\/v2\/product_cat?post=3393"},{"taxonomy":"product_tag","embeddable":true,"href":"https:\/\/www.deakos.com\/de\/wp-json\/wp\/v2\/product_tag?post=3393"}],"curies":[{"name":"wp","href":"https:\/\/api.w.org\/{rel}","templated":true}]}}