{"id":1960,"date":"2024-11-20T17:14:47","date_gmt":"2024-11-20T17:14:47","guid":{"rendered":"https:\/\/demo.deakos.com\/?page_id=1960"},"modified":"2025-07-21T10:07:13","modified_gmt":"2025-07-21T10:07:13","slug":"versand_und_lieferung","status":"publish","type":"page","link":"https:\/\/www.deakos.com\/de\/spedizioni_e_consegna\/","title":{"rendered":"Versand und Lieferung"},"content":{"rendered":"<div data-elementor-type=\"wp-page\" data-elementor-id=\"1960\" class=\"elementor elementor-1960\" data-elementor-post-type=\"page\">\n\t\t\t\t<div class=\"elementor-element elementor-element-723d4ef3 e-flex e-con-boxed e-con e-parent\" data-id=\"723d4ef3\" data-element_type=\"container\">\n\t\t\t\t\t<div class=\"e-con-inner\">\n\t\t\t\t<div class=\"elementor-element elementor-element-13af834 elementor-widget elementor-widget-text-editor\" data-id=\"13af834\" data-element_type=\"widget\" data-widget_type=\"text-editor.default\">\n\t\t\t\t<div class=\"elementor-widget-container\">\n\t\t\t\t\t\t\t\t\t<h4>Allgemeine Gesch\u00e4ftsbedingungen und Lieferzeiten<\/h4>\n<p>Das Vertrauensverh\u00e4ltnis, das Deakos zu seinen Kunden aufbauen will, wird beim Direktvertrieb noch deutlicher. Dieser erfolgt entweder telefonisch mit ausf\u00fchrlichen Erl\u00e4uterungen zur Anwendung und m\u00f6glichen Dosierung des Produkts oder \u00fcber den Online-Shop. In beiden F\u00e4llen gelten die unten aufgef\u00fchrten Bedingungen:<\/p>\n<ul>\n<li>Die Bestellung wird innerhalb von 24\/48 Arbeitsstunden nach Eingang bearbeitet.<\/li>\n<li>Der Versand erfolgt per Expresskurier mit einer Lieferzeit von 24\/48 Stunden.<\/li>\n<li>Die Zahlungen m\u00fcssen \u00fcber den zum Zeitpunkt des Kaufs vereinbarten Kanal und unter Verwendung der folgenden Koordinaten erfolgen: Kreditkarte, PayPal, Stripe, Nachnahme, Bank\u00fcberweisung.<\/li>\n<li>Bei der Lieferung festgestellte Unstimmigkeiten in der Bestellung m\u00fcssen so schnell wie m\u00f6glich gemeldet werden, damit Ma\u00dfnahmen zu ihrer Behebung vereinbart werden k\u00f6nnen.<\/li>\n<li>Die vorstehenden Bedingungen gelten ausschlie\u00dflich f\u00fcr Bestellungen mit Lieferung innerhalb der Europ\u00e4ischen Union (einschlie\u00dflich der Republik San Marino).<\/li>\n<li>Bestellungen mit Lieferung in andere L\u00e4nder k\u00f6nnen und m\u00fcssen direkt telefonisch vereinbart werden.<\/li>\n<\/ul>\t\t\t\t\t\t\t\t<\/div>\n\t\t\t\t<\/div>\n\t\t\t\t<div class=\"elementor-element elementor-element-49ad028 elementor-widget elementor-widget-text-editor\" data-id=\"49ad028\" data-element_type=\"widget\" data-widget_type=\"text-editor.default\">\n\t\t\t\t<div class=\"elementor-widget-container\">\n\t\t\t\t\t\t\t\t\t<h4>Versandkosten in Italien<\/h4><ul><li><b>Spedizione STANDARD<\/b>: Die Versandkosten betragen 6\u20ac.<\/li><li><b>KOSTENLOSER VERSAND<\/b>: Ab einem Mindestbestellwert von 39,90\u202f\u20ac ist der Versand innerhalb Italiens kostenlos.<\/li><li><b>Zahlung bei LIEFERUNG<\/b>: F\u00fcr die Nachnahme wird ein Zuschlag von 2,50 \u20ac erhoben, auch wenn die Lieferung kostenlos ist.<\/li><\/ul>\t\t\t\t\t\t\t\t<\/div>\n\t\t\t\t<\/div>\n\t\t\t\t<div class=\"elementor-element elementor-element-f93880a elementor-widget elementor-widget-text-editor\" data-id=\"f93880a\" data-element_type=\"widget\" data-widget_type=\"text-editor.default\">\n\t\t\t\t<div class=\"elementor-widget-container\">\n\t\t\t\t\t\t\t\t\t<h4>Versandkosten ins Ausland<\/h4><ul><li><b>Versandkosten innerhalb Europas<\/b>:<ul><li>15\u20ac bei einem Einkauf unter 30\u20ac<\/li><li>10\u20ac bei einem Einkauf zwischen 30\u20ac und 50\u20ac<\/li><li>5\u20ac bei einem Einkauf \u00fcber 50\u20ac<\/li><\/ul><\/li><li><b>Versand Zypern \u2013 Malta \u2013 Ungarn \u2013 Bulgarien \u2013 Rum\u00e4nien \u2013 Polen<\/b>:<ul><li>20 \u20ac f\u00fcr Bestellungen bis 30 \u20ac<\/li><li>15 \u20ac f\u00fcr Bestellungen zwischen 31 und 50 \u20ac<\/li><li>10 \u20ac f\u00fcr Bestellungen \u00fcber 51 \u20ac<\/li><\/ul><\/li><li><b>Versand Schweiz \u2013 Norwegen \u2013 Schweden \u2013 Irland \u2013 Griechenland \u2013 Gro\u00dfbritannien<\/b>:<ul><li>18 \u20ac f\u00fcr Bestellungen bis 30 \u20ac<\/li><li>13 \u20ac f\u00fcr Bestellungen zwischen 31 und 50 \u20ac<\/li><li>8 \u20ac f\u00fcr Bestellungen \u00fcber 51 \u20ac<\/li><\/ul><\/li><li><b>Versand \u00cele de la R\u00e9union<\/b>:<ul><li>50 \u20ac f\u00fcr Bestellungen bis 100 \u20ac<\/li><li>25 \u20ac f\u00fcr Bestellungen zwischen 101 und 200 \u20ac<\/li><li>12,50 \u20ac f\u00fcr Bestellungen zwischen 201 und 299 \u20ac<\/li><li>Kostenlos f\u00fcr Bestellungen \u00fcber 300 \u20ac<\/li><\/ul><\/li><li><b>Versand nach Kanada und in die Vereinigten Staaten<\/b>:<ul><li>42\u20ac f\u00fcr Bestellungen unter 100\u20ac<\/li><li>21\u20ac f\u00fcr Bestellungen zwischen 101\u20ac und 200\u20ac<\/li><li>10,50\u20ac f\u00fcr Bestellungen zwischen 201\u20ac und 299\u20ac<\/li><li>Kostenlos f\u00fcr Bestellungen \u00fcber 300 \u20ac<\/li><\/ul><\/li><\/ul>\t\t\t\t\t\t\t\t<\/div>\n\t\t\t\t<\/div>\n\t\t\t\t<div class=\"elementor-element elementor-element-b92e7fc elementor-widget elementor-widget-text-editor\" data-id=\"b92e7fc\" data-element_type=\"widget\" data-widget_type=\"text-editor.default\">\n\t\t\t\t<div class=\"elementor-widget-container\">\n\t\t\t\t\t\t\t\t\t<h4>Kuriere in Italien<\/h4><p>Unsere Transporte basieren auf der Erfahrung der besten Unternehmen!<\/p><ul><li>GLS<\/li><li>Bartolini<\/li><\/ul>\t\t\t\t\t\t\t\t<\/div>\n\t\t\t\t<\/div>\n\t\t\t\t<div class=\"elementor-element elementor-element-6d8449e elementor-widget elementor-widget-text-editor\" data-id=\"6d8449e\" data-element_type=\"widget\" data-widget_type=\"text-editor.default\">\n\t\t\t\t<div class=\"elementor-widget-container\">\n\t\t\t\t\t\t\t\t\t<h4>Internationale Versanddienstleister<\/h4><p><span style=\"font-size: 16px;\">Pour les envois \u00e0 l'\u00e9tranger, nous faisons confiance \u00e0 DHL.\u00a0<\/span><\/p>\t\t\t\t\t\t\t\t<\/div>\n\t\t\t\t<\/div>\n\t\t\t\t\t<\/div>\n\t\t\t\t<\/div>\n\t\t\t\t<\/div>","protected":false},"excerpt":{"rendered":"<p>Condizioni generali e Tempi di Spedizione Il rapporto di fiducia reciproca che Deakos vuole instaurare con i propri clienti si evidenzia ancor pi\u00f9 nel momento della vendita diretta. Il tutto avviene o per via telefonica con esaustive spiegazioni sull&#8217;utilizzo e l&#8217;eventuale posologia del prodotto o tramite il negozio online. In entrambi i casi valgono le [&hellip;]<\/p>\n","protected":false},"author":1,"featured_media":0,"parent":0,"menu_order":0,"comment_status":"closed","ping_status":"closed","template":"","meta":{"_acf_changed":false,"site-sidebar-layout":"default","site-content-layout":"","ast-site-content-layout":"default","site-content-style":"default","site-sidebar-style":"default","ast-global-header-display":"","ast-banner-title-visibility":"","ast-main-header-display":"","ast-hfb-above-header-display":"","ast-hfb-below-header-display":"","ast-hfb-mobile-header-display":"","site-post-title":"","ast-breadcrumbs-content":"","ast-featured-img":"","footer-sml-layout":"","theme-transparent-header-meta":"","adv-header-id-meta":"","stick-header-meta":"","header-above-stick-meta":"","header-main-stick-meta":"","header-below-stick-meta":"","astra-migrate-meta-layouts":"default","ast-page-background-enabled":"default","ast-page-background-meta":{"desktop":{"background-color":"","background-image":"","background-repeat":"repeat","background-position":"center center","background-size":"auto","background-attachment":"scroll","background-type":"","background-media":"","overlay-type":"","overlay-color":"","overlay-opacity":"","overlay-gradient":""},"tablet":{"background-color":"","background-image":"","background-repeat":"repeat","background-position":"center center","background-size":"auto","background-attachment":"scroll","background-type":"","background-media":"","overlay-type":"","overlay-color":"","overlay-opacity":"","overlay-gradient":""},"mobile":{"background-color":"","background-image":"","background-repeat":"repeat","background-position":"center center","background-size":"auto","background-attachment":"scroll","background-type":"","background-media":"","overlay-type":"","overlay-color":"","overlay-opacity":"","overlay-gradient":""}},"ast-content-background-meta":{"desktop":{"background-color":"var(--ast-global-color-5)","background-image":"","background-repeat":"repeat","background-position":"center center","background-size":"auto","background-attachment":"scroll","background-type":"","background-media":"","overlay-type":"","overlay-color":"","overlay-opacity":"","overlay-gradient":""},"tablet":{"background-color":"var(--ast-global-color-5)","background-image":"","background-repeat":"repeat","background-position":"center center","background-size":"auto","background-attachment":"scroll","background-type":"","background-media":"","overlay-type":"","overlay-color":"","overlay-opacity":"","overlay-gradient":""},"mobile":{"background-color":"var(--ast-global-color-5)","background-image":"","background-repeat":"repeat","background-position":"center center","background-size":"auto","background-attachment":"scroll","background-type":"","background-media":"","overlay-type":"","overlay-color":"","overlay-opacity":"","overlay-gradient":""}},"footnotes":""},"class_list":["post-1960","page","type-page","status-publish","hentry"],"acf":[],"_links":{"self":[{"href":"https:\/\/www.deakos.com\/de\/wp-json\/wp\/v2\/pages\/1960","targetHints":{"allow":["GET"]}}],"collection":[{"href":"https:\/\/www.deakos.com\/de\/wp-json\/wp\/v2\/pages"}],"about":[{"href":"https:\/\/www.deakos.com\/de\/wp-json\/wp\/v2\/types\/page"}],"author":[{"embeddable":true,"href":"https:\/\/www.deakos.com\/de\/wp-json\/wp\/v2\/users\/1"}],"replies":[{"embeddable":true,"href":"https:\/\/www.deakos.com\/de\/wp-json\/wp\/v2\/comments?post=1960"}],"version-history":[{"count":22,"href":"https:\/\/www.deakos.com\/de\/wp-json\/wp\/v2\/pages\/1960\/revisions"}],"predecessor-version":[{"id":4403,"href":"https:\/\/www.deakos.com\/de\/wp-json\/wp\/v2\/pages\/1960\/revisions\/4403"}],"wp:attachment":[{"href":"https:\/\/www.deakos.com\/de\/wp-json\/wp\/v2\/media?parent=1960"}],"curies":[{"name":"wp","href":"https:\/\/api.w.org\/{rel}","templated":true}]}}