{"id":1956,"date":"2024-11-20T17:10:49","date_gmt":"2024-11-20T17:10:49","guid":{"rendered":"https:\/\/demo.deakos.com\/?page_id=1956"},"modified":"2025-10-22T09:55:50","modified_gmt":"2025-10-22T07:55:50","slug":"zahlungsarten","status":"publish","type":"page","link":"https:\/\/www.deakos.com\/de\/metodi_di_pagamento\/","title":{"rendered":"Zahlungsarten"},"content":{"rendered":"<div data-elementor-type=\"wp-page\" data-elementor-id=\"1956\" class=\"elementor elementor-1956\" data-elementor-post-type=\"page\">\n\t\t\t\t<div class=\"elementor-element elementor-element-56df2a46 e-con-full e-flex e-con e-parent\" data-id=\"56df2a46\" data-element_type=\"container\">\n\t\t\t\t<div class=\"elementor-element elementor-element-7893241 elementor-widget elementor-widget-text-editor\" data-id=\"7893241\" data-element_type=\"widget\" data-widget_type=\"text-editor.default\">\n\t\t\t\t<div class=\"elementor-widget-container\">\n\t\t\t\t\t\t\t\t\t<p>Auf der DEAKOS-Website kauft der Kunde sicher und garantiert \u00fcber PayPal (auch mit Kreditkarte), Stripe (auch mit aufladbarer Karte und SEPA-Konto), Nachnahme (Zahlung bei Lieferung) und Bank\u00fcberweisung (Zahlung im Voraus) ein.<br \/>Das Sicherheitsprotokoll SSL (Secure Socket Layer) garantiert den Schutz sensibler Daten, indem es einen verschl\u00fcsselten \u00dcbergang gew\u00e4hrleistet.<\/p>\t\t\t\t\t\t\t\t<\/div>\n\t\t\t\t<\/div>\n\t\t<div class=\"elementor-element elementor-element-9248ddc e-con-full e-flex e-con e-child\" data-id=\"9248ddc\" data-element_type=\"container\">\n\t\t\t\t<div class=\"elementor-element elementor-element-dbd7db6 elementor-position-left elementor-vertical-align-middle elementor-widget elementor-widget-image-box\" data-id=\"dbd7db6\" data-element_type=\"widget\" data-widget_type=\"image-box.default\">\n\t\t\t\t<div class=\"elementor-widget-container\">\n\t\t\t\t\t<div class=\"elementor-image-box-wrapper\"><figure class=\"elementor-image-box-img\"><img fetchpriority=\"high\" decoding=\"async\" width=\"1078\" height=\"516\" src=\"https:\/\/www.deakos.com\/wp-content\/uploads\/2024\/12\/46cf2d260c530d613e7f552f8b8c0093.png\" class=\"attachment-full size-full wp-image-2525\" alt=\"\" srcset=\"https:\/\/www.deakos.com\/wp-content\/uploads\/2024\/12\/46cf2d260c530d613e7f552f8b8c0093.png 1078w, https:\/\/www.deakos.com\/wp-content\/uploads\/2024\/12\/46cf2d260c530d613e7f552f8b8c0093-300x144.png 300w, https:\/\/www.deakos.com\/wp-content\/uploads\/2024\/12\/46cf2d260c530d613e7f552f8b8c0093-1024x490.png 1024w, https:\/\/www.deakos.com\/wp-content\/uploads\/2024\/12\/46cf2d260c530d613e7f552f8b8c0093-768x368.png 768w, https:\/\/www.deakos.com\/wp-content\/uploads\/2024\/12\/46cf2d260c530d613e7f552f8b8c0093-18x9.png 18w, https:\/\/www.deakos.com\/wp-content\/uploads\/2024\/12\/46cf2d260c530d613e7f552f8b8c0093-600x287.png 600w\" sizes=\"(max-width: 1078px) 100vw, 1078px\" \/><\/figure><div class=\"elementor-image-box-content\"><h4 class=\"elementor-image-box-title\">PAYPAL - Sicher. Schnell. Gesichert.<\/h4><\/div><\/div>\t\t\t\t<\/div>\n\t\t\t\t<\/div>\n\t\t\t\t<div class=\"elementor-element elementor-element-4de7766 elementor-widget elementor-widget-text-editor\" data-id=\"4de7766\" data-element_type=\"widget\" data-widget_type=\"text-editor.default\">\n\t\t\t\t<div class=\"elementor-widget-container\">\n\t\t\t\t\t\t\t\t\t<p>PayPal ist ein schnelles und sicheres Zahlungssystem. Wenn Sie diese Zahlungsmethode ausw\u00e4hlen und dann auf \"Weiter mit PayPal\" klicken, werden Sie auf die Website Paypal.com weitergeleitet, wo Sie w\u00e4hlen k\u00f6nnen zwischen:<\/p>\n<ul>\n<li>Bezahlen Sie, indem Sie sich bei Ihrem PayPal-Konto anmelden.<\/li>\n<li>Bezahlen mit jeder Kredit-\/Prepaidkarte<\/li>\n<\/ul>\n<p>Das System kommuniziert direkt mit PayPal in absoluter Sicherheit, so dass DEAKOS S.r.l. zu keinem Zeitpunkt Kenntnis von den Daten der Zahlungsmethode des Kunden erh\u00e4lt.<br \/>Bei jeder Transaktion erh\u00e4lt der Kunde eine Best\u00e4tigungs-E-Mail von PayPal. Die Zahlung per PayPal oder Kreditkarte beschleunigt die Versandzeit der Bestellung, da die Transaktion sofort \u00fcberpr\u00fcft und die Bestellung sofort bearbeitet wird.<\/p>\n<p>MasterCard, Maestro, Visa, Visa Electron, American Express, Aura, Discover werden akzeptiert.<\/p>\t\t\t\t\t\t\t\t<\/div>\n\t\t\t\t<\/div>\n\t\t\t\t<\/div>\n\t\t<div class=\"elementor-element elementor-element-9883be7 e-con-full e-flex e-con e-child\" data-id=\"9883be7\" data-element_type=\"container\">\n\t\t\t\t<div class=\"elementor-element elementor-element-22eeddf elementor-position-left elementor-vertical-align-bottom elementor-widget elementor-widget-image-box\" data-id=\"22eeddf\" data-element_type=\"widget\" data-widget_type=\"image-box.default\">\n\t\t\t\t<div class=\"elementor-widget-container\">\n\t\t\t\t\t<div class=\"elementor-image-box-wrapper\"><figure class=\"elementor-image-box-img\"><img decoding=\"async\" width=\"1024\" height=\"413\" src=\"https:\/\/www.deakos.com\/wp-content\/uploads\/2024\/12\/13f07a70a1727bf91984ff88e266e0f6.png\" class=\"attachment-full size-full wp-image-2526\" alt=\"\" srcset=\"https:\/\/www.deakos.com\/wp-content\/uploads\/2024\/12\/13f07a70a1727bf91984ff88e266e0f6.png 1024w, https:\/\/www.deakos.com\/wp-content\/uploads\/2024\/12\/13f07a70a1727bf91984ff88e266e0f6-300x121.png 300w, https:\/\/www.deakos.com\/wp-content\/uploads\/2024\/12\/13f07a70a1727bf91984ff88e266e0f6-768x310.png 768w, https:\/\/www.deakos.com\/wp-content\/uploads\/2024\/12\/13f07a70a1727bf91984ff88e266e0f6-18x7.png 18w, https:\/\/www.deakos.com\/wp-content\/uploads\/2024\/12\/13f07a70a1727bf91984ff88e266e0f6-600x242.png 600w\" sizes=\"(max-width: 1024px) 100vw, 1024px\" \/><\/figure><div class=\"elementor-image-box-content\"><h4 class=\"elementor-image-box-title\">STRIPE - Verschl\u00fcsselung. Technologie. Schnell.<\/h4><\/div><\/div>\t\t\t\t<\/div>\n\t\t\t\t<\/div>\n\t\t\t\t<div class=\"elementor-element elementor-element-5f79ebf elementor-widget elementor-widget-text-editor\" data-id=\"5f79ebf\" data-element_type=\"widget\" data-widget_type=\"text-editor.default\">\n\t\t\t\t<div class=\"elementor-widget-container\">\n\t\t\t\t\t\t\t\t\t<p>Stripe ist eine externe Zahlungsplattform, die Zahlungen per Debit-, Charge- und\/oder Kreditkarte annimmt. Die Zahlungen werden sofort verarbeitet.<br \/>Das SEPA-Lastschriftverfahren ist eine sichere Option f\u00fcr K\u00e4ufer zum Zeitpunkt der Zahlung<\/p>\n<p>Es werden folgende Kreditkarten akzeptiert: Visa (Kredit- und Debitkarten), MasterCard (Kredit- und Debitkarten), American Express, Apple Pay und SEPA-Lastschriftverfahren.<\/p>\t\t\t\t\t\t\t\t<\/div>\n\t\t\t\t<\/div>\n\t\t\t\t<\/div>\n\t\t<div class=\"elementor-element elementor-element-0643cc6 e-con-full e-flex e-con e-child\" data-id=\"0643cc6\" data-element_type=\"container\">\n\t\t\t\t<div class=\"elementor-element elementor-element-4ff46c4 elementor-widget elementor-widget-heading\" data-id=\"4ff46c4\" data-element_type=\"widget\" data-widget_type=\"heading.default\">\n\t\t\t\t<div class=\"elementor-widget-container\">\n\t\t\t\t\t<h4 class=\"elementor-heading-title elementor-size-default\">CASH PAYMENT - Nachnahme: Zahlung bei Lieferung - Nur f\u00fcr Italien<\/h4>\t\t\t\t<\/div>\n\t\t\t\t<\/div>\n\t\t\t\t<div class=\"elementor-element elementor-element-4350581 elementor-widget elementor-widget-text-editor\" data-id=\"4350581\" data-element_type=\"widget\" data-widget_type=\"text-editor.default\">\n\t\t\t\t<div class=\"elementor-widget-container\">\n\t\t\t\t\t\t\t\t\t<p>F\u00fcr die Zahlung per Nachnahme wird ein Zuschlag von 2,50 \u20ac zum im Bestell\u00fcbersicht angegebenen Versandkostenpreis erhoben.<br \/>Um die Zustellung der Produkte zu erleichtern, empfehlen wir Ihnen, den genauen Betrag der Bestellung bereitzuhalten, da die Kuriere kein Wechselgeld ausgeben.<\/p><p>Auch bei der Zahlung per Nachnahme wird die Bestellung sofort bearbeitet, so dass eine schnelle Lieferung an den Kunden gew\u00e4hrleistet ist.<\/p>\t\t\t\t\t\t\t\t<\/div>\n\t\t\t\t<\/div>\n\t\t\t\t<\/div>\n\t\t<div class=\"elementor-element elementor-element-7cda4ba e-con-full e-flex e-con e-child\" data-id=\"7cda4ba\" data-element_type=\"container\">\n\t\t\t\t<div class=\"elementor-element elementor-element-7741fbc elementor-widget elementor-widget-heading\" data-id=\"7741fbc\" data-element_type=\"widget\" data-widget_type=\"heading.default\">\n\t\t\t\t<div class=\"elementor-widget-container\">\n\t\t\t\t\t<h4 class=\"elementor-heading-title elementor-size-default\">BANK TRANSFER - Einfach und sicher \u00fcberweisen - Nur f\u00fcr Italien<\/h4>\t\t\t\t<\/div>\n\t\t\t\t<\/div>\n\t\t\t\t<div class=\"elementor-element elementor-element-760f58f elementor-widget elementor-widget-text-editor\" data-id=\"760f58f\" data-element_type=\"widget\" data-widget_type=\"text-editor.default\">\n\t\t\t\t<div class=\"elementor-widget-container\">\n\t\t\t\t\t\t\t\t\t<p>Die Zahlung per Bank\u00fcberweisung garantiert nicht die gleiche Schnelligkeit wie andere Zahlungsarten!<\/p>\n<p>Wenn der Kunde Bank\u00fcberweisung als Zahlungsmethode w\u00e4hlt, muss die Bank\u00fcberweisung im Voraus get\u00e4tigt werden. Die Bankdaten f\u00fcr die \u00dcberweisung finden Sie in der Bestellbest\u00e4tigungs-E-Mail; sollte der Kunde die E-Mail nicht erhalten, empfehlen wir, das Spam-Feld zu \u00fcberpr\u00fcfen oder den Kundendienst \u00fcber das Kontaktformular zu kontaktieren.<\/p>\n<p>DEAKOS S.r.l. akzeptiert keine CROs und Einzahlungsscheine als Garantie f\u00fcr die get\u00e4tigte Bank\u00fcberweisung. Die Bestellung bleibt im Status \"Warten\", bis DEAKOS S.r.l. eine Benachrichtigung \u00fcber eine erfolgreiche Bank\u00fcberweisung erh\u00e4lt.<\/p>\t\t\t\t\t\t\t\t<\/div>\n\t\t\t\t<\/div>\n\t\t\t\t<\/div>\n\t\t\t\t<\/div>\n\t\t\t\t<\/div>","protected":false},"excerpt":{"rendered":"<p>Sul sito DEAKOS il cliente effettua acquisti sicuri e garantiti tramite PayPal (anche con carta di credito), Stripe (anche con carta ricaricabile e bofinico SEPA), Contrassegno (pagamento alla consegna) e bonifico bancario (pagamento anticipato).Il protocollo di sicurezza SSL (Secure Socket Layer) garantisce la protezione dei dati sensibili assicurando una transizione criptata. PAYPAL &#8211; Sicuro. Veloce. [&hellip;]<\/p>\n","protected":false},"author":1,"featured_media":0,"parent":0,"menu_order":0,"comment_status":"closed","ping_status":"closed","template":"","meta":{"_acf_changed":false,"site-sidebar-layout":"default","site-content-layout":"","ast-site-content-layout":"default","site-content-style":"default","site-sidebar-style":"default","ast-global-header-display":"","ast-banner-title-visibility":"","ast-main-header-display":"","ast-hfb-above-header-display":"","ast-hfb-below-header-display":"","ast-hfb-mobile-header-display":"","site-post-title":"","ast-breadcrumbs-content":"","ast-featured-img":"","footer-sml-layout":"","theme-transparent-header-meta":"","adv-header-id-meta":"","stick-header-meta":"","header-above-stick-meta":"","header-main-stick-meta":"","header-below-stick-meta":"","astra-migrate-meta-layouts":"default","ast-page-background-enabled":"default","ast-page-background-meta":{"desktop":{"background-color":"","background-image":"","background-repeat":"repeat","background-position":"center center","background-size":"auto","background-attachment":"scroll","background-type":"","background-media":"","overlay-type":"","overlay-color":"","overlay-opacity":"","overlay-gradient":""},"tablet":{"background-color":"","background-image":"","background-repeat":"repeat","background-position":"center center","background-size":"auto","background-attachment":"scroll","background-type":"","background-media":"","overlay-type":"","overlay-color":"","overlay-opacity":"","overlay-gradient":""},"mobile":{"background-color":"","background-image":"","background-repeat":"repeat","background-position":"center center","background-size":"auto","background-attachment":"scroll","background-type":"","background-media":"","overlay-type":"","overlay-color":"","overlay-opacity":"","overlay-gradient":""}},"ast-content-background-meta":{"desktop":{"background-color":"var(--ast-global-color-5)","background-image":"","background-repeat":"repeat","background-position":"center center","background-size":"auto","background-attachment":"scroll","background-type":"","background-media":"","overlay-type":"","overlay-color":"","overlay-opacity":"","overlay-gradient":""},"tablet":{"background-color":"var(--ast-global-color-5)","background-image":"","background-repeat":"repeat","background-position":"center center","background-size":"auto","background-attachment":"scroll","background-type":"","background-media":"","overlay-type":"","overlay-color":"","overlay-opacity":"","overlay-gradient":""},"mobile":{"background-color":"var(--ast-global-color-5)","background-image":"","background-repeat":"repeat","background-position":"center center","background-size":"auto","background-attachment":"scroll","background-type":"","background-media":"","overlay-type":"","overlay-color":"","overlay-opacity":"","overlay-gradient":""}},"footnotes":""},"class_list":["post-1956","page","type-page","status-publish","hentry"],"acf":[],"_links":{"self":[{"href":"https:\/\/www.deakos.com\/de\/wp-json\/wp\/v2\/pages\/1956","targetHints":{"allow":["GET"]}}],"collection":[{"href":"https:\/\/www.deakos.com\/de\/wp-json\/wp\/v2\/pages"}],"about":[{"href":"https:\/\/www.deakos.com\/de\/wp-json\/wp\/v2\/types\/page"}],"author":[{"embeddable":true,"href":"https:\/\/www.deakos.com\/de\/wp-json\/wp\/v2\/users\/1"}],"replies":[{"embeddable":true,"href":"https:\/\/www.deakos.com\/de\/wp-json\/wp\/v2\/comments?post=1956"}],"version-history":[{"count":8,"href":"https:\/\/www.deakos.com\/de\/wp-json\/wp\/v2\/pages\/1956\/revisions"}],"predecessor-version":[{"id":20440,"href":"https:\/\/www.deakos.com\/de\/wp-json\/wp\/v2\/pages\/1956\/revisions\/20440"}],"wp:attachment":[{"href":"https:\/\/www.deakos.com\/de\/wp-json\/wp\/v2\/media?parent=1956"}],"curies":[{"name":"wp","href":"https:\/\/api.w.org\/{rel}","templated":true}]}}