{"id":1953,"date":"2024-11-20T17:10:10","date_gmt":"2024-11-20T17:10:10","guid":{"rendered":"https:\/\/demo.deakos.com\/?page_id=1953"},"modified":"2025-07-21T15:46:46","modified_gmt":"2025-07-21T15:46:46","slug":"bedingungen_und_bedingungen","status":"publish","type":"page","link":"https:\/\/www.deakos.com\/de\/termini_e_condizioni\/","title":{"rendered":"Bedingungen und Konditionen"},"content":{"rendered":"<div data-elementor-type=\"wp-page\" data-elementor-id=\"1953\" class=\"elementor elementor-1953\" data-elementor-post-type=\"page\">\n\t\t\t\t<div class=\"elementor-element elementor-element-2cfa19f e-flex e-con-boxed e-con e-parent\" data-id=\"2cfa19f\" data-element_type=\"container\">\n\t\t\t\t\t<div class=\"e-con-inner\">\n\t\t\t\t<div class=\"elementor-element elementor-element-51b7f67 elementor-widget elementor-widget-text-editor\" data-id=\"51b7f67\" data-element_type=\"widget\" data-widget_type=\"text-editor.default\">\n\t\t\t\t<div class=\"elementor-widget-container\">\n\t\t\t\t\t\t\t\t\t<div class=\"row\"><div class=\"col mb-4\"><p class=\"text-center\">In diesem Dokument werden die allgemeinen Bedingungen dargelegt, auf deren Grundlage den Nutzern die Nutzung der Website angeboten wird<\/p><\/div><\/div><div class=\"row\"><div class=\"col mb-4\">\u00a0<\/div><\/div><h4 class=\"text-uppercase\"><strong>1. Begriffsbestimmungen<\/strong><\/h4><p>Um ein vollst\u00e4ndiges Verst\u00e4ndnis und die Akzeptanz dieser Bedingungen zu erm\u00f6glichen, haben die folgenden Begriffe im Singular und Plural die nachstehend aufgef\u00fchrten Bedeutungen:<br \/>Inhaber: Stefano De Angelis, Deakos SRL - Corso Nazionale, 169 - 19125, La Spezia - P.I. 01155830118<br \/>Anwendung: die e-Commerce-Website<br \/>Nutzer: jede Person, die auf die Anwendung zugreift und sie nutzt<br \/>Bedingungen: Dieser Vertrag regelt die Beziehung zwischen dem f\u00fcr die Verarbeitung Verantwortlichen und den Nutzern.<\/p><h4 class=\"text-uppercase\"><strong>2. Detaillierte Informationen zum Bewerbungsangebot<\/strong><\/h4><p>Die Anwendung bietet den Nutzern die M\u00f6glichkeit, folgende Produkte zu erwerben: parapharmazeutische Produkte<\/p><h4 class=\"text-uppercase\"><strong>3. Geltungsbereich der Bedingungen<\/strong><\/h4><p>Die Nutzung der Anwendung setzt die Annahme der Bedingungen durch den Nutzer voraus. Wenn der Nutzer nicht beabsichtigt, die Bedingungen und\/oder alle anderen darin ver\u00f6ffentlichten oder erw\u00e4hnten Hinweise, rechtlichen Informationen oder Informationen zu akzeptieren, kann er die Anwendung oder ihre Dienste nicht nutzen.<br \/>Die Bedingungen k\u00f6nnen jederzeit ge\u00e4ndert werden. Die \u00c4nderungen gelten ab dem Zeitpunkt, zu dem sie in der Anmeldung und im Katalog ver\u00f6ffentlicht werden.<br \/>Vor der Nutzung der Anwendung oder des Katalogs und der Aufgabe von Bestellungen muss der Nutzer die Bedingungen sorgf\u00e4ltig lesen und sie zum sp\u00e4teren Nachschlagen speichern oder ausdrucken.<br \/>Der Eigent\u00fcmer beh\u00e4lt sich das Recht vor, die grafische Oberfl\u00e4che der Anwendung und des Katalogs, die Inhalte und ihre Organisation sowie jeden anderen Aspekt, der ihre Funktionalit\u00e4t und Verwaltung kennzeichnet, jederzeit nach eigenem Ermessen zu \u00e4ndern, wobei er dem Nutzer gegebenenfalls die entsprechenden Anweisungen mitteilt.<\/p><h4 class=\"text-uppercase\"><strong>4. Lizenzen f\u00fcr die Nutzung<\/strong><\/h4><p>Die in der Anwendung verf\u00fcgbaren Inhalte und\/oder Materialien sind durch das Urheberrecht, andere durch das Urheberrechtsgesetz zugewiesene Rechte (verwandte Schutzrechte, Datenbankrechte usw.) und\/oder andere anwendbare Gesetze gesch\u00fctzt. Jegliche Nutzung der in der Anwendung und im Katalog verf\u00fcgbaren Inhalte und\/oder Materialien, die nicht genehmigt ist, und\/oder andere anwendbare Gesetze sind verboten.<br \/>Der Inhaber gew\u00e4hrt dem Nutzer die unten aufgef\u00fchrten Rechte unter der Bedingung, dass der Nutzer sich verpflichtet, die Bedingungen der Lizenz einzuhalten.<br \/>Der Eigent\u00fcmer gestattet dem Nutzer, die in der Anwendung verf\u00fcgbaren Inhalte und\/oder Materialien mit beliebigen Mitteln und in beliebigem Format zu vervielf\u00e4ltigen, zu verbreiten, der \u00d6ffentlichkeit mitzuteilen, darzustellen, vorzuf\u00fchren, umzuwandeln, und zwar zu jedem Zweck, auch zu kommerziellen Zwecken, vorausgesetzt, dass der Nutzer die Urheberschaft des Werks gegen\u00fcber dem Eigent\u00fcmer anerkennt und einen Link zur Anwendung und zum Katalog bereitstellt und angibt, ob \u00c4nderungen vorgenommen wurden.<\/p><h4 class=\"text-uppercase\"><strong>5. Ausschluss der Gew\u00e4hrleistung<\/strong><\/h4><p>Der Eigent\u00fcmer gibt keine ausdr\u00fcckliche oder stillschweigende Garantie in Bezug auf die Anwendung, noch garantiert er, dass die Anwendung den Bed\u00fcrfnissen der Nutzer entspricht oder dass sie ununterbrochen oder fehlerfrei funktioniert oder dass sie frei von Viren oder Fehlern ist.<br \/>Der Eigent\u00fcmer bem\u00fcht sich, dass die Anwendung 24 Stunden am Tag ohne Unterbrechung zur Verf\u00fcgung steht, haftet jedoch in keiner Weise, wenn die Anwendung aus irgendeinem Grund zu irgendeinem Zeitpunkt oder f\u00fcr irgendeinen Zeitraum nicht zug\u00e4nglich und\/oder betriebsbereit ist. Der Zugriff auf die Anwendung kann im Falle von Systemausf\u00e4llen, Wartungsarbeiten, Reparaturen oder aus Gr\u00fcnden, die sich der Kontrolle des Eigent\u00fcmers vollst\u00e4ndig entziehen, sowie bei h\u00f6herer Gewalt vor\u00fcbergehend und ohne Vorank\u00fcndigung ausgesetzt werden.<\/p><h4 class=\"text-uppercase\"><strong>6. Begrenzung der Haftung<\/strong><\/h4><p>Der Inhaber haftet gegen\u00fcber dem Nutzer, au\u00dfer im Falle von Vorsatz oder grober Fahrl\u00e4ssigkeit, nicht f\u00fcr Dienste oder St\u00f6rungen im Zusammenhang mit der Nutzung des Internets, die au\u00dferhalb seiner Kontrolle oder der seiner Lieferanten liegen. Der Inhaber haftet auch nicht f\u00fcr Sch\u00e4den, Verluste und Kosten, die dem Nutzer infolge der Nichterf\u00fcllung des Vertrages aus Gr\u00fcnden entstehen, die er nicht zu vertreten hat. Der Inhaber haftet nicht f\u00fcr die betr\u00fcgerische und unrechtm\u00e4\u00dfige Verwendung von Kreditkarten und anderen Zahlungsmitteln durch Dritte. Der Inhaber haftet nicht f\u00fcr: den Verlust von Gesch\u00e4ftsm\u00f6glichkeiten und jeden anderen, auch indirekten Schaden, den der Nutzer erleidet, der keine unmittelbare Folge des Vertragsbruchs durch den Inhaber oder der falschen oder ungeeigneten Nutzung der Anwendung durch Nutzer oder Dritte ist. ln keinem Fall kann der Inhaber f\u00fcr einen Betrag haftbar gemacht werden, der das Doppelte der vom Nutzer gezahlten Kosten \u00fcbersteigt.<\/p><h4 class=\"text-uppercase\"><strong>7. H\u00f6here Gewalt<\/strong><\/h4><p>Der f\u00fcr die Verarbeitung Verantwortliche haftet nicht f\u00fcr die Nichterf\u00fcllung oder die versp\u00e4tete Erf\u00fcllung seiner Verpflichtungen aufgrund von Umst\u00e4nden, die au\u00dferhalb seines Einflussbereichs liegen und die auf h\u00f6here Gewalt oder in jedem Fall auf unvorhersehbare und unvorhersehbare Ereignisse zur\u00fcckzuf\u00fchren sind und in jedem Fall au\u00dferhalb seines Einflussbereichs liegen.<br \/>Die Erf\u00fcllung der Verpflichtungen des Inhabers gilt f\u00fcr den Zeitraum, in dem Ereignisse h\u00f6herer Gewalt eintreten, als ausgesetzt.<br \/>Der f\u00fcr die Verarbeitung Verantwortliche unternimmt alles in seiner Macht Stehende, um L\u00f6sungen zu finden, die die ordnungsgem\u00e4\u00dfe Erf\u00fcllung seiner Verpflichtungen trotz des Fortbestehens von Ereignissen h\u00f6herer Gewalt erm\u00f6glichen.<\/p><h4 class=\"text-uppercase\"><strong>8. Anmeldung<\/strong><\/h4><p>Um bestimmte Funktionen der Website nutzen zu k\u00f6nnen, muss sich der Nutzer registrieren, indem er alle im entsprechenden Registrierungsformular geforderten Daten wahrheitsgem\u00e4\u00df und vollst\u00e4ndig angibt und die Datenschutzbestimmungen (www.deakos.com) sowie die vorliegenden Bedingungen vollst\u00e4ndig akzeptiert. Die Nutzer sind f\u00fcr die Sicherung ihrer Zugangsdaten verantwortlich.<br \/>Es wird davon ausgegangen, dass der f\u00fcr die Verarbeitung Verantwortliche unter keinen Umst\u00e4nden f\u00fcr den Verlust, die Verbreitung, den Diebstahl oder die unbefugte Nutzung der Zugangsdaten der Nutzer durch Dritte, aus welchem Grund auch immer, haftbar gemacht werden kann.<\/p><h4 class=\"text-uppercase\"><strong>9. L\u00f6schung oder Schlie\u00dfung des Kontos<\/strong><\/h4><p>Registrierte Nutzer k\u00f6nnen ihre Konten deaktivieren oder ihre L\u00f6schung \u00fcber die Website-Schnittstelle oder durch eine schriftliche Mitteilung an info@deakos.com oder durch einen Anruf beim Kundendienst unter 800-944-350 beantragen.<br \/>Der Eigent\u00fcmer beh\u00e4lt sich das Recht vor, das Konto des Nutzers jederzeit und ohne Vorank\u00fcndigung zu sperren oder zu k\u00fcndigen, wenn der Nutzer gegen diese Bedingungen oder gegen geltende gesetzliche Bestimmungen verst\u00f6\u00dft.<\/p><h4 class=\"text-uppercase\"><strong>10. Rechnungsstellung<\/strong><\/h4><p>Im Falle eines Antrags auf Rechnungsstellung wird dem Nutzer eine Rechnung f\u00fcr die erworbenen Produkte ausgestellt. Die Rechnung wird auf der Grundlage der vom Nutzer gemachten Angaben ausgestellt, deren Richtigkeit der Nutzer erkl\u00e4rt und garantiert, indem er den f\u00fcr die Verarbeitung Verantwortlichen in dieser Hinsicht vollst\u00e4ndig entlastet.<\/p><h4 class=\"text-uppercase\"><strong>11. Verlinkung zu Websites Dritter<\/strong><\/h4><p>Die Anwendung kann Links zu Websites\/Applikationen Dritter enthalten. Der Eigent\u00fcmer \u00fcbt keine Kontrolle \u00fcber diese aus und ist daher in keiner Weise f\u00fcr den Inhalt dieser Seiten\/Anwendungen verantwortlich.<br \/>Einige dieser Links k\u00f6nnen auf Websites\/Anwendungen Dritter verweisen, die \u00fcber die Anwendung Dienste anbieten. In diesen F\u00e4llen gelten die allgemeinen Bedingungen f\u00fcr die Nutzung der Website\/Anwendung und f\u00fcr die Nutzung des von den Dritten angebotenen Dienstes f\u00fcr die einzelnen Dienste, f\u00fcr die der Eigent\u00fcmer keine Verantwortung \u00fcbernimmt.<\/p><h4 class=\"text-uppercase\">12.Bewertungen<\/h4><p>Sie d\u00fcrfen unter den folgenden Bedingungen eine Bewertung (\"Bewertung\") auf der Website hinterlassen:<br \/>a) Bewertungen k\u00f6nnen nur von allen Nutzern abgegeben werden, die das Produkt verwendet haben;<br \/>b) die \u00dcberpr\u00fcfung darf nur Produkte betreffen;<br \/>c) Um eine Bewertung abzugeben, muss der Nutzer das entsprechende Formular auf dem Produktblatt ausf\u00fcllen und dabei alle geforderten Daten angeben (d.h. Stimme; Name, unter dem die Bewertung ver\u00f6ffentlicht wird, der auch von dem Namen abweichen kann, unter dem sich der Nutzer auf der Website registriert hat; Titel und Text der Bewertung);<br \/>d) Die \u00dcberpr\u00fcfung wird innerhalb von h\u00f6chstens 15 Tagen ver\u00f6ffentlicht, sofern dies als angemessen erachtet wird, und zwar gem\u00e4\u00df den folgenden Bestimmungen;<br \/>e) Die Bewertung der Eignung wird von DEAKOS S.r.l. nach eigenem Ermessen durchgef\u00fchrt;<br \/>f) Es werden nur Rezensionen ver\u00f6ffentlicht, die das gekaufte Produkt zum Gegenstand haben, insbesondere seine Verwendung, pers\u00f6nliche Erfahrungen und erzielte Ergebnisse. Alle anderen Themen m\u00fcssen mit einem formellen Ticket an DEAKOS S.r.l. geschickt werden.<br \/>g) Bewertungen, deren Inhalt verleumderisch und\/oder beleidigend und\/oder vulg\u00e4r ist und\/oder in irgendeiner Weise gegen das Gesetz, die \u00f6ffentliche Ordnung, die Moral und\/oder den Ruf und\/oder die Rechte von DEAKOS S.r.l. und\/oder Dritten verst\u00f6\u00dft, werden nicht ver\u00f6ffentlicht, da sie verboten sind;<br \/>h) Rezensionen, bei denen auch nur eine der im Formular als obligatorisch geforderten Angaben fehlt, werden nicht ver\u00f6ffentlicht (z. B. Rezensionen, die keinen Text enthalten, werden nicht ver\u00f6ffentlicht);<br \/>i) Bewertungen mit werbendem Inhalt werden nicht ver\u00f6ffentlicht;<br \/>j) Drohungen jeglicher Art, Aufstachelung zum Hass, rassistische, homophobe oder in irgendeiner Weise diskriminierende \u00c4u\u00dferungen und Beschimpfungen jeglicher Art werden nicht geduldet; politischer Protest und Propaganda werden nicht zugelassen; Beitr\u00e4ge mit solchem Inhalt werden nicht ver\u00f6ffentlicht;<br \/>k) Mit der Eingabe der Rezension erlaubt der Benutzer DEAKOS S.r.l., die Rezension auf unbestimmte Zeit und kostenlos auf der Website zu verwenden;<br \/>l) Eingetragene Bewertungen k\u00f6nnen nicht gel\u00f6scht werden, vorbehaltlich der Einhaltung der Rechtsvorschriften \u00fcber die Verarbeitung personenbezogener Daten;<br \/>m) die Bewertung des Produkts entspricht dem mathematischen Durchschnitt der Stimmen, die von Nutzern abgegeben wurden, die eine Bewertung in Bezug auf das Produkt hinterlassen haben;<\/p><h4 class=\"text-uppercase\"><strong>13. Datenschutz<\/strong><\/h4><p>Der Schutz und die Verarbeitung personenbezogener Daten erfolgt gem\u00e4\u00df der Datenschutzrichtlinie, die unter folgender Adresse abrufbar ist\u00a0<a href=\"https:\/\/www.deakos.com\/de\/datenschutzbestimmungen\/\">Datenschutzbestimmungen<\/a>.<\/p><h4 class=\"text-uppercase\"><strong>14. Sendungen, Lieferung von Produkten und damit verbundene Kosten<\/strong><\/h4><p>Die gekauften Produkte werden an die vom Kunden in der Bestellung angegebene Adresse innerhalb von 24-48 Stunden in Italien versandt, ab der Annahme der Bestellung durch den Kurierdienst, zu den Kosten, die ausdr\u00fccklich auf der Website angegeben sind, bevor die Bestellung versandt wird. Je nach Art des Produkts wird das Paket vakuumverpackt und temperaturkontrolliert versendet. Einzelheiten zum Versand:<br \/>Kurierdienst mit temperaturgef\u00fchrtem Transport:<br \/>Express-Kurier (nur f\u00fcr Bestellungen, die KEINE Produkte enthalten, die gek\u00fchlt transportiert werden m\u00fcssen):<br \/>Bei Bestellungen in Italien \u00fcber 39,90 \u20ac ist der Versand KOSTENLOS<br \/>Der Eigent\u00fcmer beh\u00e4lt sich das Recht vor, Lieferungen au\u00dferhalb der italienischen oder europ\u00e4ischen Grenzen anzunehmen oder abzulehnen. In jedem Fall, f\u00fcr Lieferungen au\u00dferhalb der italienischen Grenzen, Versandkosten und Lieferzeiten k\u00f6nnen variieren und wir laden Sie ein, uns per E-Mail zu kontaktieren, bevor Sie mit der Zahlung Ihrer Bestellung fortfahren.<br \/>Bei Lieferungen in L\u00e4nder au\u00dferhalb der Europ\u00e4ischen Union gehen eventuelle Einfuhrzollgeb\u00fchren zu Lasten des Empf\u00e4ngers. Wir fordern daher den Kunden auf, sich im Voraus mit den Zollbeh\u00f6rden seines Landes in Verbindung zu setzen, um die Kosten und eventuelle Einfuhrbeschr\u00e4nkungen zu pr\u00fcfen.<br \/>Die vom Inhaber angegebenen Lieferfristen sind als reine Richtwerte zu betrachten, und jede diesbez\u00fcgliche Verz\u00f6gerung oder jede Lieferung in aufeinanderfolgenden Teilsendungen berechtigt den Kunden nicht, die Lieferung abzulehnen und Schadensersatz oder Entsch\u00e4digung zu verlangen.<br \/>Bei der Lieferung der Produkte muss der Kunde diese \u00fcberpr\u00fcfen:<br \/>dass die Anzahl der zugestellten Packst\u00fccke mit der im Bef\u00f6rderungspapier angegebenen Anzahl \u00fcbereinstimmt.<br \/>dass die Verpackung unversehrt, unbesch\u00e4digt, nicht nass oder anderweitig ver\u00e4ndert ist, einschlie\u00dflich des Verschlussmaterials (Klebeband oder Metallumreifung).<br \/>Jede Besch\u00e4digung der Verpackung und\/oder des Erzeugnisses oder die Nicht\u00fcbereinstimmung der Anzahl der Packst\u00fccke oder der Angaben ist unverz\u00fcglich festzustellen und auf dem Lieferschein des an den Spediteur zur\u00fcckzusendenden Erzeugnisses zu vermerken.<br \/>Etwaige Probleme mit der physischen Unversehrtheit, der Korrespondenz oder der Vollst\u00e4ndigkeit der erhaltenen Produkte m\u00fcssen innerhalb von 7 Tagen nach der Lieferung in der hier vorgesehenen Weise gemeldet werden.<\/p><h4 class=\"text-uppercase\"><strong>15. R\u00fcckgabe und R\u00fccktrittsrecht<\/strong><\/h4><p>Der Verbraucher hat das Recht, innerhalb einer Frist von 10 Tagen nach Erhalt der Ware von seinem Widerrufsrecht Gebrauch zu machen. Dieses Recht besteht in der R\u00fcckgabe der gekauften Ware an den Verk\u00e4ufer und der damit verbundenen R\u00fcckerstattung des Kaufpreises, d.h. des f\u00fcr die Ware gezahlten Nettobetrages ohne zus\u00e4tzliche Kosten wie Verpackung, Arbeit, Transport.<br \/>Insbesondere muss der Verbraucher, der von seinem Widerrufsrecht Gebrauch machen will, dem Gesch\u00e4ft innerhalb von 10 Tagen nach Erhalt der Produkte eine entsprechende Mitteilung zukommen lassen. Die R\u00fccktrittserkl\u00e4rung ist per Einschreiben mit R\u00fcckschein oder per Telegramm, Telex oder Telefax mit Best\u00e4tigung per Einschreiben mit R\u00fcckschein innerhalb von 48 Stunden an die Adresse des Shops zu senden.<br \/>Der Verbraucher muss au\u00dferdem die unbesch\u00e4digten Produkte innerhalb von zehn Tagen nach Erhalt an das betreffende Gesch\u00e4ft an die von diesem angegebene Adresse zur\u00fccksenden, zusammen mit einer Fotokopie der Rechnung. Die Kosten f\u00fcr den Versand gehen zu Lasten des Verbrauchers. Innerhalb von 30 Tagen nach Erhalt der zur\u00fcckgesandten Produkte erstattet das betreffende Gesch\u00e4ft dem Verbraucher die bereits gezahlten Betr\u00e4ge, mit Ausnahme der Nebenkosten (Verpackung, Arbeit, Transport). Das R\u00fccktrittsrecht wird nur anerkannt, wenn die Originalverpackung nicht ge\u00f6ffnet wurde und kein Etikett, das die Unversehrtheit des Produkts bescheinigt, entfernt oder besch\u00e4digt wurde.<br \/>Stellen Sie sicher, dass Sie die folgenden Daten bereithalten:<br \/>originalrechnung oder Begleitdokument (mit Angabe der Bestell- und Rechnungsnummer sowie der Kundennummer).<br \/>im Falle einer teilweisen R\u00fccknahme: Artikelcode(s), Seriennummer.<br \/>Bankverbindung f\u00fcr die \u00dcberweisung (ABI - CAB - Girokonto des Rechnungsinhabers)<br \/>F\u00fcr weitere Fragen oder Informationen stehen wir Ihnen gerne zur Verf\u00fcgung. Unter \u201eKontakt\u201c finden Sie alle n\u00f6tigen Informationen, um uns zu erreichen.<\/p><div class=\"row\"><div class=\"col mb-4\"><h4 class=\"text-uppercase\"><strong>16. Anwendbares Recht und Gerichtsbarkeit<\/strong><\/h4><p>Die Bedingungen unterliegen dem italienischen Recht.<br \/>F\u00fcr alle Streitigkeiten im Zusammenhang mit der Anwendung, Ausf\u00fchrung und Auslegung der vorliegenden Bedingungen ist das Gericht des Sitzes des Inhabers zust\u00e4ndig.<\/p><\/div><\/div><div class=\"row\"><div class=\"col mb-4\"><p>Zuletzt aktualisiert am 26\/09\/2022<\/p><\/div><\/div>\t\t\t\t\t\t\t\t<\/div>\n\t\t\t\t<\/div>\n\t\t\t\t\t<\/div>\n\t\t\t\t<\/div>\n\t\t\t\t<\/div>","protected":false},"excerpt":{"rendered":"<p>Il presente documento riporta i termini e le condizioni generali sulla base dei quali viene offerto agli utenti l&#8217;uso del sito web \u00a0 1. Definizioni Per consentire una completa comprensione e accettazione dei presenti termini e condizioni, i seguenti termini, al singolare e al plurale, avranno il significato di seguito indicato:Titolare: Stefano De Angelis, Deakos [&hellip;]<\/p>\n","protected":false},"author":1,"featured_media":0,"parent":0,"menu_order":0,"comment_status":"closed","ping_status":"closed","template":"","meta":{"_acf_changed":false,"site-sidebar-layout":"default","site-content-layout":"","ast-site-content-layout":"default","site-content-style":"default","site-sidebar-style":"default","ast-global-header-display":"","ast-banner-title-visibility":"","ast-main-header-display":"","ast-hfb-above-header-display":"","ast-hfb-below-header-display":"","ast-hfb-mobile-header-display":"","site-post-title":"","ast-breadcrumbs-content":"","ast-featured-img":"","footer-sml-layout":"","theme-transparent-header-meta":"","adv-header-id-meta":"","stick-header-meta":"","header-above-stick-meta":"","header-main-stick-meta":"","header-below-stick-meta":"","astra-migrate-meta-layouts":"default","ast-page-background-enabled":"default","ast-page-background-meta":{"desktop":{"background-color":"","background-image":"","background-repeat":"repeat","background-position":"center center","background-size":"auto","background-attachment":"scroll","background-type":"","background-media":"","overlay-type":"","overlay-color":"","overlay-opacity":"","overlay-gradient":""},"tablet":{"background-color":"","background-image":"","background-repeat":"repeat","background-position":"center center","background-size":"auto","background-attachment":"scroll","background-type":"","background-media":"","overlay-type":"","overlay-color":"","overlay-opacity":"","overlay-gradient":""},"mobile":{"background-color":"","background-image":"","background-repeat":"repeat","background-position":"center center","background-size":"auto","background-attachment":"scroll","background-type":"","background-media":"","overlay-type":"","overlay-color":"","overlay-opacity":"","overlay-gradient":""}},"ast-content-background-meta":{"desktop":{"background-color":"var(--ast-global-color-5)","background-image":"","background-repeat":"repeat","background-position":"center center","background-size":"auto","background-attachment":"scroll","background-type":"","background-media":"","overlay-type":"","overlay-color":"","overlay-opacity":"","overlay-gradient":""},"tablet":{"background-color":"var(--ast-global-color-5)","background-image":"","background-repeat":"repeat","background-position":"center center","background-size":"auto","background-attachment":"scroll","background-type":"","background-media":"","overlay-type":"","overlay-color":"","overlay-opacity":"","overlay-gradient":""},"mobile":{"background-color":"var(--ast-global-color-5)","background-image":"","background-repeat":"repeat","background-position":"center center","background-size":"auto","background-attachment":"scroll","background-type":"","background-media":"","overlay-type":"","overlay-color":"","overlay-opacity":"","overlay-gradient":""}},"footnotes":""},"class_list":["post-1953","page","type-page","status-publish","hentry"],"acf":[],"_links":{"self":[{"href":"https:\/\/www.deakos.com\/de\/wp-json\/wp\/v2\/pages\/1953","targetHints":{"allow":["GET"]}}],"collection":[{"href":"https:\/\/www.deakos.com\/de\/wp-json\/wp\/v2\/pages"}],"about":[{"href":"https:\/\/www.deakos.com\/de\/wp-json\/wp\/v2\/types\/page"}],"author":[{"embeddable":true,"href":"https:\/\/www.deakos.com\/de\/wp-json\/wp\/v2\/users\/1"}],"replies":[{"embeddable":true,"href":"https:\/\/www.deakos.com\/de\/wp-json\/wp\/v2\/comments?post=1953"}],"version-history":[{"count":10,"href":"https:\/\/www.deakos.com\/de\/wp-json\/wp\/v2\/pages\/1953\/revisions"}],"predecessor-version":[{"id":4425,"href":"https:\/\/www.deakos.com\/de\/wp-json\/wp\/v2\/pages\/1953\/revisions\/4425"}],"wp:attachment":[{"href":"https:\/\/www.deakos.com\/de\/wp-json\/wp\/v2\/media?parent=1953"}],"curies":[{"name":"wp","href":"https:\/\/api.w.org\/{rel}","templated":true}]}}